{"id":904,"date":"2023-12-04T10:18:19","date_gmt":"2023-12-04T09:18:19","guid":{"rendered":"http:\/\/localhost\/wordpress\/?page_id=904"},"modified":"2025-12-10T14:18:33","modified_gmt":"2025-12-10T14:18:33","slug":"bulk-sms","status":"publish","type":"page","link":"https:\/\/ip1sms.com\/en\/bulk-sms\/","title":{"rendered":"Bulk SMS"},"content":{"rendered":"<div class=\"wp-block-custom-ip1-service-page-header-block wp-block-group is-layout-constrained wp-block-group-is-layout-constrained\"><div class=\"wp-block-group__inner-container\"><div class=\"row g-0 justify-content-center align-items-center ip1-service-page-header gradient-box ripple\"><div class=\"col-md-9 col-sm-12\"><div class=\"wp-block-columns are-vertically-aligned-center is-layout-flex wp-container-core-columns-layout-1 wp-block-columns-is-layout-flex\"><div class=\"wp-block-column is-vertically-aligned-center is-layout-flow wp-block-column-is-layout-flow\" style=\"flex-basis:33.33%\"><img decoding=\"async\" src=\"https:\/\/ip1sweden.blob.core.windows.net\/blobip1websitef76b7023b5\/wp-content\/uploads\/2024\/03\/sms-services-for-all-1.svg\" alt=\"SMS service for companies from iP.1\"\/><\/div><div class=\"wp-block-column is-vertically-aligned-center is-layout-flow wp-block-column-is-layout-flow\" style=\"flex-basis:66.66%\"><h1 class=\"wp-block-heading\">Bulk SMS<\/h1><p class=\"paragraph1\">Bulk SMS is the flexible and cost-effective solution for all your communication needs.<\/p><p class=\"paragraph2\">With our smart tools, you can create and send customized messages to your target groups, whether it&#039;s a specific customer segment or your entire customer base.<\/p><\/div><\/div><\/div><\/div><\/div><\/div>\n\n\n\n<div class=\"wp-block-custom-ip1-conversion-button-block row g-0 concave align-items-center text-center\"><div class=\"col\"><div class=\"link-button\"><a href=\"\/en\/trial-account\/\" id=\"bulk-sms-trial\" class=\"btn btn-ip1 get-started\">Free trial account<\/a><a href=\"#\" id=\"secondary-general-trial\" class=\"btn btn-outline-ip1 ms-2 sign-in\" data-bs-toggle=\"modal\" data-bs-target=\"#login-modal\">Sign In<\/a><\/div><\/div><\/div>\n\n\n\n<div class=\"wp-block-columns justify-content-center has-white-background-color has-background is-layout-flex wp-container-core-columns-is-layout-9d6595d7 wp-block-columns-is-layout-flex\">\n<div class=\"wp-block-column is-layout-flow wp-block-column-is-layout-flow\" style=\"flex-basis:70%\">\n<h2 class=\"wp-block-heading\" id=\"h-vad-ar-bulk-sms\">What is Bulk SMS?<\/h2>\n\n\n\n<h2 class=\"wp-block-heading\" id=\"h-\"><\/h2>\n\n\n\n<p>Bulk SMS is a term used when sending large amounts of SMS, for example for marketing or alarms, reminders and other informative messages, often to private individuals&#039; mobile phones.<\/p>\n\n\n\n<p>In recent years, it has become common to send SMS via so-called A2P (Application to Person) services, which basically means sending SMS from a software application to a person's mobile phone.<\/p>\n<\/div>\n<\/div>\n\n\n\n<div class=\"wp-block-columns justify-content-center has-white-background-color has-background is-layout-flex wp-container-core-columns-is-layout-9d6595d7 wp-block-columns-is-layout-flex\">\n<div class=\"wp-block-column is-layout-flow wp-block-column-is-layout-flow\" style=\"flex-basis:70%\">\n<h2 class=\"wp-block-heading\" id=\"h-vad-ar-fordelarna-med-bulk-sms\">What are the benefits of Bulk SMS?<\/h2>\n\n\n\n<p>Bulk SMS has become an indispensable communication channel for businesses that want to reach out to their customers in a fast, efficient and personalized way. In an age where the mobile phone is ever-present, SMS offers a unique opportunity to deliver important messages directly into the customer's hand and use Bulk SMS for high efficiency.<\/p>\n<\/div>\n<\/div>\n\n\n\n<div class=\"wp-block-columns justify-content-center has-background is-layout-flex wp-container-core-columns-is-layout-9d6595d7 wp-block-columns-is-layout-flex\" style=\"background-color:#fafafa\">\n<div class=\"wp-block-column is-layout-flow wp-block-column-is-layout-flow\" style=\"flex-basis:70%\">\n<div class=\"wp-block-columns is-layout-flex wp-container-core-columns-is-layout-9d6595d7 wp-block-columns-is-layout-flex\">\n<div class=\"wp-block-column is-layout-flow wp-block-column-is-layout-flow\">\n<h4 class=\"wp-block-heading\" id=\"h-hog-oppningsfrekvens\">High opening frequency<\/h4>\n\n\n\n<p>SMS has a much higher open rate compared to email. Most people read their SMS within minutes of receiving it.<\/p>\n<\/div>\n\n\n\n<div class=\"wp-block-column is-layout-flow wp-block-column-is-layout-flow\">\n<h4 class=\"wp-block-heading\" id=\"h-direkt-kommunikation\">Direct communication<\/h4>\n\n\n\n<p>Bulk SMS reaches customers directly on their mobile phones, making it a highly personalized communication channel.<\/p>\n<\/div>\n<\/div>\n\n\n\n<div class=\"wp-block-columns is-layout-flex wp-container-core-columns-is-layout-9d6595d7 wp-block-columns-is-layout-flex\">\n<div class=\"wp-block-column is-layout-flow wp-block-column-is-layout-flow\">\n<h4 class=\"wp-block-heading\" id=\"h-snabb-leverans\">Fast delivery<\/h4>\n\n\n\n<p>Messages are delivered in real time, making it possible to reach customers quickly, wherever they are with SMS.<\/p>\n<\/div>\n\n\n\n<div class=\"wp-block-column is-layout-flow wp-block-column-is-layout-flow\">\n<h4 class=\"wp-block-heading\" id=\"h-hog-roi\">High ROI<\/h4>\n\n\n\n<p>Bulk SMS is a cost-effective marketing channel with a high return on investment.<\/p>\n<\/div>\n<\/div>\n\n\n\n<div class=\"wp-block-columns is-layout-flex wp-container-core-columns-is-layout-9d6595d7 wp-block-columns-is-layout-flex\">\n<div class=\"wp-block-column is-layout-flow wp-block-column-is-layout-flow\">\n<h4 class=\"wp-block-heading\" id=\"h-flexibilitet\">Flexibility<\/h4>\n\n\n\n<p>You can send personalized messages via SMS, use different formats (e.g. text, links, images) and schedule mailings.<\/p>\n<\/div>\n\n\n\n<div class=\"wp-block-column is-layout-flow wp-block-column-is-layout-flow\">\n<h4 class=\"wp-block-heading\" id=\"h-brett-anvandningsomrade\">Wide range of applications<\/h4>\n\n\n\n<p>Bulk SMS can be used for a variety of purposes, such as customer communication, marketing, reminders and emergency messages.<\/p>\n<\/div>\n<\/div>\n\n\n\n<h4 class=\"wp-block-heading\" id=\"h-\"><\/h4>\n<\/div>\n<\/div>\n\n\n\n<div class=\"wp-block-columns justify-content-center has-white-background-color has-background is-layout-flex wp-container-core-columns-is-layout-9d6595d7 wp-block-columns-is-layout-flex\">\n<div class=\"wp-block-column is-layout-flow wp-block-column-is-layout-flow\" style=\"flex-basis:70%\">\n<h2 class=\"wp-block-heading\" id=\"h-smarta-webbtjanster-med-anvandarvanlighet-i-fokus\">Smart web services with focus on ease of use<\/h2>\n\n\n\n<p>With over 20 years of experience in web services for communication, we offer tools that are easy to use, including for sending large amounts of SMS.<\/p>\n\n\n\n<div class=\"wp-block-buttons is-content-justification-center is-layout-flex wp-container-core-buttons-is-layout-16018d1d wp-block-buttons-is-layout-flex\">\n<div class=\"wp-block-button\"><a class=\"wp-block-button__link wp-element-button\" href=\"https:\/\/ip1sms.com\/en\/sms-service\/\">Read more about our SMS services<\/a><\/div>\n<\/div>\n<\/div>\n<\/div>","protected":false},"excerpt":{"rendered":"<p>Vad \u00e4r Bulk SMS? Bulk SMS \u00e4r en term som anv\u00e4nds n\u00e4r man skickar stora m\u00e4ngder SMS, exempelvis f\u00f6r marknadsf\u00f6ring eller larm, p\u00e5minnelser och andra informativa meddelanden, ofta till privatpersoners mobiltelefoner. De senaste \u00e5ren har det blivit vanligt att man skickar SMS via s\u00e5 kallade A2P-tj\u00e4nster (Application to Person), vilket kort och gott betyder att [&hellip;]<\/p>\n","protected":false},"author":1,"featured_media":0,"parent":0,"menu_order":0,"comment_status":"closed","ping_status":"closed","template":"","meta":{"footnotes":""},"categories":[17],"tags":[],"class_list":["post-904","page","type-page","status-publish","hentry","category-tjanster"],"_links":{"self":[{"href":"https:\/\/ip1sms.com\/en\/wp-json\/wp\/v2\/pages\/904","targetHints":{"allow":["GET"]}}],"collection":[{"href":"https:\/\/ip1sms.com\/en\/wp-json\/wp\/v2\/pages"}],"about":[{"href":"https:\/\/ip1sms.com\/en\/wp-json\/wp\/v2\/types\/page"}],"author":[{"embeddable":true,"href":"https:\/\/ip1sms.com\/en\/wp-json\/wp\/v2\/users\/1"}],"replies":[{"embeddable":true,"href":"https:\/\/ip1sms.com\/en\/wp-json\/wp\/v2\/comments?post=904"}],"version-history":[{"count":0,"href":"https:\/\/ip1sms.com\/en\/wp-json\/wp\/v2\/pages\/904\/revisions"}],"wp:attachment":[{"href":"https:\/\/ip1sms.com\/en\/wp-json\/wp\/v2\/media?parent=904"}],"wp:term":[{"taxonomy":"category","embeddable":true,"href":"https:\/\/ip1sms.com\/en\/wp-json\/wp\/v2\/categories?post=904"},{"taxonomy":"post_tag","embeddable":true,"href":"https:\/\/ip1sms.com\/en\/wp-json\/wp\/v2\/tags?post=904"}],"curies":[{"name":"wp","href":"https:\/\/api.w.org\/{rel}","templated":true}]}}