{"id":902,"date":"2023-12-04T10:16:07","date_gmt":"2023-12-04T09:16:07","guid":{"rendered":"http:\/\/localhost\/wordpress\/?page_id=902"},"modified":"2025-12-10T14:18:50","modified_gmt":"2025-12-10T14:18:50","slug":"integrate-sms","status":"publish","type":"page","link":"https:\/\/ip1sms.com\/en\/integrate-sms\/","title":{"rendered":"Integrate SMS in your software"},"content":{"rendered":"<div class=\"wp-block-custom-ip1-service-page-header-block wp-block-group is-layout-constrained wp-block-group-is-layout-constrained\"><div class=\"wp-block-group__inner-container\"><div class=\"row g-0 justify-content-center align-items-center ip1-service-page-header gradient-box ripple\"><div class=\"col-md-9 col-sm-12\"><div class=\"wp-block-columns are-vertically-aligned-center is-layout-flex wp-container-core-columns-layout-1 wp-block-columns-is-layout-flex\"><div class=\"wp-block-column is-vertically-aligned-center is-layout-flow wp-block-column-is-layout-flow\" style=\"flex-basis:33.33%\"><img decoding=\"async\" src=\"https:\/\/ip1sweden.blob.core.windows.net\/blobip1websitef76b7023b5\/wp-content\/uploads\/2024\/03\/implementing-sms-api-from-ip1.svg\" alt=\"SMS API from iP.1. Illustartion integration SMS\"\/><\/div><div class=\"wp-block-column is-vertically-aligned-center is-layout-flow wp-block-column-is-layout-flow\" style=\"flex-basis:66.66%\"><h1 class=\"wp-block-heading\">Integrate SMS with security and stability in focus<\/h1><p class=\"paragraph1\">In today&#039;s digital landscape, secure communication is of utmost importance. With the increasing use of SMS as a communication channel, it becomes important to ensure the security of an SMS Integration, which enables companies to send and receive SMS messages programmatically.<\/p><p class=\"paragraph2\">Protecting sensitive information and maintaining data integrity is of the utmost importance to us at iP.1 and therefore we offer a secure and stable API with a focus on secure communication channels for companies and organizations.<\/p><\/div><\/div><\/div><\/div><\/div><\/div>\n\n\n\n<div class=\"wp-block-custom-ip1-conversion-button-block row g-0 concave align-items-center text-center\"><div class=\"col\"><div class=\"link-button\"><a href=\"\/en\/trial-account\/\" id=\"general-trial\" class=\"btn btn-ip1 get-started\">Free trial account<\/a><a href=\"#\" id=\"contact-form\" class=\"btn btn-outline-ip1 ms-2 sign-in\" data-bs-toggle=\"modal\" data-bs-target=\"#contact-modal\">Contacts us<\/a><\/div><\/div><\/div>\n\n\n\n<div class=\"row g-0 justify-content-center mb-5 mt-5 p-1 mx-1 p-md-0 mx-md-0\">\n<div class=\"col-md-9 col-sm-12 text-left\">\n\n\n\n<h2 class=\"wp-block-heading\"><br>Secure SMS communication with iP.1<\/h2>\n\n\n\n<p><strong>A secure SMS integration is essential to protect your communication.<\/strong> iP.1 secures your SMS infrastructure by:<\/p>\n\n\n\n<ul class=\"wp-block-list\">\n<li><strong>Encryption:<\/strong>&nbsp;We use the latest in encryption technology to ensure your data is secure<\/li>\n\n\n\n<li><strong>Authentication:<\/strong>&nbsp;We guarantee that only authorized users can send and receive SMS.<\/li>\n\n\n\n<li><strong>Authorization check:<\/strong>&nbsp;You can control who has access to your SMS infrastructure.<\/li>\n\n\n\n<li><strong>Validation:<\/strong>&nbsp;We ensure that all SMS are correct and legitimate.<\/li>\n\n\n\n<li><strong>Monitoring:<\/strong>&nbsp;We monitor your SMS infrastructure 24\/7 to detect and stop any threats.<\/li>\n\n\n\n<li><strong>Data protection:<\/strong>&nbsp;We follow strict data protection rules to protect your information.<\/li>\n<\/ul>\n\n\n\n<p><strong>Regular security audits and penetration tests<\/strong> ensures that our systems are always up-to-date and protected.<\/p>\n\n\n\n<p><strong>We prioritize safety<\/strong> in all our APIs. We want you to feel secure that your information is protected and that your communication is private.<\/p>\n\n\n\n<p><strong>In a world where everything is connected<\/strong> is more important than ever to protect your communications. iP.1 helps you do that with our secure SMS APIs.<\/p>\n\n\n\n<p><strong>Here are some examples of how you can use iP.1&#039;s secure APIs:<\/strong><\/p>\n\n\n\n<ul class=\"wp-block-list\">\n<li>Send out information to customers or employees.<\/li>\n\n\n\n<li>Receive orders or reservations.<\/li>\n\n\n\n<li>Automate processes.<\/li>\n\n\n\n<li>Confirm identities.<\/li>\n\n\n\n<li>Provide customer service.<\/li>\n<\/ul>\n\n\n\n<\/div>\n<\/div>\n\n\n\n<div class=\"row g-0 justify-content-center mb-5 mt-5 p-1 mx-1 p-md-0 mx-md-0\">\n<div class=\"col-md-9 col-sm-12 text-left\">\n\n\n\n<div class=\"wp-block-columns is-layout-flex wp-container-core-columns-is-layout-9d6595d7 wp-block-columns-is-layout-flex\">\n<div class=\"wp-block-column is-layout-flow wp-block-column-is-layout-flow\">\n<h2 class=\"wp-block-heading\" id=\"h-kryptering-och-dataskydd\">Encryption and data protection<\/h2>\n\n\n\n<p>Implementation of encryption techniques is essential to secure communications. By encrypting data in transit and at rest using industry-standard encryption protocols, such as HTTPS and SSL\/TLS, information is protected from unauthorized access.<\/p>\n\n\n\n<p>We at iP.1 always use up-to-date encryption protocols and use the latest in cloud solutions to ensure SMS messages remain confidential and secure.<\/p>\n<\/div>\n\n\n\n<div class=\"wp-block-column is-layout-flow wp-block-column-is-layout-flow\">\n<h2 class=\"wp-block-heading\" id=\"h-autentisering-och-atkomstkontroller\">Authentication and access controls<\/h2>\n\n\n\n<p>Using robust authentication mechanisms is important to prevent unauthorized access to an SMS API. By using Bearer access tokens and IP firewall capability, we ensure that only authorized applications and users can interact with the APIs.<\/p>\n\n\n\n<p>We have also implemented strict access controls, such as role-based access and MFA (Multi-Factor Authentication) to help limit access privileges, reducing the risk of data breaches.<\/p>\n<\/div>\n\n\n\n<div class=\"wp-block-column is-layout-flow wp-block-column-is-layout-flow\">\n<h2 class=\"wp-block-heading\" id=\"h-validering-och-filtrering-av-avsandare-nummer\">Validation and filtering of sender\/number<\/h2>\n\n\n\n<p>By implementing functions for validating and filtering senders and numbers, you are protected against spam, harmful content and unauthorized use.<\/p>\n\n\n\n<p>With number and sender filtering, we can identify and block potentially harmful or inappropriate senders and numbers. This helps maintain the integrity of your communication channels and improves the overall security of your SMS services.<\/p>\n<\/div>\n<\/div>\n\n\n\n<\/div>\n<\/div>","protected":false},"excerpt":{"rendered":"<p>S\u00e4ker SMS-kommunikation med iP.1 En s\u00e4kert SMS integration \u00e4r avg\u00f6rande f\u00f6r att skydda din kommunikation. iP.1 s\u00e4krar din SMS-infrastruktur genom: Regelbundna s\u00e4kerhetsrevisioner och penetrationstester garanterar att v\u00e5ra system alltid \u00e4r uppdaterade och skyddade. Vi prioriterar s\u00e4kerhet i alla v\u00e5ra API:er. Vi vill att du ska k\u00e4nna dig trygg med att din information \u00e4r skyddad och [&hellip;]<\/p>\n","protected":false},"author":1,"featured_media":0,"parent":0,"menu_order":0,"comment_status":"closed","ping_status":"closed","template":"","meta":{"footnotes":""},"categories":[17],"tags":[],"class_list":["post-902","page","type-page","status-publish","hentry","category-tjanster"],"_links":{"self":[{"href":"https:\/\/ip1sms.com\/en\/wp-json\/wp\/v2\/pages\/902","targetHints":{"allow":["GET"]}}],"collection":[{"href":"https:\/\/ip1sms.com\/en\/wp-json\/wp\/v2\/pages"}],"about":[{"href":"https:\/\/ip1sms.com\/en\/wp-json\/wp\/v2\/types\/page"}],"author":[{"embeddable":true,"href":"https:\/\/ip1sms.com\/en\/wp-json\/wp\/v2\/users\/1"}],"replies":[{"embeddable":true,"href":"https:\/\/ip1sms.com\/en\/wp-json\/wp\/v2\/comments?post=902"}],"version-history":[{"count":0,"href":"https:\/\/ip1sms.com\/en\/wp-json\/wp\/v2\/pages\/902\/revisions"}],"wp:attachment":[{"href":"https:\/\/ip1sms.com\/en\/wp-json\/wp\/v2\/media?parent=902"}],"wp:term":[{"taxonomy":"category","embeddable":true,"href":"https:\/\/ip1sms.com\/en\/wp-json\/wp\/v2\/categories?post=902"},{"taxonomy":"post_tag","embeddable":true,"href":"https:\/\/ip1sms.com\/en\/wp-json\/wp\/v2\/tags?post=902"}],"curies":[{"name":"wp","href":"https:\/\/api.w.org\/{rel}","templated":true}]}}