{"id":900,"date":"2023-12-04T10:14:52","date_gmt":"2023-12-04T09:14:52","guid":{"rendered":"http:\/\/localhost\/wordpress\/?page_id=900"},"modified":"2025-12-10T14:20:52","modified_gmt":"2025-12-10T14:20:52","slug":"sms-service","status":"publish","type":"page","link":"https:\/\/ip1sms.com\/en\/sms-service\/","title":{"rendered":"SMS Service"},"content":{"rendered":"<div class=\"wp-block-custom-ip1-service-page-header-block wp-block-group is-layout-constrained wp-block-group-is-layout-constrained\"><div class=\"wp-block-group__inner-container\"><div class=\"row g-0 justify-content-center align-items-center ip1-service-page-header gradient-box ripple\"><div class=\"col-md-9 col-sm-12\"><div class=\"wp-block-columns are-vertically-aligned-center is-layout-flex wp-container-core-columns-layout-1 wp-block-columns-is-layout-flex\"><div class=\"wp-block-column is-vertically-aligned-center is-layout-flow wp-block-column-is-layout-flow\" style=\"flex-basis:33.33%\"><img decoding=\"async\" src=\"https:\/\/ip1sweden.blob.core.windows.net\/blobip1websitef76b7023b5\/wp-content\/uploads\/2024\/03\/sms-services-for-all-1.svg\" alt=\"SMS service for companies from iP,1\"\/><\/div><div class=\"wp-block-column is-vertically-aligned-center is-layout-flow wp-block-column-is-layout-flow\" style=\"flex-basis:66.66%\"><h1 class=\"wp-block-heading\">SMS service for business use<\/h1><p class=\"paragraph1\">iP.1 offers an SMS service with focus on simplicity that gives you the opportunity to quickly and easily communicate with customers or members. Through our SMS service, you can send SMS to one or more numbers directly in your browser with a few keystrokes!<\/p><p class=\"paragraph2\">With iP.1 SMS services for companies, you get an affordable platform that gives you and your organization better control over communication with your customers or members!<\/p><\/div><\/div><\/div><\/div><\/div><\/div>\n\n\n\n<div class=\"wp-block-custom-ip1-conversion-button-block row g-0 concave align-items-center text-center\"><div class=\"col\"><div class=\"link-button\"><a href=\"\/en\/trial-account\/\" id=\"general-trial\" class=\"btn btn-ip1 get-started\">Free trial account<\/a><a href=\"#\" id=\"contact-form\" class=\"btn btn-outline-ip1 ms-2 sign-in\" data-bs-toggle=\"modal\" data-bs-target=\"#contact-modal\">Contacts us<\/a><\/div><\/div><\/div>\n\n\n\n<div class=\"row g-0 justify-content-center mb-5 mt-5 p-1 mx-1 p-md-0 mx-md-0 w-100 w-lg-75 w-md-75\">\n<div class=\"col-md-9 col-sm-12 text-left\">\n\n\n\n<h2 class=\"wp-block-heading\" id=\"h-en-sms-tjanst-med-mangder-av-anvandningsomraden\">An SMS service with lots of uses!<\/h2>\n\n\n\n<p>With 20 years of experience in SMS services for companies, we at iP.1 know how to do it well. In fact, whether you run a large organization or a small business, our platform has everything you need to effectively use SMS communications.<\/p>\n\n\n\n<p>In addition, our SMS service offers a variety of functions and tools that suit the needs of all types of companies. We have made it possible for companies to send mass messages, important customer messages and internal messages in an easy way.<\/p>\n\n\n\n<p>Whatever you need, you can rely on our platform to deliver. SMS services for businesses from iP.1 offer smart features such as contact importing, text templates, timed SMS and detailed delivery reports to make it easy for you, whether you want to communicate with customers, send discount codes or measure customer satisfaction via SMS. On top of this, you can also integrate SMS into your own system with our SMS API.<\/p>\n\n\n\n<\/div>\n<\/div>\n\n\n\n<div class=\"row g-0 justify-content-center mb-5 mt-5 p-1 mx-1 p-md-0 mx-md-0\">\n<div class=\"col-md-9 col-sm-12 text-left\">\n\n\n\n<div class=\"wp-block-columns is-layout-flex wp-container-core-columns-is-layout-9d6595d7 wp-block-columns-is-layout-flex\">\n<div class=\"wp-block-column is-layout-flow wp-block-column-is-layout-flow\">\n<figure class=\"wp-block-image size-full\"><img decoding=\"async\" src=\"\/wp-content\/uploads\/2024\/05\/web-sms-illustration.svg\" alt=\"Illustration Web SMS - An SMS service from iP.1\" class=\"wp-image-3265\"\/><\/figure>\n<\/div>\n\n\n\n<div class=\"wp-block-column is-layout-flow wp-block-column-is-layout-flow\">\n<figure class=\"wp-block-image size-full\"><img decoding=\"async\" src=\"\/wp-content\/uploads\/2024\/05\/capacity-calendar-illustration-1.svg\" alt=\"Illustration Capacity SMS - An SMS service from iP.1\" class=\"wp-image-3270\"\/><\/figure>\n<\/div>\n\n\n\n<div class=\"wp-block-column is-layout-flow wp-block-column-is-layout-flow\"><\/div>\n<\/div>\n\n\n\n<\/div>\n<\/div>\n\n\n\n<div class=\"row g-0 justify-content-center mb-5 mt-5 p-1 mx-1 p-md-0 mx-md-0\">\n<div class=\"col-md-9 col-sm-12 text-left\">\n\n\n\n<div class=\"wp-block-columns is-layout-flex wp-container-core-columns-is-layout-9d6595d7 wp-block-columns-is-layout-flex\">\n<div class=\"wp-block-column info-box-grey p-1 p-lg-5 p-md-5 w-100 w-lg-75 w-md-75 is-layout-flow wp-block-column-is-layout-flow\">\n<h3 class=\"wp-block-heading\" id=\"h-en-effektiv-sms-tjanst\">An efficient SMS service<\/h3>\n\n\n\n<p>SMS is an extremely effective tool for reaching your target audience. By delivering messages directly to the recipient&#039;s mobile phone, you ensure high availability and quick response. In addition, you cut through the noise and reach your target group directly. With our SMS service, you can make full use of these advantages.<\/p>\n<\/div>\n\n\n\n<div class=\"wp-block-column info-box-grey p-1 p-lg-5 p-md-5 w-100 w-lg-75 w-md-75 is-layout-flow wp-block-column-is-layout-flow\">\n<h3 class=\"wp-block-heading\" id=\"h-kostnadseffektiv-kommunikation\">Cost-effective communication<\/h3>\n\n\n\n<p>Our SMS service is designed to make your communication simple and cost-effective. First, we help you reach your target audience quickly and efficiently. Second, we offer flexible payment models. You can choose between subscription or balance, depending on what suits your business best.<\/p>\n<\/div>\n<\/div>\n\n\n\n<\/div>\n<\/div>\n\n\n\n<div class=\"row g-0 justify-content-center mb-5 mt-5 p-1 mx-1 p-md-0 mx-md-0\">\n<div class=\"col-md-9 col-sm-12 text-left\">\n\n\n\n<h3 class=\"wp-block-heading\" id=\"h-tryggt-och-sakert\">Safe and secure!<\/h3>\n\n\n\n<p>We at iP.1 prioritize the security of your information. That&#039;s why we use only modern encryption techniques and strict data protection policies to protect your communications. This means that you can be sure that your information is in safe hands when you use our SM services.<\/p>\n\n\n\n<p><strong>Here are some of the measures we take to protect your information:<\/strong><\/p>\n\n\n\n<ul class=\"wp-block-list\">\n<li><strong>Encryption:<\/strong> We use modern encryption methods and protocols, which secures your data from unauthorized access.<\/li>\n\n\n\n<li><strong>Data Protection Policy:<\/strong>&nbsp;We have a strict data protection policy that describes how we collect, manage and protect your information.<\/li>\n\n\n\n<li><strong>Safety procedures:<\/strong>&nbsp;We have regular security checks and update our systems continuously to protect them from intrusions.<\/li>\n<\/ul>\n\n\n\n<p>Do you also want to streamline your communication and reach out to your customers in a personal way? Our SMS service is tailored for companies that want to develop their business. Contact us and we will help you find out how SMS can benefit your company in particular.<\/p>\n\n\n\n<\/div>\n<\/div>\n\n\n\n<div class=\"row g-0 justify-content-center mb-5 mt-5 p-1 mx-1 p-md-0 mx-md-0\">\n<div class=\"col-md-9 col-sm-12 text-left\">\n\n\n\n<h3 class=\"wp-block-heading\" id=\"h-har-ar-nagra-exempel-hur-du-kan-anvanda-vara-sms-tjanster\">Here are some examples of how you can use our SMS services:<\/h3>\n\n\n\n<\/div>\n<\/div>\n\n\n\n<div class=\"row justify-content-center g-0\">\n<div class=\"col-md-9 col-sm-12\">\n<ul class=\"sms-usage justify-content-center\">\n<li class=\"text-center\"><i class=\"fas fa-list text-primary-light-green\" aria-hidden=\"true\"><\/i>Call in staff<\/li>\n<li class=\"text-center\"><i class=\"fas fa-calendar-circle-plus text-primary-light-green\" aria-hidden=\"true\"><\/i>Order confirmations via SMS<\/li>\n<li class=\"text-center\"><i class=\"fas fa-user-lock text-primary-light-green\" aria-hidden=\"true\"><\/i>One-time password via SMS<\/li>\n<li class=\"text-center\"><i class=\"fas fa-hexagon-exclamation text-primary-light-green\" aria-hidden=\"true\"><\/i>Confirm orders<\/li>\n<li class=\"text-center\"><i class=\"fas fa-address-book text-primary-light-green\" aria-hidden=\"true\"><\/i>SMS Reminders<\/li>\n<li class=\"text-center\"><i class=\"fas fa-brackets-curly text-primary-light-green\" aria-hidden=\"true\"><\/i>Alarm via SMS<\/li>\n<li class=\"text-center\"><i class=\"fas fa-ban text-primary-light-green\" aria-hidden=\"true\"><\/i>Summons in case of crisis<\/li>\n<li class=\"text-center\"><i class=\"fas fa-right-left text-primary-light-green\" aria-hidden=\"true\"><\/i>Marketing<\/li>\n<li class=\"text-center\"><i class=\"fas fa-at text-primary-light-green\" aria-hidden=\"true\"><\/i>General information<\/li>\n<li class=\"text-center\"><i class=\"fas fa-bolt text-primary-light-green\" aria-hidden=\"true\"><\/i>Surveys<\/li>\n<li class=\"text-center\"><i class=\"fas fa-calendar-plus text-primary-light-green\" aria-hidden=\"true\"><\/i>Verification<\/li>\n<li class=\"text-center\"><i class=\"fas fa-browser text-primary-light-green\" aria-hidden=\"true\"><\/i>Drive traffic to website<\/li>\n<\/ul>\n<\/div>\n<\/div>\n\n\n\n<div class=\"wp-block-buttons is-content-justification-center is-layout-flex wp-container-core-buttons-is-layout-16018d1d wp-block-buttons-is-layout-flex\">\n<div class=\"wp-block-button\"><a class=\"wp-block-button__link wp-element-button\" href=\"https:\/\/ip1sms.com\/en\/customer-stories\/\">Read our customer stories<\/a><\/div>\n<\/div>\n\n\n\n<div class=\"row g-0 justify-content-center mb-5 mt-5 p-1 mx-1 p-md-0 mx-md-0\">\n<div class=\"col-md-9 col-sm-12 text-left\">\n\n\n\n<h2 class=\"wp-block-heading has-text-align-center mt-5 mb-3\" id=\"h-las-mer-om-vara-olika-sms-tjanster\">Read more about our various SMS services<\/h2>\n\n\n\n<\/div>\n<\/div>\n\n\n\n<div class=\"row g-0 justify-content-center mb-5 mt-5 p-1 mx-1 p-md-0 mx-md-0\">\n<div class=\"col-md-9 col-sm-12 text-left\">\n\n\n\n<div class=\"wp-block-columns is-layout-flex wp-container-core-columns-is-layout-9d6595d7 wp-block-columns-is-layout-flex\">\n<div class=\"wp-block-column info-box-grey is-layout-flow wp-block-column-is-layout-flow\">\n<h3 class=\"wp-block-heading has-text-align-center mt-0\" id=\"h-sms-gateway\">SMS API<\/h3>\n\n\n<div class=\"wp-block-image\">\n<figure class=\"alignleft size-full\"><img decoding=\"async\" src=\"https:\/\/ip1sweden.blob.core.windows.net\/blobip1websitef76b7023b5\/wp-content\/uploads\/2024\/03\/product-integrate-sms-v-two.svg\" alt=\"Product icon SMS Gateway\" class=\"wp-image-2451\"\/><\/figure>\n<\/div>\n\n\n<p class=\"has-text-align-left mt-3\">Extend your software&#039;s functionality with SMS. Via our powerful SMS Gateway and user-friendly SMS APIs, you can easily integrate SMS into your system and thus create customized SMS functionality.<\/p>\n\n\n\n<div class=\"wp-block-buttons is-content-justification-center is-layout-flex wp-container-core-buttons-is-layout-16018d1d wp-block-buttons-is-layout-flex\">\n<div class=\"wp-block-button\"><a class=\"wp-block-button__link wp-element-button\" href=\"https:\/\/ip1sms.com\/en\/sms-api\/\">Read more about our SMS Gateway<\/a><\/div>\n<\/div>\n<\/div>\n\n\n\n<div class=\"wp-block-column info-box-grey is-layout-flow wp-block-column-is-layout-flow\">\n<h3 class=\"wp-block-heading has-text-align-center mt-0\" id=\"h-web-sms\">Web SMS<\/h3>\n\n\n<div class=\"wp-block-image\">\n<figure class=\"alignleft size-full\"><img decoding=\"async\" src=\"https:\/\/ip1sweden.blob.core.windows.net\/blobip1websitef76b7023b5\/wp-content\/uploads\/2024\/03\/product-web-sms.svg\" alt=\"\" class=\"wp-image-2458\"\/><\/figure>\n<\/div>\n\n\n<p class=\"has-text-align-left mt-3\">With Web SMS you get access to a number of useful functions. For example, you can send and receive SMS, making it easy to communicate with your contacts directly from your computer.<\/p>\n\n\n\n<div class=\"wp-block-buttons is-content-justification-center is-layout-flex wp-container-core-buttons-is-layout-16018d1d wp-block-buttons-is-layout-flex\">\n<div class=\"wp-block-button\"><a class=\"wp-block-button__link wp-element-button\" href=\"https:\/\/ip1sms.com\/en\/business-messaging\/\">Read more about Web SMS<\/a><\/div>\n<\/div>\n<\/div>\n<\/div>\n\n\n\n<\/div>\n<\/div>\n\n\n\n<div class=\"row g-0 justify-content-center mb-5 mt-5 p-1 mx-1 p-md-0 mx-md-0\">\n<div class=\"col-md-9 col-sm-12 text-left\">\n\n\n\n<div class=\"wp-block-columns is-layout-flex wp-container-core-columns-is-layout-9d6595d7 wp-block-columns-is-layout-flex\">\n<div class=\"wp-block-column info-box-grey is-layout-flow wp-block-column-is-layout-flow\">\n<h3 class=\"wp-block-heading has-text-align-center mt-0\" id=\"h-one-channel\">One Channel<\/h3>\n\n\n<div class=\"wp-block-image\">\n<figure class=\"alignleft size-full\"><img decoding=\"async\" src=\"https:\/\/ip1sweden.blob.core.windows.net\/blobip1websitef76b7023b5\/wp-content\/uploads\/2024\/03\/product-capacity-sms.svg\" alt=\"Capacity SMS product icon\" class=\"wp-image-2444\"\/><\/figure>\n<\/div>\n\n\n<p class=\"has-text-align-left mt-3\">Do you want to maximize the impact of your SMS marketing? One Channel allows you to send out hundreds of thousands of SMS in a single mailing, making it possible to reach your target group quickly and efficiently.<\/p>\n\n\n\n<div class=\"wp-block-buttons is-content-justification-center is-layout-flex wp-container-core-buttons-is-layout-16018d1d wp-block-buttons-is-layout-flex\">\n<div class=\"wp-block-button\"><a class=\"wp-block-button__link wp-element-button\" href=\"https:\/\/ip1sms.com\/en\/sms-marketing\/\">Read more about One Channel<\/a><\/div>\n<\/div>\n<\/div>\n\n\n\n<div class=\"wp-block-column info-box-grey is-layout-flow wp-block-column-is-layout-flow\">\n<h3 class=\"wp-block-heading has-text-align-center mt-0\" id=\"h-one-survey\">One Survey<\/h3>\n\n\n<div class=\"wp-block-image\">\n<figure class=\"alignleft size-full\"><img decoding=\"async\" src=\"https:\/\/ip1sweden.blob.core.windows.net\/blobip1websitef76b7023b5\/wp-content\/uploads\/2024\/03\/product-one-survey.svg\" alt=\"\" class=\"wp-image-2455\"\/><\/figure>\n<\/div>\n\n\n<p class=\"has-text-align-left mt-3\">with One Survey, it&#039;s easy to create smart surveys. With this user-friendly software, you can collect valuable information through various channels, such as SMS, email, letter or smart links.<\/p>\n\n\n\n<div class=\"wp-block-buttons is-content-justification-center is-layout-flex wp-container-core-buttons-is-layout-16018d1d wp-block-buttons-is-layout-flex\">\n<div class=\"wp-block-button\"><a class=\"wp-block-button__link wp-element-button\" href=\"https:\/\/ip1survey.se\" target=\"_blank\" rel=\"noreferrer noopener\">Read more about One Survey<\/a><\/div>\n<\/div>\n<\/div>\n<\/div>\n\n\n\n<\/div>\n<\/div>\n\n\n\n<div class=\"row g-0 justify-content-center mb-5 mt-5 p-1 mx-1 p-md-0 mx-md-0\">\n<div class=\"col-md-9 col-sm-12 text-left\">\n\n\n\n<div class=\"wp-block-columns is-layout-flex wp-container-core-columns-is-layout-9d6595d7 wp-block-columns-is-layout-flex\">\n<div class=\"wp-block-column info-box-grey is-layout-flow wp-block-column-is-layout-flow\">\n<h3 class=\"wp-block-heading has-text-align-center mt-0\" id=\"h-e-sms\">e-SMS<\/h3>\n\n\n<div class=\"wp-block-image\">\n<figure class=\"alignleft size-full\"><img decoding=\"async\" src=\"https:\/\/ip1sweden.blob.core.windows.net\/blobip1websitef76b7023b5\/wp-content\/uploads\/2024\/03\/product-e-sms-v-two.svg\" alt=\"Product Icon e-SMS\" class=\"wp-image-2448\"\/><\/figure>\n<\/div>\n\n\n<p class=\"has-text-align-left mt-3\">Integrate SMS into your daily communication. By opening Outlook and clicking on the e-SMS icon, you can easily send SMS directly from your e-mail client. It is both flexible and time-saving<\/p>\n\n\n\n<div class=\"wp-block-buttons is-content-justification-center is-layout-flex wp-container-core-buttons-is-layout-16018d1d wp-block-buttons-is-layout-flex\">\n<div class=\"wp-block-button\"><a class=\"wp-block-button__link wp-element-button\" href=\"https:\/\/ip1sms.com\/en\/sms-from-outlook\/\">Read more about e-SMS<\/a><\/div>\n<\/div>\n<\/div>\n\n\n\n<div class=\"wp-block-column is-layout-flow wp-block-column-is-layout-flow\"><\/div>\n<\/div>\n\n\n\n<\/div>\n<\/div>","protected":false},"excerpt":{"rendered":"<p>En SMS tj\u00e4nst med m\u00e4ngder av anv\u00e4ndningsomr\u00e5den! Med 20 \u00e5rs erfarenhet av SMS tj\u00e4nster f\u00f6r f\u00f6retag vet vi p\u00e5 iP.1 hur man g\u00f6r det bra. Faktum \u00e4r att, oavsett om du driver en stor organisation eller en liten verksamhet, har v\u00e5r plattform allt du beh\u00f6ver f\u00f6r att effektivt anv\u00e4nda SMS-kommunikation. Dessutom erbjuder v\u00e5ra SMS tj\u00e4nst [&hellip;]<\/p>\n","protected":false},"author":1,"featured_media":0,"parent":0,"menu_order":0,"comment_status":"closed","ping_status":"closed","template":"","meta":{"footnotes":""},"categories":[17],"tags":[],"class_list":["post-900","page","type-page","status-publish","hentry","category-tjanster"],"_links":{"self":[{"href":"https:\/\/ip1sms.com\/en\/wp-json\/wp\/v2\/pages\/900","targetHints":{"allow":["GET"]}}],"collection":[{"href":"https:\/\/ip1sms.com\/en\/wp-json\/wp\/v2\/pages"}],"about":[{"href":"https:\/\/ip1sms.com\/en\/wp-json\/wp\/v2\/types\/page"}],"author":[{"embeddable":true,"href":"https:\/\/ip1sms.com\/en\/wp-json\/wp\/v2\/users\/1"}],"replies":[{"embeddable":true,"href":"https:\/\/ip1sms.com\/en\/wp-json\/wp\/v2\/comments?post=900"}],"version-history":[{"count":0,"href":"https:\/\/ip1sms.com\/en\/wp-json\/wp\/v2\/pages\/900\/revisions"}],"wp:attachment":[{"href":"https:\/\/ip1sms.com\/en\/wp-json\/wp\/v2\/media?parent=900"}],"wp:term":[{"taxonomy":"category","embeddable":true,"href":"https:\/\/ip1sms.com\/en\/wp-json\/wp\/v2\/categories?post=900"},{"taxonomy":"post_tag","embeddable":true,"href":"https:\/\/ip1sms.com\/en\/wp-json\/wp\/v2\/tags?post=900"}],"curies":[{"name":"wp","href":"https:\/\/api.w.org\/{rel}","templated":true}]}}