{"id":898,"date":"2023-12-04T09:45:32","date_gmt":"2023-12-04T08:45:32","guid":{"rendered":"http:\/\/localhost\/wordpress\/?page_id=898"},"modified":"2025-04-01T10:08:15","modified_gmt":"2025-04-01T10:08:15","slug":"this-is-ip1","status":"publish","type":"page","link":"https:\/\/ip1sms.com\/en\/this-is-ip1\/","title":{"rendered":"This is iP.1!"},"content":{"rendered":"<div class=\"wp-block-custom-ip1-service-page-header-block wp-block-group is-layout-constrained wp-block-group-is-layout-constrained\"><div class=\"wp-block-group__inner-container\"><div class=\"row g-0 justify-content-center align-items-center ip1-service-page-header gradient-box ripple\"><div class=\"col-md-9 col-sm-12\"><div class=\"wp-block-columns are-vertically-aligned-center is-layout-flex wp-container-core-columns-layout-1 wp-block-columns-is-layout-flex\"><div class=\"wp-block-column is-vertically-aligned-center is-layout-flow wp-block-column-is-layout-flow\" style=\"flex-basis:33.33%\"><img decoding=\"async\" src=\"https:\/\/ip1sweden.blob.core.windows.net\/blobip1websitef76b7023b5\/wp-content\/uploads\/2024\/03\/sms-services-for-all-1.svg\" alt=\"SMS services from iP.1\"\/><\/div><div class=\"wp-block-column is-vertically-aligned-center is-layout-flow wp-block-column-is-layout-flow\" style=\"flex-basis:66.66%\"><h1 class=\"wp-block-heading\">iP.1 Networks, a software company specializing in communications<\/h1><p class=\"paragraph1\">Since iP.1 started 20 years ago, we have taken pride in trying to make the complex into something simple and user-friendly. It is noticeable both in our SMS services, how we perform them and the way we are.<\/p><p class=\"paragraph2\">We make it possible for companies to communicate with customers, members or colleagues in the fastest way possible!<\/p><\/div><\/div><\/div><\/div><\/div><\/div>\n\n\n\n<div class=\"row g-0 justify-content-center mb-5 mt-5 p-1 mx-1 p-md-0 mx-md-0\">\n<div class=\"col-md-9 col-sm-12 text-left\">\n\n\n\n<h2 class=\"wp-block-heading\" id=\"h-var-historia\">our history<\/h2>\n\n\n\n<p>iP.1 started in 2003 with the goal of delivering secure and reliable Internet access to businesses in Sk\u00f6vde, Sweden. To be able to offer this, we built our own network based on wireless technology. In this way, we were able to offer our customers the most cost-effective and flexible solution. Our wireless network currently covers the entire Sk\u00f6vde municipality.<\/p>\n\n\n\n<p>We previously also offered smart WiFi networks and special radio technology that made it easy to connect data traffic to and from different points, for example properties, without having to run cables.<\/p>\n\n\n\n<h3 class=\"wp-block-heading\" id=\"h-sa-foddes-den-forsta-sms-tjansten\">So the first SMS service was born<\/h3>\n\n\n\n<p>To monitor our own wireless network, we needed a fast and stable monitoring system. Therefore, we created an SMS system that automatically sent SMS reports to our technicians as soon as something unexpected happened. In this way, we were able to start troubleshooting quickly and also solve many problems before the customer was affected. It wasn&#039;t long before the first customer asked if we could monitor their own hardware using our SMS Gateway.<\/p>\n\n\n\n<p>We have continued to develop new services together with our customers. Like when a priest from the Church of Sweden wanted help with sending SMS to reach out with short messages to confirmands. Some time later, a web application was created where it was possible to log in to send SMS in a fast and cost-effective way. Thus, the first version of Web SMS was born! Since then, we have continued to grow at a rapid pace and now we only focus on developing smart SMS solutions.<\/p>\n\n\n\n<h3 class=\"wp-block-heading\" id=\"h-vart-dna-enkelt\">Our DNA = Simple<\/h3>\n\n\n\n<p>iP.1 strives to develop communication services that are easy to use. Simplicity has been a core value in our business right from the start, whether it&#039;s navigating our website, sending an SMS from one of our web services or creating a survey in the One Survey survey service. We are constantly working on the user-friendliness of our services to make it even easier to communicate using iP.1&#039;s platform!<\/p>\n\n\n\n<h4 class=\"wp-block-heading\" id=\"h-ip-1-genom-tiderna\">iP.1 Through the Ages<\/h4>\n\n\n\n<p>During 20 years, a lot has happened in the software industry. Take a look at the video below for some highlights of the iP.1&#039;s history.<\/p>\n\n\n\n<figure class=\"wp-block-video\"><video height=\"720\" style=\"aspect-ratio: 1280 \/ 720;\" width=\"1280\" controls src=\"\/wp-content\/uploads\/2024\/03\/iP.1-fyller-20-ar.mp4\"><\/video><\/figure>\n\n\n\n<\/div>\n<\/div>","protected":false},"excerpt":{"rendered":"<p>V\u00e5r historia iP.1 startade \u00e5r 2003 med m\u00e5l att leverera s\u00e4ker och p\u00e5litlig Internetaccess till f\u00f6retag i Sk\u00f6vde, Sverige. F\u00f6r att kunna erbjuda detta byggde vi upp ett eget n\u00e4t baserat p\u00e5 tr\u00e5dl\u00f6s teknik. P\u00e5 detta s\u00e4tt kunde vi erbjuda v\u00e5ra kunder den mest kostnadseffektiva och flexibla l\u00f6sningen. V\u00e5rt tr\u00e5dl\u00f6sa n\u00e4tverk t\u00e4cker idag hela Sk\u00f6vde [&hellip;]<\/p>\n","protected":false},"author":1,"featured_media":0,"parent":0,"menu_order":0,"comment_status":"closed","ping_status":"closed","template":"","meta":{"footnotes":""},"categories":[6],"tags":[],"class_list":["post-898","page","type-page","status-publish","hentry","category-information"],"_links":{"self":[{"href":"https:\/\/ip1sms.com\/en\/wp-json\/wp\/v2\/pages\/898","targetHints":{"allow":["GET"]}}],"collection":[{"href":"https:\/\/ip1sms.com\/en\/wp-json\/wp\/v2\/pages"}],"about":[{"href":"https:\/\/ip1sms.com\/en\/wp-json\/wp\/v2\/types\/page"}],"author":[{"embeddable":true,"href":"https:\/\/ip1sms.com\/en\/wp-json\/wp\/v2\/users\/1"}],"replies":[{"embeddable":true,"href":"https:\/\/ip1sms.com\/en\/wp-json\/wp\/v2\/comments?post=898"}],"version-history":[{"count":0,"href":"https:\/\/ip1sms.com\/en\/wp-json\/wp\/v2\/pages\/898\/revisions"}],"wp:attachment":[{"href":"https:\/\/ip1sms.com\/en\/wp-json\/wp\/v2\/media?parent=898"}],"wp:term":[{"taxonomy":"category","embeddable":true,"href":"https:\/\/ip1sms.com\/en\/wp-json\/wp\/v2\/categories?post=898"},{"taxonomy":"post_tag","embeddable":true,"href":"https:\/\/ip1sms.com\/en\/wp-json\/wp\/v2\/tags?post=898"}],"curies":[{"name":"wp","href":"https:\/\/api.w.org\/{rel}","templated":true}]}}