{"id":896,"date":"2023-12-04T09:44:00","date_gmt":"2023-12-04T08:44:00","guid":{"rendered":"http:\/\/localhost\/wordpress\/?page_id=896"},"modified":"2025-10-10T12:44:05","modified_gmt":"2025-10-10T12:44:05","slug":"new-web-sms","status":"publish","type":"page","link":"https:\/\/ip1sms.com\/en\/business-messaging\/new-web-sms\/","title":{"rendered":"New Web SMS"},"content":{"rendered":"<div class=\"wp-block-group\"><div class=\"wp-block-group__inner-container is-layout-constrained wp-block-group-is-layout-constrained\">\n<div class=\"wp-block-custom-ip1-service-page-header-block wp-block-group is-layout-constrained wp-block-group-is-layout-constrained\"><div class=\"wp-block-group__inner-container\"><div class=\"row g-0 justify-content-center align-items-center ip1-service-page-header gradient-box ripple\"><div class=\"col-md-9 col-sm-12\"><div class=\"wp-block-columns are-vertically-aligned-center is-layout-flex wp-container-core-columns-layout-1 wp-block-columns-is-layout-flex\"><div class=\"wp-block-column is-vertically-aligned-center is-layout-flow wp-block-column-is-layout-flow\" style=\"flex-basis:33.33%\"><img decoding=\"async\" src=\"https:\/\/ip1sweden.blob.core.windows.net\/blobip1websitef76b7023b5\/wp-content\/uploads\/2024\/03\/web-sms-lets-you-send-sms-from-your-browser.svg\" alt=\"Send SMS from the computer easily and securely Web SMS\"\/><\/div><div class=\"wp-block-column is-vertically-aligned-center is-layout-flow wp-block-column-is-layout-flow\" style=\"flex-basis:66.66%\"><h1 class=\"wp-block-heading\">New Web SMS 4.0<\/h1><p class=\"paragraph1\">To Send SMS from the computer with\u00a0<strong>New Web SMS 4.0<\/strong>\u00a0is as simple as before, but with more stability<\/p><p class=\"paragraph2\">The service is seamlessly integrated into our communication platform for sending SMS, surveys and marketing!<\/p><\/div><\/div><\/div><\/div><\/div><\/div>\n<\/div><\/div>\n\n\n\n<div class=\"wp-block-custom-ip1-conversion-button-block row g-0 concave align-items-center text-center\"><div class=\"col\"><div class=\"link-button\"><a href=\"https:\/\/shop.ip1.net\/account\/new\" id=\"general-trial\" class=\"btn btn-ip1 get-started\" target=\"_blank\" rel=\"noopener\">Free trial account<\/a><a href=\"#\" id=\"secondary-general-trial\" class=\"btn btn-outline-ip1 ms-2 sign-in\" data-bs-toggle=\"modal\" data-bs-target=\"#login-modal\">Sign In<\/a><\/div><\/div><\/div>\n\n\n\n<div class=\"row g-0 justify-content-center mb-5 mt-5 p-1 mx-1 p-md-0 mx-md-0\">\n<div class=\"col-md-9 col-sm-12 text-left\">\n\n\n\n<h2 class=\"wp-block-heading\" id=\"h-vad-ar-skillnaden-mellan-gamla-och-nya-web-sms\">What is the difference between old and new Web SMS?<\/h2>\n\n\n\n<p>Web SMS has been a trusted go-to web service for communicating using SMS for over 15 years. Now we are launching a completely new version of Web SMS, based on modern web technology and with communication as the main focus. New Web SMS uses the same modern SMS engine as One Channel and One Survey and gives you the opportunity to quickly reach out with SMS to your customers, colleagues or members.<\/p>\n\n\n\n<p>Below you will find an overview of basic functionality in the new Web SMS. Want a full review of the service? Press the help button in the right corner!<\/p>\n\n\n\n<\/div>\n<\/div>\n\n\n\n<div class=\"row g-0 justify-content-center mb-5 mt-5 p-1 mx-1 p-md-0 mx-md-0\">\n<div class=\"col-md-9 col-sm-12 text-left\">\n\n\n\n<h4 class=\"wp-block-heading\" id=\"h-\"><\/h4>\n\n\n\n<ul class=\"wp-block-list list-group\">\n<li class=\"list-group-item list-group-item-action\"><a href=\"#skicka-sms-i-nya-web-sms\">How do I send SMS in the new Web SMS?<\/a><\/li>\n\n\n\n<li class=\"list-group-item list-group-item-action\"><a href=\"#hantera-kontakter-i-nya-web-sms\">How do I manage contacts in the new Web SMS?<\/a><\/li>\n\n\n\n<li class=\"list-group-item list-group-item-action\"><a href=\"#hantera-sms-trafik\">How do I manage my SMS traffic in new Web <\/a><a href=\"http:\/\/hantera-sms-trafik\">SMS?<\/a><\/li>\n\n\n\n<li class=\"list-group-item list-group-item-action\"><a href=\"#hantera-text-mallar\">How do I manage my text templates in the new Web SMS?<\/a><\/li>\n<\/ul>\n\n\n\n<\/div>\n<\/div>\n\n\n\n<hr class=\"wp-block-separator has-alpha-channel-opacity mx-5\" id=\"skicka-sms-i-nya-web-sms\"\/>\n\n\n\n<div class=\"row g-0 justify-content-center mb-5 mt-5\">\n<div class=\"col-md-9 col-sm-12 text-left\">\n\n\n\n<h3 class=\"wp-block-heading mb-0\" id=\"skicka-sms-i-nya-web-sms\">How do I send SMS in the new Web SMS?<\/h3>\n\n\n\n<p>If you have used the older version of Web SMS, you will probably recognize the interface with its classic &quot;Send&quot; field, which is still the hub of Web SMS 4.0.<\/p>\n\n\n\n<\/div>\n<\/div>\n\n\n\n<div class=\"row g-0 justify-content-center mb-5 mt-5 p-1 mx-1 p-md-0 mx-md-0\">\n<div class=\"col-md-9 col-sm-12 text-left\">\n\n\n\n<div class=\"wp-block-columns are-vertically-aligned-center grey-box is-layout-flex wp-container-core-columns-is-layout-9d6595d7 wp-block-columns-is-layout-flex\">\n<div class=\"wp-block-column is-vertically-aligned-center is-layout-flow wp-block-column-is-layout-flow\" style=\"flex-basis:33.33%\"><div class=\"wp-block-image\">\n<figure class=\"aligncenter size-full\"><img loading=\"lazy\" decoding=\"async\" width=\"484\" height=\"695\" src=\"https:\/\/ip1sms.com\/wp-content\/uploads\/2025\/10\/sending-panel-sv.png\" alt=\"\" class=\"wp-image-4975\" srcset=\"https:\/\/ip1sms.com\/wp-content\/uploads\/2025\/10\/sending-panel-sv.png 484w, https:\/\/ip1sms.com\/wp-content\/uploads\/2025\/10\/sending-panel-sv-209x300.png 209w, https:\/\/ip1sms.com\/wp-content\/uploads\/2025\/10\/sending-panel-sv-8x12.png 8w\" sizes=\"auto, (max-width: 484px) 100vw, 484px\" \/><\/figure>\n<\/div><\/div>\n\n\n\n<div class=\"wp-block-column is-vertically-aligned-center is-layout-flow wp-block-column-is-layout-flow\" style=\"flex-basis:66.66%\">\n<h4 class=\"wp-block-heading mb-0\" id=\"h-fran-faltet\"><strong>From field<\/strong><\/h4>\n\n\n\n<p>Here you enter your sender, either a text, 3 \u2013 11 characters, Aa \u2013 Zz, or a number, 0 \u2013 9, 3 \u2013 15 digits. By pulling down the drop-down menu, you can choose from among your previously registered senders.<\/p>\n\n\n\n<h4 class=\"wp-block-heading mb-0\" id=\"h-till-faltet\"><strong>To field<\/strong><\/h4>\n\n\n\n<p>Here you enter the number you want to send to. If you want to search for an existing contact or label, you can type the name in the box and choose from the options that appear. If the number is not in the list, complete the number and click the suggestion that appears below to format the number correctly.<\/p>\n\n\n\n<p><i class=\"fa-solid fa-user-group me-2\" style=\"color: #89b642;\" aria-hidden=\"true\"><\/i> <strong>Contacts<\/strong>&nbsp;\u2013 Click on contacts to add individual contacts or labels from your contact list to the recipient list. Here you will also find quick shortcuts to importing contacts, as well as to your contact list where you can manage your contacts and labels.<\/p>\n\n\n\n<p><i class=\"fa-solid fa-file-import me-2\" style=\"color: #89b642;\" aria-hidden=\"true\"><\/i><strong>Retrieve contacts from file<\/strong>&nbsp;- New Web SMS allows you to add contacts as recipients directly by uploading an excel file. In order for Web SMS to recognize mobile numbers, they need to be in a separate column with the heading &quot;Phone&quot;. Not case sensitive.<\/p>\n\n\n\n<h4 class=\"wp-block-heading mb-0\" id=\"h-faltet-for-meddelande\"><strong>The message field<\/strong><\/h4>\n\n\n\n<p>Here you write your SMS message. An SMS requires 160 characters and you can always see how many characters you have written and how many SMS your message consists of at the bottom.<\/p>\n\n\n\n<p><i class=\"fa-solid fa-clone me-2\" style=\"color: #89b642;\" aria-hidden=\"true\"><\/i><strong>Text templates<\/strong>&nbsp;- By clicking on &quot;Text templates&quot; you open a dialog box that allows you to select and insert your ready-made text templates.<\/p>\n\n\n\n<p><i class=\"fa-solid fa-circle-stop me-2\" style=\"color: #89b642;\" aria-hidden=\"true\"><\/i><strong>Stop instruction<\/strong>&nbsp;- Here you can insert your stop instruction, which will end up at the bottom of your message. the instruction will consist of a text string containing the {UnsubscribeUrl} variable. This variable will create a unique unsubscribe link for each recipient you send to. You can edit your stop instruction by clicking on the gear next to it. If you do not see the Stop instruction option, it means that you have not activated the additional service &quot;Unsubscribe link&quot; or you do not have a virtual number for incoming traffic.<\/p>\n<\/div>\n<\/div>\n\n\n\n<\/div>\n<\/div>\n\n\n\n<hr class=\"wp-block-separator has-alpha-channel-opacity mx-5\" id=\"hantera-kontakter-i-nya-web-sms\"\/>\n\n\n\n<div class=\"row g-0 justify-content-center mb-5 mt-5 p-1 mx-1 p-md-0 mx-md-0\">\n<div class=\"col-md-9 col-sm-12 text-left\">\n\n\n\n<h3 class=\"wp-block-heading mb-0\" id=\"hantera-kontakter-i-nya-web-sms\">How do I manage contacts in the new Web SMS?<\/h3>\n\n\n\n<p>One of the biggest changes in the new Web SMS is the connection to the new contact system. You can easily add contacts or labels to the recipient list directly in Web SMS through the integrated contact dialog. If you want to edit or manage your contacts, this is done in the separate contact app where you can also import contacts and segment them with labels. Labels replace groups that existed in the previous version of Web SMS. <\/p>\n\n\n\n<p>You reach the Contacts app by clicking the app selector icon: <img loading=\"lazy\" decoding=\"async\" width=\"31\" height=\"31\" class=\"wp-image-2962\" style=\"width: 31px;\" src=\"https:\/\/ip1sweden.blob.core.windows.net\/blobip1websitef76b7023b5\/wp-content\/uploads\/2024\/03\/app-valjaren.jpg\" alt=\"\" srcset=\"https:\/\/ip1sms.com\/wp-content\/uploads\/2024\/03\/app-valjaren.jpg 31w, https:\/\/ip1sms.com\/wp-content\/uploads\/2024\/03\/app-valjaren-12x12.jpg 12w\" sizes=\"auto, (max-width: 31px) 100vw, 31px\" \/> which you&#039;ll find at the top left next to the iP.1 logo, or by clicking the contact button to open the contacts dialog: <i class=\"fa-solid fa-user-group me-1\" style=\"color: #89b642;\" aria-hidden=\"true\"><\/i> which you will find under the to field and then &quot;Contact list&quot;.<\/p>\n\n\n\n<\/div>\n<\/div>\n\n\n\n<div class=\"row g-0 justify-content-center mb-5 mt-5 p-1 mx-1 p-md-0 mx-md-0\">\n<div class=\"col-md-9 col-sm-12 text-left\">\n\n\n\n<div class=\"wp-block-columns are-vertically-aligned-center grey-box is-layout-flex wp-container-core-columns-is-layout-9d6595d7 wp-block-columns-is-layout-flex\">\n<div class=\"wp-block-column is-vertically-aligned-center is-layout-flow wp-block-column-is-layout-flow\" style=\"flex-basis:45%\">\n<h4 class=\"wp-block-heading mb-0\" id=\"h-kontaktlista\"><strong>Contact list<\/strong><\/h4>\n\n\n\n<p>The Contact List button takes you directly to the separate Contacts app where you get full control over your contacts and labels.<\/p>\n\n\n\n<h4 class=\"wp-block-heading mb-0\" id=\"h-importera-kontakter\"><strong>Import contacts<\/strong><\/h4>\n\n\n\n<p>The import button takes you directly to the separate contacts app&#039;s import wizard, where you can import contacts from Excel or comma separated file (.csv) or from our legacy contact system.<\/p>\n\n\n\n<h4 class=\"wp-block-heading mb-0\" id=\"h-etiketter\"><strong>Labels<\/strong><\/h4>\n\n\n\n<p>Your available labels are displayed here. Click on a label to get the choice to add all contacts to the recipient list or to filter the contact table by available contacts.<\/p>\n\n\n\n<h4 class=\"wp-block-heading mb-0\" id=\"h-kontakt-tabellen\"><strong>The contact table<\/strong><\/h4>\n\n\n\n<p>All contacts are shown here. You can choose to filter the contact table by labels or by the contacts that are added to the recipient list.<\/p>\n\n\n\n<p><i class=\"fa-solid fa-arrow-up-arrow-down me-2\" aria-hidden=\"true\"><\/i><strong>Sort<\/strong>&nbsp;\u2013 Click the sort icon above any table column to sort the table.<\/p>\n\n\n\n<p><i class=\"fa-solid fa-comments me-2\" aria-hidden=\"true\"><\/i><strong>Conversations<\/strong>&nbsp;- Click on the chat bubbles for conversations to see the incoming and outgoing traffic for each contact.<\/p>\n\n\n\n<p><i class=\"fa-solid fa-circle-stop me-2\" style=\"color: red\" aria-hidden=\"true\"><\/i><strong>Block<\/strong>&nbsp;- Click on block contact to add the contact&#039;s number to your blacklist, which means that no SMS will reach the contact. If the contact is already blocked, the button is replaced by an unblock button.<\/p>\n<\/div>\n\n\n\n<div class=\"wp-block-column is-vertically-aligned-center is-layout-flow wp-block-column-is-layout-flow\" style=\"flex-basis:55%\">\n<figure class=\"wp-block-image size-large\"><img loading=\"lazy\" decoding=\"async\" width=\"1024\" height=\"642\" src=\"https:\/\/ip1sweden.blob.core.windows.net\/blobip1websitef76b7023b5\/wp-content\/uploads\/2024\/03\/dialogen-for-kontakter-1024x642.jpg\" alt=\"\" class=\"wp-image-2964\" srcset=\"https:\/\/ip1sms.com\/wp-content\/uploads\/2024\/03\/dialogen-for-kontakter-1024x642.jpg 1024w, https:\/\/ip1sms.com\/wp-content\/uploads\/2024\/03\/dialogen-for-kontakter-300x188.jpg 300w, https:\/\/ip1sms.com\/wp-content\/uploads\/2024\/03\/dialogen-for-kontakter-768x482.jpg 768w, https:\/\/ip1sms.com\/wp-content\/uploads\/2024\/03\/dialogen-for-kontakter-18x12.jpg 18w, https:\/\/ip1sms.com\/wp-content\/uploads\/2024\/03\/dialogen-for-kontakter.jpg 1492w\" sizes=\"auto, (max-width: 1024px) 100vw, 1024px\" \/><\/figure>\n<\/div>\n<\/div>\n\n\n\n<div class=\"wp-block-columns are-vertically-aligned-center is-layout-flex wp-container-core-columns-is-layout-9d6595d7 wp-block-columns-is-layout-flex\">\n<div class=\"wp-block-column is-vertically-aligned-center is-layout-flow wp-block-column-is-layout-flow\">\n<figure class=\"wp-block-video\"><video height=\"720\" style=\"aspect-ratio: 1280 \/ 720;\" width=\"1280\" controls src=\"https:\/\/ip1sweden.blob.core.windows.net\/blobip1websitef76b7023b5\/wp-content\/uploads\/2024\/03\/importera-kontakter-fran-Web-SMS.mp4\"><\/video><\/figure>\n<\/div>\n\n\n\n<div class=\"wp-block-column is-vertically-aligned-center is-layout-flow wp-block-column-is-layout-flow\">\n<h3 class=\"wp-block-heading mb-0\" id=\"h-importera-kontakter-fran-det-aldre-kontaktsystemet\">Import contacts from the legacy contact system<\/h3>\n\n\n\n<p>Importing contacts from our older contact system to the new one is easy! Our import uide will automatically find your contacts and groups and convert them to the new standard.&nbsp;<strong>Watch the video that shows you how to do it, step by step<\/strong>.<\/p>\n<\/div>\n<\/div>\n\n\n\n<\/div>\n<\/div>\n\n\n\n<hr class=\"wp-block-separator has-alpha-channel-opacity mx-5\" id=\"hantera-sms-trafik\"\/>\n\n\n\n<div class=\"row g-0 justify-content-center mb-5 mt-5 p-1 mx-1 p-md-0 mx-md-0\">\n<div class=\"col-md-9 col-sm-12 text-left\">\n\n\n\n<h2 class=\"wp-block-heading\" id=\"hantera-sms-trafik\">How do I manage my SMS traffic in the new Web SMS?<\/h2>\n\n\n\n<p>Like the older version of Web SMS, you can easily manage both incoming and outgoing traffic and get an overview of the traffic in the SMS flow.<\/p>\n\n\n\n<p>Each section is easily accessed using the sub-menu at the top as illustrated in the images below.<\/p>\n\n\n\n<\/div>\n<\/div>\n\n\n\n<div class=\"row g-0 justify-content-center mb-5 mt-5 p-1 mx-1 p-md-0 mx-md-0\">\n<div class=\"col-md-9 col-sm-12 text-left\">\n\n\n\n<div class=\"wp-block-columns are-vertically-aligned-center grey-box is-layout-flex wp-container-core-columns-is-layout-9d6595d7 wp-block-columns-is-layout-flex\">\n<div class=\"wp-block-column is-vertically-aligned-center is-layout-flow wp-block-column-is-layout-flow\" style=\"flex-basis:40%\">\n<h4 class=\"wp-block-heading mb-0\" id=\"h-sms-flode\"><strong>SMS flow<\/strong><\/h4>\n\n\n\n<p>The flow of outgoing and incoming traffic in the new Web SMS is very similar to the flow in the older version. Here you can easily see your SMS traffic in a chronological flow.<\/p>\n\n\n\n<p><i class=\"fa-solid fa-envelope-open me-2\" style=\"color: #89b642;\" aria-hidden=\"true\"><\/i><strong>Mark as read<\/strong>&nbsp;- By clicking mark as read, you and other users on the same account can keep track of which incoming messages have already been handled.<\/p>\n\n\n\n<p><i class=\"fa-solid fa-share me-2\" aria-hidden=\"true\"><\/i><strong>Respond<\/strong>&nbsp;\u2013 The Reply button allows you to insert the number from the incoming message directly into the To field for easier reply handling.<\/p>\n\n\n\n<p><i class=\"fa-solid fa-arrow-right me-2\" aria-hidden=\"true\"><\/i><strong>Forward<\/strong>&nbsp;- By clicking the &quot;forward&quot; button on an outgoing message, you insert the message text into the message field so you can quickly forward sent message texts to other recipients.<\/p>\n<\/div>\n\n\n\n<div class=\"wp-block-column is-vertically-aligned-center is-layout-flow wp-block-column-is-layout-flow\" style=\"flex-basis:60%\"><div class=\"wp-block-image\">\n<figure class=\"aligncenter size-large\"><img loading=\"lazy\" decoding=\"async\" width=\"1024\" height=\"543\" src=\"https:\/\/ip1sweden.blob.core.windows.net\/blobip1websitef76b7023b5\/wp-content\/uploads\/2024\/03\/Web-sms-flode-1024x543.jpg\" alt=\"\" class=\"wp-image-2982\" srcset=\"https:\/\/ip1sms.com\/wp-content\/uploads\/2024\/03\/Web-sms-flode-1024x543.jpg 1024w, https:\/\/ip1sms.com\/wp-content\/uploads\/2024\/03\/Web-sms-flode-300x159.jpg 300w, https:\/\/ip1sms.com\/wp-content\/uploads\/2024\/03\/Web-sms-flode-768x408.jpg 768w, https:\/\/ip1sms.com\/wp-content\/uploads\/2024\/03\/Web-sms-flode-18x10.jpg 18w, https:\/\/ip1sms.com\/wp-content\/uploads\/2024\/03\/Web-sms-flode.jpg 1355w\" sizes=\"auto, (max-width: 1024px) 100vw, 1024px\" \/><\/figure>\n<\/div><\/div>\n<\/div>\n\n\n\n<\/div>\n<\/div>\n\n\n\n<div class=\"row g-0 justify-content-center mb-5 mt-5 p-1 mx-1 p-md-0 mx-md-0\">\n<div class=\"col-md-9 col-sm-12 text-left\">\n\n\n\n<div class=\"wp-block-columns grey-box is-layout-flex wp-container-core-columns-is-layout-9d6595d7 wp-block-columns-is-layout-flex\">\n<div class=\"wp-block-column is-vertically-aligned-center is-layout-flow wp-block-column-is-layout-flow\" style=\"flex-basis:60%\">\n<figure class=\"wp-block-image size-large\"><img loading=\"lazy\" decoding=\"async\" width=\"1024\" height=\"537\" src=\"https:\/\/ip1sweden.blob.core.windows.net\/blobip1websitef76b7023b5\/wp-content\/uploads\/2024\/03\/Web-sms-inkorg-1024x537.jpg\" alt=\"\" class=\"wp-image-2985\" srcset=\"https:\/\/ip1sms.com\/wp-content\/uploads\/2024\/03\/Web-sms-inkorg-1024x537.jpg 1024w, https:\/\/ip1sms.com\/wp-content\/uploads\/2024\/03\/Web-sms-inkorg-300x157.jpg 300w, https:\/\/ip1sms.com\/wp-content\/uploads\/2024\/03\/Web-sms-inkorg-768x403.jpg 768w, https:\/\/ip1sms.com\/wp-content\/uploads\/2024\/03\/Web-sms-inkorg-18x9.jpg 18w, https:\/\/ip1sms.com\/wp-content\/uploads\/2024\/03\/Web-sms-inkorg.jpg 1357w\" sizes=\"auto, (max-width: 1024px) 100vw, 1024px\" \/><\/figure>\n<\/div>\n\n\n\n<div class=\"wp-block-column is-layout-flow wp-block-column-is-layout-flow\" style=\"flex-basis:40%\">\n<h4 class=\"wp-block-heading mb-0\" id=\"h-inkorgen\"><strong>The inbox<\/strong><\/h4>\n\n\n\n<p>In the inbox you will find all incoming SMS in a table. The table is searchable and you can sort it like the contact table by using the arrows in any table column.<\/p>\n\n\n\n<p><i class=\"fa-solid fa-share me-2\" aria-hidden=\"true\"><\/i><strong>Respond<\/strong>&nbsp;- The reply button also allows you to insert the number from the incoming message directly into the to field, even from the inbox.<\/p>\n\n\n\n<p><i class=\"fa-solid fa-trash me-2\" style=\"color: red\" aria-hidden=\"true\"><\/i><strong>Delete<\/strong>&nbsp;- Click delete to delete a specific incoming message. When you delete a message, it disappears permanently.<\/p>\n<\/div>\n<\/div>\n\n\n\n<\/div>\n<\/div>\n\n\n\n<div class=\"row g-0 justify-content-center mb-5 mt-5 p-1 mx-1 p-md-0 mx-md-0\">\n<div class=\"col-md-9 col-sm-12 text-left\">\n\n\n\n<div class=\"wp-block-columns grey-box is-layout-flex wp-container-core-columns-is-layout-9d6595d7 wp-block-columns-is-layout-flex\">\n<div class=\"wp-block-column is-layout-flow wp-block-column-is-layout-flow\" style=\"flex-basis:40%\">\n<h4 class=\"wp-block-heading mb-0\" id=\"h-tidsstyrda-sms\"><strong>Timed SMS<\/strong><\/h4>\n\n\n\n<p>In the view for timed SMS you will find a table with all timed SMS. Here you have the option to cancel or set a new time for your upcoming mailings.<\/p>\n\n\n\n<p><i class=\"fa-solid fa-clock-rotate-left me-2\" aria-hidden=\"true\"><\/i><strong>Edit<\/strong>&nbsp;- By clicking on the small clock, you can change the timing of the dispatch.<\/p>\n\n\n\n<p><strong>Cancel time management<\/strong>&nbsp;- When you tick the check box in front of each planned mailing in the table, you have the option to cancel the mailing. When you have selected the messages you want, the &quot;Cancel selected&quot; button appears. Note that this cancels the shipment completely and cannot be undone.<\/p>\n<\/div>\n\n\n\n<div class=\"wp-block-column is-layout-flow wp-block-column-is-layout-flow\" style=\"flex-basis:60%\">\n<figure class=\"wp-block-image size-large\"><img loading=\"lazy\" decoding=\"async\" width=\"1024\" height=\"531\" src=\"https:\/\/ip1sweden.blob.core.windows.net\/blobip1websitef76b7023b5\/wp-content\/uploads\/2024\/03\/Web-sms-tidsinstallda-1024x531.jpg\" alt=\"\" class=\"wp-image-2992\" srcset=\"https:\/\/ip1sms.com\/wp-content\/uploads\/2024\/03\/Web-sms-tidsinstallda-1024x531.jpg 1024w, https:\/\/ip1sms.com\/wp-content\/uploads\/2024\/03\/Web-sms-tidsinstallda-300x156.jpg 300w, https:\/\/ip1sms.com\/wp-content\/uploads\/2024\/03\/Web-sms-tidsinstallda-768x398.jpg 768w, https:\/\/ip1sms.com\/wp-content\/uploads\/2024\/03\/Web-sms-tidsinstallda-18x9.jpg 18w, https:\/\/ip1sms.com\/wp-content\/uploads\/2024\/03\/Web-sms-tidsinstallda.jpg 1356w\" sizes=\"auto, (max-width: 1024px) 100vw, 1024px\" \/><\/figure>\n<\/div>\n<\/div>\n\n\n\n<\/div>\n<\/div>\n\n\n\n<hr class=\"wp-block-separator has-alpha-channel-opacity\" id=\"hantera-text-mallar\"\/>\n\n\n\n<div class=\"row g-0 justify-content-center mb-5 mt-5 p-1 mx-1 p-md-0 mx-md-0\">\n<div class=\"col-md-9 col-sm-12 text-left\">\n\n\n\n<h3 class=\"wp-block-heading\" id=\"h-hur-hanterar-jag-mina-textmallar-i-nya-web-sms\">How do I manage my text templates in the new Web SMS?<\/h3>\n\n\n\n<p>Streamline your SMS sendings with text templates in the new system, where you can easily organize your standard SMS texts.<\/p>\n\n\n\n<p>In the new tree system, you can organize text templates in folders and thus get more structure when inserting them into the message field.<\/p>\n\n\n\n<\/div>\n<\/div>\n\n\n\n<div class=\"row g-0 justify-content-center mb-5 mt-5 p-1 mx-1 p-md-0 mx-md-0\">\n<div class=\"col-md-9 col-sm-12 text-left\">\n\n\n\n<div class=\"wp-block-columns is-layout-flex wp-container-core-columns-is-layout-9d6595d7 wp-block-columns-is-layout-flex\">\n<div class=\"wp-block-column is-layout-flow wp-block-column-is-layout-flow\" style=\"flex-basis:40%\">\n<h4 class=\"wp-block-heading mb-0\" id=\"h-overblick\">Overview<\/h4>\n\n\n\n<p>Here you manage your text templates, which you can then insert directly into the message field. The text templates work and can be used in our other services, such as One Channel.<\/p>\n\n\n\n<p><strong>Create a text template<\/strong>&nbsp;- Click on &quot;create a new text template&quot; to open the dialog box for new text templates.<\/p>\n\n\n\n<h4 class=\"wp-block-heading\" id=\"h-trad-menyn\">Tree menu<\/h4>\n\n\n\n<p>The tree menu gives you an overview of your text templates and consists of folders <i class=\"fa-solid fa-folder-open\" aria-hidden=\"true\"><\/i>&nbsp;&nbsp;which contains text templates <i class=\"fa-solid fa-file\" aria-hidden=\"true\"><\/i><\/p>\n<\/div>\n\n\n\n<div class=\"wp-block-column is-layout-flow wp-block-column-is-layout-flow\" style=\"flex-basis:60%\">\n<figure class=\"wp-block-image size-large\"><img loading=\"lazy\" decoding=\"async\" width=\"1024\" height=\"641\" src=\"https:\/\/ip1sweden.blob.core.windows.net\/blobip1websitef76b7023b5\/wp-content\/uploads\/2024\/03\/Web-sms-textmallar-ny-1024x641.jpg\" alt=\"\" class=\"wp-image-2991\" srcset=\"https:\/\/ip1sms.com\/wp-content\/uploads\/2024\/03\/Web-sms-textmallar-ny-1024x641.jpg 1024w, https:\/\/ip1sms.com\/wp-content\/uploads\/2024\/03\/Web-sms-textmallar-ny-300x188.jpg 300w, https:\/\/ip1sms.com\/wp-content\/uploads\/2024\/03\/Web-sms-textmallar-ny-768x481.jpg 768w, https:\/\/ip1sms.com\/wp-content\/uploads\/2024\/03\/Web-sms-textmallar-ny-18x12.jpg 18w, https:\/\/ip1sms.com\/wp-content\/uploads\/2024\/03\/Web-sms-textmallar-ny.jpg 1123w\" sizes=\"auto, (max-width: 1024px) 100vw, 1024px\" \/><\/figure>\n<\/div>\n<\/div>\n\n\n\n<\/div>\n<\/div>","protected":false},"excerpt":{"rendered":"<p>Vad \u00e4r skillnaden mellan gamla och nya Web SMS? Web SMS har varit en trogen go-to webbtj\u00e4nst f\u00f6r att kommunicera med hj\u00e4lp av SMS i \u00f6ver 15 \u00e5r. Nu lanserar vi en helt ny version av Web SMS, baserad p\u00e5 modern webbteknik och med kommunikation i huvudfokus. Nya Web SMS anv\u00e4nder sig av samma moderna [&hellip;]<\/p>\n","protected":false},"author":1,"featured_media":0,"parent":18,"menu_order":0,"comment_status":"closed","ping_status":"closed","template":"","meta":{"footnotes":""},"categories":[19],"tags":[],"class_list":["post-896","page","type-page","status-publish","hentry","category-utbildning"],"_links":{"self":[{"href":"https:\/\/ip1sms.com\/en\/wp-json\/wp\/v2\/pages\/896","targetHints":{"allow":["GET"]}}],"collection":[{"href":"https:\/\/ip1sms.com\/en\/wp-json\/wp\/v2\/pages"}],"about":[{"href":"https:\/\/ip1sms.com\/en\/wp-json\/wp\/v2\/types\/page"}],"author":[{"embeddable":true,"href":"https:\/\/ip1sms.com\/en\/wp-json\/wp\/v2\/users\/1"}],"replies":[{"embeddable":true,"href":"https:\/\/ip1sms.com\/en\/wp-json\/wp\/v2\/comments?post=896"}],"version-history":[{"count":0,"href":"https:\/\/ip1sms.com\/en\/wp-json\/wp\/v2\/pages\/896\/revisions"}],"up":[{"embeddable":true,"href":"https:\/\/ip1sms.com\/en\/wp-json\/wp\/v2\/pages\/18"}],"wp:attachment":[{"href":"https:\/\/ip1sms.com\/en\/wp-json\/wp\/v2\/media?parent=896"}],"wp:term":[{"taxonomy":"category","embeddable":true,"href":"https:\/\/ip1sms.com\/en\/wp-json\/wp\/v2\/categories?post=896"},{"taxonomy":"post_tag","embeddable":true,"href":"https:\/\/ip1sms.com\/en\/wp-json\/wp\/v2\/tags?post=896"}],"curies":[{"name":"wp","href":"https:\/\/api.w.org\/{rel}","templated":true}]}}