{"id":894,"date":"2023-12-04T09:42:50","date_gmt":"2023-12-04T08:42:50","guid":{"rendered":"http:\/\/localhost\/wordpress\/?page_id=894"},"modified":"2025-10-10T14:03:04","modified_gmt":"2025-10-10T14:03:04","slug":"all-you-need-to-know-about-sms","status":"publish","type":"page","link":"https:\/\/ip1sms.com\/en\/sms-marketing\/all-you-need-to-know-about-sms\/","title":{"rendered":"Everything you need to know about SMS"},"content":{"rendered":"<div class=\"wp-block-custom-ip1-service-page-header-block wp-block-group is-layout-constrained wp-block-group-is-layout-constrained\"><div class=\"wp-block-group__inner-container\"><div class=\"row g-0 justify-content-center align-items-center ip1-service-page-header gradient-box ripple\"><div class=\"col-md-9 col-sm-12\"><div class=\"wp-block-columns are-vertically-aligned-center is-layout-flex wp-container-core-columns-layout-1 wp-block-columns-is-layout-flex\"><div class=\"wp-block-column is-vertically-aligned-center is-layout-flow wp-block-column-is-layout-flow\" style=\"flex-basis:33.33%\"><img decoding=\"async\" src=\"https:\/\/ip1sweden.blob.core.windows.net\/blobip1websitef76b7023b5\/wp-content\/uploads\/2024\/03\/introducing-landing-pages-in-capacity-sms.svg\" alt=\"everything you need to know about SMS\"\/><\/div><div class=\"wp-block-column is-vertically-aligned-center is-layout-flow wp-block-column-is-layout-flow\" style=\"flex-basis:66.66%\"><h1 class=\"wp-block-heading\">Everything you need to know about SMS<\/h1><p class=\"paragraph1\">Like all channels, SMS has its limitations. But they are undoubtedly outweighed by the high observational value SMS has. SMS will be read! In this article you will find out everything you need to know about SMS as a channel.<\/p><p class=\"paragraph2\">Here below, you get access to some facts about SMS and tips on content that you can develop to use in your SMS Marketing to your customers or users.<\/p><\/div><\/div><\/div><\/div><\/div><\/div>\n\n\n\n<div class=\"wp-block-custom-ip1-conversion-button-block row g-0 concave align-items-center text-center\"><div class=\"col\"><div class=\"link-button\"><a href=\"https:\/\/shop.ip1.net\/account\/new\" id=\"general-trial\" class=\"btn btn-ip1 get-started\" target=\"_blank\" rel=\"noopener\">Free trial account<\/a><a href=\"#\" id=\"contact-form\" class=\"btn btn-outline-ip1 ms-2 sign-in\" data-bs-toggle=\"modal\" data-bs-target=\"#contact-modal\">Contacts us<\/a><\/div><\/div><\/div>\n\n\n\n<div class=\"row g-0 justify-content-center mb-5 mt-5 p-1 mx-1 p-md-0 mx-md-0\">\n<div class=\"col-md-9 col-sm-12 text-left\">\n\n\n\n<h3 class=\"wp-block-heading\" id=\"h-vad-ar-ett-sms\">What is an SMS?<\/h3>\n\n\n\n<p>SMS is an acronym and stands for Short Message Service, and is a simple form of text messaging. Historically, SMS was developed as part of the GSM (Global System for Mobile Communications) standard in the 1980s. Originally, the idea was to send technical information and messages between mobile operators. However, the potential for allowing users to send short text messages to each other was soon realized, and it became a popular feature.<\/p>\n\n\n\n<p><br>Businesses began to realize the power of SMS relatively quickly after its introduction. SMS was originally developed as a technology for sending administrative and technical messages between mobile operators. But it wasn&#039;t long before businesses and users began to see the potential of using SMS for communication.<\/p>\n\n\n\n<p>During the 1990s, especially towards its end, companies began to experiment with using SMS for marketing and customer communication. This happened as mobile phones became more widely available and the use of SMS increased. Companies realized they could reach customers directly through their mobiles and send short, quick messages.<\/p>\n\n\n\n<p>SMS marketing became a popular strategy due to its speed, simplicity and the fact that many people carried their mobile phones with them everywhere. Since then, the use of SMS in a business context has continued to grow, and companies now use it for various purposes such as marketing, customer service and business communication.<\/p>\n\n\n\n<div class=\"wp-block-columns is-layout-flex wp-container-core-columns-is-layout-9d6595d7 wp-block-columns-is-layout-flex\">\n<div class=\"wp-block-column grey-box is-layout-flow wp-block-column-is-layout-flow\">\n<h4 class=\"wp-block-heading\" id=\"h-antal-tecken-ar-begransat\">Number of characters is limited<\/h4>\n\n\n\n<p><br>An SMS contains 160 characters, which is a very limited number of characters for communication. But in boundaries and limitations you also create opportunities to really highlight the most important and become clear. Take the challenge!<\/p>\n\n\n\n<p>There is also the option of writing more characters, up to 2,000 characters, but then your text is counted as about 10 SMS, even if the recipient gets the text merged into one continuous text.<\/p>\n<\/div>\n\n\n\n<div class=\"wp-block-column grey-box is-layout-flow wp-block-column-is-layout-flow\">\n<h4 class=\"wp-block-heading\" id=\"h-ren-text-utan-krusiduller\">Clean text without frills<\/h4>\n\n\n\n<p>SMS are basically pure text messages, this also means limitations in how the text can be formatted. Forget bold text, italics and different sizes.<\/p>\n\n\n\n<p>The limitation can be perceived as &quot;poor&quot;, but again, see it as a challenge to write the text so that it is really short, concise and to the point.<\/p>\n<\/div>\n<\/div>\n\n\n\n<div class=\"wp-block-columns is-layout-flex wp-container-core-columns-is-layout-9d6595d7 wp-block-columns-is-layout-flex\">\n<div class=\"wp-block-column grey-box is-layout-flow wp-block-column-is-layout-flow\">\n<h4 class=\"wp-block-heading\" id=\"h-webblankar-for-att-leda-vidare\">Web links to lead further<\/h4>\n\n\n\n<p>Although the text cannot be formatted, web links can be inserted into SMS.<\/p>\n\n\n\n<p>It is particularly useful for directing the recipient to a promotional page, a survey or perhaps an irresistible offer.<\/p>\n<\/div>\n\n\n\n<div class=\"wp-block-column grey-box is-layout-flow wp-block-column-is-layout-flow\">\n<h4 class=\"wp-block-heading\" id=\"h-avsandare-av-sms\">SMS Sender IDs<\/h4>\n\n\n\n<p>Normally, an SMS has either a mobile number or a name as the sender. When you use our service, you have the option to leave a mobile number and create a unique sender.<\/p>\n\n\n\n<p>You can play with 3 to 11 characters and you can use all letters from A to Z as well as all numbers 0 to 9.<\/p>\n<\/div>\n<\/div>\n\n\n\n<\/div>\n<\/div>\n\n\n\n<hr class=\"wp-block-separator has-alpha-channel-opacity\"\/>\n\n\n\n<div class=\"row g-0 justify-content-center mb-5 mt-5 p-1 mx-1 p-md-0 mx-md-0\">\n<div class=\"col-md-9 col-sm-12 text-left\">\n\n\n\n<h3 class=\"wp-block-heading\" id=\"h-tips-pa-innehall\">Tips on content<\/h3>\n\n\n\n<p><br>SMS can be used for most things in corporate communication, such as reminders, internal communication between colleagues, one-time passwords for web services or passer systems, and not least as marketing. Below you will find some concrete tips on the content of your SMS<\/p>\n\n\n\n<div class=\"wp-block-columns is-layout-flex wp-container-core-columns-is-layout-9d6595d7 wp-block-columns-is-layout-flex\">\n<div class=\"wp-block-column grey-box is-layout-flow wp-block-column-is-layout-flow\">\n<h4 class=\"wp-block-heading\" id=\"h-uppmarksamma-speciella-dagar\">Promote special days<\/h4>\n\n\n\n<p>Whoever knows the most wins. A worn expression, but when it comes to customers, the highest is relevant. Be sure to collect valuable information about your users and customers.<\/p>\n\n\n\n<p>You can use your insights about your customers and users to then send personalized messages that are both professional and effective. This may include celebrating a birthday, an anniversary or a special interest.<\/p>\n<\/div>\n\n\n\n<div class=\"wp-block-column grey-box is-layout-flow wp-block-column-is-layout-flow\">\n<h4 class=\"wp-block-heading\" id=\"h-relevanta-erbjudande-och-mojligheter\">Relevant offers and opportunities<\/h4>\n\n\n\n<p>The more you know about your users and customers, the easier it will be to adapt offers, information and other things to specific target groups or even people.<\/p>\n\n\n\n<p>This means that in a professional way you can give your users, for example, advance information or environmental monitoring that they can benefit from.<\/p>\n<\/div>\n<\/div>\n\n\n\n<div class=\"wp-block-columns is-layout-flex wp-container-core-columns-is-layout-9d6595d7 wp-block-columns-is-layout-flex\">\n<div class=\"wp-block-column grey-box is-layout-flow wp-block-column-is-layout-flow\">\n<h4 class=\"wp-block-heading\" id=\"h-bekraftelser-och-andringar\">Confirmations and changes<\/h4>\n\n\n\n<p><br>An SMS has an amazingly high observation rate, with 90 percent of SMS being read within 90 seconds. This makes the channel excellent for sending various forms of confirmations, changes or important messages.<\/p>\n\n\n\n<p>It can be about confirming a meeting time, announcing a changed meeting place or of course unique customer offers with a short time to act on.<\/p>\n<\/div>\n\n\n\n<div class=\"wp-block-column grey-box is-layout-flow wp-block-column-is-layout-flow\">\n<h4 class=\"wp-block-heading\" id=\"h-undersokningar\">Surveys<\/h4>\n\n\n\n<p>Surveys to get to know customers and users are perfect for SMS. Create short but to-the-point surveys on the web. Then use SMS to drive your users to answer 3-5 short questions.<\/p>\n\n\n\n<p>It gives you the opportunity to get to know your customers, develop your activities or your products and services in an effective way.<\/p>\n<\/div>\n<\/div>\n\n\n\n<\/div>\n<\/div>\n\n\n\n<div class=\"wp-block-buttons is-content-justification-center is-layout-flex wp-container-core-buttons-is-layout-16018d1d wp-block-buttons-is-layout-flex\">\n<div class=\"wp-block-button mx-5\"><a class=\"wp-block-button__link wp-element-button\" href=\"http:\/\/34.88.191.99\/sms-tjanst\/\">Read more about our SMS services<\/a><\/div>\n<\/div>","protected":false},"excerpt":{"rendered":"<p>Vad \u00e4r ett SMS? SMS \u00e4r ett akronym och st\u00e5r f\u00f6r Short Message Service, och \u00e4r en enkel form av textmeddelande. Historiskt sett utvecklade man SMS som en del av GSM (Global System for Mobile Communications)-standarden p\u00e5 1980-talet. Ursprungligen var tanken att skicka tekniska information och meddelanden mellan mobiloperat\u00f6rer. Men snart ins\u00e5g man potentialen f\u00f6r [&hellip;]<\/p>\n","protected":false},"author":1,"featured_media":0,"parent":348,"menu_order":0,"comment_status":"closed","ping_status":"closed","template":"","meta":{"footnotes":""},"categories":[19],"tags":[],"class_list":["post-894","page","type-page","status-publish","hentry","category-utbildning"],"_links":{"self":[{"href":"https:\/\/ip1sms.com\/en\/wp-json\/wp\/v2\/pages\/894","targetHints":{"allow":["GET"]}}],"collection":[{"href":"https:\/\/ip1sms.com\/en\/wp-json\/wp\/v2\/pages"}],"about":[{"href":"https:\/\/ip1sms.com\/en\/wp-json\/wp\/v2\/types\/page"}],"author":[{"embeddable":true,"href":"https:\/\/ip1sms.com\/en\/wp-json\/wp\/v2\/users\/1"}],"replies":[{"embeddable":true,"href":"https:\/\/ip1sms.com\/en\/wp-json\/wp\/v2\/comments?post=894"}],"version-history":[{"count":0,"href":"https:\/\/ip1sms.com\/en\/wp-json\/wp\/v2\/pages\/894\/revisions"}],"up":[{"embeddable":true,"href":"https:\/\/ip1sms.com\/en\/wp-json\/wp\/v2\/pages\/348"}],"wp:attachment":[{"href":"https:\/\/ip1sms.com\/en\/wp-json\/wp\/v2\/media?parent=894"}],"wp:term":[{"taxonomy":"category","embeddable":true,"href":"https:\/\/ip1sms.com\/en\/wp-json\/wp\/v2\/categories?post=894"},{"taxonomy":"post_tag","embeddable":true,"href":"https:\/\/ip1sms.com\/en\/wp-json\/wp\/v2\/tags?post=894"}],"curies":[{"name":"wp","href":"https:\/\/api.w.org\/{rel}","templated":true}]}}