{"id":892,"date":"2023-12-04T09:40:30","date_gmt":"2023-12-04T08:40:30","guid":{"rendered":"http:\/\/localhost\/wordpress\/?page_id=892"},"modified":"2025-10-10T14:03:39","modified_gmt":"2025-10-10T14:03:39","slug":"sms-marketing-rules","status":"publish","type":"page","link":"https:\/\/ip1sms.com\/en\/sms-marketing\/sms-marketing-rules\/","title":{"rendered":"Rules for SMS marketing"},"content":{"rendered":"<div class=\"wp-block-custom-ip1-service-page-header-block wp-block-group is-layout-constrained wp-block-group-is-layout-constrained\"><div class=\"wp-block-group__inner-container\"><div class=\"row g-0 justify-content-center align-items-center ip1-service-page-header gradient-box ripple\"><div class=\"col-md-9 col-sm-12\"><div class=\"wp-block-columns are-vertically-aligned-center is-layout-flex wp-container-core-columns-layout-1 wp-block-columns-is-layout-flex\"><div class=\"wp-block-column is-vertically-aligned-center is-layout-flow wp-block-column-is-layout-flow\" style=\"flex-basis:33.33%\"><img decoding=\"async\" src=\"https:\/\/ip1sweden.blob.core.windows.net\/blobip1websitef76b7023b5\/wp-content\/uploads\/2024\/03\/introducing-landing-pages-in-capacity-sms-low.svg\" alt=\"SMS services from iP.1\"\/><\/div><div class=\"wp-block-column is-vertically-aligned-center is-layout-flow wp-block-column-is-layout-flow\" style=\"flex-basis:66.66%\"><h1 class=\"wp-block-heading\">Laws and regulations for SMS marketing<\/h1><p class=\"paragraph1\"><\/p><p class=\"paragraph2\"><\/p><\/div><\/div><\/div><\/div><\/div><\/div>\n\n\n\n<div class=\"wp-block-custom-ip1-conversion-button-block row g-0 concave align-items-center text-center\"><div class=\"col\"><div class=\"link-button\"><a href=\"https:\/\/shop.ip1.net\/account\/new\" id=\"general-trial\" class=\"btn btn-ip1 get-started\" target=\"_blank\" rel=\"noopener\">Free trial account<\/a><a href=\"#\" id=\"contact-form\" class=\"btn btn-outline-ip1 ms-2 sign-in\" data-bs-toggle=\"modal\" data-bs-target=\"#contact-modal\">Contacts us<\/a><\/div><\/div><\/div>\n\n\n\n<div class=\"row g-0 justify-content-center mb-5 mt-5 p-1 mx-1 p-md-0 mx-md-0\">\n<div class=\"col-md-9 col-sm-12 text-left\">\n\n\n\n<h2 class=\"wp-block-heading\" id=\"h-marknadsfor-enligt-god-marknadsforingssed-med-sms\">Market according to good marketing practice with SMS<\/h2>\n\n\n\n<p><strong>Its hard to tell exactly which laws and regulation applies in each and every country,  always make sure to research and follow your counties specific guidelines for direct marketing via SMS. Below you can take part of SWEDMAS (Swedish Data &amp; Marketing Association) compilation of ethical rules regarding SMS marketing.<\/strong><\/p>\n\n\n\n<p>\"SWEDMA - Swedish Data &amp; Marketing Association - brings together both suppliers and buyers in the Swedish ecosystem for data-driven marketing. SWEDMA gathers the entire value chain and creates optimal conditions for working responsibly with data-driven marketing - and contributing to what a single company cannot achieve on its own.\"<\/p>\n\n\n\n<p>In SWEDMA's compilation of ethical rules there is a good foundation and guidelines for working responsibly with mobile marketing. Read Ethical rules for mobile marketing directly on the web.<\/p>\n\n\n\n<\/div>\n<\/div>\n\n\n\n<div class=\"row g-0 justify-content-center mb-5 mt-5 p-1 mx-1 p-md-0 mx-md-0\">\n<div class=\"col-md-9 col-sm-12 text-left\">\n\n\n\n<h3 class=\"wp-block-heading\" id=\"h-samtycke-och-mojlighet-till-avregistrering\">Consent and the option to Opt-out<\/h3>\n\n\n\n<p>Two important areas to learn more about are of course how customers give their consent to receive marketing via SMS and how a person can unsubscribe from SMS campaigns.<\/p>\n\n\n\n<h4 class=\"wp-block-heading\" id=\"h-vad-betyder-begreppet-soft-opt-in\">What does the term \"soft opt-in\" mean<\/h4>\n\n\n\n<p><strong>2.1.2 Soft opt-in<\/strong><\/p>\n\n\n\n<p>The main rule is that private individuals must consent in advance for marketing to take place on their mobile device (opt-in). So-called soft opt-in is an exception, which means that messages can be sent to private individuals without such consent if all of the following conditions are met:<\/p>\n\n\n\n<ol class=\"wp-block-list\">\n<li>The contact details have been collected in connection with the sale of a product or service from the sending company<\/li>\n\n\n\n<li>The recipient is a customer or has been a customer within the last 12 months.<\/li>\n\n\n\n<li>The recipient has been informed that the contact details can be used for mobile marketing and has been offered the opportunity to waive future contact.<\/li>\n\n\n\n<li>The marketing may only refer to own similar goods and services<\/li>\n<\/ol>\n\n\n\n<\/div>\n<\/div>","protected":false},"excerpt":{"rendered":"<p>Marknadsf\u00f6r enligt god marknadsf\u00f6ringssed med SMS SWEDMA \u00e4r en intresseorganisation som s\u00e4kerst\u00e4ller att datadriven marknadsf\u00f6ring sker p\u00e5 ett ansvarsfullt och respektfullt s\u00e4tt. Organisationen beskriver sin roll p\u00e5 sin webb enligt f\u00f6ljande: \u201dSWEDMA \u2013 Swedish Data &amp; Marketing Association \u2013 sammanf\u00f6r s\u00e5v\u00e4l leverant\u00f6rer som k\u00f6pare i det svenska ekosystemet f\u00f6r datadriven marknadsf\u00f6ring. SWEDMA samlar hela v\u00e4rdekedjan [&hellip;]<\/p>\n","protected":false},"author":1,"featured_media":0,"parent":348,"menu_order":0,"comment_status":"closed","ping_status":"closed","template":"","meta":{"footnotes":""},"categories":[19],"tags":[],"class_list":["post-892","page","type-page","status-publish","hentry","category-utbildning"],"_links":{"self":[{"href":"https:\/\/ip1sms.com\/en\/wp-json\/wp\/v2\/pages\/892","targetHints":{"allow":["GET"]}}],"collection":[{"href":"https:\/\/ip1sms.com\/en\/wp-json\/wp\/v2\/pages"}],"about":[{"href":"https:\/\/ip1sms.com\/en\/wp-json\/wp\/v2\/types\/page"}],"author":[{"embeddable":true,"href":"https:\/\/ip1sms.com\/en\/wp-json\/wp\/v2\/users\/1"}],"replies":[{"embeddable":true,"href":"https:\/\/ip1sms.com\/en\/wp-json\/wp\/v2\/comments?post=892"}],"version-history":[{"count":0,"href":"https:\/\/ip1sms.com\/en\/wp-json\/wp\/v2\/pages\/892\/revisions"}],"up":[{"embeddable":true,"href":"https:\/\/ip1sms.com\/en\/wp-json\/wp\/v2\/pages\/348"}],"wp:attachment":[{"href":"https:\/\/ip1sms.com\/en\/wp-json\/wp\/v2\/media?parent=892"}],"wp:term":[{"taxonomy":"category","embeddable":true,"href":"https:\/\/ip1sms.com\/en\/wp-json\/wp\/v2\/categories?post=892"},{"taxonomy":"post_tag","embeddable":true,"href":"https:\/\/ip1sms.com\/en\/wp-json\/wp\/v2\/tags?post=892"}],"curies":[{"name":"wp","href":"https:\/\/api.w.org\/{rel}","templated":true}]}}