{"id":884,"date":"2023-12-04T08:53:47","date_gmt":"2023-12-04T07:53:47","guid":{"rendered":"http:\/\/localhost\/wordpress\/?page_id=884"},"modified":"2025-12-10T14:20:23","modified_gmt":"2025-12-10T14:20:23","slug":"sms-from-outlook","status":"publish","type":"page","link":"https:\/\/ip1sms.com\/en\/sms-from-outlook\/","title":{"rendered":"SMS From Outlook"},"content":{"rendered":"<div class=\"wp-block-custom-ip1-service-page-header-block wp-block-group is-layout-constrained wp-block-group-is-layout-constrained\"><div class=\"wp-block-group__inner-container\"><div class=\"row g-0 justify-content-center align-items-center ip1-service-page-header gradient-box ripple\"><div class=\"col-md-9 col-sm-12\"><div class=\"wp-block-columns are-vertically-aligned-center is-layout-flex wp-container-core-columns-layout-1 wp-block-columns-is-layout-flex\"><div class=\"wp-block-column is-vertically-aligned-center is-layout-flow wp-block-column-is-layout-flow\" style=\"flex-basis:33.33%\"><img decoding=\"async\" src=\"https:\/\/ip1sweden.blob.core.windows.net\/blobip1websitef76b7023b5\/wp-content\/uploads\/2024\/03\/send-sms-from-outlook.svg\" alt=\"SMS services from iP.1\"\/><\/div><div class=\"wp-block-column is-vertically-aligned-center is-layout-flow wp-block-column-is-layout-flow\" style=\"flex-basis:66.66%\"><h1 class=\"wp-block-heading\">Send SMS from Outlook with e-SMS from iP.1<\/h1><p class=\"paragraph1\">Being able to send e-mail and SMS in the same program is an effective and simple way to communicate, not least for those of you who use Outlook daily!<\/p><p class=\"paragraph2\">e-SMS gives you the opportunity to send SMS from Outlook to, for example, send invitations, reminders, crisis communication or reach out with business-critical information quickly and easily!<\/p><\/div><\/div><\/div><\/div><\/div><\/div>\n\n\n\n<div class=\"wp-block-custom-ip1-conversion-button-block row g-0 concave align-items-center text-center\"><div class=\"col\"><div class=\"link-button\"><a href=\"\/en\/trial-account\/\" id=\"outlook-trial\" class=\"btn btn-ip1 get-started\">Free trial account<\/a><a href=\"#\" id=\"contact-form\" class=\"btn btn-outline-ip1 ms-2 sign-in\" data-bs-toggle=\"modal\" data-bs-target=\"#contact-modal\">Contacts us<\/a><\/div><\/div><\/div>\n\n\n\n<div class=\"row g-0 justify-content-center mb-5 mt-5 p-1 mx-1 p-md-0 mx-md-0\">\n<div class=\"col-md-9 col-sm-12 text-left\">\n\n\n\n<h2 class=\"wp-block-heading\" id=\"h-ett-nbsp-smart-nbsp-plugin-for-nbsp-smart-nbsp-sms-kommunikation\">A&nbsp;<em>smart<\/em>&nbsp;plugin for&nbsp;<em>smart<\/em>&nbsp;SMS Communication<\/h2>\n\n\n\n<p>Thanks to e-SMS, our smart plugin available for Microsoft Outlook 2019 and later, you can now easily connect our SMS service to your Outlook. You simply create an account with us here, download the plugin from our website and then just start texting!<\/p>\n\n\n\n<p>The advantage of e-SMS is that in your business in a company or organization you can quickly reach many people via SMS in a simple way.<\/p>\n\n\n\n<\/div>\n<\/div>\n\n\n\n<div class=\"row g-0 justify-content-center mb-5 mt-5 p-1 mx-1 p-md-0 mx-md-0\">\n<div class=\"col-md-9 col-sm-12 text-left\">\n\n\n\n<figure class=\"wp-block-pullquote\"><blockquote><p>\"My colleagues and I use the system daily to send out quick reminders and messages to our fitters, instead of sending out emails or text messages via mobile. It saves time at both ends and works very smoothly,\" says Katja Swenson who is the administrator at Bravida's Gothenburg office.\"<\/p><cite>Katja Swenson - Administrator, Bravida AB<\/cite><\/blockquote><\/figure>\n\n\n\n<\/div>\n<\/div>\n\n\n\n<div class=\"row g-0 justify-content-center mb-5 mt-5 p-1 mx-1 p-md-0 mx-md-0\">\n<div class=\"col-md-9 col-sm-12 text-left\">\n\n\n\n<div class=\"wp-block-columns is-layout-flex wp-container-core-columns-is-layout-9d6595d7 wp-block-columns-is-layout-flex\">\n<div class=\"wp-block-column is-layout-flow wp-block-column-is-layout-flow\">\n<h3 class=\"wp-block-heading\" id=\"h-skicka-sms-fran-outlook-till-dina-outlook-kontakter\">Send out SMS from Outlook to your Outlook contacts<\/h3>\n\n\n\n<p>With e-SMS in your Outlook, you can easily retrieve your Outlook contacts. This gives you the opportunity to send SMS directly to one or more mobile numbers. In addition, you can send to predetermined groups in your address book, which facilitates communication. When you want to spread an important message quickly to many people, e-SMS is the perfect tool for you! Your contacts will most likely receive the information faster in SMS format than via e-mail.<\/p>\n\n\n\n<p>With e-SMS you can also receive replies from your contacts. This is a valuable feature if, for example, you ask for a receipt on receipt. Enabling two-way communication creates greater opportunities to avoid misunderstandings between you and the recipient.<\/p>\n<\/div>\n\n\n\n<div class=\"wp-block-column is-layout-flow wp-block-column-is-layout-flow\">\n<h3 class=\"wp-block-heading\" id=\"h-mangder-av-smarta-funktioner\">Loads of smart features<\/h3>\n\n\n\n<p>e-SMS gives you the opportunity to create ready-made SMS texts that are inserted into your message in no time. Personalize your SMS by retrieving contact data such as first name or last name. You can also use the same account on multiple computers at the same time. If you want to use the power of SMS to the full, you also have access to our web applications and our SMS API.<\/p>\n\n\n\n<p>Send SMS to all your contacts, locally on your computer or from shared global address lists, e-SMS makes it easy to reach everyone! With a virtual number linked to your account, you can easily forward received SMS to your email inbox, but you can also use your virtual number as the sender.<\/p>\n<\/div>\n<\/div>\n\n\n\n<\/div>\n<\/div>\n\n\n\n<div class=\"row g-0 justify-content-center mb-5 mt-5 p-1 mx-1 p-md-0 mx-md-0\">\n<div class=\"col-md-9 col-sm-12 text-left\">\n\n\n\n<div class=\"wp-block-columns is-layout-flex wp-container-core-columns-is-layout-9d6595d7 wp-block-columns-is-layout-flex\">\n<div class=\"wp-block-column is-layout-flow wp-block-column-is-layout-flow\">\n<h3 class=\"wp-block-heading\" id=\"h-vill-du-ha-hjalp-att-komma-igang-med-sms-fran-outlook\">Do you want help getting started with SMS from Outlook?<\/h3>\n\n\n\n<p>Do you want help getting started with SMS from Outlook? No problem, our support team is just an email or phone call away. Get in touch and we'll guide you through our services!<\/p>\n<\/div>\n\n\n\n<div class=\"wp-block-column is-layout-flow wp-block-column-is-layout-flow\">\n<h4 class=\"wp-block-heading\" id=\"h-for-att-anvanda-e-sms-behover-du-installera-pluginet-i-din-outlook-klient-klicka-pa-knappen-nedan-for-att-ladda-ned-e-sms\"><strong>To use e-SMS, you need to install the plugin in your Outlook client. click the button below to download the e-SMS.<\/strong><\/h4>\n\n\n\n<div class=\"wp-block-buttons is-layout-flex wp-block-buttons-is-layout-flex\">\n<div class=\"wp-block-button secondary\"><a class=\"wp-block-button__link wp-element-button\" href=\"https:\/\/ip1sms.com\/en\/e-sms\/download\/\">Download e-SMS for Outlook<\/a><\/div>\n<\/div>\n<\/div>\n<\/div>\n\n\n\n<\/div>\n<\/div>\n\n\n\n<div class=\"row g-0 justify-content-center mb-5 mt-5 p-1 mx-1 p-md-0 mx-md-0\">\n<div class=\"col-md-9 col-sm-12 text-left\">\n\n\n\n<div class=\"wp-block-columns is-layout-flex wp-container-core-columns-is-layout-9d6595d7 wp-block-columns-is-layout-flex\">\n<div class=\"wp-block-column is-layout-flow wp-block-column-is-layout-flow\" style=\"flex-basis:33.33%\">\n<figure class=\"wp-block-video\"><video height=\"720\" style=\"aspect-ratio: 1280 \/ 720;\" width=\"1280\" controls src=\"\/wp-content\/uploads\/2024\/03\/ip1-e-sms-installation-guide.mp4\"><\/video><\/figure>\n<\/div>\n\n\n\n<div class=\"wp-block-column is-layout-flow wp-block-column-is-layout-flow\" style=\"flex-basis:66.66%\">\n<h3 class=\"wp-block-heading\" id=\"h-sa-enkelt-ar-det-att-skicka-sms-fran-outlook\">Its easy to send out SMS From Outlook!<\/h3>\n\n\n\n<p>Create a&nbsp;<a href=\"https:\/\/shop.ip1.net\/account\/new\" target=\"_blank\" rel=\"noopener\">Free trial account<\/a>, download e-SMS and install, compose your message and hit send!<\/p>\n\n\n\n<p>It's easy to send an SMS using text templates and your existing Outlook contacts. Watch the video next to it to see how you do it!<\/p>\n<\/div>\n<\/div>\n\n\n\n<\/div>\n<\/div>","protected":false},"excerpt":{"rendered":"<p>Ett&nbsp;smart&nbsp;plugin f\u00f6r&nbsp;smart&nbsp;SMS-kommunikation Tack vare e-SMS, v\u00e5r smarta plugin som finns tillg\u00e4nglig f\u00f6r Microsoft Outlook 2019 och fram\u00e5t kan du nu enkelt koppla v\u00e5r SMS-tj\u00e4nst till din Outlook. Du skapar helt enkelt ett konto hos oss h\u00e4r, laddar ner pluginet fr\u00e5n v\u00e5r hemsida och sedan \u00e4r det bara att b\u00f6rja SMS:a! F\u00f6rdelen med e-SMS \u00e4r att [&hellip;]<\/p>\n","protected":false},"author":1,"featured_media":0,"parent":0,"menu_order":0,"comment_status":"closed","ping_status":"closed","template":"","meta":{"footnotes":""},"categories":[17],"tags":[],"class_list":["post-884","page","type-page","status-publish","hentry","category-tjanster"],"_links":{"self":[{"href":"https:\/\/ip1sms.com\/en\/wp-json\/wp\/v2\/pages\/884","targetHints":{"allow":["GET"]}}],"collection":[{"href":"https:\/\/ip1sms.com\/en\/wp-json\/wp\/v2\/pages"}],"about":[{"href":"https:\/\/ip1sms.com\/en\/wp-json\/wp\/v2\/types\/page"}],"author":[{"embeddable":true,"href":"https:\/\/ip1sms.com\/en\/wp-json\/wp\/v2\/users\/1"}],"replies":[{"embeddable":true,"href":"https:\/\/ip1sms.com\/en\/wp-json\/wp\/v2\/comments?post=884"}],"version-history":[{"count":0,"href":"https:\/\/ip1sms.com\/en\/wp-json\/wp\/v2\/pages\/884\/revisions"}],"wp:attachment":[{"href":"https:\/\/ip1sms.com\/en\/wp-json\/wp\/v2\/media?parent=884"}],"wp:term":[{"taxonomy":"category","embeddable":true,"href":"https:\/\/ip1sms.com\/en\/wp-json\/wp\/v2\/categories?post=884"},{"taxonomy":"post_tag","embeddable":true,"href":"https:\/\/ip1sms.com\/en\/wp-json\/wp\/v2\/tags?post=884"}],"curies":[{"name":"wp","href":"https:\/\/api.w.org\/{rel}","templated":true}]}}