{"id":734,"date":"2023-11-29T14:59:24","date_gmt":"2023-11-29T13:59:24","guid":{"rendered":"http:\/\/localhost\/wordpress\/?page_id=734"},"modified":"2025-12-10T14:27:43","modified_gmt":"2025-12-10T14:27:43","slug":"gdpr","status":"publish","type":"page","link":"https:\/\/ip1sms.com\/en\/gdpr\/","title":{"rendered":"GDPR"},"content":{"rendered":"<div class=\"wp-block-group\"><div class=\"wp-block-group__inner-container is-layout-constrained wp-block-group-is-layout-constrained\">\n<div class=\"wp-block-custom-ip1-service-page-header-block wp-block-group is-layout-constrained wp-block-group-is-layout-constrained\"><div class=\"wp-block-group__inner-container\"><div class=\"row g-0 justify-content-center align-items-center ip1-service-page-header gradient-box ripple\"><div class=\"col-md-9 col-sm-12\"><div class=\"wp-block-columns are-vertically-aligned-center is-layout-flex wp-container-core-columns-layout-1 wp-block-columns-is-layout-flex\"><div class=\"wp-block-column is-vertically-aligned-center is-layout-flow wp-block-column-is-layout-flow\" style=\"flex-basis:33.33%\"><img decoding=\"async\" src=\"https:\/\/ip1sweden.blob.core.windows.net\/blobip1websitef76b7023b5\/wp-content\/uploads\/2024\/03\/sms-services-for-all-1.svg\" alt=\"SMS service for companies from iP,1\"\/><\/div><div class=\"wp-block-column is-vertically-aligned-center is-layout-flow wp-block-column-is-layout-flow\" style=\"flex-basis:66.66%\"><h1 class=\"wp-block-heading\">Information regarding iP.1 Services and GDPR<\/h1><p class=\"paragraph1\">The new\u00a0<strong>Data Protection Act<\/strong>The new Data Protection Regulation, GDPR was enforced on the 25th of May 2018, In order to meet this regulation, we have made a some changes to our terms of service in order for you as a customer to feel secure while using our services. All agreements and documents can be found under the heading. \"Agreements and Documents\".<\/p><p class=\"paragraph2\"> All agreements and documents can be found under the heading\u00a0<strong>&quot;Agreements and documents&quot;<\/strong>.<\/p><\/div><\/div><\/div><\/div><\/div><\/div>\n\n\n\n<div class=\"wp-block-custom-ip1-conversion-button-block row g-0 concave align-items-center text-center\"><div class=\"col\"><div class=\"link-button\"><a href=\"\/en\/trial-account\/\" id=\"general-trial\" class=\"btn btn-ip1 get-started\">Free trial account<\/a><a href=\"#\" id=\"contact-form\" class=\"btn btn-outline-ip1 ms-2 sign-in\" data-bs-toggle=\"modal\" data-bs-target=\"#contact-modal\">Contacts us<\/a><\/div><\/div><\/div>\n\n\n\n<div class=\"row g-0 justify-content-center mb-5\">\n<div class=\"col-md-9 col-sm-12\">\n\n\n\n<h3 class=\"wp-block-heading\" id=\"h-hur-hanterar-ip-1-dina-personuppgifter\">How does iP.1 handle your personal data?<\/h3>\n\n\n\n<p>iP.1 is responsible for the personal information we store about you in your user account. Your personal information are available for you to see and manage in our new user portal. The personal data you store in our applications, such as contacts, incoming\/ outgoing SMS, survey results etc. are your responsibility, which means that you have to make sure that you are following the new regulations.<\/p>\n\n\n\n<h3 class=\"wp-block-heading\" id=\"h-hur-sakerstaller-ip-1-att-din-data-ar-saker\">How does iP.1 ensure that your data is secure?<\/h3>\n\n\n\n<p>iP.1 uses Microsoft Azure, one of the leading cloud service providers, along with the latest security technology available regarding data storage. This, along with routine security checks, ensures that you can feel safe when it comes to storing data such as your customer\/member's contact information, or other sensitive information in iP.1\u00b4s system.<\/p>\n\n\n\n<h3 class=\"wp-block-heading\" id=\"h-kan-ip-1-skriva-pa-ett-personuppgiftsbitradesavtal\">Can iP.1 sign a Personal Data Assistant-agreement?<\/h3>\n\n\n\n<p>We do not have the opportunity to view and sign different Personal Data Assistant-agreements for every one of our thousands of customers, therefore, we have created a standard agreement that follows the regulations of GDPR.<\/p>\n\n\n\n<h3 class=\"wp-block-heading\" id=\"h-avtal-amp-dokument\">Agreements &amp; Documents<\/h3>\n\n\n\n<div class=\"list-group\">\n<a href=\"\/files\/iP1-privacy-policy.pdf\" class=\"list-group-item list-group-item-action\">Privacy Policy<\/a>\n<a href=\"\/files\/iP1-service-agreement.pdf\" class=\"list-group-item list-group-item-action\">Service Agreement<\/a>\n<div class=\"alert alert-info mb-0\" role=\"alert\">\n  <p>Update Service Agreement - 2025-02-03<\/p>\n  <ul>\n    <li>Updated payment terms<\/li>\n    <li>Updated link references<\/li>\n    <li>Updated service descriptions<\/li>\n  <\/ul>\n<\/div>\n<a href=\"\/files\/iP1-data-processor-agreement.pdf\" class=\"list-group-item list-group-item-action\">Data Process Agreement<\/a>\n<a href=\"\/files\/iP1-return-policy.pdf\" class=\"list-group-item list-group-item-action\">Return Policy<\/a>\n<\/div>\n\n\n\n<\/div>\n<\/div>\n<\/div><\/div>","protected":false},"excerpt":{"rendered":"<p>Hur hanterar iP.1 dina personuppgifter? iP.1 \u00e4r Personuppgiftsansvariga f\u00f6r de personuppgifter vi samlar in om er som kund\/anv\u00e4ndare. Dessa uppgifter kommer du att kunna se och hantera i v\u00e5r nya anv\u00e4ndarportal. De personuppgifter som ni lagrar i v\u00e5ra applikationer, s\u00e5 som i kontakter, inkommande\/utg\u00e5ende SMS, enk\u00e4tresultat och liknande, \u00e4r ni personuppgiftsansvariga och d\u00e4r beh\u00f6ver ni [&hellip;]<\/p>\n","protected":false},"author":1,"featured_media":0,"parent":0,"menu_order":0,"comment_status":"closed","ping_status":"closed","template":"","meta":{"footnotes":""},"categories":[6],"tags":[],"class_list":["post-734","page","type-page","status-publish","hentry","category-information"],"_links":{"self":[{"href":"https:\/\/ip1sms.com\/en\/wp-json\/wp\/v2\/pages\/734","targetHints":{"allow":["GET"]}}],"collection":[{"href":"https:\/\/ip1sms.com\/en\/wp-json\/wp\/v2\/pages"}],"about":[{"href":"https:\/\/ip1sms.com\/en\/wp-json\/wp\/v2\/types\/page"}],"author":[{"embeddable":true,"href":"https:\/\/ip1sms.com\/en\/wp-json\/wp\/v2\/users\/1"}],"replies":[{"embeddable":true,"href":"https:\/\/ip1sms.com\/en\/wp-json\/wp\/v2\/comments?post=734"}],"version-history":[{"count":0,"href":"https:\/\/ip1sms.com\/en\/wp-json\/wp\/v2\/pages\/734\/revisions"}],"wp:attachment":[{"href":"https:\/\/ip1sms.com\/en\/wp-json\/wp\/v2\/media?parent=734"}],"wp:term":[{"taxonomy":"category","embeddable":true,"href":"https:\/\/ip1sms.com\/en\/wp-json\/wp\/v2\/categories?post=734"},{"taxonomy":"post_tag","embeddable":true,"href":"https:\/\/ip1sms.com\/en\/wp-json\/wp\/v2\/tags?post=734"}],"curies":[{"name":"wp","href":"https:\/\/api.w.org\/{rel}","templated":true}]}}