{"id":715,"date":"2023-11-29T10:26:55","date_gmt":"2023-11-29T09:26:55","guid":{"rendered":"http:\/\/localhost\/wordpress\/?page_id=715"},"modified":"2026-01-27T12:13:38","modified_gmt":"2026-01-27T12:13:38","slug":"uptime","status":"publish","type":"page","link":"https:\/\/ip1sms.com\/en\/uptime\/","title":{"rendered":"Operating status"},"content":{"rendered":"<h1 class=\"wp-block-heading\" id=\"h-driftinformation\">Operating Status<\/h1>\n\n\n\n<p>iP.1 aims to have an availability of 99.95% or higher.<\/p>\n\n\n\n<p>We have operation monitoring 24 hours 365 days a year (24\/7) on all servers and redundancy as well as automatic alarms. This guarantees an extremely high delivery reliability for both SMS and survey mailings.<\/p>\n\n\n\n<div class=\"row mt-5 mb-5\">\n      <div class=\"col\">\n        <table class=\"table table-hover table-striped\">\n          <thead>\n            <tr>\n              <th>\n                <h5 style=\"color: #000;\">Service<\/h5>\n              <\/th>\n              <th>\n                <h5 style=\"color: #000;\">Status<\/h5>\n              <\/th>\n              <th>\n                <h5 style=\"color: #000;\">Uptime (Last 7 days)<\/h5>\n              <\/th>\n              <th>\n                <h5 style=\"color: #000;\">Uptime (Last 30 days)<\/h5>\n              <\/th>\n              <th>\n                <h5 style=\"color: #000;\">Uptime (Last 365 days)<\/h5>\n              <\/th>\n            <\/tr>\n          <\/thead>\n          <tbody id=\"status-body\">\n\n          <\/tbody>\n        <\/table>\n      <\/div>\n    <\/div>\n<div class=\"row mb-5\">\n<div class=\"col\">\n<h3>Operational alerts<\/h3>\n <div class=\"alert alert-success\" role=\"alert\">\n  <small>2026-01-27 - Updated 13:12<\/small>\n  <p>The service platform is now fully restored. We apologize for any inconvenience caused by the disruption.<\/p>\n<small>\n<h5>Services that are restored:<\/h5>\n<ul>\n<li>New Web SMS<\/li>\n<li>One Channel<\/li>\n<li>REST SMS API v2<\/li>\n<li>REST Email API<\/li>\n<\/ul>\n<\/div>\n<\/div>\n<\/div>","protected":false},"excerpt":{"rendered":"<p>Driftinformation iP.1 har som m\u00e5ls\u00e4ttning att ha en tillg\u00e4nglighet p\u00e5 99,95% eller h\u00f6gre. Vi har drift\u00f6vervakning 24 h 365 dagar om \u00e5ret (24\/7) p\u00e5 alla servrar och redundans samt automatiska larm. Detta garanterar en extremt h\u00f6g leveranss\u00e4kerhet p\u00e5 b\u00e5de SMS och enk\u00e4tutskick. Tj\u00e4nst Status Upptid (Senaste 7 dagarna) Upptid (Senaste 30 dagarna) Upptid (Senaste 365 [&hellip;]<\/p>\n","protected":false},"author":1,"featured_media":0,"parent":0,"menu_order":0,"comment_status":"closed","ping_status":"closed","template":"page-status.php","meta":{"footnotes":""},"categories":[16],"tags":[],"class_list":["post-715","page","type-page","status-publish","hentry","category-support"],"_links":{"self":[{"href":"https:\/\/ip1sms.com\/en\/wp-json\/wp\/v2\/pages\/715","targetHints":{"allow":["GET"]}}],"collection":[{"href":"https:\/\/ip1sms.com\/en\/wp-json\/wp\/v2\/pages"}],"about":[{"href":"https:\/\/ip1sms.com\/en\/wp-json\/wp\/v2\/types\/page"}],"author":[{"embeddable":true,"href":"https:\/\/ip1sms.com\/en\/wp-json\/wp\/v2\/users\/1"}],"replies":[{"embeddable":true,"href":"https:\/\/ip1sms.com\/en\/wp-json\/wp\/v2\/comments?post=715"}],"version-history":[{"count":5,"href":"https:\/\/ip1sms.com\/en\/wp-json\/wp\/v2\/pages\/715\/revisions"}],"predecessor-version":[{"id":5672,"href":"https:\/\/ip1sms.com\/en\/wp-json\/wp\/v2\/pages\/715\/revisions\/5672"}],"wp:attachment":[{"href":"https:\/\/ip1sms.com\/en\/wp-json\/wp\/v2\/media?parent=715"}],"wp:term":[{"taxonomy":"category","embeddable":true,"href":"https:\/\/ip1sms.com\/en\/wp-json\/wp\/v2\/categories?post=715"},{"taxonomy":"post_tag","embeddable":true,"href":"https:\/\/ip1sms.com\/en\/wp-json\/wp\/v2\/tags?post=715"}],"curies":[{"name":"wp","href":"https:\/\/api.w.org\/{rel}","templated":true}]}}