{"id":568,"date":"2023-11-27T13:17:58","date_gmt":"2023-11-27T12:17:58","guid":{"rendered":"http:\/\/localhost\/wordpress\/?page_id=568"},"modified":"2025-06-24T09:03:01","modified_gmt":"2025-06-24T09:03:01","slug":"ip1sms-com","status":"publish","type":"page","link":"https:\/\/ip1sms.com\/en\/","title":{"rendered":"Smart Business Messaging from iP.1!"},"content":{"rendered":"\n<div class=\"row g-0 justify-content-start align-items-center ip1-service-page-header pt-3 concave-image\">\n<div class=\"col-md-5 col-sm-12 header-col\">\n<div class=\"message-bubbles ms-md-5\">\n<h1 class=\"wp-block-heading mb-3 onload\">SMS-tj\u00e4nst f\u00f6r f\u00f6retag<\/h1>\n<p class=\"onload\">SMS n\u00e5r fram p\u00e5 riktigt! Med SMS-tj\u00e4nster fr\u00e5n iP.1 vet du att n\u00e5r igenom bruset.<\/p>\n<p class=\"onload\">Vi erbjuder SMS-tj\u00e4nster f\u00f6r b\u00e5de sm\u00e5 och stora f\u00f6retag, oavsett anv\u00e4ndningsomr\u00e5de!<\/p>\n<\/div>\n<div class=\"link-button\">\n<a href=\"https:\/\/shop.ip1.net\/account\/new\" target=\"_blank\" id=\"general-trial\" class=\"btn btn-ip1 get-started\" rel=\"noreferrer noopener\">Testa kostnadsfritt<\/a><a class=\"btn btn-outline-ip1 ms-2 sign-in\" href=\"#\" data-bs-toggle=\"modal\" data-bs-target=\"#contact-modal\">Kontakta oss<\/a>\n<\/div>\n<\/div>\n<\/div>\n\n\n\n<h2 class=\"wp-block-heading has-text-align-center\" id=\"h-en-sms-tjanst-for-nbsp-alla\"><strong>En SMS-tj\u00e4nst f\u00f6r&nbsp;<em>Alla<\/em><\/strong><\/h2>\n\n\n\n<p class=\"has-text-align-center\">SMS n\u00e5r fram p\u00e5 riktigt! Med 20 \u00e5rs erfarenhet i branschen kan du lita p\u00e5 att v\u00e5r SMS-tj\u00e4nst sl\u00e5r igenom bruset!<\/p>\n\n\n\n<div class=\"wp-block-custom-block-service-feature-list row justify-content-center g-0 mt-5 mb-5 text-center\"><div class=\"col-md-9 col-sm-12\"><ul class=\"sms-usage justify-content-center\"><li>Information via SMS<\/li><li>SMS-p\u00e5minnelser<\/li><li>Rabattkoder via SMS<\/li><li>Vakans-f\u00f6rmedling via SMS<\/li><li>SMS-notifieringar<\/li><li>Order-bekr\u00e4ftelser via SMS<\/li><li>SMS-larm<\/li><li>SMS-inbjudningar<\/li><li>TIdsbokning via SMS<\/li><li>Incheckning via SMS<\/li><\/ul><\/div><\/div>\n\n\n\n<div class=\"wp-block-columns bg-light  p-md-5 p-2 m-md-5 m-2 is-layout-flex wp-container-core-columns-is-layout-9d6595d7 wp-block-columns-is-layout-flex\">\n<div class=\"wp-block-column is-layout-flow wp-block-column-is-layout-flow\" style=\"flex-basis:50%\">\n<div class=\"wp-block-group d-flex align-items-center justify-content-start is-content-justification-left is-nowrap is-layout-flex wp-container-core-group-is-layout-f56a869c wp-block-group-is-layout-flex\">\n<figure class=\"wp-block-image size-full\"><img decoding=\"async\" src=\"https:\/\/ip1sweden.blob.core.windows.net\/blobip1websitef76b7023b5\/wp-content\/uploads\/2024\/03\/product-capacity-sms.svg\" alt=\"Capacity SMS produkt-ikon\" class=\"wp-image-2444\"\/><\/figure>\n\n\n\n<h3 class=\"wp-block-heading has-text-align-center\" id=\"h-sms-marknadsforing\">SMS Marknadsf\u00f6ring<\/h3>\n<\/div>\n\n\n\n<p class=\"has-text-align-left mt-4\"><strong>Skicka ett SMS till <em>superm\u00e5nga <\/em>med hj\u00e4lp av One Channel.<\/strong><\/p>\n\n\n\n<p>SMS marknadsf\u00f6ring \u00e4r b\u00e5de enkelt och kostnadseffektivt, s\u00e4rskillt med ett verktyg som One Channel. Med n\u00e5gra knapptryck har du skapat en personlig SMS kampanj tack vare smarta kopplingar till kontaktappen.<\/p>\n\n\n\n<div class=\"wp-block-buttons is-content-justification-left is-layout-flex wp-container-core-buttons-is-layout-fdcfc74e wp-block-buttons-is-layout-flex\">\n<div class=\"wp-block-button\"><a class=\"wp-block-button__link has-text-align-center wp-element-button\" href=\"https:\/\/ip1sms.com\/sms-marknadsforing\/\">L\u00e4s mer om SMS-marknadsf\u00f6ring<\/a><\/div>\n<\/div>\n<\/div>\n\n\n\n<div class=\"wp-block-column text-center is-layout-flow wp-block-column-is-layout-flow\" style=\"flex-basis:50%\">\n<figure class=\"wp-block-video aligncenter\"><video height=\"720\" style=\"aspect-ratio: 1280 \/ 720;\" width=\"1280\" controls poster=\"https:\/\/ip1sweden.blob.core.windows.net\/blobip1websitef76b7023b5\/wp-content\/uploads\/2024\/08\/one-channel-thumb.png\" src=\"\/wp-content\/uploads\/2024\/08\/iP1-introducerar-One-Channel.mp4\"><\/video><\/figure>\n<\/div>\n<\/div>\n\n\n\n<div class=\"wp-block-columns p-md-5 p-2 m-md-5 m-2 is-layout-flex wp-container-core-columns-is-layout-9d6595d7 wp-block-columns-is-layout-flex\">\n<div class=\"wp-block-column is-vertically-aligned-center text-center is-layout-flow wp-block-column-is-layout-flow\" style=\"flex-basis:50%\">\n<figure class=\"wp-block-image size-full is-resized\"><img decoding=\"async\" src=\"\/wp-content\/uploads\/2024\/03\/web-sms-application.svg\" alt=\"\" class=\"wp-image-2373\" style=\"width:400px\"\/><\/figure>\n<\/div>\n\n\n\n<div class=\"wp-block-column is-layout-flow wp-block-column-is-layout-flow\" style=\"flex-basis:50%\">\n<div class=\"wp-block-group is-horizontal is-content-justification-left is-layout-flex wp-container-core-group-is-layout-92fc3979 wp-block-group-is-layout-flex\">\n<figure class=\"wp-block-image size-full\"><img decoding=\"async\" src=\"https:\/\/ip1sweden.blob.core.windows.net\/blobip1websitef76b7023b5\/wp-content\/uploads\/2024\/03\/product-web-sms.svg\" alt=\"produkt ikon f\u00f6r Web SMS, SMS-tj\u00e4nster f\u00f6r f\u00f6retag\" class=\"wp-image-2458\"\/><\/figure>\n\n\n\n<h3 class=\"wp-block-heading ms-2 mt-0\" id=\"h-sms-fran-datorn\">SMS fr\u00e5n datorn<\/h3>\n<\/div>\n\n\n\n<p class=\"has-text-align-left mt-4\"><strong>Med Web SMS skickar du <em>enkelt<\/em> SMS fr\u00e5n datorn i din webbl\u00e4sare.<\/strong><\/p>\n\n\n\n<p class=\"has-text-align-left\">Web SMS I kombination med n\u00e5gon av v\u00e5ra andra webbtj\u00e4nster ger dig m\u00f6jligheten att t\u00e4cka alla dina kommunikationsbehov, oavsett om du beh\u00f6ver skicka SMS med information till en enskild mottagare eller om du vill skicka ut en SMS-kampanj till 100 000-tals mobilnummer samtidigt.<\/p>\n\n\n\n<div class=\"wp-block-buttons is-content-justification-left is-layout-flex wp-container-core-buttons-is-layout-fdcfc74e wp-block-buttons-is-layout-flex\">\n<div class=\"wp-block-button\"><a class=\"wp-block-button__link wp-element-button\" href=\"https:\/\/ip1sms.com\/sms-fran-datorn\/\">L\u00e4s mer om SMS fr\u00e5n datorn<\/a><\/div>\n<\/div>\n<\/div>\n<\/div>\n\n\n\n<div class=\"wp-block-columns bg-light p-md-5 p-2 m-md-5 m-2 is-layout-flex wp-container-core-columns-is-layout-9d6595d7 wp-block-columns-is-layout-flex\">\n<div class=\"wp-block-column is-layout-flow wp-block-column-is-layout-flow\" style=\"flex-basis:50%\">\n<div class=\"wp-block-group is-horizontal is-content-justification-left is-layout-flex wp-container-core-group-is-layout-d6c063d9 wp-block-group-is-layout-flex\">\n<figure class=\"wp-block-image size-full\"><img decoding=\"async\" src=\"https:\/\/ip1sweden.blob.core.windows.net\/blobip1websitef76b7023b5\/wp-content\/uploads\/2024\/03\/product-integrate-sms-v-two.svg\" alt=\"Produktikon SMS-gateway\" class=\"wp-image-2451\"\/><\/figure>\n\n\n\n<h3 class=\"wp-block-heading ms-2 mt-0\" id=\"h-sms-gateway\">SMS Gateway<\/h3>\n<\/div>\n\n\n\n<p class=\"has-text-align-left mt-4\"><strong>Integrera SMS <em>blixtsnabbt <\/em>i din egen mjukvara med v\u00e5rt SMS API.<\/strong><\/p>\n\n\n\n<p class=\"has-text-align-left\">Med hj\u00e4lp av v\u00e5r SMS Gateway kan du implementera SMS-funktionalitet, oavsett anv\u00e4ndningsomr\u00e5de, i dina befintliga system\/applikationer.<\/p>\n\n\n\n<div class=\"wp-block-buttons is-content-justification-left is-layout-flex wp-container-core-buttons-is-layout-fdcfc74e wp-block-buttons-is-layout-flex\">\n<div class=\"wp-block-button\"><a class=\"wp-block-button__link has-text-align-center wp-element-button\" href=\"https:\/\/ip1sms.com\/sms-gateway\/\">L\u00e4s mer om v\u00e5r SMS Gateway<\/a><\/div>\n<\/div>\n<\/div>\n\n\n\n<div class=\"wp-block-column is-layout-flow wp-block-column-is-layout-flow\" style=\"flex-basis:50%\">\n<div class=\"d-flex code-button-container\">\n                                    <button class=\"csharp-button active\" id=\"cSharpExample\">C#<\/button>\n                                    <button class=\"php-button\" id=\"phpExample\">PHP<\/button>\n                                    <div class=\"ms-auto\">\n                                        <a class=\"btn btn-info\" href=\"\/utvecklare\/introduktion\/\" style=\"color: #fff!important\">G\u00e5 till dokumentation<\/a>\n                                    <\/div>\n                                <\/div>\n                                <div class=\"csharp\" style=\"white-space: pre; background-color: rgb(40, 42, 54); color: #fff; padding: 10px; border-radius: 8px; font-family: Regular,Menlo,Monaco,Consolas,Liberation Mono,Courier New,monospace; overflow-x: auto;\"><span style=\"color: #8be9fd\">using<\/span> (<span style=\"color: #8be9fd\">var<\/span> client = new HttpClient())\n{\n    client.BaseAddress = new Uri(&#8221;https:\/\/api.ip1sms.com\/v2\/&#8221;);\n    client.DefaultRequestHeaders.Accept.Clear();\n    client.DefaultRequestHeaders.Accept.Add(new MediaTypeWithQualityHeaderValue(&#8221;application\/json&#8221;));\n    client.DefaultRequestHeaders.Authorization = new AuthenticationHeaderValue(&#8221;Bearer&#8221;, &#8221;API Key&#8221;);\n\n    <span style=\"color: #8be9fd\">var<\/span> sms = <span style=\"color: #8be9fd\">new<\/span> {\n        Sender = <span style=\"color:#f1fa8c\">&#8221;iP1&#8221;<\/span>,\n        Recipients = <span style=\"color: #8be9fd\">new<\/span> List() { <span style=\"color:#f1fa8c\">&#8221;46712345678&#8221;<\/span> },\n        Body = <span style=\"color:#f1fa8c\">&#8221;Test message rest v2&#8221;<\/span>\n    };\n\n    HttpResponseMessage response = <span style=\"color: #8be9fd\">await<\/span> client.PostAsJsonAsync(<span style=\"color:#f1fa8c\">&#8221;batches&#8221;<\/span>, sms);\n}\n                                <\/div>\n                                <div class=\"php\" style=\"white-space: pre; background-color: rgb(40, 42, 54); color: #fff; padding: 10px; border-radius: 8px; font-family: Regular,Menlo,Monaco,Consolas,Liberation Mono,Courier New,monospace;\">$message = <span style=\"color: #8be9fd\">array<\/span>(\n                                    <span style=\"color:#f1fa8c\">&#8217;sender&#8217;<\/span> => <span style=\"color:#f1fa8c\">&#8217;iP1&#8217;<\/span>,\n    <span style=\"color:#f1fa8c\">&#8217;recipients&#8217;<\/span> => [<span style=\"color:#f1fa8c\">&#8217;46712345678&#8217;<\/span>],\n    <span style=\"color:#f1fa8c\">&#8217;body&#8217;<\/span> => <span style=\"color:#f1fa8c\">&#8217;Test message rest v2&#8217;<\/span>,\n);\n\n$jsonEncodedMessage = json_encode($message);\n$options = array(\n    <span style=\"color:#f1fa8c\">&#8217;http&#8217;<\/span> => <span style=\"color: #8be9fd\">array<\/span>(\n        <span style=\"color:#f1fa8c\">&#8217;header&#8217;<\/span>  => <span style=\"color: #8be9fd\">array<\/span>(\n            <span style=\"color:#f1fa8c\">&#8217;Content-Type: application\/json&#8217;<\/span>,\n            <span style=\"color:#f1fa8c\">&#8217;Authorization: Bearer &#8217;<\/span> . <span style=\"color:#f1fa8c\">&#8217;API key&#8217;<\/span>,\n            <span style=\"color:#f1fa8c\">&#8217;Content-Length: &#8217;<\/span> . strlen($jsonEncodedMessage)\n        ),\n        <span style=\"color:#f1fa8c\">&#8217;method&#8217;<\/span>  => <span style=\"color:#f1fa8c\">&#8217;POST&#8217;<\/span>,\n        <span style=\"color:#f1fa8c\">&#8217;content&#8217;<\/span> => $jsonEncodedMessage,\n    )\n);\n\n$context  = stream_context_create($options);\n$response = file_get_contents(<span style=\"color:#f1fa8c\">&#8217;https:\/\/api.ip1sms.com\/v2\/batches&#8217;<\/span>, <span style=\"color: #8be9fd\">false<\/span>, $context);\n                                <\/div>\n<\/div>\n<\/div>\n\n\n\n<div class=\"wp-block-columns p-md-5 p-2 m-md-5 m-2 is-layout-flex wp-container-core-columns-is-layout-9d6595d7 wp-block-columns-is-layout-flex\">\n<div class=\"wp-block-column is-layout-flow wp-block-column-is-layout-flow\">\n<figure class=\"wp-block-video\"><video controls src=\"https:\/\/ip1sweden.blob.core.windows.net\/blobip1websitef76b7023b5\/wp-content\/uploads\/2024\/03\/ip1-e-sms-installation-guide.mp4\"><\/video><\/figure>\n<\/div>\n\n\n\n<div class=\"wp-block-column is-layout-flow wp-block-column-is-layout-flow\">\n<div class=\"wp-block-group is-nowrap is-layout-flex wp-container-core-group-is-layout-ad2f72ca wp-block-group-is-layout-flex\">\n<figure class=\"wp-block-image size-full\"><img decoding=\"async\" src=\"https:\/\/ip1sweden.blob.core.windows.net\/blobip1websitef76b7023b5\/wp-content\/uploads\/2024\/03\/product-e-sms-v-two.svg\" alt=\"Produktikon e-SMS\" class=\"wp-image-2448\"\/><\/figure>\n\n\n\n<h3 class=\"wp-block-heading\" id=\"h-sms-fran-outlook\">SMS Fr\u00e5n Outlook<\/h3>\n<\/div>\n\n\n\n<p class=\"mt-4\"><strong>Med e-SMS har du m\u00f6jligheten att skicka SMS <em>direkt <\/em>fr\u00e5n Outlook<\/strong><\/p>\n\n\n\n<p>e-SMS ger dig m\u00f6jligheten att kommunicera direkt med dina Outlook-kontakter f\u00f6r att exempelvis skicka inbjudningar, p\u00e5minnelser, kriskommunikation eller n\u00e5 ut med aff\u00e4rskritisk information snabbt och enkelt!<\/p>\n\n\n\n<div class=\"wp-block-buttons is-content-justification-left is-layout-flex wp-container-core-buttons-is-layout-fdcfc74e wp-block-buttons-is-layout-flex\">\n<div class=\"wp-block-button\"><a class=\"wp-block-button__link has-text-align-center wp-element-button\" href=\"https:\/\/ip1sms.com\/sms-fran-outlook\/\">L\u00e4s mer om SMS Fr\u00e5n Outlook<\/a><\/div>\n<\/div>\n<\/div>\n<\/div>\n","protected":false},"excerpt":{"rendered":"<p>SMS-tj\u00e4nst f\u00f6r f\u00f6retag SMS n\u00e5r fram p\u00e5 riktigt! Med SMS-tj\u00e4nster fr\u00e5n iP.1 vet du att n\u00e5r igenom bruset. Vi erbjuder SMS-tj\u00e4nster f\u00f6r b\u00e5de sm\u00e5 och stora f\u00f6retag, oavsett anv\u00e4ndningsomr\u00e5de! Testa kostnadsfrittKontakta oss En SMS-tj\u00e4nst f\u00f6r&nbsp;Alla SMS n\u00e5r fram p\u00e5 riktigt! Med 20 \u00e5rs erfarenhet i branschen kan du lita p\u00e5 att v\u00e5r SMS-tj\u00e4nst sl\u00e5r igenom [&hellip;]<\/p>\n","protected":false},"author":1,"featured_media":0,"parent":0,"menu_order":0,"comment_status":"closed","ping_status":"closed","template":"","meta":{"footnotes":""},"categories":[14],"tags":[],"class_list":["post-568","page","type-page","status-publish","hentry","category-startsida"],"_links":{"self":[{"href":"https:\/\/ip1sms.com\/en\/wp-json\/wp\/v2\/pages\/568","targetHints":{"allow":["GET"]}}],"collection":[{"href":"https:\/\/ip1sms.com\/en\/wp-json\/wp\/v2\/pages"}],"about":[{"href":"https:\/\/ip1sms.com\/en\/wp-json\/wp\/v2\/types\/page"}],"author":[{"embeddable":true,"href":"https:\/\/ip1sms.com\/en\/wp-json\/wp\/v2\/users\/1"}],"replies":[{"embeddable":true,"href":"https:\/\/ip1sms.com\/en\/wp-json\/wp\/v2\/comments?post=568"}],"version-history":[{"count":0,"href":"https:\/\/ip1sms.com\/en\/wp-json\/wp\/v2\/pages\/568\/revisions"}],"wp:attachment":[{"href":"https:\/\/ip1sms.com\/en\/wp-json\/wp\/v2\/media?parent=568"}],"wp:term":[{"taxonomy":"category","embeddable":true,"href":"https:\/\/ip1sms.com\/en\/wp-json\/wp\/v2\/categories?post=568"},{"taxonomy":"post_tag","embeddable":true,"href":"https:\/\/ip1sms.com\/en\/wp-json\/wp\/v2\/tags?post=568"}],"curies":[{"name":"wp","href":"https:\/\/api.w.org\/{rel}","templated":true}]}}