{"id":516,"date":"2023-11-24T10:42:53","date_gmt":"2023-11-24T09:42:53","guid":{"rendered":"http:\/\/localhost\/wordpress\/?page_id=516"},"modified":"2024-09-11T09:26:30","modified_gmt":"2024-09-11T09:26:30","slug":"i-have-forgotten-my-password-how-do-i-reset-my-password","status":"publish","type":"page","link":"https:\/\/ip1sms.com\/en\/customer-support\/i-have-forgotten-my-password-how-do-i-reset-my-password\/","title":{"rendered":"I forgot my password, how do I create a new one?"},"content":{"rendered":"<div class=\"row g-0 justify-content-center mb-5 mt-5 p-1 mx-1 p-md-0 mx-md-0\">\n<div class=\"col-md-9 col-sm-12 text-left\">\n\n\n\n<h2 class=\"wp-block-heading\" id=\"h-jag-har-glomt-mitt-losenord-hur-skapar-jag-ett-nytt\">I forgot my password, how do I create a new one?<\/h2>\n\n\n\n<p><strong>If you have forgotten your password, you can easily create a new one by following the link below:<\/strong><\/p>\n\n\n\n<p><a href=\"https:\/\/portal.ip1.net\/password\/forgot\" target=\"_blank\" rel=\"noreferrer noopener\">I forgot my wallet<\/a><a href=\"https:\/\/portal.ip1.net\/password\/forgot\" target=\"_blank\" rel=\"noreferrer noopener nofollow\">one word<\/a><br><\/p>\n\n\n\n<ol class=\"wp-block-list\">\n<li>Enter your email address in the email field<\/li>\n\n\n\n<li>Click on &quot;Send Password Reset&quot;<\/li>\n\n\n\n<li>You will now receive an email from<strong> no-reply@ip1.se<\/strong> with a link that takes you to the password reset page.<\/li>\n\n\n\n<li>Follow the instructions and create your new password (At least 10 characters, one number and one capital letter).<\/li>\n<\/ol>\n\n\n\n<p><strong>Note. <\/strong>If you use a browser that offers you to save your passwords, please ensure that it has updated your password with the new one.<\/p>\n\n\n\n<p>If you experience problems with the password reset, please contact us at <a href=\"mailto:support@ip1.se\">support@ip1.se<\/a>, then we will help you.<\/p>\n\n\n\n<\/div>\n<\/div>","protected":false},"excerpt":{"rendered":"<p>Jag har gl\u00f6mt mitt l\u00f6senord, hur skapar jag ett nytt? Om du har gl\u00f6mt ditt l\u00f6senord s\u00e5 kan du enkelt skapa ett nytt genom att f\u00f6lja l\u00e4nken nedan: Jag har gl\u00f6mt mitt l\u00f6senord Obs. Om du anv\u00e4nder en webbl\u00e4sare som erbjuder dig att spara dina l\u00f6senord, v\u00e4nligen s\u00e4kerst\u00e4ll att den har uppdaterat ditt l\u00f6senord med [&hellip;]<\/p>\n","protected":false},"author":1,"featured_media":0,"parent":487,"menu_order":0,"comment_status":"closed","ping_status":"closed","template":"","meta":{"footnotes":""},"categories":[16],"tags":[20],"class_list":["post-516","page","type-page","status-publish","hentry","category-support","tag-artikel"],"_links":{"self":[{"href":"https:\/\/ip1sms.com\/en\/wp-json\/wp\/v2\/pages\/516","targetHints":{"allow":["GET"]}}],"collection":[{"href":"https:\/\/ip1sms.com\/en\/wp-json\/wp\/v2\/pages"}],"about":[{"href":"https:\/\/ip1sms.com\/en\/wp-json\/wp\/v2\/types\/page"}],"author":[{"embeddable":true,"href":"https:\/\/ip1sms.com\/en\/wp-json\/wp\/v2\/users\/1"}],"replies":[{"embeddable":true,"href":"https:\/\/ip1sms.com\/en\/wp-json\/wp\/v2\/comments?post=516"}],"version-history":[{"count":0,"href":"https:\/\/ip1sms.com\/en\/wp-json\/wp\/v2\/pages\/516\/revisions"}],"up":[{"embeddable":true,"href":"https:\/\/ip1sms.com\/en\/wp-json\/wp\/v2\/pages\/487"}],"wp:attachment":[{"href":"https:\/\/ip1sms.com\/en\/wp-json\/wp\/v2\/media?parent=516"}],"wp:term":[{"taxonomy":"category","embeddable":true,"href":"https:\/\/ip1sms.com\/en\/wp-json\/wp\/v2\/categories?post=516"},{"taxonomy":"post_tag","embeddable":true,"href":"https:\/\/ip1sms.com\/en\/wp-json\/wp\/v2\/tags?post=516"}],"curies":[{"name":"wp","href":"https:\/\/api.w.org\/{rel}","templated":true}]}}