{"id":512,"date":"2023-11-24T10:41:48","date_gmt":"2023-11-24T09:41:48","guid":{"rendered":"http:\/\/localhost\/wordpress\/?page_id=512"},"modified":"2025-09-15T13:56:23","modified_gmt":"2025-09-15T13:56:23","slug":"how-do-i-collect-contacts-via-virtual-number","status":"publish","type":"page","link":"https:\/\/ip1sms.com\/en\/customer-support\/how-do-i-collect-contacts-via-virtual-number\/","title":{"rendered":"How do I collect contacts via recipient number?"},"content":{"rendered":"<div class=\"row g-0 justify-content-center mb-5 mt-5 p-1 mx-1 p-md-0 mx-md-0\">\n<div class=\"col-md-9 col-sm-12 text-left\">\n\n\n\n<div class=\"wp-block-columns justify-content-center has-white-background-color has-background is-layout-flex wp-container-core-columns-is-layout-9d6595d7 wp-block-columns-is-layout-flex\">\n<div class=\"wp-block-column is-layout-flow wp-block-column-is-layout-flow\" style=\"flex-basis:70%\">\n<h1 class=\"wp-block-heading\" id=\"h-hur-samlar-jag-in-kontakter-via-mottagarnummer\">How do I collect contacts via recipient number?<\/h1>\n\n\n\n<p>An easy way to collect contacts is to use our Save function for incoming SMS. This means that a person who wants to receive SMS from your account can send an SMS to a virtual mobile number linked to your account and thus be registered as a contact under a specific label.<\/p>\n<\/div>\n<\/div>\n\n\n\n<div class=\"wp-block-columns are-vertically-aligned-top has-white-background-color has-background is-layout-flex wp-container-core-columns-is-layout-9d6595d7 wp-block-columns-is-layout-flex\">\n<div class=\"wp-block-column is-vertically-aligned-top is-layout-flow wp-block-column-is-layout-flow\" style=\"flex-basis:33.33%\">\n<figure class=\"wp-block-video mx-3\"><video height=\"1920\" style=\"aspect-ratio: 1080 \/ 1920;\" width=\"1080\" autoplay controls loop muted src=\"https:\/\/ip1sms.com\/wp-content\/uploads\/2025\/09\/create-contact-by-sms-to-virtual-number.mp4\"><\/video><\/figure>\n<\/div>\n\n\n\n<div class=\"wp-block-column is-vertically-aligned-top is-layout-flow wp-block-column-is-layout-flow\" style=\"flex-basis:66.66%\">\n<h3 class=\"wp-block-heading\" id=\"h-hur-gor-jag\">What do I do?<\/h3>\n\n\n\n<ol class=\"wp-block-list\">\n<li>Make sure you have a recipient number linked to your account. You can buy this directly in the webshop, or by contacting our support department.<\/li>\n\n\n\n<li>Send an SMS with the text <strong>Save First name Last name Label name <\/strong>to your recipient number.<\/li>\n\n\n\n<li>The sender's number has now been saved in your contact book with the specified information. If the label does not already exist, the contact system will create a new one automatically.<\/li>\n<\/ol>\n\n\n\n<h3 class=\"wp-block-heading\" id=\"h-behover-du-hjalp-att-komma-igang\">Need help getting started?<\/h3>\n\n\n\n<p>Contact us <a href=\"mailto:support@ip1.se\">support@ip1.se<\/a> and we'll help you get started!<\/p>\n<\/div>\n<\/div>","protected":false},"excerpt":{"rendered":"<p>Hur samlar jag in kontakter via mottagarnummer? Ett enkelt s\u00e4tt att samla in kontakter \u00e4r att anv\u00e4nda v\u00e5r Spara-funktion f\u00f6r inkommande SMS. Detta inneb\u00e4r att en person som vill ta emot SMS fr\u00e5n ditt konto kan skicka ett SMS till ett virtuellt mobilnummer som finns kopplat till ditt konto och p\u00e5 s\u00e5 vis bli registrerad [&hellip;]<\/p>\n","protected":false},"author":1,"featured_media":0,"parent":487,"menu_order":0,"comment_status":"closed","ping_status":"closed","template":"","meta":{"footnotes":""},"categories":[16],"tags":[20],"class_list":["post-512","page","type-page","status-publish","hentry","category-support","tag-artikel"],"_links":{"self":[{"href":"https:\/\/ip1sms.com\/en\/wp-json\/wp\/v2\/pages\/512","targetHints":{"allow":["GET"]}}],"collection":[{"href":"https:\/\/ip1sms.com\/en\/wp-json\/wp\/v2\/pages"}],"about":[{"href":"https:\/\/ip1sms.com\/en\/wp-json\/wp\/v2\/types\/page"}],"author":[{"embeddable":true,"href":"https:\/\/ip1sms.com\/en\/wp-json\/wp\/v2\/users\/1"}],"replies":[{"embeddable":true,"href":"https:\/\/ip1sms.com\/en\/wp-json\/wp\/v2\/comments?post=512"}],"version-history":[{"count":0,"href":"https:\/\/ip1sms.com\/en\/wp-json\/wp\/v2\/pages\/512\/revisions"}],"up":[{"embeddable":true,"href":"https:\/\/ip1sms.com\/en\/wp-json\/wp\/v2\/pages\/487"}],"wp:attachment":[{"href":"https:\/\/ip1sms.com\/en\/wp-json\/wp\/v2\/media?parent=512"}],"wp:term":[{"taxonomy":"category","embeddable":true,"href":"https:\/\/ip1sms.com\/en\/wp-json\/wp\/v2\/categories?post=512"},{"taxonomy":"post_tag","embeddable":true,"href":"https:\/\/ip1sms.com\/en\/wp-json\/wp\/v2\/tags?post=512"}],"curies":[{"name":"wp","href":"https:\/\/api.w.org\/{rel}","templated":true}]}}