{"id":510,"date":"2023-11-24T10:41:11","date_gmt":"2023-11-24T09:41:11","guid":{"rendered":"http:\/\/localhost\/wordpress\/?page_id=510"},"modified":"2025-09-15T12:59:02","modified_gmt":"2025-09-15T12:59:02","slug":"how-long-do-we-try-to-resend-sms-when-the-recipient-phone-is-turned-of","status":"publish","type":"page","link":"https:\/\/ip1sms.com\/en\/customer-support\/how-long-do-we-try-to-resend-sms-when-the-recipient-phone-is-turned-of\/","title":{"rendered":"How long do we try to send SMS to customers when the phone is switched off?"},"content":{"rendered":"<div class=\"wp-block-columns justify-content-center has-white-background-color has-background is-layout-flex wp-container-core-columns-is-layout-9d6595d7 wp-block-columns-is-layout-flex\">\n<div class=\"wp-block-column is-layout-flow wp-block-column-is-layout-flow\" style=\"flex-basis:70%\">\n<h1 class=\"wp-block-heading\" id=\"h-hur-lange-forsoker-vi-skicka-sms-till-kunder-nar-telefonen-ar-avstangd\">How long do we try to send SMS to customers when the phone is switched off?<\/h1>\n\n\n\n<p>If a phone is switched off or has no coverage, the operator will hold the message in a queue and try to deliver it when the phone becomes available again.<\/p>\n\n\n\n<p>How long the operator tries to deliver the SMS is determined by their <strong>validity period<\/strong> (validity period) and is usually around <strong>48-72 hours<\/strong>. The exact time is not controlled by us.<\/p>\n\n\n\n<p>In some cases, the recipient's phone or SMS app may have its own setting for how old messages are accepted, which may prevent older SMS from being delivered. In practice, however, it is the operator's validity period that determines how long the message will be attempted to be delivered.<\/p>\n<\/div>\n<\/div>","protected":false},"excerpt":{"rendered":"<p>Hur l\u00e4nge f\u00f6rs\u00f6ker vi skicka SMS till kunder n\u00e4r telefonen \u00e4r avst\u00e4ngd? Om en telefon \u00e4r avst\u00e4ngd eller saknar t\u00e4ckning h\u00e5ller operat\u00f6ren meddelandet i en k\u00f6 och f\u00f6rs\u00f6ker leverera det n\u00e4r mobilen blir tillg\u00e4nglig igen. Hur l\u00e4nge operat\u00f6ren f\u00f6rs\u00f6ker leverera SMS:et styrs av deras giltighetstid (validity period) och ligger vanligtvis runt 48\u201372 timmar. Den exakta [&hellip;]<\/p>\n","protected":false},"author":1,"featured_media":0,"parent":487,"menu_order":0,"comment_status":"closed","ping_status":"closed","template":"","meta":{"footnotes":""},"categories":[16],"tags":[20],"class_list":["post-510","page","type-page","status-publish","hentry","category-support","tag-artikel"],"_links":{"self":[{"href":"https:\/\/ip1sms.com\/en\/wp-json\/wp\/v2\/pages\/510","targetHints":{"allow":["GET"]}}],"collection":[{"href":"https:\/\/ip1sms.com\/en\/wp-json\/wp\/v2\/pages"}],"about":[{"href":"https:\/\/ip1sms.com\/en\/wp-json\/wp\/v2\/types\/page"}],"author":[{"embeddable":true,"href":"https:\/\/ip1sms.com\/en\/wp-json\/wp\/v2\/users\/1"}],"replies":[{"embeddable":true,"href":"https:\/\/ip1sms.com\/en\/wp-json\/wp\/v2\/comments?post=510"}],"version-history":[{"count":0,"href":"https:\/\/ip1sms.com\/en\/wp-json\/wp\/v2\/pages\/510\/revisions"}],"up":[{"embeddable":true,"href":"https:\/\/ip1sms.com\/en\/wp-json\/wp\/v2\/pages\/487"}],"wp:attachment":[{"href":"https:\/\/ip1sms.com\/en\/wp-json\/wp\/v2\/media?parent=510"}],"wp:term":[{"taxonomy":"category","embeddable":true,"href":"https:\/\/ip1sms.com\/en\/wp-json\/wp\/v2\/categories?post=510"},{"taxonomy":"post_tag","embeddable":true,"href":"https:\/\/ip1sms.com\/en\/wp-json\/wp\/v2\/tags?post=510"}],"curies":[{"name":"wp","href":"https:\/\/api.w.org\/{rel}","templated":true}]}}