{"id":508,"date":"2023-11-24T10:39:08","date_gmt":"2023-11-24T09:39:08","guid":{"rendered":"http:\/\/localhost\/wordpress\/?page_id=508"},"modified":"2025-09-15T12:54:48","modified_gmt":"2025-09-15T12:54:48","slug":"why-wasnt-my-sms-delivered","status":"publish","type":"page","link":"https:\/\/ip1sms.com\/en\/customer-support\/why-wasnt-my-sms-delivered\/","title":{"rendered":"Why didn&#039;t my SMS arrive?"},"content":{"rendered":"<div class=\"wp-block-columns justify-content-center has-white-background-color has-background is-layout-flex wp-container-core-columns-is-layout-9d6595d7 wp-block-columns-is-layout-flex\">\n<div class=\"wp-block-column is-layout-flow wp-block-column-is-layout-flow\" style=\"flex-basis:70%\">\n<h1 class=\"wp-block-heading\" id=\"h-varfor-kom-inte-mitt-sms-fram\">Why didn&#039;t my SMS arrive?<\/h1>\n\n\n\n<p>If your SMS has not arrived, you can always look at <strong>status codes<\/strong> for the message. There you will see an explanation of what has happened.<\/p>\n\n\n\n<p>The most common causes are:<\/p>\n\n\n\n<ul class=\"wp-block-list\">\n<li>The mobile number is incorrect or has no country code.<\/li>\n\n\n\n<li>The recipient's phone is switched off or out of range.<\/li>\n\n\n\n<li>The operator has stopped the message because of the sender ID or content.<\/li>\n<\/ul>\n\n\n\n<p>The operator will continue to try to deliver the SMS for a certain time, usually up to <strong>72 hours<\/strong>. Only when the message has arrived - or when that time has expired - will we receive a final delivery status. <a href=\"https:\/\/ip1sms.com\/en\/customer-support\/why-wasnt-my-sms-delivered\/\">Read more about the validity period of an SMS<\/a><\/p>\n\n\n\n<p>This means that even if the status is delayed, it does not mean that something is wrong, but that the operator is still trying to deliver your SMS.<\/p>\n<\/div>\n<\/div>","protected":false},"excerpt":{"rendered":"<p>Varf\u00f6r kom inte mitt SMS fram? Om ditt SMS inte n\u00e5tt fram kan du alltid titta p\u00e5 statuskoden f\u00f6r meddelandet. D\u00e4r ser du en f\u00f6rklaring till vad som har h\u00e4nt. De vanligaste orsakerna \u00e4r: Operat\u00f6ren forts\u00e4tter att f\u00f6rs\u00f6ka leverera SMS under en viss tid, vanligtvis upp till 72 timmar. F\u00f6rst n\u00e4r meddelandet kommit fram \u2013 [&hellip;]<\/p>\n","protected":false},"author":1,"featured_media":0,"parent":487,"menu_order":0,"comment_status":"closed","ping_status":"closed","template":"","meta":{"footnotes":""},"categories":[16],"tags":[20],"class_list":["post-508","page","type-page","status-publish","hentry","category-support","tag-artikel"],"_links":{"self":[{"href":"https:\/\/ip1sms.com\/en\/wp-json\/wp\/v2\/pages\/508","targetHints":{"allow":["GET"]}}],"collection":[{"href":"https:\/\/ip1sms.com\/en\/wp-json\/wp\/v2\/pages"}],"about":[{"href":"https:\/\/ip1sms.com\/en\/wp-json\/wp\/v2\/types\/page"}],"author":[{"embeddable":true,"href":"https:\/\/ip1sms.com\/en\/wp-json\/wp\/v2\/users\/1"}],"replies":[{"embeddable":true,"href":"https:\/\/ip1sms.com\/en\/wp-json\/wp\/v2\/comments?post=508"}],"version-history":[{"count":0,"href":"https:\/\/ip1sms.com\/en\/wp-json\/wp\/v2\/pages\/508\/revisions"}],"up":[{"embeddable":true,"href":"https:\/\/ip1sms.com\/en\/wp-json\/wp\/v2\/pages\/487"}],"wp:attachment":[{"href":"https:\/\/ip1sms.com\/en\/wp-json\/wp\/v2\/media?parent=508"}],"wp:term":[{"taxonomy":"category","embeddable":true,"href":"https:\/\/ip1sms.com\/en\/wp-json\/wp\/v2\/categories?post=508"},{"taxonomy":"post_tag","embeddable":true,"href":"https:\/\/ip1sms.com\/en\/wp-json\/wp\/v2\/tags?post=508"}],"curies":[{"name":"wp","href":"https:\/\/api.w.org\/{rel}","templated":true}]}}