{"id":502,"date":"2023-11-24T10:37:36","date_gmt":"2023-11-24T09:37:36","guid":{"rendered":"http:\/\/localhost\/wordpress\/?page_id=502"},"modified":"2025-09-15T11:48:12","modified_gmt":"2025-09-15T11:48:12","slug":"how-do-i-refill-my-balance","status":"publish","type":"page","link":"https:\/\/ip1sms.com\/en\/customer-support\/how-do-i-refill-my-balance\/","title":{"rendered":"How do I top up my SMS balance?"},"content":{"rendered":"<div class=\"row g-0 justify-content-center mb-5 mt-5 p-1 mx-1 p-md-0 mx-md-0\">\n<div class=\"col-md-9 col-sm-12 text-left\">\n\n\n\n<div class=\"wp-block-columns justify-content-center has-white-background-color has-background is-layout-flex wp-container-core-columns-is-layout-9d6595d7 wp-block-columns-is-layout-flex\">\n<div class=\"wp-block-column is-layout-flow wp-block-column-is-layout-flow\" style=\"flex-basis:70%\">\n<h1 class=\"wp-block-heading\" id=\"h-hur-fyller-jag-pa-mitt-sms-saldo\">How do I top up my SMS balance?<\/h1>\n\n\n\n<p>There are several ways to top up your SMS balance, either through the webshop or through the quick top-up button in our online services<\/p>\n\n\n\n<p><strong>Via our webshop<\/strong><br>You can easily buy SMS packages directly in our webshop:<br>\ud83d\udc49 <a href=\"https:\/\/shop.ip1.net\/\" target=\"_blank\" rel=\"noopener\">https:\/\/shop.ip1.net\/<\/a><\/p>\n\n\n\n<p><strong>Quick replenishment in our services<\/strong><br>If you are logged into <strong>One Channel<\/strong> or <strong>New Web SMS<\/strong> you can top up your balance directly via Quick Top Up.<\/p>\n\n\n\n<p><strong>If you cannot find quick refills<\/strong><br>Don't see a quick refill button in the service?<br>This means that you have a <strong>SMS subscriptions with post-billing<\/strong>, which means that all your traffic on your account is billed once a month, usually around the end of the month.<\/p>\n<\/div>\n<\/div>\n\n\n\n<div class=\"wp-block-columns justify-content-center has-white-background-color has-background is-layout-flex wp-container-core-columns-is-layout-9d6595d7 wp-block-columns-is-layout-flex\">\n<div class=\"wp-block-column is-layout-flow wp-block-column-is-layout-flow\" style=\"flex-basis:70%\">\n<h3 class=\"wp-block-heading\" id=\"h-videoinstruktion-fyll-pa-saldot-via-snabbpafyllning\">Video instruction: Top up the balance via quick top-up<\/h3>\n\n\n\n<figure class=\"wp-block-video w-50\"><video controls src=\"\/wp-content\/uploads\/2024\/03\/fyll-pa-saldo-snabbpafyllning.mp4\"><\/video><\/figure>\n<\/div>\n<\/div>","protected":false},"excerpt":{"rendered":"<p>Hur fyller jag p\u00e5 mitt SMS-saldo? Det finns flera s\u00e4tt att fylla p\u00e5 ditt SMS-saldo, antingen via webbshopen eller genom ssnabbp\u00e5fyllning-knappen i v\u00e5ra webbtj\u00e4nster Via v\u00e5r webshopDu kan enkelt k\u00f6pa SMS-paket direkt i v\u00e5r webshop:\ud83d\udc49 https:\/\/shop.ip1.net\/ Snabbp\u00e5fyllning i v\u00e5ra tj\u00e4nsterOm du \u00e4r inloggad i One Channel eller Nya Web SMS kan du fylla p\u00e5 saldot [&hellip;]<\/p>\n","protected":false},"author":1,"featured_media":0,"parent":487,"menu_order":0,"comment_status":"closed","ping_status":"closed","template":"","meta":{"footnotes":""},"categories":[16],"tags":[20],"class_list":["post-502","page","type-page","status-publish","hentry","category-support","tag-artikel"],"_links":{"self":[{"href":"https:\/\/ip1sms.com\/en\/wp-json\/wp\/v2\/pages\/502","targetHints":{"allow":["GET"]}}],"collection":[{"href":"https:\/\/ip1sms.com\/en\/wp-json\/wp\/v2\/pages"}],"about":[{"href":"https:\/\/ip1sms.com\/en\/wp-json\/wp\/v2\/types\/page"}],"author":[{"embeddable":true,"href":"https:\/\/ip1sms.com\/en\/wp-json\/wp\/v2\/users\/1"}],"replies":[{"embeddable":true,"href":"https:\/\/ip1sms.com\/en\/wp-json\/wp\/v2\/comments?post=502"}],"version-history":[{"count":0,"href":"https:\/\/ip1sms.com\/en\/wp-json\/wp\/v2\/pages\/502\/revisions"}],"up":[{"embeddable":true,"href":"https:\/\/ip1sms.com\/en\/wp-json\/wp\/v2\/pages\/487"}],"wp:attachment":[{"href":"https:\/\/ip1sms.com\/en\/wp-json\/wp\/v2\/media?parent=502"}],"wp:term":[{"taxonomy":"category","embeddable":true,"href":"https:\/\/ip1sms.com\/en\/wp-json\/wp\/v2\/categories?post=502"},{"taxonomy":"post_tag","embeddable":true,"href":"https:\/\/ip1sms.com\/en\/wp-json\/wp\/v2\/tags?post=502"}],"curies":[{"name":"wp","href":"https:\/\/api.w.org\/{rel}","templated":true}]}}