{"id":498,"date":"2023-11-24T10:36:16","date_gmt":"2023-11-24T09:36:16","guid":{"rendered":"http:\/\/localhost\/wordpress\/?page_id=498"},"modified":"2024-09-11T09:24:29","modified_gmt":"2024-09-11T09:24:29","slug":"we-have-been-sharing-a-general-user-how-do-i-create-a-user-for-my-collegues","status":"publish","type":"page","link":"https:\/\/ip1sms.com\/en\/customer-support\/we-have-been-sharing-a-general-user-how-do-i-create-a-user-for-my-collegues\/","title":{"rendered":"How do I add a new iP.1 user?"},"content":{"rendered":"<div class=\"row g-0 justify-content-center mb-5 mt-5 p-1 mx-1 p-md-0 mx-md-0\">\n<div class=\"col-md-9 col-sm-12 text-left\">\n\n\n\n<h1 class=\"wp-block-heading\" id=\"h-hur-lagger-jag-till-en-ny-ip-1-anvandare\">How do I add a new iP.1 user?<\/h1>\n\n\n\n<p><strong>Note. For users of Internet Explorer, the user portal does not work fully, we recommend updating the browser to Microsoft Edge or using Firefox or Chrome.<\/strong><\/p>\n\n\n\n<hr class=\"wp-block-separator has-alpha-channel-opacity\"\/>\n\n\n\n<p>If you share the same user, an administrator (Usually the one who created the account or if you assigned the role to someone else) can create a new user in the user portal.<\/p>\n\n\n\n<ol class=\"wp-block-list\">\n<li><a href=\"https:\/\/portal.ip1.net\" target=\"_blank\" rel=\"noopener\">Sign in to the User Portal<\/a> with an administrator account<\/li>\n\n\n\n<li>Go to &quot;Users&quot; in the main menu<\/li>\n\n\n\n<li>Press the button &quot;Add a new user&quot;<\/li>\n\n\n\n<li>Fill in the information in the form and select the account and the user&#039;s access level<\/li>\n<\/ol>\n\n\n\n<p>The new user will receive an email sent to the specified email address where he sets his own password.<\/p>\n\n\n\n<h4 class=\"wp-block-heading\" id=\"my-5\">Video instruction<\/h4>\n\n\n\n<figure class=\"wp-block-video w-50\"><video controls src=\"\/wp-content\/uploads\/2024\/03\/lagg-till-ny-anvandare.mp4\"><\/video><\/figure>\n\n\n\n<\/div>\n<\/div>","protected":false},"excerpt":{"rendered":"<p>Hur l\u00e4gger jag till en ny iP.1-anv\u00e4ndare? Obs. F\u00f6r anv\u00e4ndare av Internet Explorer s\u00e5 fungerar inte anv\u00e4ndarportalen till fullo, vi rekommenderar att uppdatera webbl\u00e4saren till Microsoft Edge eller anv\u00e4nda Firefox eller Chrome. Om ni delar p\u00e5 samma anv\u00e4ndare s\u00e5 kan en administrat\u00f6r (Oftast den som skapade kontot eller om man tilldelat rollen till n\u00e5gon annan) [&hellip;]<\/p>\n","protected":false},"author":1,"featured_media":0,"parent":487,"menu_order":0,"comment_status":"closed","ping_status":"closed","template":"","meta":{"footnotes":""},"categories":[16],"tags":[20],"class_list":["post-498","page","type-page","status-publish","hentry","category-support","tag-artikel"],"_links":{"self":[{"href":"https:\/\/ip1sms.com\/en\/wp-json\/wp\/v2\/pages\/498","targetHints":{"allow":["GET"]}}],"collection":[{"href":"https:\/\/ip1sms.com\/en\/wp-json\/wp\/v2\/pages"}],"about":[{"href":"https:\/\/ip1sms.com\/en\/wp-json\/wp\/v2\/types\/page"}],"author":[{"embeddable":true,"href":"https:\/\/ip1sms.com\/en\/wp-json\/wp\/v2\/users\/1"}],"replies":[{"embeddable":true,"href":"https:\/\/ip1sms.com\/en\/wp-json\/wp\/v2\/comments?post=498"}],"version-history":[{"count":0,"href":"https:\/\/ip1sms.com\/en\/wp-json\/wp\/v2\/pages\/498\/revisions"}],"up":[{"embeddable":true,"href":"https:\/\/ip1sms.com\/en\/wp-json\/wp\/v2\/pages\/487"}],"wp:attachment":[{"href":"https:\/\/ip1sms.com\/en\/wp-json\/wp\/v2\/media?parent=498"}],"wp:term":[{"taxonomy":"category","embeddable":true,"href":"https:\/\/ip1sms.com\/en\/wp-json\/wp\/v2\/categories?post=498"},{"taxonomy":"post_tag","embeddable":true,"href":"https:\/\/ip1sms.com\/en\/wp-json\/wp\/v2\/tags?post=498"}],"curies":[{"name":"wp","href":"https:\/\/api.w.org\/{rel}","templated":true}]}}