{"id":4871,"date":"2025-09-15T09:14:50","date_gmt":"2025-09-15T09:14:50","guid":{"rendered":"https:\/\/ip1sms.com\/?page_id=4871"},"modified":"2025-09-15T09:20:46","modified_gmt":"2025-09-15T09:20:46","slug":"adding-and-removing-labels-from-multiple-connectors","status":"publish","type":"page","link":"https:\/\/ip1sms.com\/en\/adding-and-removing-labels-from-multiple-connectors\/","title":{"rendered":"Add and remove labels from multiple contacts"},"content":{"rendered":"<div class=\"wp-block-columns justify-content-center has-white-background-color has-background is-layout-flex wp-container-core-columns-is-layout-9d6595d7 wp-block-columns-is-layout-flex\">\n<div class=\"wp-block-column is-layout-flow wp-block-column-is-layout-flow\" style=\"flex-basis:70%\">\n<h1 class=\"wp-block-heading mt-5\" id=\"h-lagga-till-och-ta-bort-etiketter-fran-flera-kontakter\">Add and remove labels from multiple contacts<\/h1>\n<\/div>\n<\/div>\n\n\n\n<div class=\"wp-block-columns justify-content-center has-background is-layout-flex wp-container-core-columns-is-layout-9d6595d7 wp-block-columns-is-layout-flex\" style=\"background-color:#fafafa\">\n<div class=\"wp-block-column is-layout-flow wp-block-column-is-layout-flow\" style=\"flex-basis:70%\">\n<p>Labels exist solely as a property of contacts, which means you cannot rename or edit the label itself. Therefore, you need to create a new label for your contacts and potentially remove the old one if you want to make changes.<\/p>\n\n\n\n<h3 class=\"wp-block-heading\" id=\"h-flytta-kontakter-fran-en-etikett-och-skapa-en-ny\">Move contacts from one label and create a new one<\/h3>\n\n\n\n<ol class=\"wp-block-list\">\n<li>Click on \"Manage labels\" above the label list.<\/li>\n\n\n\n<li>Select the labels you want to manage<\/li>\n\n\n\n<li>Click on \"Move contacts\"<\/li>\n\n\n\n<li>Name your new label in the \"Label name\" field. If you want to create several new ones, separate the label names with a comma (,).<\/li>\n\n\n\n<li>If you want to remove the old label from your contacts, check the box for \"Remove old labels from contacts.\"<\/li>\n\n\n\n<li>Click on \"Move contacs\"<\/li>\n<\/ol>\n<\/div>\n<\/div>\n\n\n\n<div class=\"wp-block-columns justify-content-center has-white-background-color has-background is-layout-flex wp-container-core-columns-is-layout-9d6595d7 wp-block-columns-is-layout-flex\">\n<div class=\"wp-block-column is-layout-flow wp-block-column-is-layout-flow\" style=\"flex-basis:70%\">\n<h3 class=\"wp-block-heading\" id=\"h-videoinstruktion\">Video instruction<\/h3>\n\n\n\n<figure class=\"wp-block-video\"><video height=\"1080\" style=\"aspect-ratio: 1920 \/ 1080;\" width=\"1920\" controls poster=\"https:\/\/ip1sms.com\/wp-content\/uploads\/2025\/09\/contact-list.png\" src=\"https:\/\/ip1sms.com\/wp-content\/uploads\/2025\/09\/label-handling-on-multiple-contacts.mp4\"><\/video><\/figure>\n<\/div>\n<\/div>","protected":false},"excerpt":{"rendered":"<p>L\u00e4gga till och ta bort etiketter fr\u00e5n flera kontakter Etiketter existerar enbart som en egenskap p\u00e5 kontakter, vilket inneb\u00e4r att du inte kan byta namn eller redigera sj\u00e4lva etiketten. D\u00e4rf\u00f6r beh\u00f6ver du skapa en ny ettikett f\u00f6r dina kontakter och eventuellt ta bort den gamla om du vill g\u00f6ra \u00e4ndringar. Flytta kontakter fr\u00e5n en etikett [&hellip;]<\/p>\n","protected":false},"author":1,"featured_media":0,"parent":0,"menu_order":0,"comment_status":"closed","ping_status":"closed","template":"","meta":{"footnotes":""},"categories":[152],"tags":[],"class_list":["post-4871","page","type-page","status-publish","hentry","category-funktionalitet"],"_links":{"self":[{"href":"https:\/\/ip1sms.com\/en\/wp-json\/wp\/v2\/pages\/4871","targetHints":{"allow":["GET"]}}],"collection":[{"href":"https:\/\/ip1sms.com\/en\/wp-json\/wp\/v2\/pages"}],"about":[{"href":"https:\/\/ip1sms.com\/en\/wp-json\/wp\/v2\/types\/page"}],"author":[{"embeddable":true,"href":"https:\/\/ip1sms.com\/en\/wp-json\/wp\/v2\/users\/1"}],"replies":[{"embeddable":true,"href":"https:\/\/ip1sms.com\/en\/wp-json\/wp\/v2\/comments?post=4871"}],"version-history":[{"count":0,"href":"https:\/\/ip1sms.com\/en\/wp-json\/wp\/v2\/pages\/4871\/revisions"}],"wp:attachment":[{"href":"https:\/\/ip1sms.com\/en\/wp-json\/wp\/v2\/media?parent=4871"}],"wp:term":[{"taxonomy":"category","embeddable":true,"href":"https:\/\/ip1sms.com\/en\/wp-json\/wp\/v2\/categories?post=4871"},{"taxonomy":"post_tag","embeddable":true,"href":"https:\/\/ip1sms.com\/en\/wp-json\/wp\/v2\/tags?post=4871"}],"curies":[{"name":"wp","href":"https:\/\/api.w.org\/{rel}","templated":true}]}}