{"id":4739,"date":"2025-06-23T06:42:09","date_gmt":"2025-06-23T06:42:09","guid":{"rendered":"https:\/\/ip1sms.com\/?page_id=4739"},"modified":"2025-12-09T15:34:19","modified_gmt":"2025-12-09T15:34:19","slug":"trial-account","status":"publish","type":"page","link":"https:\/\/ip1sms.com\/en\/trial-account\/","title":{"rendered":"Test account"},"content":{"rendered":"\n<div class=\"wp-block-columns justify-content-center mt-5 has-white-background-color has-background is-layout-flex wp-container-core-columns-is-layout-9d6595d7 wp-block-columns-is-layout-flex\">\n<div class=\"wp-block-column is-layout-flow wp-block-column-is-layout-flow\" style=\"flex-basis:70%\">\n<h1 class=\"wp-block-heading\" id=\"h-skapa-ett-kostnadsfritt-testkonto\">Skapa ett kostnadsfritt testkonto<\/h1>\n\n\n\n<p>S\u00e5 kul att du vill prova v\u00e5ra f\u00f6retagstj\u00e4nster!<\/p>\n\n\n\n<p>Fyll i formul\u00e4ret nedan f\u00f6r att skapa ett kostnadsfritt testkonto. Du binder inte upp dig till att forts\u00e4tta anv\u00e4nda v\u00e5ra tj\u00e4nster och du kan avsluta din testperiod n\u00e4r du vill.<\/p>\n<\/div>\n<\/div>\n\n\n\n<div class=\"wp-block-columns justify-content-center trial-account-box has-background is-layout-flex wp-container-core-columns-is-layout-9d6595d7 wp-block-columns-is-layout-flex\" style=\"background-color:#ecf2df\">\n<div class=\"wp-block-column p-5 is-layout-flow wp-block-column-is-layout-flow\" style=\"flex-basis:60%\">\n<div id=\"trialCarousel\" class=\"fireusel slide\" data-bs-ride=\"false\">\n  <div class=\"carousel-inner\">\n    <div class=\"carousel-item active p-3\">\n      <form id=\"trialData\" class=\"row g-3 needs-validation\" noValidate>\n        <div class=\"col\">\n          <div class=\"row mb-3\">\n            <div class=\"col\">\n              <label for=\"companyInput\" class=\"form-label\">F\u00f6retagsnamn<\/label>\n              <input type=\"text\" name=\"CompanyName\" class=\"form-control form-control-lg\" id=\"companyInput\"\n                placeholder=\"Ange f\u00f6retagsnamn\" required>\n            <\/div>\n          <\/div>\n          <div class=\"row mb-3\">\n            <div class=\"col-md\">\n              <label for=\"firstnameInput\" class=\"form-label\">F\u00f6rnamn<\/label>\n              <input type=\"text\" name=\"FirstName\" class=\"form-control form-control-lg\" id=\"firstnameInput\"\n                placeholder=\"Ange ditt f\u00f6rnamn\" required>\n            <\/div>\n            <div class=\"col-md\">\n              <label for=\"lastnameInput\" class=\"form-label\">Efternamn<\/label>\n              <input type=\"text\" name=\"LastName\" class=\"form-control form-control-lg\" id=\"lastInput\"\n                placeholder=\"Ange ditt efternamn\" required>\n            <\/div>\n          <\/div>\n          <div class=\"row\">\n            <div class=\"col\">\n              <div class=\"mb-3\">\n                <label for=\"emailInput\" class=\"form-label\">Email address<\/label>\n                <input type=\"email\" name=\"EmailAddress\" class=\"form-control form-control-lg\" id=\"emailInput\"\n                  placeholder=\"Ange din e-postadress\" required>\n              <\/div>\n            <\/div>\n          <\/div>\n          <div class=\"row\">\n            <div class=\"col\">\n              <div class=\"mb-3\">\n                <label for=\"countrySelect\" class=\"form-label\">Land<\/label>\n                <select name=\"Country\" class=\"form-select form-select-lg\" id=\"countrySelect\" aria-label=\"V\u00e4lj land\"\n                  required>\n                  <option value=\"1\">Afghanistan<\/option>\n                  <option value=\"249\">\u00c5land<\/option>\n                  <option value=\"2\">Albanien<\/option>\n                  <option value=\"3\">Algeriet<\/option>\n                  <option value=\"5\">Andorra<\/option>\n                  <option value=\"6\">Angola<\/option>\n                  <option value=\"7\">Anguilla<\/option>\n                  <option value=\"8\">Antarktis<\/option>\n                  <option value=\"9\">Antigua och Barbuda<\/option>\n                  <option value=\"10\">Argentina<\/option>\n                  <option value=\"11\">Armenien<\/option>\n                  <option value=\"12\">Aruba<\/option>\n                  <option value=\"13\">Australien<\/option>\n                  <option value=\"14\">\u00d6sterrike<\/option>\n                  <option value=\"15\">Azerbajdzjan<\/option>\n                  <option value=\"16\">Bahamas<\/option>\n                  <option value=\"17\">Bahrain<\/option>\n                  <option value=\"18\">Bangladesh<\/option>\n                  <option value=\"19\">Barbados<\/option>\n                  <option value=\"20\">Belarus<\/option>\n                  <option value=\"21\">Belgien<\/option>\n                  <option value=\"22\">Belize<\/option>\n                  <option value=\"23\">Benin<\/option>\n                  <option value=\"24\">Bermuda<\/option>\n                  <option value=\"25\">Bhutan<\/option>\n                  <option value=\"26\">Bolivia<\/option>\n                  <option value=\"27\">Bonaire, Sint Eustatius och Saba<\/option>\n                  <option value=\"28\">Bosnien och Hercegovina<\/option>\n                  <option value=\"29\">Botswana<\/option>\n                  <option value=\"30\">Bouvet\u00f6n<\/option>\n                  <option value=\"31\">Brasilien<\/option>\n                  <option value=\"32\">Brittiska territoriet i Indiska oceanen<\/option>\n                  <option value=\"33\">Brunei<\/option>\n                  <option value=\"34\">Bulgarien<\/option>\n                  <option value=\"35\">Burkina Faso<\/option>\n                  <option value=\"36\">Burundi<\/option>\n                  <option value=\"37\">Kambodja<\/option>\n                  <option value=\"38\">Kamerun<\/option>\n                  <option value=\"39\">Kanada<\/option>\n                  <option value=\"253\">Kanarie\u00f6arna<\/option>\n                  <option value=\"40\">Kap Verde<\/option>\n                  <option value=\"41\">Cayman\u00f6arna<\/option>\n                  <option value=\"42\">Centralafrikanska republiken<\/option>\n                  <option value=\"43\">Tchad<\/option>\n                  <option value=\"44\">Chile<\/option>\n                  <option value=\"45\">Kina<\/option>\n                  <option value=\"46\">Jul\u00f6n<\/option>\n                  <option value=\"47\">Kokos\u00f6arna (Keeling\u00f6arna)<\/option>\n                  <option value=\"48\">Colombia<\/option>\n                  <option value=\"49\">Komorerna<\/option>\n                  <option value=\"50\">Kongo<\/option>\n                  <option value=\"51\">Kongo-Kinshasa<\/option>\n                  <option value=\"52\">Cook\u00f6arna<\/option>\n                  <option value=\"53\">Costa Rica<\/option>\n                  <option value=\"54\">Kroatien<\/option>\n                  <option value=\"55\">Kuba<\/option>\n                  <option value=\"56\">Cura\u00e7ao<\/option>\n                  <option value=\"59\">Elfenbenskusten<\/option>\n                  <option value=\"57\">Cypern<\/option>\n                  <option value=\"58\">Tjeckien<\/option>\n                  <option value=\"60\">Danmark<\/option>\n                  <option value=\"61\">Djibouti<\/option>\n                  <option value=\"62\">Dominica<\/option>\n                  <option value=\"63\">Dominikanska republiken<\/option>\n                  <option value=\"251\">Dominikanska republiken<\/option>\n                  <option value=\"64\">Ecuador<\/option>\n                  <option value=\"65\">Egypten<\/option>\n                  <option value=\"66\">El Salvador<\/option>\n                  <option value=\"67\">Ekvatorialguinea<\/option>\n                  <option value=\"68\">Eritrea<\/option>\n                  <option value=\"69\">Estland<\/option>\n                  <option value=\"70\">Etiopien<\/option>\n                  <option value=\"71\">Falklands\u00f6arna (Malvinas)<\/option>\n                  <option value=\"72\">F\u00e4r\u00f6arna<\/option>\n                  <option value=\"73\">Fiji<\/option>\n                  <option value=\"74\">Finland<\/option>\n                  <option value=\"75\">Frankrike<\/option>\n                  <option value=\"76\">Franska Guyana<\/option>\n                  <option value=\"77\">Franska Polynesien<\/option>\n                  <option value=\"78\">Franska sydterritorierna<\/option>\n                  <option value=\"79\">Gabon<\/option>\n                  <option value=\"80\">Gambia<\/option>\n                  <option value=\"81\">Georgien<\/option>\n                  <option value=\"82\">Tyskland<\/option>\n                  <option value=\"83\">Ghana<\/option>\n                  <option value=\"84\">Gibraltar<\/option>\n                  <option value=\"85\">Grekland<\/option>\n                  <option value=\"86\">Gr\u00f6nland<\/option>\n                  <option value=\"87\">Grenada<\/option>\n                  <option value=\"88\">Guadeloupe<\/option>\n                  <option value=\"89\">Guam<\/option>\n                  <option value=\"90\">Guatemala<\/option>\n                  <option value=\"91\">Guernsey<\/option>\n                  <option value=\"92\">Guinea<\/option>\n                  <option value=\"93\">Guinea-Bissau<\/option>\n                  <option value=\"94\">Guyana<\/option>\n                  <option value=\"95\">Haiti<\/option>\n                  <option value=\"96\">Heard- och McDonald\u00f6arna<\/option>\n                  <option value=\"98\">Honduras<\/option>\n                  <option value=\"99\">Hongkong<\/option>\n                  <option value=\"100\">Ungern<\/option>\n                  <option value=\"101\">Island<\/option>\n                  <option value=\"102\">Indien<\/option>\n                  <option value=\"103\">Indonesien<\/option>\n                  <option value=\"104\">Iran<\/option>\n                  <option value=\"105\">Irak<\/option>\n                  <option value=\"106\">Irland<\/option>\n                  <option value=\"107\">Isle of Man<\/option>\n                  <option value=\"108\">Israel<\/option>\n                  <option value=\"109\">Italien<\/option>\n                  <option value=\"110\">Jamaica<\/option>\n                  <option value=\"111\">Japan<\/option>\n                  <option value=\"112\">Jersey<\/option>\n                  <option value=\"113\">Jordanien<\/option>\n                  <option value=\"114\">Kazakstan<\/option>\n                  <option value=\"115\">Kenya<\/option>\n                  <option value=\"118\">Sydkorea<\/option>\n                  <option value=\"255\">Kosovo<\/option>\n                  <option value=\"119\">Kuwait<\/option>\n                  <option value=\"120\">Kirgizistan<\/option>\n                  <option value=\"121\">Laos<\/option>\n                  <option value=\"122\">Lettland<\/option>\n                  <option value=\"123\">Libanon<\/option>\n                  <option value=\"124\">Lesotho<\/option>\n                  <option value=\"125\">Liberia<\/option>\n                  <option value=\"126\">Libyen<\/option>\n                  <option value=\"127\">Liechtenstein<\/option>\n                  <option value=\"128\">Litauen<\/option>\n                  <option value=\"129\">Luxemburg<\/option>\n                  <option value=\"130\">Macao<\/option>\n                  <option value=\"131\">Nordmakedonien<\/option>\n                  <option value=\"132\">Madagaskar<\/option>\n                  <option value=\"133\">Malawi<\/option>\n                  <option value=\"134\">Malaysia<\/option>\n                  <option value=\"135\">Maldiverna<\/option>\n                  <option value=\"136\">Mali<\/option>\n                  <option value=\"137\">Malta<\/option>\n                  <option value=\"139\">Martinique<\/option>\n                  <option value=\"140\">Mauretanien<\/option>\n                  <option value=\"141\">Mauritius<\/option>\n                  <option value=\"142\">Mayotte<\/option>\n                  <option value=\"143\">Mexiko<\/option>\n                  <option value=\"145\">Moldavien<\/option>\n                  <option value=\"146\">Monaco<\/option>\n                  <option value=\"147\">Mongoliet<\/option>\n                  <option value=\"148\">Montenegro<\/option>\n                  <option value=\"149\">Montserrat<\/option>\n                  <option value=\"150\">Marocko<\/option>\n                  <option value=\"151\">Mo\u00e7ambique<\/option>\n                  <option value=\"152\">Myanmar (Burma)<\/option>\n                  <option value=\"153\">Namibia<\/option>\n                  <option value=\"155\">Nepal<\/option>\n                  <option value=\"156\">Nederl\u00e4nderna<\/option>\n                  <option value=\"157\">Nya Kaledonien<\/option>\n                  <option value=\"158\">Nya Zeeland<\/option>\n                  <option value=\"159\">Nicaragua<\/option>\n                  <option value=\"160\">Niger<\/option>\n                  <option value=\"161\">Nigeria<\/option>\n                  <option value=\"163\">Norfolk\u00f6n<\/option>\n                  <option value=\"165\">Norge<\/option>\n                  <option value=\"166\">Oman<\/option>\n                  <option value=\"167\">Pakistan<\/option>\n                  <option value=\"168\">Palau<\/option>\n                  <option value=\"169\">Palestina<\/option>\n                  <option value=\"170\">Panama<\/option>\n                  <option value=\"171\">Papua Nya Guinea<\/option>\n                  <option value=\"172\">Paraguay<\/option>\n                  <option value=\"173\">Peru<\/option>\n                  <option value=\"174\">Filippinerna<\/option>\n                  <option value=\"176\">Polen<\/option>\n                  <option value=\"177\">Portugal<\/option>\n                  <option value=\"179\">Qatar<\/option>\n                  <option value=\"183\">R\u00e9union<\/option>\n                  <option value=\"180\">Rum\u00e4nien<\/option>\n                  <option value=\"181\">Ryssland<\/option>\n                  <option value=\"182\">Rwanda<\/option>\n                  <option value=\"184\">Saint-Barth\u00e9lemy<\/option>\n                  <option value=\"186\">Saint Kitts och Nevis<\/option>\n                  <option value=\"187\">Saint Lucia<\/option>\n                  <option value=\"188\">Saint-Martin (franska delen)<\/option>\n                  <option value=\"189\">Saint-Pierre och Miquelon<\/option>\n                  <option value=\"190\">Saint Vincent och Grenadinerna<\/option>\n                  <option value=\"191\">Samoa<\/option>\n                  <option value=\"192\">San Marino<\/option>\n                  <option value=\"193\">S\u00e3o Tom\u00e9 och Pr\u00edncipe<\/option>\n                  <option value=\"194\">Saudiarabien<\/option>\n                  <option value=\"195\">Senegal<\/option>\n                  <option value=\"196\">Serbien<\/option>\n                  <option value=\"197\">Seychellerna<\/option>\n                  <option value=\"198\">Sierra Leone<\/option>\n                  <option value=\"199\">Singapore<\/option>\n                  <option value=\"200\">Slovakien<\/option>\n                  <option value=\"201\">Slovakien<\/option>\n                  <option value=\"202\">Slovenien<\/option>\n                  <option value=\"203\">Salomon\u00f6arna<\/option>\n                  <option value=\"204\">Somalia<\/option>\n                  <option value=\"205\">Sydafrika<\/option>\n                  <option value=\"206\">Sydgeorgien och Sydsandwich\u00f6arna<\/option>\n                  <option value=\"207\">Sydsudan<\/option>\n                  <option value=\"208\">Spanien<\/option>\n                  <option value=\"209\">Sri Lanka<\/option>\n                  <option value=\"210\">Sudan<\/option>\n                  <option value=\"211\">Surinam<\/option>\n                  <option value=\"212\">Svalbard och Jan Mayen<\/option>\n                  <option value=\"213\">Eswatini<\/option>\n                  <option value=\"214\" selected>Sverige<\/option>\n                  <option value=\"215\">Schweiz<\/option>\n                  <option value=\"216\">Syrien<\/option>\n                  <option value=\"217\">Taiwan<\/option>\n                  <option value=\"218\">Tadzjikistan<\/option>\n                  <option value=\"219\">Tanzania<\/option>\n                  <option value=\"220\">Thailand<\/option>\n                  <option value=\"221\">\u00d6sttimor<\/option>\n                  <option value=\"222\">Togo<\/option>\n                  <option value=\"223\">Tokelau<\/option>\n                  <option value=\"224\">Tonga<\/option>\n                  <option value=\"225\">Trinidad och Tobago<\/option>\n                  <option value=\"226\">Tunisien<\/option>\n                  <option value=\"227\">Turkiet<\/option>\n                  <option value=\"228\">Turkmenistan<\/option>\n                  <option value=\"229\">Turks- och Caicos\u00f6arna<\/option>\n                  <option value=\"231\">Uganda<\/option>\n                  <option value=\"232\">Ukraina<\/option>\n                  <option value=\"233\">F\u00f6renade Arabemiraten<\/option>\n                  <option value=\"234\">Storbritannien<\/option>\n                  <option value=\"235\">USA<\/option>\n                  <option value=\"236\">USA:s yttre \u00f6ar<\/option>\n                  <option value=\"237\">Uruguay<\/option>\n                  <option value=\"238\">Uzbekistan<\/option>\n                  <option value=\"239\">Vanuatu<\/option>\n                  <option value=\"240\">Venezuela<\/option>\n                  <option value=\"241\">Vietnam<\/option>\n                  <option value=\"242\">Brittiska Jungfru\u00f6arna<\/option>\n                  <option value=\"244\">Wallis- och Futuna\u00f6arna<\/option>\n                  <option value=\"245\">V\u00e4stsahara<\/option>\n                  <option value=\"246\">Jemen<\/option>\n                  <option value=\"247\">Zambia<\/option>\n                  <option value=\"248\">Zimbabwe<\/option>\n                <\/select>\n              <\/div>\n            <\/div>\n          <\/div>\n          <div class=\"row mb-3\">\n            <div class=\"col text-center\">\n            <\/div>\n          <\/div>\n          <div class=\"row mb-5\">\n            <div class=\"col\">\n              <div class=\"g-recaptcha\" data-sitekey=\"6Lf59Q4TAAAAAPvB4zTwqM-Ak14r8nq7O3jkff-z\"\n                data-callback=\"recaptcha_callback\"><\/div>\n            <\/div>\n            <div class=\"col\">\n              <div class=\"d-block\">\n                <input type=\"checkbox\" name=\"AcceptGDPR\" class=\"form-check-input\" id=\"check1\" autocomplete=\"off\"\n                  required>\n                <label class=\"form-check-label\" for=\"check1\">Jag godk\u00e4nner <a\n                    href=\"https:\/\/ip1sms.com\/files\/iP1-tjansteavtal.pdf\">villkoren<\/a><\/label>\n              <\/div>\n              <div class=\"d-block\">\n                <input type=\"checkbox\" name=\"Subscribe\" class=\"form-check-input\" id=\"check2\" autocomplete=\"off\">\n                <label class=\"form-check-label\" for=\"check2\">Jag vill ha nyheter &#038; erbjudanden<\/label>\n                <input name=\"\" id=\"adconversion\" type=\"hidden\" value=\"\" \/>\n                <input name=\"Referrer\" id=\"referrer\" type=\"hidden\" value=\"\" \/>\n              <\/div>\n            <\/div>\n          <\/div>\n          <div class=\"row mt-3\">\n            <div class=\"col text-center\">\n              <button id=\"trialRegistration\" class=\"btn btn-lg btn-ip1\" type=\"submit\">Skapa testkonto<\/button>\n            <\/div>\n          <\/div>\n        <\/div>\n        <div id=\"trialStatusContainer\" class=\"row mt-5 mb-2\">\n          <div class=\"col\"><\/div>\n        <\/div>\n      <\/form>\n    <\/div>\n    <div class=\"carousel-item\">\n      <div class=\"row\">\n        <div class=\"col\">\n          <h3>Ditt testkonto \u00e4r nu skapat! <i class=\"fa-solid fa-badge-check\"><\/i><\/h3>\n          <h4>Kolla din mail-inkorg f\u00f6r att skapa ditt l\u00f6senord och f\u00e5 tillg\u00e5ng till webbtj\u00e4nsterna!<\/h4>\n        <\/div>\n      <\/div>\n    <\/div>\n  <\/div>\n<\/div>\n\n<script>\n var referrerField = document.getElementById('referrer');\n  var adConversion = document.getElementById('adconversion');\n\n  var referrer = document.referrer.split('\/')[2];\n\n  var urlParams = new URLSearchParams(window.location.search);\n  var paid = urlParams.get('gclid');\n\n  if (referrer) {\n    referrerField.value = referrer;\n  }\n\n  if (paid) {\n    adConversion.value = paid;\n  }\n<\/script>\n<\/div>\n<\/div>\n\n\n\n<div class=\"wp-block-columns justify-content-center mt-5 has-white-background-color has-background is-layout-flex wp-container-core-columns-is-layout-9d6595d7 wp-block-columns-is-layout-flex\">\n<div class=\"wp-block-column is-layout-flow wp-block-column-is-layout-flow\" style=\"flex-basis:70%\">\n<div class=\"wp-block-columns is-layout-flex wp-container-core-columns-is-layout-9d6595d7 wp-block-columns-is-layout-flex\">\n<div class=\"wp-block-column is-layout-flow wp-block-column-is-layout-flow\">\n<h3 class=\"wp-block-heading\" id=\"h-prova-forutsattningslost\"><i class=\"fa-solid fa-badge-check\" style=\"color: #89b642\"><\/i> Prova f\u00f6ruts\u00e4ttningsl\u00f6st<\/h3>\n\n\n\n<p>\u00d6ppnandet av ett testkonto inneb\u00e4r inga som helst k\u00f6pf\u00f6rpliktelser efter pr\u00f6votidens slut. Vid pr\u00f6votidens slut st\u00e4ngs testkontot ned om kunden inte aktivt v\u00e4ljer att forts\u00e4tta genom att best\u00e4lla n\u00e5gon av iP.1:s SMS-tj\u00e4nster.<\/p>\n<\/div>\n\n\n\n<div class=\"wp-block-column is-layout-flow wp-block-column-is-layout-flow\">\n<h3 class=\"wp-block-heading\" id=\"h-integritet-amp-sakerhet\"><i class=\"fa-solid fa-shield-check\" style=\"color: #89b642\"><\/i> Integritet &amp; S\u00e4kerhet<\/h3>\n\n\n\n<p>iP.1 Networks AB garanterar att din information \u00e4r trygg hos oss. Dina uppgifter kommer aldrig att l\u00e4mnas ut till trejdepart i n\u00e5got marknadsf\u00f6rnings syfte.<\/p>\n<\/div>\n<\/div>\n<\/div>\n<\/div>\n\n\n\n<div class=\"wp-block-columns p-5 justify-content-center has-background is-layout-flex wp-container-core-columns-is-layout-9d6595d7 wp-block-columns-is-layout-flex\" style=\"background-color:#fafafa\">\n<div class=\"wp-block-column px-5 is-layout-flow wp-block-column-is-layout-flow\" style=\"flex-basis:23%\">\n<p class=\"has-text-align-center\"><a href=\"https:\/\/ip1sms.com\/files\/iP1-tjansteavtal.pdf\">Tj\u00e4nsteavtal<\/a><\/p>\n<\/div>\n\n\n\n<div class=\"wp-block-column px-5 is-layout-flow wp-block-column-is-layout-flow\" style=\"flex-basis:23%\">\n<p class=\"has-text-align-center\"><a href=\"https:\/\/ip1sms.com\/files\/iP1-integritetspolicy.pdf\">Integritetspolicy<\/a><\/p>\n<\/div>\n\n\n\n<div class=\"wp-block-column px-5 is-layout-flow wp-block-column-is-layout-flow\" style=\"flex-basis:23%\">\n<p class=\"has-text-align-center\"><a href=\"https:\/\/ip1sms.com\/files\/iP1-personuppgiftsbitradesavtal.pdf\">PUB-avtal<\/a><\/p>\n<\/div>\n<\/div>\n","protected":false},"excerpt":{"rendered":"<p>Skapa ett kostnadsfritt testkonto S\u00e5 kul att du vill prova v\u00e5ra f\u00f6retagstj\u00e4nster! Fyll i formul\u00e4ret nedan f\u00f6r att skapa ett kostnadsfritt testkonto. Du binder inte upp dig till att forts\u00e4tta anv\u00e4nda v\u00e5ra tj\u00e4nster och du kan avsluta din testperiod n\u00e4r du vill. F\u00f6retagsnamn F\u00f6rnamn Efternamn Email address Land Afghanistan\u00c5landAlbanienAlgerietAndorraAngolaAnguillaAntarktisAntigua och BarbudaArgentinaArmenienArubaAustralien\u00d6sterrikeAzerbajdzjanBahamasBahrainBangladeshBarbadosBelarusBelgienBelizeBeninBermudaBhutanBoliviaBonaire, Sint Eustatius och SabaBosnien [&hellip;]<\/p>\n","protected":false},"author":1,"featured_media":0,"parent":0,"menu_order":0,"comment_status":"closed","ping_status":"closed","template":"","meta":{"footnotes":""},"categories":[],"tags":[],"class_list":["post-4739","page","type-page","status-publish","hentry"],"_links":{"self":[{"href":"https:\/\/ip1sms.com\/en\/wp-json\/wp\/v2\/pages\/4739","targetHints":{"allow":["GET"]}}],"collection":[{"href":"https:\/\/ip1sms.com\/en\/wp-json\/wp\/v2\/pages"}],"about":[{"href":"https:\/\/ip1sms.com\/en\/wp-json\/wp\/v2\/types\/page"}],"author":[{"embeddable":true,"href":"https:\/\/ip1sms.com\/en\/wp-json\/wp\/v2\/users\/1"}],"replies":[{"embeddable":true,"href":"https:\/\/ip1sms.com\/en\/wp-json\/wp\/v2\/comments?post=4739"}],"version-history":[{"count":0,"href":"https:\/\/ip1sms.com\/en\/wp-json\/wp\/v2\/pages\/4739\/revisions"}],"wp:attachment":[{"href":"https:\/\/ip1sms.com\/en\/wp-json\/wp\/v2\/media?parent=4739"}],"wp:term":[{"taxonomy":"category","embeddable":true,"href":"https:\/\/ip1sms.com\/en\/wp-json\/wp\/v2\/categories?post=4739"},{"taxonomy":"post_tag","embeddable":true,"href":"https:\/\/ip1sms.com\/en\/wp-json\/wp\/v2\/tags?post=4739"}],"curies":[{"name":"wp","href":"https:\/\/api.w.org\/{rel}","templated":true}]}}