{"id":4600,"date":"2025-05-06T12:50:24","date_gmt":"2025-05-06T12:50:24","guid":{"rendered":"https:\/\/ip1sms.com\/?page_id=4600"},"modified":"2025-12-10T14:22:52","modified_gmt":"2025-12-10T14:22:52","slug":"rcs","status":"publish","type":"page","link":"https:\/\/ip1sms.com\/en\/rcs\/","title":{"rendered":"RCS"},"content":{"rendered":"<div class=\"wp-block-custom-ip1-service-page-header-block wp-block-group is-layout-constrained wp-block-group-is-layout-constrained\"><div class=\"wp-block-group__inner-container\"><div class=\"row g-0 justify-content-center align-items-center ip1-service-page-header gradient-box ripple\"><div class=\"col-md-9 col-sm-12\"><div class=\"wp-block-columns are-vertically-aligned-center is-layout-flex wp-container-core-columns-layout-1 wp-block-columns-is-layout-flex\"><div class=\"wp-block-column is-vertically-aligned-center is-layout-flow wp-block-column-is-layout-flow\" style=\"flex-basis:33.33%\"><img decoding=\"async\" src=\"\/wp-content\/uploads\/2024\/03\/sms-services-for-all.svg\" alt=\"SMS services from iP.1\"\/><\/div><div class=\"wp-block-column is-vertically-aligned-center is-layout-flow wp-block-column-is-layout-flow\" style=\"flex-basis:66.66%\"><h1 class=\"wp-block-heading\">RCS - Rich Communication Services<\/h1><p class=\"paragraph1\"><\/p><p class=\"paragraph2\"><\/p><\/div><\/div><\/div><\/div><\/div><\/div>\n\n\n\n<div class=\"wp-block-custom-ip1-conversion-button-block row g-0 concave align-items-center text-center\"><div class=\"col\"><div class=\"link-button\"><a href=\"\/en\/trial-account\/\" id=\"rcs-prospect\" class=\"btn btn-ip1 get-started\">Create test account for SMS service<\/a><a href=\"#\" id=\"secondary-general-trial\" class=\"btn btn-outline-ip1 ms-2 sign-in\" data-bs-toggle=\"modal\" data-bs-target=\"#contact-modal\">Express interest in RCS<\/a><\/div><\/div><\/div>\n\n\n\n<div class=\"wp-block-columns justify-content-center has-white-background-color has-background is-layout-flex wp-container-core-columns-is-layout-9d6595d7 wp-block-columns-is-layout-flex\">\n<div class=\"wp-block-column is-layout-flow wp-block-column-is-layout-flow\" style=\"flex-basis:70%\">\n<h2 class=\"wp-block-heading\" id=\"h-rcs-ett-smart-satt-att-kommunicera\">RCS \u2013 A smart way to communicate<\/h2>\n\n\n\n<p>RCS offers a completely new way to send messages with rich content, such as images, videos, and buttons, to create an entirely new form of interaction between the sender and the recipient. Thanks to the technology, it is also possible to create automated bots that the recipient communicates with directly via their mobile phone, for example, when booking trips, using customer support, or handling other types of daily errands that require fast and effective management.<\/p>\n<\/div>\n<\/div>\n\n\n\n<div class=\"wp-block-columns justify-content-center has-background is-layout-flex wp-container-core-columns-is-layout-9d6595d7 wp-block-columns-is-layout-flex\" style=\"background-color:#fafafa\">\n<div class=\"wp-block-column is-layout-flow wp-block-column-is-layout-flow\" style=\"flex-basis:70%\">\n<h3 class=\"wp-block-heading\" id=\"h-interaktiva-funktioner\">Interactive features<\/h3>\n\n\n\n<p>RCS also supports features that SMS has lacked, such as read receipts and verified senders, which makes communication with your customers a secure channel where you can follow up on whether your message has been delivered and read, right down to the recipient level!<\/p>\n\n\n\n<h3 class=\"wp-block-heading\" id=\"h-kan-alla-ta-emot-rcs\">Can everyone receive RCS?<\/h3>\n\n\n\n<p>In Sweden, most operators support RCS to and between Android devices. Support for Apple devices is currently not available in Sweden and is being evaluated by the operators, as support for the technology was added to RCS in iOS 18.<\/p>\n\n\n\n<h3 class=\"wp-block-heading\" id=\"h-vad-hander-om-mottagaren-inte-har-stod-for-rcs\">What happens if the recipient doesn't support RCS?<\/h3>\n\n\n\n<p>Every time you send an RCS message, a check is performed to see if the device supports the protocol before it's sent. If the device in question supports RCS, your message is sent. If the device doesn't support it, a standard SMS is sent instead, and all interactive elements are converted to links or images completely automatically.<\/p>\n<\/div>\n<\/div>\n\n\n\n<p><\/p>","protected":false},"excerpt":{"rendered":"<p>RCS &#8211; Ett smart s\u00e4tt att kommunicera RCS erbjuder ett helt nytt s\u00e4tt att skicka meddelanden med rikt inneh\u00e5ll, s\u00e5 som bilder, videos och knappar, f\u00f6r att skapa en helt ny form av interaktion mellan avs\u00e4ndaren och mottagaren. Tack vare tekniken kan man ocks\u00e5 skapa automatiserade botar som mottagaren kommunicerar med direkt via mobiltelefonen, vid [&hellip;]<\/p>\n","protected":false},"author":1,"featured_media":0,"parent":0,"menu_order":0,"comment_status":"closed","ping_status":"closed","template":"","meta":{"footnotes":""},"categories":[],"tags":[],"class_list":["post-4600","page","type-page","status-publish","hentry"],"_links":{"self":[{"href":"https:\/\/ip1sms.com\/en\/wp-json\/wp\/v2\/pages\/4600","targetHints":{"allow":["GET"]}}],"collection":[{"href":"https:\/\/ip1sms.com\/en\/wp-json\/wp\/v2\/pages"}],"about":[{"href":"https:\/\/ip1sms.com\/en\/wp-json\/wp\/v2\/types\/page"}],"author":[{"embeddable":true,"href":"https:\/\/ip1sms.com\/en\/wp-json\/wp\/v2\/users\/1"}],"replies":[{"embeddable":true,"href":"https:\/\/ip1sms.com\/en\/wp-json\/wp\/v2\/comments?post=4600"}],"version-history":[{"count":0,"href":"https:\/\/ip1sms.com\/en\/wp-json\/wp\/v2\/pages\/4600\/revisions"}],"wp:attachment":[{"href":"https:\/\/ip1sms.com\/en\/wp-json\/wp\/v2\/media?parent=4600"}],"wp:term":[{"taxonomy":"category","embeddable":true,"href":"https:\/\/ip1sms.com\/en\/wp-json\/wp\/v2\/categories?post=4600"},{"taxonomy":"post_tag","embeddable":true,"href":"https:\/\/ip1sms.com\/en\/wp-json\/wp\/v2\/tags?post=4600"}],"curies":[{"name":"wp","href":"https:\/\/api.w.org\/{rel}","templated":true}]}}