{"id":454,"date":"2023-11-23T13:47:09","date_gmt":"2023-11-23T12:47:09","guid":{"rendered":"http:\/\/localhost\/wordpress\/?page_id=454"},"modified":"2026-01-08T12:38:14","modified_gmt":"2026-01-08T12:38:14","slug":"summary","status":"publish","type":"page","link":"https:\/\/ip1sms.com\/en\/developer\/summary\/","title":{"rendered":"Summary Contacts"},"content":{"rendered":"\n<div class=\"wp-block-columns is-layout-flex wp-container-core-columns-is-layout-9d6595d7 wp-block-columns-is-layout-flex\">\n<div class=\"wp-block-column p-5 is-layout-flow wp-block-column-is-layout-flow\" style=\"flex-basis:85%\">\n<div data-bs-spy=\"scroll\" data-bs-target=\"#developer-sub-menu\" data-bs-root-margin=\"0px 0px -40%\" data-bs-smooth-scroll=\"true\" tabindex=\"0\">\n\n\n\n<h1 class=\"wp-block-heading\" id=\"h-sammanfattning-kontakter\">Sammanfattning kontakter<\/h1>\n\n\n\n<h2 class=\"wp-block-heading my-5\" id=\"h-quick-start\">Quick start<\/h2>\n\n\n\n<p>Anv\u00e4nd exemplet nedan och byt ut \u201cAPI_NYCKEL\u201d mot en bearer token som du skapar i anv\u00e4ndarportalen<\/p>\n\n\n<div class=\"wp-block-syntaxhighlighter-code \"><pre class=\"brush: csharp; title: ; notranslate\" title=\"\">\ncurl -X GET &quot;https:\/\/api.ip1sms.com\/v2\/contacts\/meta&quot; \\\n-H &quot;Authorization: Bearer API_NYCKEL&quot; \\\n-H &quot;Content-Type: application\/json&quot; \\\n<\/pre><\/div>\n\n\n<hr class=\"wp-block-separator has-alpha-channel-opacity my-5\"\/>\n\n\n\n<h2 class=\"wp-block-heading\" id=\"h-anrop\">Anrop<\/h2>\n\n\n\n<p>Endpoint: v2\/contacts\/meta<\/p>\n\n\n\n<p>Metod: <code>GET<\/code><\/p>\n\n\n\n<p>Denna endpoint tillhandah\u00e5ller en summering av den kontaktdata som \u00e4r lagrad i kontaktsystemet<\/p>\n\n\n\n<h3 class=\"wp-block-heading\" id=\"h-exempel-pa-anrop\">Exempel p\u00e5 anrop<\/h3>\n\n\n<div class=\"wp-block-syntaxhighlighter-code \"><pre class=\"brush: csharp; title: ; notranslate\" title=\"\">\nhttps:\/\/api.ip1sms.com\/v2\/contacts\/meta\n<\/pre><\/div>\n\n\n<hr class=\"wp-block-separator has-alpha-channel-opacity my-5\"\/>\n\n\n\n<h2 class=\"wp-block-heading my-5\" id=\"h-respons\">Respons<\/h2>\n\n\n\n<h3 class=\"wp-block-heading my-5\" id=\"h-exempel-pa-responsdata\">Exempel p\u00e5 responsdata<\/h3>\n\n\n<div class=\"wp-block-syntaxhighlighter-code \"><pre class=\"brush: plain; title: ; notranslate\" title=\"\">\n{\n  &quot;totalCount&quot;: 10,\n  &quot;labels&quot;: &#x5B;\n    {\n      &quot;labelName&quot;: &quot;all&quot;,\n      &quot;usageCount&quot;: 10\n    },\n    {\n      &quot;labelName&quot;: &quot;Customer&quot;,\n      &quot;usageCount&quot;: 7\n    },\n    {\n      &quot;labelName&quot;: &quot;Coworker&quot;,\n      &quot;usageCount&quot;: 3\n    }\n  ],\n  &quot;properties&quot;: &#x5B;\n    {\n      &quot;propertyName&quot;: &quot;email&quot;,\n      &quot;usageCount&quot;: 9,\n      &quot;averageLength&quot;: 20,\n      &quot;maxLength&quot;: 26,\n      &quot;minLength&quot;: 16\n    },\n    {\n      &quot;propertyName&quot;: &quot;firstName&quot;,\n      &quot;usageCount&quot;: 10,\n      &quot;averageLength&quot;: 5,\n      &quot;maxLength&quot;: 6,\n      &quot;minLength&quot;: 3\n    },\n    {\n      &quot;propertyName&quot;: &quot;lastName&quot;,\n      &quot;usageCount&quot;: 10,\n      &quot;averageLength&quot;: 7,\n      &quot;maxLength&quot;: 12,\n      &quot;minLength&quot;: 5\n    },\n    {\n      &quot;propertyName&quot;: &quot;department&quot;,\n      &quot;usageCount&quot;: 10,\n      &quot;averageLength&quot;: 4,\n      &quot;maxLength&quot;: 8,\n      &quot;minLength&quot;: 3\n    },\n    {\n      &quot;propertyName&quot;: &quot;phoneNumber&quot;,\n      &quot;usageCount&quot;: 10,\n      &quot;averageLength&quot;: 12,\n      &quot;maxLength&quot;: 12,\n      &quot;minLength&quot;: 12\n    }\n  ]\n}\n<\/pre><\/div>\n\n\n<h3 class=\"wp-block-heading my-5\" id=\"h-falt-for-responsdata\">F\u00e4lt f\u00f6r responsdata<\/h3>\n\n\n\n<div class=\"responsive-table\">\n  <table class=\"table table-dark table-striped developer-table\">\n    <thead>\n      <tr>\n        <th>F\u00e4ltnamn<\/th>\n        <th>Typ<\/th>\n        <th>Beskrivning<\/th>\n        <th>Exempel<\/th>\n      <\/tr>\n    <\/thead>\n    <tbody>\n      <tr>\n        <td><strong>totalCount<\/strong><\/td>\n        <td><code>Integer<\/code><\/td>\n        <td>\n          Det totala antalet kontakter lagrade.\n        <\/td>\n        <td>\n          <pre><code>\n\"totalCount\": 10\n      <\/code><\/pre>\n        <\/td>\n      <\/tr>\n      <tr>\n        <td><strong>labels<\/strong><\/td>\n        <td><code>Array<\/code><\/td>\n        <td>\n          En post f\u00f6r varje anv\u00e4nd etikett.\n        <\/td>\n        <td>\n          <pre><code>\n\"labels\": [\n    {\n      \"labelName\": \"all\",\n      \"usageCount\": 10\n    }\n],\n      <\/code><\/pre>\n        <\/td>\n      <\/tr>\n      <tr>\n        <td><strong>labels.labelName<\/strong><\/td>\n        <td><code>string<\/code><\/td>\n        <td>\n          Det totala antalet kontakter lagrade.\n        <\/td>\n        <td>\n          <pre><code>\n\"labelName\": \"Customer\"\n      <\/code><\/pre>\n        <\/td>\n      <\/tr>\n      <tr>\n        <td><strong>labels.usageCount<\/strong><\/td>\n        <td><code>Integer<\/code><\/td>\n        <td>\n          Det totala antalet kontakter lagrade.\n        <\/td>\n        <td>\n          <pre><code>\n\"usageCount\": 7\n      <\/code><\/pre>\n        <\/td>\n      <\/tr>\n      <tr>\n        <td><strong>properties<\/strong><\/td>\n        <td><code>Array<\/code><\/td>\n        <td>\n          En post f\u00f6r varje anv\u00e4nd egenskap.\n        <\/td>\n        <td>\n          <pre><code>\n\"properties\": [\n    {\n      \"propertyName\": \"phoneNumber\",\n      \"usageCount\": 10,\n      \"averageLength\": 12,\n      \"maxLength\": 12,\n      \"minLength\": 12\n    }\n]\n<\/code>\n<\/pre>\n        <\/td>\n      <\/tr>\n      <tr>\n        <td><strong>properties.propertyName<\/strong><\/td>\n        <td><code>String<\/code><\/td>\n        <td>\n          Namnet\/nyckeln f\u00f6r egenskapen.\n        <\/td>\n        <td>\n          <pre><code>\n\"propertyName\": \"phoneNumber\"\n      <\/code><\/pre>\n        <\/td>\n      <\/tr>\n      <tr>\n        <td><strong>properties.usageCount<\/strong><\/td>\n        <td><code>Integer<\/code><\/td>\n        <td>\n          Antalet kontakter som har ett v\u00e4rde f\u00f6r egenskapen.\n        <\/td>\n        <td>\n          <pre><code>\n\"usageCount\": 10\n      <\/code><\/pre>\n        <\/td>\n      <\/tr>\n      <tr>\n        <td>properties.averageLength<\/td>\n        <td><code>Integer<\/code><\/td>\n        <td>Den genomsnittliga l\u00e4ngden p\u00e5 egenskapen bland lagrade kontakter.<\/td>\n        <td>\n          <pre><code>\n\"averageLength\": 4\n      <\/code><\/pre>\n        <\/td>\n      <\/tr>\n      <tr>\n        <td><strong>properties.maxLength<\/strong><\/td>\n        <td><code>Integer<\/code><\/td>\n        <td>\n          Det l\u00e4ngsta v\u00e4rdet f\u00f6r egenskapen bland lagrade kontakten.\n        <\/td>\n        <td>\n          <pre><code>\n\"maxLength\": 12\n      <\/code><\/pre>\n        <\/td>\n      <\/tr>\n      <tr>\n        <td><strong>properties.minLength<\/strong><\/td>\n        <td><code>Integer<\/code><\/td>\n        <td>\n          Det kortaste v\u00e4rdet f\u00f6r egenskapen bland lagrade kontakten.\n        <\/td>\n        <td>\n          <pre><code>\n\"minLength\": 12\n      <\/code><\/pre>\n        <\/td>\n      <\/tr>\n    <\/tbody>\n  <\/table>\n<\/div>\n\n\n\n<\/div>\n<\/div>\n\n\n\n<div class=\"wp-block-column is-layout-flow wp-block-column-is-layout-flow\" style=\"flex-basis:15%\">\n<nav id=\"developer-sub-menu\" class=\"navbar sticky-top\">\n    <nav class=\"nav bg-light flex-column\">\n        <a class=\"nav-link font-weight-bold\" href=\"#h-anrop\">Anrop<\/a>\n        <a class=\"nav-link font-weight-bold\" href=\"#h-respons\">Respons<\/a>\n        <nav class=\"nav\">\n            <a class=\"nav-link text-muted\" href=\"#h-exempel-pa-responsdata\">Exempel p\u00e5 responsdata<\/a>\n            <a class=\"nav-link text-muted\" href=\"#h-falt-for-responsdata\">F\u00e4lt f\u00f6r responsdata<\/a>\n        <\/nav>\n    <\/nav>\n<\/nav>\n<\/div>\n<\/div>\n","protected":false},"excerpt":{"rendered":"<p>Sammanfattning kontakter Quick start Anv\u00e4nd exemplet nedan och byt ut \u201cAPI_NYCKEL\u201d mot en bearer token som du skapar i anv\u00e4ndarportalen Anrop Endpoint: v2\/contacts\/meta Metod: GET Denna endpoint tillhandah\u00e5ller en summering av den kontaktdata som \u00e4r lagrad i kontaktsystemet Exempel p\u00e5 anrop Respons Exempel p\u00e5 responsdata F\u00e4lt f\u00f6r responsdata F\u00e4ltnamn Typ Beskrivning Exempel totalCount Integer Det [&hellip;]<\/p>\n","protected":false},"author":1,"featured_media":0,"parent":382,"menu_order":0,"comment_status":"closed","ping_status":"closed","template":"developer.php","meta":{"footnotes":""},"categories":[4],"tags":[26],"class_list":["post-454","page","type-page","status-publish","hentry","category-api-dokumention","tag-sms"],"_links":{"self":[{"href":"https:\/\/ip1sms.com\/en\/wp-json\/wp\/v2\/pages\/454","targetHints":{"allow":["GET"]}}],"collection":[{"href":"https:\/\/ip1sms.com\/en\/wp-json\/wp\/v2\/pages"}],"about":[{"href":"https:\/\/ip1sms.com\/en\/wp-json\/wp\/v2\/types\/page"}],"author":[{"embeddable":true,"href":"https:\/\/ip1sms.com\/en\/wp-json\/wp\/v2\/users\/1"}],"replies":[{"embeddable":true,"href":"https:\/\/ip1sms.com\/en\/wp-json\/wp\/v2\/comments?post=454"}],"version-history":[{"count":0,"href":"https:\/\/ip1sms.com\/en\/wp-json\/wp\/v2\/pages\/454\/revisions"}],"up":[{"embeddable":true,"href":"https:\/\/ip1sms.com\/en\/wp-json\/wp\/v2\/pages\/382"}],"wp:attachment":[{"href":"https:\/\/ip1sms.com\/en\/wp-json\/wp\/v2\/media?parent=454"}],"wp:term":[{"taxonomy":"category","embeddable":true,"href":"https:\/\/ip1sms.com\/en\/wp-json\/wp\/v2\/categories?post=454"},{"taxonomy":"post_tag","embeddable":true,"href":"https:\/\/ip1sms.com\/en\/wp-json\/wp\/v2\/tags?post=454"}],"curies":[{"name":"wp","href":"https:\/\/api.w.org\/{rel}","templated":true}]}}