{"id":453,"date":"2023-11-23T13:46:31","date_gmt":"2023-11-23T12:46:31","guid":{"rendered":"http:\/\/localhost\/wordpress\/?page_id=453"},"modified":"2026-01-09T12:16:30","modified_gmt":"2026-01-09T12:16:30","slug":"labels","status":"publish","type":"page","link":"https:\/\/ip1sms.com\/en\/developer\/labels\/","title":{"rendered":"Labels"},"content":{"rendered":"\n<div class=\"wp-block-columns is-layout-flex wp-container-core-columns-is-layout-9d6595d7 wp-block-columns-is-layout-flex\">\n<div class=\"wp-block-column p-5 is-layout-flow wp-block-column-is-layout-flow\" style=\"flex-basis:85%\">\n<div data-bs-spy=\"scroll\" data-bs-target=\"#developer-sub-menu\" data-bs-root-margin=\"0px 0px -40%\" data-bs-smooth-scroll=\"true\" tabindex=\"0\">\n\n\n\n<h1 class=\"wp-block-heading\" id=\"h-hantera-etiketter\">Hantera etiketter<\/h1>\n\n\n\n<p>Dessa endpoints uppdaterar en samtliga kontakter i perspektivet fr\u00e5n en etikett och returnerar en sammanfattning av etiketten i fr\u00e5ga.<\/p>\n\n\n\n<hr class=\"wp-block-separator has-alpha-channel-opacity my-5\"\/>\n\n\n\n<h2 class=\"wp-block-heading my-5\" id=\"h-quickstart\">Quickstart<\/h2>\n\n\n<div class=\"wp-block-syntaxhighlighter-code \"><pre class=\"brush: plain; title: ; notranslate\" title=\"\">\ncurl -X POST &quot;https:\/\/api.ip1sms.com\/v2\/labels\/{labelName}\/contacts&quot; \\\n-H &quot;Authorization: Bearer API_NYCKEL&quot; \\\n-H &quot;Content-Type: application\/json&quot; \\\n-d &#039;&#x5B;\n  &quot;5d8b19f972c0b7514c5b0f&quot;\n  &quot;5d8b19f972c0b7515c5b0f&quot;\n  &quot;5d8b19f972c0b7516c5b0f&quot;\n]&#039;\n<\/pre><\/div>\n\n\n<h2 class=\"wp-block-heading my-5\" id=\"h-anrop\">Anrop<\/h2>\n\n\n\n<h3 class=\"wp-block-heading my-5\" id=\"h-lagg-till-en-etikett-for-flera-kontakter\">L\u00e4gg till en etikett f\u00f6r flera kontakter<\/h3>\n\n\n\n<p>Denna endpoint l\u00e5ter dig l\u00e4gga till en etikett till m\u00e5nga kontakter samtidigt. Den tar en samling kontakt-ID:n<\/p>\n\n\n\n<p>Endpoint: \/v2\/labels\/{labelName}\/contacts<\/p>\n\n\n\n<p>Metod: <code>POST<\/code><\/p>\n\n\n\n<h4 class=\"wp-block-heading my-5\" id=\"h-anropsdata\">Anropsdata<\/h4>\n\n\n\n<div class=\"responsive-table\">\n<table class=\"table table-dark table-striped developer-table\">\n  <thead>\n    <tr>\n      <th>Typ<\/th>\n      <th>Beskrivning<\/th>\n      <th>Obligatoriskt<\/th>\n      <th>Exempel<\/th>\n    <\/tr>\n  <\/thead>\n  <tbody>\n    <tr>\n      <td><code>Array<\/code><\/td>\n      <td>\n        En lista med kontakt-idn d\u00e4r etiketten ska l\u00e4ggas till.\n      <\/td>\n      <td>Ja<\/td>\n      <td><pre><code>\n[\n  \"5d8b19f972c0b7514c5b0f\"\n  \"5d8b19f972c0b7515c5b0f\"\n  \"5d8b19f972c0b7516c5b0f\"\n]\n      <\/code><\/pre><\/td>\n    <\/tr>\n  <\/tbody>\n<\/table>\n<\/div>\n\n\n\n<h4 class=\"wp-block-heading my-5\" id=\"h-falt-for-anrop\">F\u00e4lt f\u00f6r anrop<\/h4>\n\n\n\n<div class=\"responsive-table\">\n<table class=\"table table-dark table-striped developer-table\">\n  <thead>\n    <tr>\n      <th>F\u00e4ltnamn<\/th>\n      <th>Typ<\/th>\n      <th>Beskrivning<\/th>\n      <th>Obligatoriskt<\/th>\n      <th>Exempel<\/th>\n    <\/tr>\n  <\/thead>\n  <tbody>\n    <tr>\n      <td>labelName<\/td>\n      <td><code>String<\/code><\/td>\n      <td>\n        Namnet p\u00e5 etiketten som ska l\u00e4ggas till p\u00e5 dina kontakter.\n      <\/td>\n      <td>Ja<\/td>\n      <td><pre><code>\nkunder\n      <\/code><\/pre><\/td>\n    <\/tr>\n  <\/tbody>\n<\/table>\n<\/div>\n\n\n\n<h3 class=\"wp-block-heading my-5\" id=\"h-radera-en-etikett\">Radera en etikett<\/h3>\n\n\n\n<p>Denna endpoint l\u00e5ter dig ta bort en etikett och kan ta bort den fr\u00e5n alla kontakter som har den. Kontakterna \u00e4r annars intakta.<\/p>\n\n\n\n<p>Endpoint: \/v2\/labels\/{labelName}<\/p>\n\n\n\n<p>Metod: <code>DELETE<\/code><\/p>\n\n\n\n<h4 class=\"wp-block-heading my-5\" id=\"h-exempel-pa-anrop\">Exempel p\u00e5 anrop<\/h4>\n\n\n<div class=\"wp-block-syntaxhighlighter-code \"><pre class=\"brush: csharp; title: ; notranslate\" title=\"\">\nhttps:\/\/api.ip1sms.com\/v2\/labels\/kunder\n<\/pre><\/div>\n\n\n<h4 class=\"wp-block-heading my-5\" id=\"h-falt-for-anrop-0\">F\u00e4lt f\u00f6r anrop<\/h4>\n\n\n\n<div class=\"responsive-table\">\n<table class=\"table table-dark table-striped developer-table\">\n  <thead>\n    <tr>\n      <th>F\u00e4ltnamn<\/th>\n      <th>Typ<\/th>\n      <th>Beskrivning<\/th>\n      <th>Exempel<\/th>\n    <\/tr>\n  <\/thead>\n  <tbody>\n    <tr>\n      <td><strong>labelName<\/strong><\/td>\n      <td><code>string<\/code><\/td>\n      <td>\n        Namnet p\u00e5 etiketten du vill radera.\n      <\/td>\n      <td><pre><code>\nkunder\n      <\/code><\/pre><\/td>\n    <\/tr>\n  <\/tbody>\n<\/table>\n<\/div>\n\n\n\n<hr class=\"wp-block-separator has-alpha-channel-opacity my-5\"\/>\n\n\n\n<h2 class=\"wp-block-heading\" id=\"h-respons\">Respons<\/h2>\n\n\n\n<h3 class=\"wp-block-heading my-5\" id=\"h-exempel-pa-respons\">Exempel p\u00e5 respons<\/h3>\n\n\n<div class=\"wp-block-syntaxhighlighter-code \"><pre class=\"brush: plain; title: ; notranslate\" title=\"\">\n{\n  &quot;labelName&quot;: &quot;Coworker&quot;,\n  &quot;usageCount&quot;: 3\n}\n<\/pre><\/div>\n\n\n<h3 class=\"wp-block-heading\" id=\"h-falt-for-respons\">F\u00e4lt f\u00f6r respons<\/h3>\n\n\n\n<div class=\"responsive-table\">\n<table class=\"table table-dark table-striped developer-table\">\n  <thead>\n    <tr>\n      <th>F\u00e4ltnamn<\/th>\n      <th>Typ<\/th>\n      <th>Beskrivning<\/th>\n      <th>Exempel<\/th>\n    <\/tr>\n  <\/thead>\n  <tbody>\n    <tr>\n      <td>labelName<\/td>\n      <td><code>String<\/code><\/td>\n      <td>\n        Namnet p\u00e5 en etikett kopplad till dina kontakter.\n      <\/td>\n      <td><pre><code>\nkunder\n      <\/code><\/pre><\/td>\n    <\/tr>\n    \n    <tr>\n      <td>usageCount<\/td>\n      <td><code>Integer<\/code><\/td>\n      <td>\n        Hur m\u00e5nga kontakter som har etiketten p\u00e5 sig.\n      <\/td>\n      <td><pre><code>\n3\n      <\/code><\/pre><\/td>\n    <\/tr>\n  <\/tbody>\n<\/table>\n<\/div>\n\n\n\n<\/div>\n<\/div>\n\n\n\n<div class=\"wp-block-column is-layout-flow wp-block-column-is-layout-flow\" style=\"flex-basis:15%\">\n<nav id=\"developer-sub-menu\" class=\"navbar sticky-top\">\n    <nav class=\"nav bg-light flex-column\">\n        <a class=\"nav-link font-weight-bold\" href=\"#h-quickstart\">Quickstart<\/a>\n        <a class=\"nav-link font-weight-bold\" href=\"#h-anrop\">Anrop<\/a>\n        <nav class=\"nav\">\n            <a class=\"nav-link text-muted\" href=\"#h-lagg-till-en-etikett-for-flera-kontakter\">L\u00e4gg till en etikett f\u00f6r\n                flera kontakter<\/a>\n            <nav class=\"nav ms-1\">\n                <a class=\"nav-link text-muted\" href=\"#h-anropsdata\">Anropsdata<\/a>\n                <a class=\"nav-link text-muted\" href=\"#h-falt-for-anrop\">F\u00e4lt f\u00f6r anrop<\/a>\n            <\/nav>\n        <\/nav>\n        <nav class=\"nav\">\n            <a class=\"nav-link text-muted\" href=\"#h-radera-en-etikett\">Radera en etikett<\/a>\n            <nav class=\"nav ms-1\">\n                <a class=\"nav-link text-muted\" href=\"#h-exempel-pa-anrop\">Exempel p\u00e5 anrop<\/a>\n                <a class=\"nav-link text-muted\" href=\"#h-falt-for-anrop-0\">F\u00e4lt f\u00f6r anrop<\/a>\n            <\/nav>\n        <\/nav>\n    <\/nav>\n    <nav class=\"nav bg-light\">\n        <a class=\"nav-link font-weight-bold\" href=\"#h-anrop\">Respons<\/a>\n        <nav class=\"nav ms-1\">\n            <a class=\"nav-link text-muted\" href=\"#h-exempel-pa-respons\">Exempel p\u00e5 respons<\/a>\n            <a class=\"nav-link text-muted\" href=\"#h-falt-for-respons\">F\u00e4lt f\u00f6r respons<\/a>\n        <\/nav>\n    <\/nav>\n<\/nav>\n<\/div>\n<\/div>\n","protected":false},"excerpt":{"rendered":"<p>Hantera etiketter Dessa endpoints uppdaterar en samtliga kontakter i perspektivet fr\u00e5n en etikett och returnerar en sammanfattning av etiketten i fr\u00e5ga. Quickstart Anrop L\u00e4gg till en etikett f\u00f6r flera kontakter Denna endpoint l\u00e5ter dig l\u00e4gga till en etikett till m\u00e5nga kontakter samtidigt. Den tar en samling kontakt-ID:n Endpoint: \/v2\/labels\/{labelName}\/contacts Metod: POST Anropsdata Typ Beskrivning Obligatoriskt [&hellip;]<\/p>\n","protected":false},"author":1,"featured_media":0,"parent":382,"menu_order":0,"comment_status":"closed","ping_status":"closed","template":"developer.php","meta":{"footnotes":""},"categories":[4],"tags":[21],"class_list":["post-453","page","type-page","status-publish","hentry","category-api-dokumention","tag-kontakter"],"_links":{"self":[{"href":"https:\/\/ip1sms.com\/en\/wp-json\/wp\/v2\/pages\/453","targetHints":{"allow":["GET"]}}],"collection":[{"href":"https:\/\/ip1sms.com\/en\/wp-json\/wp\/v2\/pages"}],"about":[{"href":"https:\/\/ip1sms.com\/en\/wp-json\/wp\/v2\/types\/page"}],"author":[{"embeddable":true,"href":"https:\/\/ip1sms.com\/en\/wp-json\/wp\/v2\/users\/1"}],"replies":[{"embeddable":true,"href":"https:\/\/ip1sms.com\/en\/wp-json\/wp\/v2\/comments?post=453"}],"version-history":[{"count":0,"href":"https:\/\/ip1sms.com\/en\/wp-json\/wp\/v2\/pages\/453\/revisions"}],"up":[{"embeddable":true,"href":"https:\/\/ip1sms.com\/en\/wp-json\/wp\/v2\/pages\/382"}],"wp:attachment":[{"href":"https:\/\/ip1sms.com\/en\/wp-json\/wp\/v2\/media?parent=453"}],"wp:term":[{"taxonomy":"category","embeddable":true,"href":"https:\/\/ip1sms.com\/en\/wp-json\/wp\/v2\/categories?post=453"},{"taxonomy":"post_tag","embeddable":true,"href":"https:\/\/ip1sms.com\/en\/wp-json\/wp\/v2\/tags?post=453"}],"curies":[{"name":"wp","href":"https:\/\/api.w.org\/{rel}","templated":true}]}}