{"id":452,"date":"2023-11-23T13:46:31","date_gmt":"2023-11-23T12:46:31","guid":{"rendered":"http:\/\/localhost\/wordpress\/?page_id=452"},"modified":"2026-01-14T07:15:56","modified_gmt":"2026-01-14T07:15:56","slug":"contacts","status":"publish","type":"page","link":"https:\/\/ip1sms.com\/en\/developer\/contacts\/","title":{"rendered":"Managing Contacts"},"content":{"rendered":"\n<div class=\"wp-block-columns is-layout-flex wp-container-core-columns-is-layout-9d6595d7 wp-block-columns-is-layout-flex\">\n<div class=\"wp-block-column p-5 is-layout-flow wp-block-column-is-layout-flow\" style=\"flex-basis:85%\">\n<div data-bs-spy=\"scroll\" data-bs-target=\"#developer-sub-menu\" data-bs-root-margin=\"0px 0px -40%\" data-bs-smooth-scroll=\"true\" tabindex=\"0\">\n\n\n\n<h1 class=\"wp-block-heading\" id=\"h-hantera-kontakter\">Hantera kontakter<\/h1>\n\n\n\n<h2 class=\"wp-block-heading my-5\" id=\"h-quick-start\">Quick start<\/h2>\n\n\n\n<p>Anv\u00e4nd exemplet nedan och byt ut \u201cAPI_NYCKEL\u201d mot en bearer token som du skapar i anv\u00e4ndarportalen.<\/p>\n\n\n<div class=\"wp-block-syntaxhighlighter-code \"><pre class=\"brush: csharp; title: ; notranslate\" title=\"\">\ncurl -X GET &quot;https:\/\/api.ip1sms.com\/v2\/contacts\/&quot; \\\n-H &quot;Authorization: Bearer API_NYCKEL&quot; \\\n-H &quot;Content-Type: application\/json&quot; \\\n<\/pre><\/div>\n\n\n<hr class=\"wp-block-separator has-alpha-channel-opacity my-5\"\/>\n\n\n\n<h2 class=\"wp-block-heading my-5\" id=\"h-anrop\">Anrop<\/h2>\n\n\n\n<h3 class=\"wp-block-heading my-5\" id=\"h-las-en-samling-av-kontakter\">L\u00e4s en samling av kontakter<\/h3>\n\n\n\n<p>Endpoint: contacts<\/p>\n\n\n\n<p>Metod: <code>GET<\/code><\/p>\n\n\n\n<p>Denna endpoint ger dig en samling kontakter f\u00f6r vilka du kan se definitionen av kontaktdokumentet nedan. <\/p>\n\n\n\n<h4 class=\"wp-block-heading my-5\" id=\"h-exempel-pa-anrop\">Exempel p\u00e5 anrop<\/h4>\n\n\n<div class=\"wp-block-syntaxhighlighter-code \"><pre class=\"brush: plain; title: ; notranslate\" title=\"\">\nhttps:\/\/api.ip1sms.com\/v2\/contacts\n<\/pre><\/div>\n\n\n<h4 class=\"wp-block-heading my-5\" id=\"h-exempel-pa-anrop-med-filter\">Exempel p\u00e5 anrop med filter<\/h4>\n\n\n\n<p>Denna samling kan \u00e4ven filtreras efter egenskaper, metadata och\/eller etiketter med hj\u00e4lp av fr\u00e5geparametrar. Metadata finns bara om meta l\u00e4ggs till som en query-parameter.<\/p>\n\n\n<div class=\"wp-block-syntaxhighlighter-code \"><pre class=\"brush: csharp; title: ; notranslate\" title=\"\">\nhttps:\/\/api.ip1sms.com\/v2\/contacts?labels=Coworker&amp;properties%5BphoneNumber%5D=%2B46123456789&amp;metadata%5BphoneNumber.isBlocked%5D=false\n<\/pre><\/div>\n\n\n<h3 class=\"wp-block-heading my-5\" id=\"h-las-en-enskild-kontakt\">L\u00e4s en enskild kontakt<\/h3>\n\n\n\n<p>Denna endpoint ger dig en enda specifik kontakt. Metadata finns bara om &#8221;meta&#8221; l\u00e4ggs till som en query parameter<\/p>\n\n\n\n<p>Endpoint: contacts\/{contactId}<\/p>\n\n\n\n<p>Metod: <code>GET<\/code><\/p>\n\n\n\n<h4 class=\"wp-block-heading my-5\" id=\"h-exempel-pa-anrop-0\">Exempel p\u00e5 anrop<\/h4>\n\n\n<div class=\"wp-block-syntaxhighlighter-code \"><pre class=\"brush: plain; title: ; notranslate\" title=\"\">\nhttps:\/\/api.ip1sms.com\/v2\/contacts\/606312a5d233ab8484e18404\n<\/pre><\/div>\n\n\n<h4 class=\"wp-block-heading my-5\" id=\"h-falt-for-anropsdata\">F\u00e4lt f\u00f6r anropsdata<\/h4>\n\n\n\n<div class=\"responsive-table\">\n<table class=\"table table-dark table-striped developer-table\">\n  <thead>\n    <tr>\n      <th>F\u00e4ltnamn<\/th>\n      <th>Typ<\/th>\n      <th>Beskrivning<\/th>\n      <th>Exempel<\/th>\n    <\/tr>\n  <\/thead>\n  <tbody>\n    <tr>\n      <td><strong>contactId<\/strong><\/td>\n      <td><code>String<\/code><\/td>\n      <td>\n        Kontaktens ID.\n      <\/td>\n      <td><pre><code>\n606312a5d233ab8484e18404\n      <\/code><\/pre><\/td>\n    <\/tr>\n  <\/tbody>\n<\/table>\n<\/div>\n\n\n\n<h3 class=\"wp-block-heading my-5\" id=\"h-uppdatera-en-kontakt\">Uppdatera en kontakt<\/h3>\n\n\n\n<p>Endpoint: contacts\/{contactId}<\/p>\n\n\n\n<p>Metod 1: <code>PATCH<\/code><\/p>\n\n\n\n<p>Metod 2: <code>PUT<\/code><\/p>\n\n\n\n<p>Med dessa endpoints kan du uppdatera en kontakt och \u00e4ndra lagrad data. Genom att anv\u00e4nda HTTP-verbet <code>PATCH<\/code> g\u00f6r du en delvis uppdatering, anger eventuella v\u00e4rden som finns och tar bort alla tydliga null-v\u00e4rden om null-v\u00e4rden existerar. Om du anv\u00e4nder <code>PUT<\/code> ers\u00e4tts all existerande data med nya data oavsett tidigare v\u00e4rden.<\/p>\n\n\n\n<h4 class=\"wp-block-heading my-5\" id=\"h-exempel-pa-anrop-1\">Exempel p\u00e5 anrop<\/h4>\n\n\n<div class=\"wp-block-syntaxhighlighter-code \"><pre class=\"brush: plain; title: ; notranslate\" title=\"\">\nhttps:\/\/api.ip1sms.com\/v2\/contacts\/606312a5d233ab8484e18404\n<\/pre><\/div>\n\n\n<h4 class=\"wp-block-heading my-5\" id=\"h-falt-for-anrop\">F\u00e4lt f\u00f6r anrop<\/h4>\n\n\n\n<div class=\"responsive-table\">\n  <table class=\"table table-dark table-striped developer-table\">\n    <thead>\n      <tr>\n        <th>F\u00e4ltnamn<\/th>\n        <th>Obligatoriskt<\/th>\n        <th>Typ<\/th>\n        <th>Beskrivning<\/th>\n        <th>Exempel<\/th>\n      <\/tr>\n    <\/thead>\n    <tbody>\n      <tr>\n        <td><strong>id<\/strong><\/td>\n        <td>Ja<\/td>\n        <td><code>String<\/code><\/td>\n        <td> Kontaktens unika ID.<\/td>\n        <td>\n          <pre><code>606312a5d233ab8484e18404<\/code><\/pre>\n        <\/td>\n      <\/tr>\n      <tr>\n        <td><strong>properties<\/strong><\/td>\n        <td><strong>Ja<\/strong><\/td>\n        <td><code>Object<\/code><\/td>\n        <td> Inneh\u00e5ller kontaktens faktiska information. H\u00e4r definieras f\u00e4lt som <code>phoneNumber<\/code>,\n          <code>firstName<\/code> och <code>email<\/code>. <\/td>\n        <td>\n          <pre><code>{ \"phoneNumber\": \"46123456789\", \"firstName\": \"Bertilsson\" }<\/code><\/pre>\n        <\/td>\n      <\/tr>\n      <tr>\n        <td><strong>labels<\/strong><\/td>\n        <td>Nej<\/td>\n        <td><code>Array<\/code><\/td>\n        <td> En lista av str\u00e4ngar som anv\u00e4nds f\u00f6r att gruppera eller kategorisera kontakten. <\/td>\n        <td>\n          <pre><code>[\"Coworker\", \"Sales\"]<\/code><\/pre>\n        <\/td>\n      <\/tr>\n    <\/tbody>\n  <\/table>\n<\/div>\n\n\n\n<h3 class=\"wp-block-heading\" id=\"h-lagg-till-importera-kontakter\">L\u00e4gg till\/importera kontakter<\/h3>\n\n\n\n<p>Endpoint: contacts<\/p>\n\n\n\n<p>Metod: <code>POST<\/code><\/p>\n\n\n\n<p>Denna endpoint l\u00e5ter dig l\u00e4gga till\/importera nya kontakter. Den tar en samling kontaktdokument. Som standard accepteras kontakterna och importeras sedan i bakgrunden, men det kan g\u00f6ras direkt genom att l\u00e4gga till sync som en fr\u00e5geparameter. Direktimport rekommenderas endast f\u00f6r sm\u00e5 samlingar av kontakter (f\u00e4rre \u00e4n 1000).<\/p>\n\n\n\n<h4 class=\"wp-block-heading my-5\" id=\"h-exempel-pa-anrop-2\">Exempel p\u00e5 anrop<\/h4>\n\n\n<div class=\"wp-block-syntaxhighlighter-code \"><pre class=\"brush: csharp; title: ; notranslate\" title=\"\">\nhttps:\/\/api.ip1sms.com\/v2\/contacts\n<\/pre><\/div>\n\n\n<h4 class=\"wp-block-heading my-5\" id=\"h-falt-for-anrop-0\">F\u00e4lt f\u00f6r anrop<\/h4>\n\n\n\n<div class=\"responsive-table\">\n  <table class=\"table table-dark table-striped developer-table\">\n    <thead>\n      <tr>\n        <th>F\u00e4ltnamn<\/th>\n        <th>Obligatoriskt<\/th>\n        <th>Typ<\/th>\n        <th>Beskrivning<\/th>\n        <th>Exempel<\/th>\n      <\/tr>\n    <\/thead>\n    <tbody>\n      <tr>\n        <td><strong>properties<\/strong><\/td>\n        <td><strong>Ja<\/strong><\/td>\n        <td><code>Object<\/code><\/td>\n        <td> Inneh\u00e5ller kontaktens faktiska information. H\u00e4r definieras f\u00e4lt som <code>phoneNumber<\/code>,\n          <code>firstName<\/code> och <code>email<\/code>. <\/td>\n        <td>\n          <pre><code>{ \"phoneNumber\": \"46123456789\", \"firstName\": \"Icarus\" }<\/code><\/pre>\n        <\/td>\n      <\/tr>\n      <tr>\n        <td><strong>labels<\/strong><\/td>\n        <td>Nej<\/td>\n        <td><code>Array<\/code><\/td>\n        <td> En lista av str\u00e4ngar som anv\u00e4nds f\u00f6r att gruppera eller kategorisera kontakten. <\/td>\n        <td>\n          <pre><code>[\"Coworker\", \"Sales\"]<\/code><\/pre>\n        <\/td>\n      <\/tr>\n    <\/tbody>\n  <\/table>\n<\/div>\n\n\n\n<h3 class=\"wp-block-heading my-5\" id=\"h-radera-kontakter\">Radera kontakter<\/h3>\n\n\n\n<p>Endpoint: <code>DELETE contacts\/{contactId}<\/code><\/p>\n\n\n\n<p>Denna endpoint l\u00e5ter dig ta bort en kontakt. Det finns ocks\u00e5 en endpoint f\u00f6r att ta bort mer \u00e4n en kontakt, se avsnittet f\u00f6r <a href=\"https:\/\/ip1sms.com\/utvecklare\/mass-operationer\/\">Massoperationer<\/a>.<\/p>\n\n\n\n<h4 class=\"wp-block-heading my-5\" id=\"h-exempel-pa-anrop-3\">Exempel p\u00e5 anrop<\/h4>\n\n\n<div class=\"wp-block-syntaxhighlighter-code \"><pre class=\"brush: csharp; title: ; notranslate\" title=\"\">\nhttps:\/\/api.ip1sms.com\/v2\/contacts\/606312a5d233ab8484e18404\n<\/pre><\/div>\n\n\n<h4 class=\"wp-block-heading my-5\" id=\"h-falt-for-anrop-1\">F\u00e4lt f\u00f6r anrop<\/h4>\n\n\n\n<div class=\"responsive-table\">\n<table class=\"table table-dark table-striped developer-table\">\n  <thead>\n    <tr>\n      <th>F\u00e4ltnamn<\/th>\n      <th>Typ<\/th>\n      <th>Beskrivning<\/th>\n      <th>Exempel<\/th>\n    <\/tr>\n  <\/thead>\n  <tbody>\n    <tr>\n      <td><strong>contactId<\/strong><\/td>\n      <td><code>String<\/code><\/td>\n      <td>\n        Kontaktens ID.\n      <\/td>\n      <td><pre><code>\n606312a5d233ab8484e18404\n      <\/code><\/pre><\/td>\n    <\/tr>\n  <\/tbody>\n<\/table>\n<\/div>\n\n\n\n<hr class=\"wp-block-separator has-alpha-channel-opacity my-5\"\/>\n\n\n\n<h2 class=\"wp-block-heading my-5\" id=\"h-responsdata-typ\">Responsdata-typ<\/h2>\n\n\n<div class=\"wp-block-syntaxhighlighter-code \"><pre class=\"brush: csharp; title: ; notranslate\" title=\"\">\n{\n  &quot;id&quot;: &quot;606312a5d233ab8484e18404&quot;,\n  &quot;ownerId&quot;: &quot;ip1-XXXXX&quot;,\n  &quot;properties&quot;: {\n    &quot;phoneNumber&quot;: &quot;46123456789&quot;,\n    &quot;email&quot;: &quot;icarus@example.com&quot;,\n    &quot;firstName&quot;: &quot;Icarus&quot;,\n    &quot;lastName&quot;: &quot;Sol&quot;,\n    &quot;department&quot;: &quot;Sales&quot;\n  },\n  &quot;metadata&quot;: {\n    &quot;phoneNumber&quot;: {\n      &quot;isPossiblePhoneNumber&quot;: &quot;true&quot;,\n      &quot;isValidPhoneNumber&quot;: &quot;true&quot;,\n      &quot;phoneNumberType&quot;: &quot;MOBILE&quot;,\n      &quot;parsedMSISDN&quot;: &quot;46123456789&quot;,\n      &quot;isBlocked&quot;: &quot;false&quot;\n    }\n  },\n  &quot;labels&quot;: &#x5B;\n    &quot;Coworker&quot;,\n    &quot;all&quot;\n  ]\n}\n<\/pre><\/div>\n\n\n<h4 class=\"wp-block-heading my-5\" id=\"h-falt-for-responsdata\">F\u00e4lt f\u00f6r responsdata<\/h4>\n\n\n\n<div class=\"responsive-table\">\n  <table class=\"table table-dark table-striped developer-table\">\n    <thead>\n      <tr>\n        <th>F\u00e4ltnamn<\/th>\n        <th>Typ<\/th>\n        <th>Beskrivning<\/th>\n        <th>Exempel<\/th>\n      <\/tr>\n    <\/thead>\n    <tbody>\n      <tr>\n        <td><strong>id<\/strong><\/td>\n        <td><code>String<\/code><\/td>\n        <td> Kontaktens unika ID i systemet. Anv\u00e4nds f\u00f6r referens vid framtida anrop (GET, PATCH, DELETE). <\/td>\n        <td>\n          <pre><code>606312a5d233ab8484e18404<\/code><\/pre>\n        <\/td>\n      <\/tr>\n      <tr>\n        <td><strong>ownerId<\/strong><\/td>\n        <td><code>String<\/code><\/td>\n        <td> ID f\u00f6r det konto (systemanv\u00e4ndare) som \u00e4ger och har beh\u00f6righet till kontakten. <\/td>\n        <td>\n          <pre><code>ip1-XXXXX<\/code><\/pre>\n        <\/td>\n      <\/tr>\n      <tr>\n        <td><strong>properties<\/strong><\/td>\n        <td><code>Object<\/code><\/td>\n        <td> En samling av kontaktens r\u00e5data s\u00e5som telefonnummer, namn och avdelning. Inneh\u00e5ller de f\u00e4lt som definierats\n          vid skapande\/uppdatering. <\/td>\n        <td>\n          <pre><code>{ \"phoneNumber\": \"46123456789\", \"firstName\": \"Icarus\" }<\/code><\/pre>\n        <\/td>\n      <\/tr>\n      <tr>\n        <td><strong>metadata<\/strong><\/td>\n        <td><code>Object<\/code><\/td>\n        <td> Systemgenererad information som validerar och berikar kontaktens egenskaper. Inkluderas endast om\n          query-parametern <code>?meta<\/code> anv\u00e4nds. <\/td>\n        <td>\n          <pre><code>{ \"phoneNumber\": { \"isValidPhoneNumber\": \"true\", \"parsedMSISDN\": \"46123456789\" } }<\/code><\/pre>\n        <\/td>\n      <\/tr>\n      <tr>\n        <td><strong>labels<\/strong><\/td>\n        <td><code>Array<\/code><\/td>\n        <td> En lista av str\u00e4ngar som representerar de etiketter kontakten \u00e4r grupperad under. <\/td>\n        <td>\n          <pre><code>[\"Coworker\", \"all\"]<\/code><\/pre>\n        <\/td>\n      <\/tr>\n    <\/tbody>\n  <\/table>\n<\/div>\n\n\n\n<h4 class=\"wp-block-heading my-5\" id=\"h-falt-for-metadata\">F\u00e4lt f\u00f6r metadata<\/h4>\n\n\n\n<div class=\"responsive-table\">\n  <table class=\"table table-dark table-striped developer-table\">\n    <thead>\n      <tr>\n        <th>Egenskap (Metadata)<\/th>\n        <th>Typ<\/th>\n        <th>Beskrivning<\/th>\n      <\/tr>\n    <\/thead>\n    <tbody>\n      <tr>\n        <td><strong>isPossiblePhoneNumber<\/strong><\/td>\n        <td><code>String<\/code> (Boolean)<\/td>\n        <td>Indikerar om numret ser korrekt ut strukturellt.<\/td>\n      <\/tr>\n      <tr>\n        <td><strong>isValidPhoneNumber<\/strong><\/td>\n        <td><code>String<\/code> (Boolean)<\/td>\n        <td>Bekr\u00e4ftar om numret \u00e4r ett faktiskt existerande format f\u00f6r det aktuella landet.<\/td>\n      <\/tr>\n      <tr>\n        <td><strong>phoneNumberType<\/strong><\/td>\n        <td><code>String<\/code><\/td>\n        <td>Beskriver typen av abonnemang, t.ex. <code>MOBILE<\/code>, <code>FIXED_LINE<\/code> eller <code>VOIP<\/code>.\n        <\/td>\n      <\/tr>\n      <tr>\n        <td><strong>parsedMSISDN<\/strong><\/td>\n        <td><code>String<\/code><\/td>\n        <td>Numret formaterat som MSISDN (utan prefix), vilket \u00e4r det format systemet anv\u00e4nder f\u00f6r utskick.<\/td>\n      <\/tr>\n      <tr>\n        <td><strong>isBlocked<\/strong><\/td>\n        <td><code>String<\/code> (Boolean)<\/td>\n        <td>Visar om kontakten finns med p\u00e5 kontots blacklist\/sp\u00e4rrlista.<\/td>\n      <\/tr>\n    <\/tbody>\n  <\/table>\n<\/div>\n\n\n\n<hr class=\"wp-block-separator has-alpha-channel-opacity my-5\"\/>\n\n\n\n<h2 class=\"wp-block-heading my-5\" id=\"h-kodexempel\">Kodexempel<\/h2>\n\n\n\n<p>Nedan hittar du ett enkelt kodexempel med autentisering och funktionalitet f\u00f6r att l\u00e4gga till en kontakt.<\/p>\n\n\n\n<h4 class=\"wp-block-heading my-5\" id=\"h-lagg-till-en-kontakt-i-c\">L\u00e4gg till en kontakt i C#<\/h4>\n\n\n<div class=\"wp-block-syntaxhighlighter-code \"><pre class=\"brush: csharp; title: ; notranslate\" title=\"\">\nusing System;\nusing System.Collections.Generic;\nusing System.Net.Http;\nusing System.Net.Http.Headers;\nusing System.Net.Http.Json; \nusing System.Threading.Tasks;\n\nusing (var client = new HttpClient())\n{\n    client.BaseAddress = new Uri(&quot;https:\/\/api.ip1sms.com\/v2\/&quot;);\n    client.DefaultRequestHeaders.Accept.Clear();\n    client.DefaultRequestHeaders.Accept.Add(new MediaTypeWithQualityHeaderValue(&quot;application\/json&quot;));\n    client.DefaultRequestHeaders.Authorization = new AuthenticationHeaderValue(&quot;Bearer&quot;, &quot;DIN_API_NYCKEL&quot;);\n\n    \/\/ Skapa en enskild kontakt\n    var contact = new Contact()\n    {\n        properties = new Dictionary&lt;string, string&gt;() {\n            { &quot;phoneNumber&quot;, &quot;46123456789&quot;},\n            { &quot;email&quot;, &quot;icarus@example.com&quot; },\n            { &quot;firstName&quot;, &quot;Icarus&quot; },\n            { &quot;lastName&quot;, &quot;Sol&quot; },\n            { &quot;department&quot;, &quot;Sales&quot; }\n        },\n        labels = new List&lt;string&gt;() { &quot;Coworker&quot;, &quot;Sales&quot; }\n    };\n\n    var contactList = new List&lt;Contact&gt; { contact };\n\n    HttpResponseMessage response = await client.PostAsJsonAsync(&quot;contacts&quot;, contactList);\n\n    if (response.IsSuccessStatusCode)\n    {\n        Console.WriteLine(&quot;Success: Contact(s) accepted for import.&quot;);\n    }\n    else\n    {\n        string errorDetails = await response.Content.ReadAsStringAsync();\n        Console.WriteLine($&quot;Failed, {response.StatusCode}: {errorDetails}&quot;);\n    }\n}\n\npublic class Contact\n{\n    public Dictionary&lt;string, string&gt; properties { get; set; }\n    public List&lt;string&gt; labels { get; set; }\n}\n<\/pre><\/div>\n\n\n<\/div>\n<\/div>\n\n\n\n<div class=\"wp-block-column is-layout-flow wp-block-column-is-layout-flow\" style=\"flex-basis:15%\">\n<nav id=\"developer-sub-menu\" class=\"navbar sticky-top\">\n    <nav class=\"nav bg-light flex-column\">\n        <a class=\"nav-link font-weight-bold\" href=\"#h-anrop\">Anrop<\/a>\n        <nav class=\"nav\">\n            <a class=\"nav-link text-muted\" href=\"#h-las-en-samling-av-kontakter\">L\u00e4s samling av kontakter<\/a>\n            <a class=\"nav-link text-muted\" href=\"#h-las-en-enskild-kontakt\">L\u00e4s enskild kontakt<\/a>\n            <a class=\"nav-link text-muted\" href=\"#h-uppdatera-en-kontakt\">Uppdatera kontakt<\/a>\n            <a class=\"nav-link text-muted\" href=\"#h-lagg-till-importera-kontakter\">Skapa &#038; Importera<\/a>\n            <a class=\"nav-link text-muted\" href=\"#h-radera-kontakter\">Radera kontakter<\/a>\n        <\/nav>\n    <\/nav>\n    <nav class=\"nav bg-light flex-column\">\n        <a class=\"nav-link font-weight-bold\" href=\"#h-responsdata-typ\">Respons &#038; Data<\/a>\n        <nav class=\"nav\">\n            <a class=\"nav-link text-muted\" href=\"#h-falt-for-responsdata\">F\u00e4lt f\u00f6r responsdata<\/a>\n            <a class=\"nav-link text-muted\" href=\"#h-falt-for-metadata\">F\u00e4lt f\u00f6r metadata<\/a>\n        <\/nav>\n        <a class=\"nav-link font-weight-bold\" href=\"#h-kodexempel\">Kodexempel<\/a>\n        <nav class=\"nav\">\n            <a class=\"nav-link text-muted\" href=\"#h-lagg-till-en-kontakt-i-c\">C# (.NET)<\/a>\n        <\/nav>\n    <\/nav>\n<\/nav>\n<\/div>\n<\/div>\n","protected":false},"excerpt":{"rendered":"<p>Hantera kontakter Quick start Anv\u00e4nd exemplet nedan och byt ut \u201cAPI_NYCKEL\u201d mot en bearer token som du skapar i anv\u00e4ndarportalen. Anrop L\u00e4s en samling av kontakter Endpoint: contacts Metod: GET Denna endpoint ger dig en samling kontakter f\u00f6r vilka du kan se definitionen av kontaktdokumentet nedan. Exempel p\u00e5 anrop Exempel p\u00e5 anrop med filter Denna [&hellip;]<\/p>\n","protected":false},"author":1,"featured_media":0,"parent":382,"menu_order":0,"comment_status":"closed","ping_status":"closed","template":"developer.php","meta":{"footnotes":""},"categories":[4],"tags":[21],"class_list":["post-452","page","type-page","status-publish","hentry","category-api-dokumention","tag-kontakter"],"_links":{"self":[{"href":"https:\/\/ip1sms.com\/en\/wp-json\/wp\/v2\/pages\/452","targetHints":{"allow":["GET"]}}],"collection":[{"href":"https:\/\/ip1sms.com\/en\/wp-json\/wp\/v2\/pages"}],"about":[{"href":"https:\/\/ip1sms.com\/en\/wp-json\/wp\/v2\/types\/page"}],"author":[{"embeddable":true,"href":"https:\/\/ip1sms.com\/en\/wp-json\/wp\/v2\/users\/1"}],"replies":[{"embeddable":true,"href":"https:\/\/ip1sms.com\/en\/wp-json\/wp\/v2\/comments?post=452"}],"version-history":[{"count":0,"href":"https:\/\/ip1sms.com\/en\/wp-json\/wp\/v2\/pages\/452\/revisions"}],"up":[{"embeddable":true,"href":"https:\/\/ip1sms.com\/en\/wp-json\/wp\/v2\/pages\/382"}],"wp:attachment":[{"href":"https:\/\/ip1sms.com\/en\/wp-json\/wp\/v2\/media?parent=452"}],"wp:term":[{"taxonomy":"category","embeddable":true,"href":"https:\/\/ip1sms.com\/en\/wp-json\/wp\/v2\/categories?post=452"},{"taxonomy":"post_tag","embeddable":true,"href":"https:\/\/ip1sms.com\/en\/wp-json\/wp\/v2\/tags?post=452"}],"curies":[{"name":"wp","href":"https:\/\/api.w.org\/{rel}","templated":true}]}}