{"id":4373,"date":"2025-02-14T12:26:24","date_gmt":"2025-02-14T12:26:24","guid":{"rendered":"http:\/\/34.88.191.99\/?page_id=4373"},"modified":"2025-02-14T12:34:38","modified_gmt":"2025-02-14T12:34:38","slug":"how-to-create-a-new-api-key-for-a-custom-or-third-party-integration","status":"publish","type":"page","link":"https:\/\/ip1sms.com\/en\/customer-support\/how-to-create-a-new-api-key-for-a-custom-or-third-party-integration\/","title":{"rendered":"How do I create a new API key for a custom or third-party integration?"},"content":{"rendered":"<div class=\"wp-block-columns justify-content-center mt-5 has-white-background-color has-background is-layout-flex wp-container-core-columns-is-layout-9d6595d7 wp-block-columns-is-layout-flex\">\n<div class=\"wp-block-column has-white-background-color has-background is-layout-flow wp-block-column-is-layout-flow\" style=\"flex-basis:70%\">\n<h1 class=\"wp-block-heading\" id=\"h-hur-skapar-jag-en-ny-api-nyckel-for-en-egen-eller-tredjeparts-integration-0\">How do I create a new API key for a custom or third-party integration?<\/h1>\n<\/div>\n<\/div>\n\n\n\n<div class=\"wp-block-columns justify-content-center has-white-background-color has-background is-layout-flex wp-container-core-columns-is-layout-9d6595d7 wp-block-columns-is-layout-flex\">\n<div class=\"wp-block-column is-layout-flow wp-block-column-is-layout-flow\" style=\"flex-basis:70%\">\n<p>To connect your iP.1 account to an in-house integration or an integration from a third-party provider, you need to create an API key. You can create and manage API keys in the user portal.<\/p>\n\n\n\n<ol class=\"wp-block-list\">\n<li>Log in to the user portal via https:\/\/portal.ip1.net<\/li>\n\n\n\n<li>Go to the menu item \u201dAccounts\u201d<\/li>\n\n\n\n<li>Click on the \u201dAPI Keys\u201d tab in the account overview<\/li>\n\n\n\n<li>Click on \u201dAdd key\u201d<\/li>\n\n\n\n<li>Name your key, this can be any name, for example the name of the system you want to link your account to.<\/li>\n\n\n\n<li>Press \u201dAdd\u201d and copy your key, then paste the system you want to link your account to.<\/li>\n<\/ol>\n\n\n\n<p>If you need help connecting your account, we recommend that you contact the system owner, as we at iP.1 do not have insight into the systems that integrate our SMS services.<\/p>\n<\/div>\n<\/div>\n\n\n\n<div class=\"wp-block-columns justify-content-center is-layout-flex wp-container-core-columns-is-layout-9d6595d7 wp-block-columns-is-layout-flex\">\n<div class=\"wp-block-column is-layout-flow wp-block-column-is-layout-flow\" style=\"flex-basis:70%\">\n<h3 class=\"wp-block-heading\" id=\"h-video-instruktion\">Video instruction<\/h3>\n\n\n\n<figure class=\"wp-block-video\"><video height=\"1080\" style=\"aspect-ratio: 1920 \/ 1080;\" width=\"1920\" controls poster=\"https:\/\/ip1sweden.blob.core.windows.net\/blobip1websitef76b7023b5\/wp-content\/uploads\/2025\/02\/api-key-thumb.png\" src=\"\/wp-content\/uploads\/2025\/02\/skapa-api-nyckel.mp4\"><\/video><\/figure>\n<\/div>\n<\/div>","protected":false},"excerpt":{"rendered":"<p>Hur skapar jag en ny API-nyckel f\u00f6r en egen eller tredjeparts-integration? F\u00f6r att koppla ditt iP.1-konto till en egen integration eller en integration fr\u00e5n en tredjeparts-leverant\u00f6r s\u00e5 beh\u00f6ver du skapa en API-nyckel. Du kan skapa och hantera API-nycklar i anv\u00e4ndarportalen. Om du beh\u00f6ver hj\u00e4lp att koppla ditt konto rekommenderar vi att du kontaktar system-\u00e4garen, d\u00e5 [&hellip;]<\/p>\n","protected":false},"author":1,"featured_media":0,"parent":487,"menu_order":0,"comment_status":"closed","ping_status":"closed","template":"","meta":{"footnotes":""},"categories":[],"tags":[],"class_list":["post-4373","page","type-page","status-publish","hentry"],"_links":{"self":[{"href":"https:\/\/ip1sms.com\/en\/wp-json\/wp\/v2\/pages\/4373","targetHints":{"allow":["GET"]}}],"collection":[{"href":"https:\/\/ip1sms.com\/en\/wp-json\/wp\/v2\/pages"}],"about":[{"href":"https:\/\/ip1sms.com\/en\/wp-json\/wp\/v2\/types\/page"}],"author":[{"embeddable":true,"href":"https:\/\/ip1sms.com\/en\/wp-json\/wp\/v2\/users\/1"}],"replies":[{"embeddable":true,"href":"https:\/\/ip1sms.com\/en\/wp-json\/wp\/v2\/comments?post=4373"}],"version-history":[{"count":0,"href":"https:\/\/ip1sms.com\/en\/wp-json\/wp\/v2\/pages\/4373\/revisions"}],"up":[{"embeddable":true,"href":"https:\/\/ip1sms.com\/en\/wp-json\/wp\/v2\/pages\/487"}],"wp:attachment":[{"href":"https:\/\/ip1sms.com\/en\/wp-json\/wp\/v2\/media?parent=4373"}],"wp:term":[{"taxonomy":"category","embeddable":true,"href":"https:\/\/ip1sms.com\/en\/wp-json\/wp\/v2\/categories?post=4373"},{"taxonomy":"post_tag","embeddable":true,"href":"https:\/\/ip1sms.com\/en\/wp-json\/wp\/v2\/tags?post=4373"}],"curies":[{"name":"wp","href":"https:\/\/api.w.org\/{rel}","templated":true}]}}