{"id":4253,"date":"2024-12-11T12:54:54","date_gmt":"2024-12-11T12:54:54","guid":{"rendered":"http:\/\/34.88.191.99\/?page_id=4253"},"modified":"2024-12-11T13:17:29","modified_gmt":"2024-12-11T13:17:29","slug":"how-should-my-contact-list-be-formatted","status":"publish","type":"page","link":"https:\/\/ip1sms.com\/en\/customer-support\/how-should-my-contact-list-be-formatted\/","title":{"rendered":"How should my contact list be formatted?"},"content":{"rendered":"<div class=\"wp-block-columns mt-5 justify-content-center has-white-background-color has-background is-layout-flex wp-container-core-columns-is-layout-9d6595d7 wp-block-columns-is-layout-flex\">\n<div class=\"wp-block-column is-layout-flow wp-block-column-is-layout-flow\" style=\"flex-basis:70%\">\n<h1 class=\"wp-block-heading has-text-align-left\" id=\"h-hur-ska-min-kontaktlista-vara-formaterad\">How should my contact list be formatted?<\/h1>\n<\/div>\n<\/div>\n\n\n\n<div class=\"wp-block-columns justify-content-center is-layout-flex wp-container-core-columns-is-layout-9d6595d7 wp-block-columns-is-layout-flex\">\n<div class=\"wp-block-column p-3 has-background is-layout-flow wp-block-column-is-layout-flow\" style=\"background-color:#fafafa;flex-basis:70%\">\n<p>You can choose to import your recipients via Excel or a comma-separated file. The import requires your columns to be preceded by the column title \u201dEmail\u201d or \u201dPhone\u201d or both, like the example below.<\/p>\n\n\n\n<p>You also have the option to download an example list where you can see what an optimally formatted list looks like.<\/p>\n<\/div>\n<\/div>\n\n\n\n<div class=\"wp-block-columns justify-content-center has-white-background-color has-background is-layout-flex wp-container-core-columns-is-layout-9d6595d7 wp-block-columns-is-layout-flex\">\n<div class=\"wp-block-column is-layout-flow wp-block-column-is-layout-flow\" style=\"flex-basis:70%\">\n<figure class=\"wp-block-table\"><table class=\"has-fixed-layout\"><tbody><tr><td>Telephone<\/td><td>Email<\/td><\/tr><tr><td>46712345678<\/td><td>name.lastname@domain.com<\/td><\/tr><tr><td>46787654321<\/td><td>lastname.name@domail.com<\/td><\/tr><\/tbody><\/table><\/figure>\n<\/div>\n<\/div>\n\n\n\n<div class=\"wp-block-buttons my-5 is-content-justification-center is-layout-flex wp-container-core-buttons-is-layout-16018d1d wp-block-buttons-is-layout-flex\">\n<div class=\"wp-block-button\"><a class=\"wp-block-button__link has-text-align-center wp-element-button\" href=\"https:\/\/ip1sweden.blob.core.windows.net\/blobip1websitef76b7023b5\/wp-content\/uploads\/2024\/12\/example_contacts.xlsx\" target=\"_blank\" rel=\" noreferrer noopener nofollow\">Download sample file in Excel format (.xlsx)<\/a><\/div>\n<\/div>\n\n\n\n<p><\/p>","protected":false},"excerpt":{"rendered":"<p>Hur ska min kontaktlista vara formaterad? Du kan v\u00e4lja att importera dina mottagare via Excel eller en kommaseparerad fil. Importen kr\u00e4ver att dina kolumner f\u00f6reg\u00e5s av kolumntitel &#8221;Email&#8221; eller &#8221;Phone&#8221; eller b\u00e5da, likt exemplet nedan. Du har ocks\u00e5 m\u00f6jlighet att ladda ner en exempel-lista d\u00e4r du kan se hur en optimalt formaterad lista ser ut. [&hellip;]<\/p>\n","protected":false},"author":1,"featured_media":0,"parent":487,"menu_order":0,"comment_status":"closed","ping_status":"closed","template":"","meta":{"footnotes":""},"categories":[16],"tags":[],"class_list":["post-4253","page","type-page","status-publish","hentry","category-support"],"_links":{"self":[{"href":"https:\/\/ip1sms.com\/en\/wp-json\/wp\/v2\/pages\/4253","targetHints":{"allow":["GET"]}}],"collection":[{"href":"https:\/\/ip1sms.com\/en\/wp-json\/wp\/v2\/pages"}],"about":[{"href":"https:\/\/ip1sms.com\/en\/wp-json\/wp\/v2\/types\/page"}],"author":[{"embeddable":true,"href":"https:\/\/ip1sms.com\/en\/wp-json\/wp\/v2\/users\/1"}],"replies":[{"embeddable":true,"href":"https:\/\/ip1sms.com\/en\/wp-json\/wp\/v2\/comments?post=4253"}],"version-history":[{"count":0,"href":"https:\/\/ip1sms.com\/en\/wp-json\/wp\/v2\/pages\/4253\/revisions"}],"up":[{"embeddable":true,"href":"https:\/\/ip1sms.com\/en\/wp-json\/wp\/v2\/pages\/487"}],"wp:attachment":[{"href":"https:\/\/ip1sms.com\/en\/wp-json\/wp\/v2\/media?parent=4253"}],"wp:term":[{"taxonomy":"category","embeddable":true,"href":"https:\/\/ip1sms.com\/en\/wp-json\/wp\/v2\/categories?post=4253"},{"taxonomy":"post_tag","embeddable":true,"href":"https:\/\/ip1sms.com\/en\/wp-json\/wp\/v2\/tags?post=4253"}],"curies":[{"name":"wp","href":"https:\/\/api.w.org\/{rel}","templated":true}]}}