{"id":423,"date":"2023-11-23T11:17:20","date_gmt":"2023-11-23T10:17:20","guid":{"rendered":"http:\/\/localhost\/wordpress\/?page_id=423"},"modified":"2025-04-07T13:51:05","modified_gmt":"2025-04-07T13:51:05","slug":"settings","status":"publish","type":"page","link":"https:\/\/ip1sms.com\/en\/developer\/settings\/","title":{"rendered":"Settings"},"content":{"rendered":"<h1 class=\"wp-block-heading\">Manage settings<\/h1>\n\n\n\n<p>Each account can have a number of settings for SMS services. These can be managed with the endpoints below. After endpoints is a list of available settings and their data types. When you set a preference, it is either created or replaced, depending on whether it has been previously set. A removed setting either reverts to a global default or is disabled depending on the setting.<\/p>\n\n\n\n<ul class=\"wp-block-list\">\n<li>Read all settings: <code>GET \/v2\/me\/sms\/settings<\/code><\/li>\n\n\n\n<li>Get an individual setting: <code>GET v2\/me\/sms\/settings\/{setting}<\/code><\/li>\n\n\n\n<li>Set a setting <code>PUT v2\/me\/sms\/settings\/{setting}<\/code><\/li>\n\n\n\n<li>Remove a setting: <code>DELETE v2\/me\/sms\/settings\/{setting}<\/code><\/li>\n<\/ul>\n\n\n\n<h2 class=\"wp-block-heading\">Callback incoming messages<\/h2>\n\n\n\n<p>Name: <code>IncomingCallbackUrl<\/code><\/p>\n\n\n\n<p>Data type: <code>string<\/code>, valid absolute URL<\/p>\n\n\n\n<p>Default value: <code>null<\/code>, disabled<\/p>","protected":false},"excerpt":{"rendered":"<p>Hantera inst\u00e4llningar Varje konto kan ha ett antal inst\u00e4llningar f\u00f6r SMS-tj\u00e4nster. Dessa kan hanteras med endpoints nedan. Efter endpoints finns en lista \u00f6ver tillg\u00e4ngliga inst\u00e4llningar och deras datatyper. N\u00e4r du st\u00e4ller in en inst\u00e4llning skapas eller ers\u00e4tts den antingen beroende p\u00e5 om den har st\u00e4llts in tidigare. En borttagen inst\u00e4llning \u00e5terg\u00e5r antingen till en global [&hellip;]<\/p>\n","protected":false},"author":1,"featured_media":0,"parent":382,"menu_order":0,"comment_status":"closed","ping_status":"closed","template":"developer.php","meta":{"footnotes":""},"categories":[4],"tags":[26],"class_list":["post-423","page","type-page","status-publish","hentry","category-api-dokumention","tag-sms"],"_links":{"self":[{"href":"https:\/\/ip1sms.com\/en\/wp-json\/wp\/v2\/pages\/423","targetHints":{"allow":["GET"]}}],"collection":[{"href":"https:\/\/ip1sms.com\/en\/wp-json\/wp\/v2\/pages"}],"about":[{"href":"https:\/\/ip1sms.com\/en\/wp-json\/wp\/v2\/types\/page"}],"author":[{"embeddable":true,"href":"https:\/\/ip1sms.com\/en\/wp-json\/wp\/v2\/users\/1"}],"replies":[{"embeddable":true,"href":"https:\/\/ip1sms.com\/en\/wp-json\/wp\/v2\/comments?post=423"}],"version-history":[{"count":0,"href":"https:\/\/ip1sms.com\/en\/wp-json\/wp\/v2\/pages\/423\/revisions"}],"up":[{"embeddable":true,"href":"https:\/\/ip1sms.com\/en\/wp-json\/wp\/v2\/pages\/382"}],"wp:attachment":[{"href":"https:\/\/ip1sms.com\/en\/wp-json\/wp\/v2\/media?parent=423"}],"wp:term":[{"taxonomy":"category","embeddable":true,"href":"https:\/\/ip1sms.com\/en\/wp-json\/wp\/v2\/categories?post=423"},{"taxonomy":"post_tag","embeddable":true,"href":"https:\/\/ip1sms.com\/en\/wp-json\/wp\/v2\/tags?post=423"}],"curies":[{"name":"wp","href":"https:\/\/api.w.org\/{rel}","templated":true}]}}