{"id":415,"date":"2023-11-23T11:17:20","date_gmt":"2023-11-23T10:17:20","guid":{"rendered":"http:\/\/localhost\/wordpress\/?page_id=415"},"modified":"2025-04-07T13:50:02","modified_gmt":"2025-04-07T13:50:02","slug":"blacklist","status":"publish","type":"page","link":"https:\/\/ip1sms.com\/en\/developer\/blacklist\/","title":{"rendered":"Managing black list"},"content":{"rendered":"<h1 class=\"wp-block-heading\" id=\"h-hantera-blacklist\">Managing black list<\/h1>\n\n\n\n<p>Your account has a blacklist of phone numbers that have been somehow blocked from receiving SMS. This can be done by using these APIs or by the recipient responding with 'STOP' or using the extra service 'unsubscribe link'.<\/p>\n\n\n\n<ul class=\"wp-block-list\">\n<li>Read blacklist <code>GET \/v2\/blacklist<\/code><\/li>\n\n\n\n<li>Add an entry <code>POST \/v2\/blacklist<\/code><\/li>\n\n\n\n<li>Read a single entry <code>GET \/v2\/blacklist\/{msisdn}<\/code><\/li>\n\n\n\n<li>Add or update an entry <code>PUT \/v2\/blacklist\/{msisdn}<\/code><\/li>\n\n\n\n<li>Delete an entry <code>DELETE \/v2\/blacklist\/{msisdn}<\/code><\/li>\n<\/ul>\n\n\n\n<h2 class=\"wp-block-heading\" id=\"h-responsdata-typ\">Response data type<\/h2>\n\n\n\n<pre class=\"wp-block-code\"><code>{ &quot;msisdn&quot;: &quot;46703541190&quot;, &quot;created&quot;: &quot;2019-11-01T16:32:18.253&quot; }<\/code><\/pre>\n\n\n\n<h3 class=\"wp-block-heading\" id=\"h-msisdn\">msisdn<\/h3>\n\n\n\n<p>The added entry in MSISDN format<\/p>\n\n\n\n<h3 class=\"wp-block-heading\" id=\"h-created\">created<\/h3>\n\n\n\n<p>A timestamp of when the number was added to the blacklist.<\/p>","protected":false},"excerpt":{"rendered":"<p>Hantera Blacklist Ditt konto har en blacklist med telefonnummer som p\u00e5 n\u00e5got s\u00e4tt har blockerats fr\u00e5n att ta emot SMS. Detta kan g\u00f6ras genom att anv\u00e4nda dessa API:er eller genom att mottagaren svarar med &#8217;STOP&#8217; eller anv\u00e4nder extratj\u00e4nsten &#8221;avregistreringsl\u00e4nk&#8221;. Responsdata-typ msisdn Det blockerade mobilnumret i MSISDN format. created En tidsst\u00e4mpel f\u00f6r n\u00e4r numret lades till [&hellip;]<\/p>\n","protected":false},"author":1,"featured_media":0,"parent":382,"menu_order":0,"comment_status":"closed","ping_status":"closed","template":"developer.php","meta":{"footnotes":""},"categories":[4],"tags":[26],"class_list":["post-415","page","type-page","status-publish","hentry","category-api-dokumention","tag-sms"],"_links":{"self":[{"href":"https:\/\/ip1sms.com\/en\/wp-json\/wp\/v2\/pages\/415","targetHints":{"allow":["GET"]}}],"collection":[{"href":"https:\/\/ip1sms.com\/en\/wp-json\/wp\/v2\/pages"}],"about":[{"href":"https:\/\/ip1sms.com\/en\/wp-json\/wp\/v2\/types\/page"}],"author":[{"embeddable":true,"href":"https:\/\/ip1sms.com\/en\/wp-json\/wp\/v2\/users\/1"}],"replies":[{"embeddable":true,"href":"https:\/\/ip1sms.com\/en\/wp-json\/wp\/v2\/comments?post=415"}],"version-history":[{"count":0,"href":"https:\/\/ip1sms.com\/en\/wp-json\/wp\/v2\/pages\/415\/revisions"}],"up":[{"embeddable":true,"href":"https:\/\/ip1sms.com\/en\/wp-json\/wp\/v2\/pages\/382"}],"wp:attachment":[{"href":"https:\/\/ip1sms.com\/en\/wp-json\/wp\/v2\/media?parent=415"}],"wp:term":[{"taxonomy":"category","embeddable":true,"href":"https:\/\/ip1sms.com\/en\/wp-json\/wp\/v2\/categories?post=415"},{"taxonomy":"post_tag","embeddable":true,"href":"https:\/\/ip1sms.com\/en\/wp-json\/wp\/v2\/tags?post=415"}],"curies":[{"name":"wp","href":"https:\/\/api.w.org\/{rel}","templated":true}]}}