{"id":414,"date":"2023-11-23T11:17:20","date_gmt":"2023-11-23T10:17:20","guid":{"rendered":"http:\/\/localhost\/wordpress\/?page_id=414"},"modified":"2026-01-08T12:19:19","modified_gmt":"2026-01-08T12:19:19","slug":"batches","status":"publish","type":"page","link":"https:\/\/ip1sms.com\/en\/developer\/batches\/","title":{"rendered":"Batches"},"content":{"rendered":"\n<div class=\"wp-block-columns is-layout-flex wp-container-core-columns-is-layout-9d6595d7 wp-block-columns-is-layout-flex\">\n<div class=\"wp-block-column p-5 is-layout-flow wp-block-column-is-layout-flow\" style=\"flex-basis:85%\">\n<div data-bs-spy=\"scroll\" data-bs-target=\"#developer-sub-menu\" data-bs-root-margin=\"0px 0px -40%\" data-bs-smooth-scroll=\"true\" tabindex=\"0\">\n\n\n\n<h1 class=\"wp-block-heading\" id=\"h-batcher\">Batcher<\/h1>\n\n\n\n<h2 class=\"wp-block-heading my-5\" id=\"h-quick-start\">Quick start<\/h2>\n\n\n\n<p>Anv\u00e4nd exemplet nedan och byt ut \u201cAPI_NYCKEL\u201d  mot en bearer token som du skapar i anv\u00e4ndarportalen.<\/p>\n\n\n<div class=\"wp-block-syntaxhighlighter-code \"><pre class=\"brush: csharp; title: ; notranslate\" title=\"\">\ncurl -X GET &quot;https:\/\/api.ip1sms.com\/v2\/batches\/&quot; \\\n-H &quot;Authorization: Bearer API_NYCKEL&quot; \\\n-H &quot;Content-Type: application\/json&quot; \\\n<\/pre><\/div>\n\n\n<hr class=\"wp-block-separator has-alpha-channel-opacity my-5\"\/>\n\n\n\n<h2 class=\"wp-block-heading Batch - Gruppering av meddelanden  Lista en samling batcher Endpoint: GET \/v2\/batches Denna endpoint kommer att ge dig batcher, enligt batch definition nedan. Observera messageSummary och priceSummary enbart \u00e4r tillg\u00e4nglig i endpointen f\u00f6r enskilda batcher. Batcher listas kronologisk ordning efter datumet de skapades. enskild batches\/{batchId} Den h\u00e4r lista batch, som inneh\u00e5ller total-priset batchen, samt summering status batchens meddelanden. Responsdata-typ { &quot;id&quot;: &quot;5bc86b6e85c7209830f96936&quot;, &quot;sender&quot;: &quot;46101606060&quot;, &quot;body&quot;: &quot;Hi my name is {name}&quot;, &quot;owner&quot;: &quot;ip1-XXXXX&quot;, &quot;direction&quot;: &quot;MT&quot;, &quot;type&quot;: &quot;flash&quot;, &quot;datacoding&quot;: &quot;GSM&quot;, &quot;priority&quot;: 1, &quot;templated&quot;: true, &quot;priceSummary&quot;: &quot;total&quot;: 0.125, &quot;currency&quot;: &quot;EUR&quot;, &quot;average&quot;: 0.0416 }, &quot;messageSummary&quot;: &quot;101&quot;: &quot;messages&quot;: 43, &quot;sms&quot;: 86 &quot;102&quot;: 3, 6 &quot;201&quot;: 142, 284 } &quot;deliveryWindows&quot;: [ &quot;opens&quot;: &quot;ISO-8601 string&quot;, &quot;closes&quot;: string&quot; ], &quot;status&quot;: 112, &quot;deliveryReportUrl&quot;: &quot;https:\/\/api.example.com\/sms\/deliveryreport&quot;, &quot;reference&quot;: &quot;A client reference&quot;, &quot;tags&quot;: [&quot;marketing&quot;, &quot;auth&quot;, &quot;etc&quot;], sender Avs\u00e4ndaren anv\u00e4nds ett eller flera body ursprungliga bodyn skickas, f\u00f6re mallar har till\u00e4mpats, den requesten. owner Kontonumret SMS-kontot st\u00e5r \u00e4gare till batchen. direction Avg\u00f6r om meddelandet skickades togs emot v\u00e5rt system. mt En akronym mobile terminated. mo originated. type Det finns tv\u00e5 typer SMS kan ha:, sms flash. vanligt medan flash meddelande visas g\u00e5ng p\u00e5 enheten sedan raderas. Standard-typen sms. datacoding Specifierar det st\u00f6rsta setet till\u00e5tet batchen priority I fall viktigt ditt levereas snabbt ohindrat fr\u00e5n andra meddelande-k\u00f6n du s\u00e4tta h\u00f6gre prioritet meddelande. s\u00e4tter s\u00e5 \u00f6kar priset per med 10 \u00f6re anv\u00e4nder svenskt konto, \u20ac 0.01 internationellt konto. Prioritet 1 standard v\u00e4rdet \u00e4ven l\u00e4gsta tillg\u00e4ngliga v\u00e4rdet, 2 h\u00f6gsta tillg\u00e4nglia v\u00e4rdet. Om s\u00e4tts \u00e4r\u00a01\u00a0och\u00a02\u00a0\u00e4r enda till\u00e5tna v\u00e4rdena. templated templating anv\u00e4ndes inte. priceSummary.total totala Detta v\u00e4rde \u00e4ndras avvisas n\u00e4sta operat\u00f6r uppstr\u00f6ms, vilket betalningen specifika annulleras. priceSummary.currency Vilken valuta total ochaverage are anges i. priceSummary.average Genomsnittspriset enskilt skiljer sig eftersom kr\u00e4va SMS. dictionary d\u00e4r nyckeln statuskod count \u00f6ver hur m\u00e5nga (och deras motsvarande SMS-segment) senast lagts till. F\u00f6r mer information v\u00e5ra statuskoder meddelanden, se avsnittet statuskoder. deliveryWindows behov planera utskick framtiden m\u00f6jlighet g\u00f6ra leveransf\u00f6nster. Dessa aktuella leveranstidf\u00f6nstren specifierad batch. Aktuell H\u00e4rleds riktningen senaste statusen Tillg\u00e4ngliga statusar f\u00f6ljande: NamnstatuskodKommentarPlanned101Batchen schemalagd skickas framtiden.Ongoing111Batchen h\u00e5ller bearbetas utSent112Batchen skickats utIncoming201Batchen inkommande meddelandenCanceled203Batchen avbrutits inte deliveryReportUrl detta tillhandah\u00e5lls rapporter statusuppdateringar denna URL genom metoden POST. separerade varje mottagare status-uppdatering. vill l\u00e4sa dessa Leveransrapporter. reference egenskap till\u00e5ter anv\u00e4ndaren eget ID referens lagring standard-genererade ID\u00b4n ogillas. Restrictions F\u00e5r best\u00e5 maximum 40 tecken Kan representeras tom str\u00e4ng whitespace. null standardv\u00e4rdet. tags array taggar kategorisera sortera bland dina bastcher. N\u00e4r listar filtrera dessa.\" id=\"h-anrop\">Anrop<\/h2>\n\n\n\n<h3 class=\"wp-block-heading my-5\" id=\"h-lista-en-samling-av-batcher\">Lista en samling av batcher<\/h3>\n\n\n\n<p>Endpoint: \/v2\/batches<\/p>\n\n\n\n<p>Metod: <code>GET<\/code><\/p>\n\n\n\n<h3 class=\"wp-block-heading my-5\" id=\"h-lista-en-enskild-batch\">Lista en enskild Batch<\/h3>\n\n\n\n<p>Endpoint: \/v2\/batches\/{batchId}<\/p>\n\n\n\n<p>Metod: <code>GET<\/code><\/p>\n\n\n\n<h3 class=\"wp-block-heading my-5\" id=\"h-radera-batch-eller-avbryt-framtida-batch\">Radera batch eller avbryt framtida batch<\/h3>\n\n\n\n<p>Metod: <code>DELETE<\/code><\/p>\n\n\n\n<h3 class=\"wp-block-heading my-5\" id=\"h-exempel-pa-anrop\">Exempel p\u00e5 anrop<\/h3>\n\n\n<div class=\"wp-block-syntaxhighlighter-code \"><pre class=\"brush: csharp; title: ; notranslate\" title=\"\">\n https:\/\/api.ip1sms.com\/v2\/batches\/5bc86b6e85c7209830f96936\n\n<\/pre><\/div>\n\n\n<h3 class=\"wp-block-heading my-5\" id=\"h-falt-for-anropsdata\">F\u00e4lt f\u00f6r anropsdata<\/h3>\n\n\n\n<div class=\"responsive-table\">\n<table class=\"table table-dark table-striped developer-table\">\n  <thead>\n    <tr>\n      <th>F\u00e4ltnamn<\/th>\n      <th>Typ<\/th>\n      <th>Beskrivning<\/th>\n      <th>Exempel<\/th>\n    <\/tr>\n  <\/thead>\n  <tbody>\n    <tr>\n      <td><strong>batchId<\/strong><\/td>\n      <td><code>String<\/code><\/td>\n      <td>\n        Batchens ID.\n      <\/td>\n      <td><pre><code>\n5bc86b6e85c7209830f96936\n      <\/code><\/pre><\/td>\n    <\/tr>\n  <\/tbody>\n<\/table>\n<\/div>\n\n\n\n<hr class=\"wp-block-separator has-alpha-channel-opacity my-5\"\/>\n\n\n\n<h2 class=\"wp-block-heading my-5\" id=\"h-respons\">Respons<\/h2>\n\n\n\n<h3 class=\"wp-block-heading my-5\" id=\"h-exempel-pa-responsdata\">Exempel p\u00e5 responsdata<\/h3>\n\n\n\n<p>Nedan hittar du ett exempel p\u00e5 svar vid lyckad request mot batches endpoint. Se under rubriken&nbsp;<a href=\"#h-falt-for-responsdata\">F\u00e4lt f\u00f6r responsdata<\/a>&nbsp;f\u00f6r en detaljerad beskrivning av samtliga f\u00e4lt i responsen.<\/p>\n\n\n<div class=\"wp-block-syntaxhighlighter-code \"><pre class=\"brush: csharp; title: ; notranslate\" title=\"\">\n{\n    &quot;id&quot;: &quot;5bc86b6e85c7209830f96936&quot;,\n    &quot;sender&quot;: &quot;46101606060&quot;,\n    &quot;body&quot;: &quot;Hi my name is {name}&quot;,\n    &quot;owner&quot;: &quot;ip1-XXXXX&quot;,\n    &quot;direction&quot;: &quot;MT&quot;,\n    &quot;type&quot;: &quot;flash&quot;,\n    &quot;datacoding&quot;: &quot;GSM&quot;,\n    &quot;priority&quot;: 1,\n    &quot;templated&quot;: true,\n    &quot;priceSummary&quot;: {\n        &quot;total&quot;: 0.125,\n        &quot;currency&quot;: &quot;EUR&quot;,\n        &quot;average&quot;: 0.0416\n    },\n    &quot;messageSummary&quot;: {\n        &quot;101&quot;: {\n          &quot;messages&quot;: 43,\n          &quot;sms&quot;: 86\n        },\n        &quot;102&quot;: {\n          &quot;messages&quot;: 3,\n          &quot;sms&quot;: 6\n        },\n        &quot;201&quot;: {\n          &quot;messages&quot;: 142,\n          &quot;sms&quot;: 284\n        }\n    },\n    &quot;deliveryWindows&quot;: &#x5B;\n        {\n            &quot;opens&quot;: &quot;2025-11-12T17:00:19Z&quot;,\n            &quot;closes&quot;: &quot;2025-11-18T17:00:19Z&quot;\n        },\n        {\n            &quot;opens&quot;: &quot;2025-11-20T17:00:19Z&quot;,\n            &quot;closes&quot;: &quot;2025-11-26T17:00:19Z&quot;\n        }\n    ],\n    &quot;status&quot;: 112,\n    &quot;deliveryReportUrl&quot;: &quot;https:\/\/api.example.com\/sms\/deliveryreport&quot;,\n    &quot;reference&quot;: &quot;A client reference&quot;,\n    &quot;tags&quot;: &#x5B;&quot;marketing&quot;, &quot;auth&quot;, &quot;etc&quot;],\n}\n<\/pre><\/div>\n\n\n<h3 class=\"wp-block-heading my-5\" id=\"h-falt-for-responsdata\">F\u00e4lt f\u00f6r responsdata<\/h3>\n\n\n\n<div class=\"responsive-table\">\n<table class=\"table table-dark table-striped developer-table\">\n  <thead>\n    <tr>\n      <th>F\u00e4ltnamn<\/th>\n      <th>Typ<\/th>\n      <th>Beskrivning<\/th>\n      <th>Exempel<\/th>\n    <\/tr>\n  <\/thead>\n  <tbody>\n    <tr>\n      <td><strong>id<\/strong><\/td>\n      <td><code>String<\/code><\/td>\n      <td>\n        Batchens ID.\n      <\/td>\n      <td><pre><code>\n\"id\": \"5bc86b6e85c7209830f96936\"\n      <\/code><\/pre><\/td>\n    <\/tr>\n    <tr>\n      <td><strong>sender<\/strong><\/td>\n      <td><code>String<\/code><\/td>\n      <td>\n        Avs\u00e4ndaren som anv\u00e4nds f\u00f6r ett eller flera meddelanden.\n      <\/td>\n      <td><pre><code>\n\"sender\": \"46101606060\"\n      <\/code><\/pre><\/td>\n    <\/tr>\n    <tr>\n      <td><strong>body<\/strong><\/td>\n      <td><code>String<\/code><\/td>\n      <td>\n        Den ursprungliga bodyn, allts\u00e5 meddelandetexten, som skickas, f\u00f6re mallar har till\u00e4mpats, enligt den ursprungliga requesten.\n      <\/td>\n      <td><pre><code>\n\"body\": \"A very nice message\"\n<\/code>\n<\/pre>\n<\/td>\n    <\/tr>\n    <tr>\n      <td>owner<\/td>\n      <td><code>String<\/code><\/td>\n      <td>Kontonumret f\u00f6r SMS-kontot som st\u00e5r som \u00e4gare batchen<\/td>\n      <td><pre><code>\n\"owner\": \"ip1-xxxxx\"\n      <\/code><\/pre><\/td>\n    <\/tr>\n    <tr>\n      <td><strong>direction<\/strong><\/td>\n      <td><code>String<\/code><\/td>\n      <td>\n        Talar om ifall meddelandet <strong>skickades<\/strong> eller <strong>togs emot<\/strong> av v\u00e5rt system.\n        <ul>\n          <li><code>MT<\/code> En akronym f\u00f6r Mobile Terminated, ett meddelande som skickades till en mobil enhet.<\/li>\n          <li><code>MO<\/code> En akronym f\u00f6r Mobile Originated, ett meddelande som skickades fr\u00e5n en mobil enhet.<\/li>\n        <\/ul>\n      <\/td>\n      <td><pre><code>\n \"direction\": \"MT\"\n      <\/code><\/pre><\/td>\n    <\/tr>\n    <tr>\n      <td><strong>type<\/strong><\/td>\n      <td><code>String<\/code><\/td>\n      <td>\n        Beskriver meddelandets typ.\n        <ul>\n          <li><code>sms<\/code> \u00e4r ett vanligt SMS.<\/li>\n          <li>\n            <code>flash<\/code> \u00e4r ett meddelande som visas en g\u00e5ng p\u00e5 enheten\n            och sedan raderas.\n          <\/li>\n        <\/ul>\n      <\/td>\n      <td>\n      <pre><code>\n\"type\": \"sms\"\n      <\/pre><\/code>\n      <\/td>\n    <\/tr>\n    <tr>\n      <td><strong>datacoding<\/strong><\/td>\n      <td><code>String<\/code><\/td>\n      <td>\n        Talar om vilken teckenupps\u00e4ttning som anv\u00e4nds f\u00f6r batchen.\n        <ul>\n          <li>\n            <code>gsm<\/code>: 7-bitars teckenupps\u00e4ttning (160 tecken\/SMS),\n            begr\u00e4nsat antal tecken.\n          <\/li>\n          <li>\n            <code>ucs<\/code>: 2-byte teckenupps\u00e4ttning (70 tecken\/SMS),\n            till\u00e5ter alla tecken (t.ex. emoji).\n          <\/li>\n        <\/ul>\n      <\/td>\n      <td>\n      <pre><code>\n\"datacoding\": \"GSM\"\n      <\/pre><\/code>\n      <\/td>\n    <\/tr>\n    <tr>\n      <td><strong>priority<\/strong><\/td>\n      <td><code>Integer<\/code><\/td>\n      <td>\n        Beskriver vilken prioritet som anv\u00e4nds f\u00f6r batchen.\n      <\/td>\n      <td>\n      <pre><code>\n\"priority\": 1\n      <\/pre><\/code>\n      <\/td>\n    <\/tr>\n    <tr>\n      <td><strong>templated<\/strong><\/td>\n      <td><code>boolean<\/code><\/td>\n      <td>Talar om ifall batchens body (Meddelandetxt) inneh\u00e5ller templating.<\/td>\n      <td>\n        <pre>\n          <code>\n\"templated\": true\n          <\/code>\n        <\/pre>\n      <\/td>\n    <\/tr>\n    <tr>\n      <td><strong>priceSummary<\/strong><\/td>\n      <td><code>array<\/code><\/td>\n      <td>Ger en summering av batchens kostnad samt vilken valuta som debiterat kontot.<\/td>\n      <td>\n        <pre>\n          <code>\n\"priceSummary\": {\n    \"total\": 0.125,\n    \"currency\": \"EUR\",\n    \"average\": 0.0416\n}\n          <\/code>\n        <\/pre>\n      <\/td>\n    <\/tr>\n    <tr>\n      <td><strong>messageSummary<\/strong><\/td>\n      <td><code>array<\/code><\/td>\n      <td>Ger en summering av antalet meddelande i batchen uppdelat i statusgrupper.<\/td>\n      <td>\n        <pre>\n          <code>\n\"messageSummary\": {\n    \"101\": {\n      \"messages\": 43,\n      \"sms\": 86\n    },\n    \"102\": {\n      \"messages\": 3,\n      \"sms\": 6\n    },\n    \"201\": {\n      \"messages\": 142,\n      \"sms\": 284\n    }\n}\n          <\/code>\n        <\/pre>\n      <\/td>\n    <\/tr>\n    <tr>\n      <td><strong>deliveryWindows<\/strong><\/td>\n      <td><code>Array<\/code><\/td>\n      <td>\n        Visar batchens tidsf\u00f6nster\n      <\/td>\n      <td><pre><code>\n\"deliveryWindows\": [\n        {\n            \"opens\": \"2025-11-12T17:00:19Z\",\n            \"closes\": \"2025-11-18T17:00:19Z\"\n        },\n        {\n            \"opens\": \"2025-11-20T17:00:19Z\",\n            \"closes\": \"2025-11-26T17:00:19Z\"\n        }\n],\n      <\/code><\/pre><\/td>\n    <\/tr>\n    <tr>\n      <td><strong>status<\/strong><\/td>\n      <td>Integer<\/td>\n      <td>Aktuell status f\u00f6r batchen. H\u00e4rleds fr\u00e5n riktningen och den senaste statusen f\u00f6r batchens meddelanden. Tillg\u00e4ngliga statusar \u00e4r f\u00f6ljande:\n        <table class=\"table table-dark table-striped\">\n          <thead>\n            <tr>\n            <th>Namn<\/th>\n            <th>statuskod<\/th>\n            <th>Kommentar<\/th>\n            <\/tr>\n          <\/thead>\n          <tbody>\n            <tr>\n              <td>Planned<\/td>\n              <td>101<\/td>\n              <td>Batchen \u00e4r schemalagd att skickas i framtiden.<\/td>\n            <\/tr>\n            <tr>\n              <td>Ongoing<\/td>\n              <td>111<\/td>\n              <td>Batchen h\u00e5ller p\u00e5 att bearbetas och skickas ut<\/td>\n            <\/tr>\n            <tr>\n              <td>Sent<\/td>\n              <td>112<\/td>\n              <td>Batchen har skickats ut<\/td>\n            <\/tr>\n            <tr>\n              <td>Incoming<\/td>\n              <td>201<\/td>\n              <td>Batchen inneh\u00e5ller inkommande meddelanden<\/td>\n            <\/tr>\n            <tr>\n              <td>Canceled<\/td>\n              <td>203<\/td>\n              <td>Batchen har avbrutits och kommer inte att skickas<\/td>\n            <\/tr>\n          <\/tbody>\n        <\/table>\n      <\/td>\n      <td>\n      <pre><code>\n\"status\": 112\n      <\/pre><\/code>\n    <\/td>\n    <\/tr>\n    <tr>\n      <td><strong>deliveryReportUrl<\/strong><\/td>\n      <td><code>String<\/code><\/td>\n      <td>\n        Visar eventuell callback-url f\u00f6r mottagande av leveransrapporter till extern mjukvara.\n      <\/td>\n      <td>\n      <pre><code>\n\"deliveryReportUrl\": \"https:\/\/ip1.net\"\n      <\/pre><\/code>\n      <\/td>\n    <\/tr>\n    <tr>\n      <td><strong>reference<\/strong><\/td>\n      <td><code>String<\/code><\/td>\n      <td>\n        Visar batchens referens om s\u00e5dan finns.\n      <\/td>\n      <td>\n      <pre><code>\n\"reference\": \"custom-id-123\"\n      <\/pre><\/code>\n      <\/td>\n    <\/tr>\n    <tr>\n      <td><strong>tags<\/strong><\/td>\n      <td><code>string<\/code><\/td>\n      <td>\n        Visar eventuella taggar i batchen.\n      <\/td>\n      <td>\n      <pre><code>\n\"tags\": [\"marketing\", \"auth\", \"admin\"],\n      <\/pre><\/code>\n      <\/td>\n    <\/tr>\n  <\/tbody>\n<\/table>\n<\/div>\n\n\n\n<\/div>\n\n\n\n<script type=\"application\/ld+json\" class=\"saswp-schema-markup-output\">\n{\n  \"@context\": \"https:\/\/schema.org\",\n  \"@type\": \"Service\",\n  \"serviceType\": \"SMS Batch Management API\",\n  \"name\": \"iP.1 SMS API - H\u00e4mta Batcher (GET \/v2\/batches)\",\n  \"description\": \"Endpoint f\u00f6r att h\u00e4mta status, historik och detaljer f\u00f6r tidigare skickade SMS-batcher. Anv\u00e4nds f\u00f6r uppf\u00f6ljning och rapportering.\",\n  \n  \"provider\": {\n    \"@type\": \"Organization\",\n    \"name\": \"iP.1 Networks AB\",\n    \"url\": \"https:\/\/ip1sms.com\/\"\n  },\n  \n  \"url\": \"https:\/\/ip1sms.com\/utvecklare\/batcher\/\",\n  \n  \/\/ Beskriver resultatet av tj\u00e4nsten (en lista med data)\n  \"serviceOutput\": { \n    \"@type\": \"Collection\", \/\/ Typen Collection \u00e4r l\u00e4mplig f\u00f6r en lista med resultat\n    \"name\": \"Lista \u00f6ver skickade SMS-batcher\",\n    \"description\": \"Returnerar en paginerad lista med metadata, status och detaljer om SMS-utskick.\"\n  },\n  \n  \/\/ *** Den programmatiska funktionen beskrivs som en s\u00f6k\u00e5tg\u00e4rd ***\n  \"potentialAction\": {\n    \"@type\": \"SearchAction\", \/\/ Passar bra f\u00f6r att h\u00e4mta\/s\u00f6ka i en lista\n    \"query\": \"H\u00e4mta batcher utifr\u00e5n startposition och limit.\",\n    \"target\": {\n      \"@type\": \"EntryPoint\",\n      \"urlTemplate\": \"https:\/\/api.ip1sms.com\/v2\/batches\", \n      \"httpMethod\": \"GET\" \n    }\n  }\n}\n<\/script>\n<\/div>\n\n\n\n<div class=\"wp-block-column is-layout-flow wp-block-column-is-layout-flow\" style=\"flex-basis:15%\">\n<nav id=\"developer-sub-menu\" class=\"navbar sticky-top\">\n    <nav class=\"nav bg-light flex-column\">\n        <a class=\"nav-link font-weight-bold\" href=\"#h-quick-start\">Quick start<\/a>\n        <a class=\"nav-link font-weight-bold\" href=\"#h-anrop\">Anrop<\/a>\n        <nav class=\"nav\">\n            <a class=\"nav-link text-muted\" href=\"#h-lista-en-samling-av-batcher\">Lista en samling av batcher<\/a>\n            <a class=\"nav-link text-muted\" href=\"#h-lista-en-enskild-batch\">Lista en enskild Batch<\/a>\n            <a class=\"nav-link text-muted\" href=\"#h-exempel-pa-anrop\">Exempel p\u00e5 anrop<\/a>\n            <a class=\"nav-link text-muted\" href=\"#h-falt-for-anropsdata\">F\u00e4lt f\u00f6r anropsdata<\/a>\n        <\/nav>\n    <\/nav>\n    <nav class=\"nav bg-light\">\n        <a class=\"nav-link font-weight-bold\" href=\"#h-respons\">Respons<\/a>\n        <nav class=\"nav\">\n            <a class=\"nav-link text-muted\" href=\"#h-exempel-pa-responsdata\">Exempel p\u00e5 responsdata<\/a>\n            <a class=\"nav-link text-muted\" href=\"#h-falt-for-responsdata\">F\u00e4lt f\u00f6r responsdata<\/a>\n        <\/nav>\n    <\/nav>\n<\/nav>\n<\/div>\n<\/div>\n","protected":false},"excerpt":{"rendered":"<p>Batcher Quick start Anv\u00e4nd exemplet nedan och byt ut \u201cAPI_NYCKEL\u201d mot en bearer token som du skapar i anv\u00e4ndarportalen. Anrop Lista en samling av batcher Endpoint: \/v2\/batches Metod: GET Lista en enskild Batch Endpoint: \/v2\/batches\/{batchId} Metod: GET Radera batch eller avbryt framtida batch Metod: DELETE Exempel p\u00e5 anrop F\u00e4lt f\u00f6r anropsdata F\u00e4ltnamn Typ Beskrivning Exempel [&hellip;]<\/p>\n","protected":false},"author":1,"featured_media":0,"parent":382,"menu_order":0,"comment_status":"closed","ping_status":"closed","template":"developer.php","meta":{"footnotes":""},"categories":[4],"tags":[26],"class_list":["post-414","page","type-page","status-publish","hentry","category-api-dokumention","tag-sms"],"_links":{"self":[{"href":"https:\/\/ip1sms.com\/en\/wp-json\/wp\/v2\/pages\/414","targetHints":{"allow":["GET"]}}],"collection":[{"href":"https:\/\/ip1sms.com\/en\/wp-json\/wp\/v2\/pages"}],"about":[{"href":"https:\/\/ip1sms.com\/en\/wp-json\/wp\/v2\/types\/page"}],"author":[{"embeddable":true,"href":"https:\/\/ip1sms.com\/en\/wp-json\/wp\/v2\/users\/1"}],"replies":[{"embeddable":true,"href":"https:\/\/ip1sms.com\/en\/wp-json\/wp\/v2\/comments?post=414"}],"version-history":[{"count":0,"href":"https:\/\/ip1sms.com\/en\/wp-json\/wp\/v2\/pages\/414\/revisions"}],"up":[{"embeddable":true,"href":"https:\/\/ip1sms.com\/en\/wp-json\/wp\/v2\/pages\/382"}],"wp:attachment":[{"href":"https:\/\/ip1sms.com\/en\/wp-json\/wp\/v2\/media?parent=414"}],"wp:term":[{"taxonomy":"category","embeddable":true,"href":"https:\/\/ip1sms.com\/en\/wp-json\/wp\/v2\/categories?post=414"},{"taxonomy":"post_tag","embeddable":true,"href":"https:\/\/ip1sms.com\/en\/wp-json\/wp\/v2\/tags?post=414"}],"curies":[{"name":"wp","href":"https:\/\/api.w.org\/{rel}","templated":true}]}}