{"id":3938,"date":"2024-11-18T09:52:41","date_gmt":"2024-11-18T09:52:41","guid":{"rendered":"http:\/\/34.88.191.99\/?page_id=3938"},"modified":"2025-04-07T13:54:52","modified_gmt":"2025-04-07T13:54:52","slug":"register-email-domains","status":"publish","type":"page","link":"https:\/\/ip1sms.com\/en\/developer\/register-email-domains\/","title":{"rendered":"Register email domains"},"content":{"rendered":"<h1 class=\"wp-block-heading\" id=\"registering-sending-domains\">Register email domains for mailing<\/h1>\n\n\n\n<p>Before sending emails using our APIs, you need to register the sending domain to use. You can register as many domains as you want and you can deregister the ones you no longer use. You can also do this via <a href=\"https:\/\/portal.ip1.net\" rel=\"nofollow noopener\" target=\"_blank\">the user portal<\/a>.<\/p>\n\n\n\n<p>Additionally, registered domains must be verified to ensure email delivery and ownership of the domain. See Verifying Send Domains for more information.<\/p>\n\n\n\n<h2 class=\"wp-block-heading\" id=\"reading-registered-domains\">Read registered domains<\/h2>\n\n\n\n<p>Endpoint: <code>GET domains<\/code><\/p>\n\n\n\n<p>This endpoint will provide you with all registered domains in your account, as the response data type below. Arranged alphabetically by domain.<\/p>\n\n\n\n<h2 class=\"wp-block-heading\" id=\"reading-a-single-registered-domain\">Read an individual registered domain<\/h2>\n\n\n\n<p>Endpoint: <code>GET domains\/{domain}<\/code><\/p>\n\n\n\n<p>This endpoint will provide you with the document for a single registered domain as the data type below.<\/p>\n\n\n\n<h2 class=\"wp-block-heading\" id=\"register-a-domain\">Register a domain<\/h2>\n\n\n\n<p>Endpoint: <code>PUT domains\/{domain}<\/code><\/p>\n\n\n\n<p>This enpoint allows you to register a new domain and return its contents if successful.<\/p>\n\n\n\n<h2 class=\"wp-block-heading\" id=\"unregister-a-domain\">Deregister a domain<\/h2>\n\n\n\n<p>Endpoint: <code>DELETE domains\/{domain}<\/code><\/p>\n\n\n\n<p>This endpoint allows you to deregister a previously registered domain. The output is the same as when reading a single registered domain above, when successful.<\/p>\n\n\n\n<h2 class=\"wp-block-heading\" id=\"response-data-type\">Response data type<\/h2>\n\n\n<div class=\"wp-block-syntaxhighlighter-code\"><pre class=\"brush: plain; title: ; notranslate\" title=\"\">\n{ &quot;domain&quot;: &quot;example.com&quot;, &quot;created&quot;: &quot;2018-10-23T17:43:19Z&quot; }\n\n<\/pre><\/div>\n\n\n<h3 class=\"wp-block-heading\">domain<\/h3>\n\n\n\n<p>The registered email domain<\/p>\n\n\n\n<h3 class=\"wp-block-heading\" id=\"created\">created<\/h3>\n\n\n\n<p>The date the domain was registered<\/p>","protected":false},"excerpt":{"rendered":"<p>Registrera e-postdom\u00e4ner f\u00f6r utskick Innan du skickar e-postmeddelanden med v\u00e5ra API:er m\u00e5ste du registrera s\u00e4ndningsdom\u00e4nen som du ska anv\u00e4nda. Du kan registrera hur m\u00e5nga dom\u00e4ner du vill och du kan avregistrera de som du inte anv\u00e4nder l\u00e4ngre. Detta kan du \u00e4ven g\u00f6ra via anv\u00e4ndarportalen. Dessutom m\u00e5ste registrerade dom\u00e4ner verifieras f\u00f6r att s\u00e4kerst\u00e4lla leverans av e-postmeddelanden [&hellip;]<\/p>\n","protected":false},"author":1,"featured_media":0,"parent":382,"menu_order":0,"comment_status":"closed","ping_status":"closed","template":"developer-email.php","meta":{"footnotes":""},"categories":[4],"tags":[],"class_list":["post-3938","page","type-page","status-publish","hentry","category-api-dokumention"],"_links":{"self":[{"href":"https:\/\/ip1sms.com\/en\/wp-json\/wp\/v2\/pages\/3938","targetHints":{"allow":["GET"]}}],"collection":[{"href":"https:\/\/ip1sms.com\/en\/wp-json\/wp\/v2\/pages"}],"about":[{"href":"https:\/\/ip1sms.com\/en\/wp-json\/wp\/v2\/types\/page"}],"author":[{"embeddable":true,"href":"https:\/\/ip1sms.com\/en\/wp-json\/wp\/v2\/users\/1"}],"replies":[{"embeddable":true,"href":"https:\/\/ip1sms.com\/en\/wp-json\/wp\/v2\/comments?post=3938"}],"version-history":[{"count":0,"href":"https:\/\/ip1sms.com\/en\/wp-json\/wp\/v2\/pages\/3938\/revisions"}],"up":[{"embeddable":true,"href":"https:\/\/ip1sms.com\/en\/wp-json\/wp\/v2\/pages\/382"}],"wp:attachment":[{"href":"https:\/\/ip1sms.com\/en\/wp-json\/wp\/v2\/media?parent=3938"}],"wp:term":[{"taxonomy":"category","embeddable":true,"href":"https:\/\/ip1sms.com\/en\/wp-json\/wp\/v2\/categories?post=3938"},{"taxonomy":"post_tag","embeddable":true,"href":"https:\/\/ip1sms.com\/en\/wp-json\/wp\/v2\/tags?post=3938"}],"curies":[{"name":"wp","href":"https:\/\/api.w.org\/{rel}","templated":true}]}}