{"id":382,"date":"2023-11-22T13:08:09","date_gmt":"2023-11-22T13:08:09","guid":{"rendered":"http:\/\/34.88.191.99\/?page_id=382"},"modified":"2025-10-10T11:58:11","modified_gmt":"2025-10-10T11:58:11","slug":"developer","status":"publish","type":"page","link":"https:\/\/ip1sms.com\/en\/developer\/","title":{"rendered":"API Documentation"},"content":{"rendered":"<h1 class=\"wp-block-heading has-text-align-center mt-3\" id=\"h-api-er-fran-ip-1\">APIs from iP.1<\/h1>\n\n\n\n<div class=\"row justify-content-center g-0 my-4\">\n<div class=\"col-md-9 col-sm-12 text-center\">\n<p>We at iP.1 think it should be easy to develop and have complete documentation of all our APIs.<\/p>\n<p>Choose above which API you want to implement by clicking on the respective box.<\/p>\n<\/div>\n<\/div>\n\n\n\n<div class=\"row justify-content-center g-0\">\n<div class=\"col-md-9 col-sm-12 text-center grey-box\">\n<h3>Discover the possibilities of our APIs<\/h3>\n<p>By downloading our demo app, you can take a tour of our APIs to discover functionality and capabilities. Go to the documentation for a guide to the app.<\/p>\n<\/div>\n<\/div>\n\n\n\n<div class=\"wp-block-buttons is-content-justification-center is-layout-flex wp-container-core-buttons-is-layout-16018d1d wp-block-buttons-is-layout-flex\">\n<div class=\"wp-block-button\"><a class=\"wp-block-button__link wp-element-button\" href=\"https:\/\/ip1sms.com\/en\/samples\/download\/\">Download our demo app<\/a><\/div>\n<\/div>","protected":false},"excerpt":{"rendered":"<p>API:er fr\u00e5n iP.1 Vi p\u00e5 iP.1 tycker att det ska vara enkelt att utveckla och har fullst\u00e4ndig dokumentation \u00f6ver samtliga v\u00e5ra API:er. V\u00e4lj ovan vilket API du vill implementera genom att klicka p\u00e5 respektive ruta. Uppt\u00e4ck m\u00f6jligheterna med v\u00e5ra API:er Genom att ladda ner v\u00e5r demo-app kan du g\u00e5 en rundtur i v\u00e5ra API:er f\u00f6r [&hellip;]<\/p>\n","protected":false},"author":1,"featured_media":0,"parent":0,"menu_order":0,"comment_status":"closed","ping_status":"closed","template":"page-api.php","meta":{"footnotes":""},"categories":[4],"tags":[22],"class_list":["post-382","page","type-page","status-publish","hentry","category-api-dokumention","tag-integration"],"_links":{"self":[{"href":"https:\/\/ip1sms.com\/en\/wp-json\/wp\/v2\/pages\/382","targetHints":{"allow":["GET"]}}],"collection":[{"href":"https:\/\/ip1sms.com\/en\/wp-json\/wp\/v2\/pages"}],"about":[{"href":"https:\/\/ip1sms.com\/en\/wp-json\/wp\/v2\/types\/page"}],"author":[{"embeddable":true,"href":"https:\/\/ip1sms.com\/en\/wp-json\/wp\/v2\/users\/1"}],"replies":[{"embeddable":true,"href":"https:\/\/ip1sms.com\/en\/wp-json\/wp\/v2\/comments?post=382"}],"version-history":[{"count":0,"href":"https:\/\/ip1sms.com\/en\/wp-json\/wp\/v2\/pages\/382\/revisions"}],"wp:attachment":[{"href":"https:\/\/ip1sms.com\/en\/wp-json\/wp\/v2\/media?parent=382"}],"wp:term":[{"taxonomy":"category","embeddable":true,"href":"https:\/\/ip1sms.com\/en\/wp-json\/wp\/v2\/categories?post=382"},{"taxonomy":"post_tag","embeddable":true,"href":"https:\/\/ip1sms.com\/en\/wp-json\/wp\/v2\/tags?post=382"}],"curies":[{"name":"wp","href":"https:\/\/api.w.org\/{rel}","templated":true}]}}