{"id":3662,"date":"2024-09-23T14:17:47","date_gmt":"2024-09-23T14:17:47","guid":{"rendered":"http:\/\/34.88.191.99\/?page_id=3662"},"modified":"2025-04-01T11:20:58","modified_gmt":"2025-04-01T11:20:58","slug":"personal-data","status":"publish","type":"page","link":"https:\/\/ip1sms.com\/en\/personal-data\/","title":{"rendered":"Personal data"},"content":{"rendered":"<div class=\"row g-0 justify-content-center mb-5 mt-5 p-1 mx-1 p-md-0 mx-md-0\">\n<div class=\"col-md-9 col-sm-12 text-left\">\n\n\n\n<h1 class=\"wp-block-heading\" id=\"h-personuppgifter\">Personal data<\/h1>\n\n\n\n<h3 class=\"wp-block-heading\" id=\"h-undersokningar\"><strong>Surveys<\/strong><\/h3>\n\n\n\n<p>Below you will find information on how iP.1 handles personal information and data. For more in-depth details, we refer to our <a href=\"\/wp-content\/uploads\/2024\/03\/iP1-privacy-policy.pdf\">integrity policy<\/a>.<\/p>\n\n\n\n<h4 class=\"wp-block-heading\" id=\"h-information-for-dig-som-besvarar-en-enkat\"><strong>Information for respondents to a survey<\/strong><\/h4>\n\n\n\n<p>Surveys are administered by survey creators. The survey responses are owned and processed by the survey creator. We administer the surveys and collect the responses you submit to the survey creator.<\/p>\n\n\n\n<p>If you have questions about a survey you are taking, you should contact the survey creator directly, as iP.1 is not responsible for the content of the survey or your responses to it. The survey creator is usually the same person who invited you to complete it, and sometimes they have their own privacy policy.<\/p>\n\n\n\n<p><strong>Are your answers anonymous?<\/strong> This depends on how the survey creator has configured the survey. Contact them to find out. We do not sell your answers to any third party.<\/p>\n\n\n\n<h4 class=\"wp-block-heading\" id=\"h-information-for-dig-som-skapat-och-distribuerat-en-eller-flera-enkat-via-vara-tjanster\"><strong>Information for those who have created and distributed one or more surveys via our services<\/strong><\/h4>\n\n\n\n<p>Your survey data is owned by you. In addition, iP.1 treats your surveys as if they were private (unless you have made the surveys available via a public link). We do not sell them to anyone.<\/p>\n\n\n\n<p>We protect respondents' SMS numbers and email addresses. To make it easier for you to invite people to complete your surveys via SMS and email, you can upload lists of SMS numbers and email addresses, in which case iP.1 acts only as a custodian of this information.<\/p>\n\n\n\n<p>We do not sell these SMS numbers and email addresses and we only use them as you instruct us, and in accordance with this policy. The same applies to any SMS numbers and email addresses collected through your surveys.<\/p>\n\n\n\n<\/div>\n<\/div>\n\n\n\n<p><\/p>","protected":false},"excerpt":{"rendered":"<p>Personuppgifter Unders\u00f6kningar Nedan hittar du en information om hur iP.1 hanterar personlig information och data. F\u00f6r mer djupg\u00e5ende detaljer h\u00e4nvisar vi till v\u00e5r integritets policy. Information f\u00f6r dig som besvarar en enk\u00e4t Enk\u00e4ter administreras av enk\u00e4tskapare. Enk\u00e4tsvaren \u00e4gs och behandlas av enk\u00e4tskaparen. Vi administrerar enk\u00e4terna och samlar in svaren som du skickar in till skaparen [&hellip;]<\/p>\n","protected":false},"author":1,"featured_media":0,"parent":0,"menu_order":0,"comment_status":"closed","ping_status":"closed","template":"","meta":{"footnotes":""},"categories":[],"tags":[],"class_list":["post-3662","page","type-page","status-publish","hentry"],"_links":{"self":[{"href":"https:\/\/ip1sms.com\/en\/wp-json\/wp\/v2\/pages\/3662","targetHints":{"allow":["GET"]}}],"collection":[{"href":"https:\/\/ip1sms.com\/en\/wp-json\/wp\/v2\/pages"}],"about":[{"href":"https:\/\/ip1sms.com\/en\/wp-json\/wp\/v2\/types\/page"}],"author":[{"embeddable":true,"href":"https:\/\/ip1sms.com\/en\/wp-json\/wp\/v2\/users\/1"}],"replies":[{"embeddable":true,"href":"https:\/\/ip1sms.com\/en\/wp-json\/wp\/v2\/comments?post=3662"}],"version-history":[{"count":0,"href":"https:\/\/ip1sms.com\/en\/wp-json\/wp\/v2\/pages\/3662\/revisions"}],"wp:attachment":[{"href":"https:\/\/ip1sms.com\/en\/wp-json\/wp\/v2\/media?parent=3662"}],"wp:term":[{"taxonomy":"category","embeddable":true,"href":"https:\/\/ip1sms.com\/en\/wp-json\/wp\/v2\/categories?post=3662"},{"taxonomy":"post_tag","embeddable":true,"href":"https:\/\/ip1sms.com\/en\/wp-json\/wp\/v2\/tags?post=3662"}],"curies":[{"name":"wp","href":"https:\/\/api.w.org\/{rel}","templated":true}]}}