{"id":350,"date":"2023-11-20T13:48:07","date_gmt":"2023-11-20T12:48:07","guid":{"rendered":"http:\/\/localhost\/wordpress\/?page_id=81"},"modified":"2025-12-10T14:19:07","modified_gmt":"2025-12-10T14:19:07","slug":"mail2sms","status":"publish","type":"page","link":"https:\/\/ip1sms.com\/en\/mail2sms\/","title":{"rendered":"Mail2SMS"},"content":{"rendered":"<div class=\"wp-block-custom-ip1-service-page-header-block wp-block-group is-layout-constrained wp-block-group-is-layout-constrained\"><div class=\"wp-block-group__inner-container\"><div class=\"row g-0 justify-content-center align-items-center ip1-service-page-header gradient-box ripple\"><div class=\"col-md-9 col-sm-12\"><div class=\"wp-block-columns are-vertically-aligned-center is-layout-flex wp-container-core-columns-layout-1 wp-block-columns-is-layout-flex\"><div class=\"wp-block-column is-vertically-aligned-center is-layout-flow wp-block-column-is-layout-flow\" style=\"flex-basis:33.33%\"><img decoding=\"async\" src=\"https:\/\/ip1sweden.blob.core.windows.net\/blobip1websitef76b7023b5\/wp-content\/uploads\/2024\/03\/send-sms-from-outlook.svg\" alt=\"SMS services from iP.1\"\/><\/div><div class=\"wp-block-column is-vertically-aligned-center is-layout-flow wp-block-column-is-layout-flow\" style=\"flex-basis:66.66%\"><h1 class=\"wp-block-heading\">Send SMS with your email client with Mail2SMS from iP.1<\/h1><p class=\"paragraph1\">Mail2SMS has long been an effective and useful option and means that you can easily send an SMS to one or more recipients, directly from your email client.<\/p><p class=\"paragraph2\">With Mail2SMS from iP.1, you only need an account and an SMS balance, alternatively one of our advantageous post-invoicing packages, then you're up and running!<\/p><\/div><\/div><\/div><\/div><\/div><\/div>\n\n\n\n<div class=\"wp-block-custom-ip1-conversion-button-block row g-0 concave align-items-center text-center\"><div class=\"col\"><div class=\"link-button\"><a href=\"\/en\/trial-account\/\" id=\"general-trial\" class=\"btn btn-ip1 get-started\">Free trial account<\/a><a href=\"#\" id=\"contact-form\" class=\"btn btn-outline-ip1 ms-2 sign-in\" data-bs-toggle=\"modal\" data-bs-target=\"#contact-modal\">Contacts us<\/a><\/div><\/div><\/div>\n\n\n\n<div class=\"row g-0 justify-content-center mb-5 mt-5 p-1 mx-1 p-md-0 mx-md-0\">\n<div class=\"col-md-9 col-sm-12 text-left\">\n\n\n\n<h2 class=\"wp-block-heading\" id=\"h-hur-fungerar-mail2sms\">How does Mail2SMS work?<\/h2>\n\n\n\n<p>Sending SMS from e-mail is as easy as sending an e-mail:<\/p>\n\n\n\n<ol class=\"wp-block-list\">\n<li>Start by entering the address of our SMS server in the address field<\/li>\n\n\n\n<li>Continue by entering the desired sender in the subject field<\/li>\n\n\n\n<li>Enter your recipient's mobile number in the message field within chevrons (Ex: {46712345678})<\/li>\n\n\n\n<li>Last but not least, you finish by writing your message in the message field under your mobile numbers<\/li>\n\n\n\n<li>Then just press send!<\/li>\n<\/ol>\n\n\n\n<p>We also offer the option of receiving replies to your sent SMS. By using so-called virtual mobile numbers, you can easily receive incoming SMS. You also have the option of forwarding the incoming message to any e-mail address.<\/p>\n\n\n\n<div class=\"wp-block-columns is-layout-flex wp-container-core-columns-is-layout-9d6595d7 wp-block-columns-is-layout-flex\">\n<div class=\"wp-block-column is-layout-flow wp-block-column-is-layout-flow\">\n<h3 class=\"wp-block-heading\" id=\"h-mail2sms-nbsp-oavsett-mail-klient\"><strong>Mail2SMS<\/strong>&nbsp;regardless of e-mail client<\/h3>\n\n\n\n<p>You can use Mail2SMS to manually send SMS in an email message in any email client, whether it's a web-based service or an installed program. Of course, you can also integrate the service into an existing system that handles e-mails.<\/p>\n\n\n\n<p>Thanks to an innovative account and user system, you also have access to our web services, which give you the opportunity to make full use of SMS as a channel, whether it's SMS reminders, alarms or marketing!<\/p>\n<\/div>\n\n\n\n<div class=\"wp-block-column is-layout-flow wp-block-column-is-layout-flow\">\n<h3 class=\"wp-block-heading\" id=\"h-skicka-och-ta-emot-sms-direkt-via-e-post\">Send and receive SMS directly via email<\/h3>\n\n\n\n<p>Together with a virtual number, you can both send and receive SMS directly in your e-mail client, regardless of whether you use an installed e-mail program such as Outlook or a web service such as Gmail. Mail2SMS can be used for all devices that support email sending, regardless of whether it is a hand-held mobile phone, computer or an industrial machine with SMTP support.<\/p>\n\n\n\n<p>You can easily forward incoming e-mails as SMS to one or more recipients, the only thing you need to add is your sender and a list of numbers to send to!<\/p>\n<\/div>\n<\/div>\n\n\n\n<div class=\"wp-block-columns is-layout-flex wp-container-core-columns-is-layout-9d6595d7 wp-block-columns-is-layout-flex\">\n<div class=\"wp-block-column is-layout-flow wp-block-column-is-layout-flow\" style=\"flex-basis:66.66%\">\n<h3 class=\"wp-block-heading\" id=\"h-hur-aktiverar-jag-mail2sms\">How do I activate Mail2SMS?<\/h3>\n\n\n\n<p>Start by opening a test account or get started immediately with an active account in our webshop. Then activate Mail2SMS by following the wizard<\/p>\n\n\n\n<h3 class=\"wp-block-heading\" id=\"h-behover-du-hjalp\">Need help?<\/h3>\n\n\n\n<p><a href=\"mailto:support@ip1.se\">Contacts us<\/a>&nbsp;and we will guide you!<\/p>\n<\/div>\n\n\n\n<div class=\"wp-block-column is-layout-flow wp-block-column-is-layout-flow\" style=\"flex-basis:33.33%\">\n<ul class=\"wp-block-list\">\n<li>Create a&nbsp;<a href=\"https:\/\/shop.ip1.net\/account\/new\" target=\"_blank\" rel=\"noopener\">Free trial account<\/a><\/li>\n\n\n\n<li>Sign in to the User Portal<\/li>\n\n\n\n<li>Go to accounts<\/li>\n\n\n\n<li>Tap overview of your account<\/li>\n\n\n\n<li>Go to the Mail2SMS tab<\/li>\n\n\n\n<li>Activate Mail2SMS by pressing the lever<\/li>\n<\/ul>\n<\/div>\n<\/div>\n\n\n\n<\/div>\n<\/div>","protected":false},"excerpt":{"rendered":"<p>Hur fungerar Mail2SMS? Det \u00e4r lika enkelt att skicka SMS fr\u00e5n e-post som att skicka ett mail: Vi erbjuder ocks\u00e5 m\u00f6jligheten att ta emot svar p\u00e5 dina skickade SMS. Genom att anv\u00e4nda s\u00e5 kallade virtuella mobilnummer kan du enkelt ta emot inkommande SMS. Du har \u00e4ven m\u00f6jligheten att vidarebefordra det inkommande meddelandet till valfri e-postadress. [&hellip;]<\/p>\n","protected":false},"author":1,"featured_media":0,"parent":0,"menu_order":0,"comment_status":"closed","ping_status":"closed","template":"","meta":{"footnotes":""},"categories":[17],"tags":[28],"class_list":["post-350","page","type-page","status-publish","hentry","category-tjanster","tag-webbapp"],"_links":{"self":[{"href":"https:\/\/ip1sms.com\/en\/wp-json\/wp\/v2\/pages\/350","targetHints":{"allow":["GET"]}}],"collection":[{"href":"https:\/\/ip1sms.com\/en\/wp-json\/wp\/v2\/pages"}],"about":[{"href":"https:\/\/ip1sms.com\/en\/wp-json\/wp\/v2\/types\/page"}],"author":[{"embeddable":true,"href":"https:\/\/ip1sms.com\/en\/wp-json\/wp\/v2\/users\/1"}],"replies":[{"embeddable":true,"href":"https:\/\/ip1sms.com\/en\/wp-json\/wp\/v2\/comments?post=350"}],"version-history":[{"count":0,"href":"https:\/\/ip1sms.com\/en\/wp-json\/wp\/v2\/pages\/350\/revisions"}],"wp:attachment":[{"href":"https:\/\/ip1sms.com\/en\/wp-json\/wp\/v2\/media?parent=350"}],"wp:term":[{"taxonomy":"category","embeddable":true,"href":"https:\/\/ip1sms.com\/en\/wp-json\/wp\/v2\/categories?post=350"},{"taxonomy":"post_tag","embeddable":true,"href":"https:\/\/ip1sms.com\/en\/wp-json\/wp\/v2\/tags?post=350"}],"curies":[{"name":"wp","href":"https:\/\/api.w.org\/{rel}","templated":true}]}}