{"id":349,"date":"2023-11-20T13:44:03","date_gmt":"2023-11-20T12:44:03","guid":{"rendered":"http:\/\/localhost\/wordpress\/?page_id=78"},"modified":"2025-12-10T14:20:38","modified_gmt":"2025-12-10T14:20:38","slug":"sms-surveys","status":"publish","type":"page","link":"https:\/\/ip1sms.com\/en\/sms-surveys\/","title":{"rendered":"SMS Surveys"},"content":{"rendered":"<div class=\"wp-block-custom-ip1-service-page-header-block wp-block-group is-layout-constrained wp-block-group-is-layout-constrained\"><div class=\"wp-block-group__inner-container\"><div class=\"row g-0 justify-content-center align-items-center ip1-service-page-header gradient-box ripple\"><div class=\"col-md-9 col-sm-12\"><div class=\"wp-block-columns are-vertically-aligned-center is-layout-flex wp-container-core-columns-layout-1 wp-block-columns-is-layout-flex\"><div class=\"wp-block-column is-vertically-aligned-center is-layout-flow wp-block-column-is-layout-flow\" style=\"flex-basis:33.33%\"><img decoding=\"async\" src=\"https:\/\/ip1sweden.blob.core.windows.net\/blobip1websitef76b7023b5\/wp-content\/uploads\/2025\/01\/employee-satisfaction-index.svg\" alt=\"sms surveys\"\/><\/div><div class=\"wp-block-column is-vertically-aligned-center is-layout-flow wp-block-column-is-layout-flow\" style=\"flex-basis:66.66%\"><h1 class=\"wp-block-heading\">SMS Surveys the easy way<\/h1><p class=\"paragraph1\">If you want to know more about your customers or members, an SMS survey is an effective way with a higher response rate than other channels. One Survey allows you to create custom surveys as well as established industry standards.<\/p><p class=\"paragraph2\">Regardless of whether you belong to a smaller association or a larger company, One Survey is the right tool! Use our ready-made survey templates, or create your own surveys via our user-friendly interface.<\/p><\/div><\/div><\/div><\/div><\/div><\/div>\n\n\n\n<div class=\"wp-block-custom-ip1-conversion-button-block row g-0 concave align-items-center text-center\"><div class=\"col\"><div class=\"link-button\"><a href=\"\/en\/trial-account\/\" id=\"general-trial\" class=\"btn btn-ip1 get-started\">Free trial account<\/a><a href=\"#\" id=\"contact-form\" class=\"btn btn-outline-ip1 ms-2 sign-in\" data-bs-toggle=\"modal\" data-bs-target=\"#contact-modal\">Contacts us<\/a><\/div><\/div><\/div>\n\n\n\n<div class=\"wp-block-columns justify-content-center has-white-background-color has-background is-layout-flex wp-container-core-columns-is-layout-9d6595d7 wp-block-columns-is-layout-flex\">\n<div class=\"wp-block-column is-layout-flow wp-block-column-is-layout-flow\" style=\"flex-basis:70%\">\n<h2 class=\"wp-block-heading\" id=\"h-flytta-kundhjartat-narmare\">Move the customer's heart closer<\/h2>\n\n\n\n<p>Where your customers are on the scale is changing, but thanks to SMS surveying with One Survey, you have a live value gauge in your hand.<\/p>\n\n\n\n<p>One Survey gives you quick results as well as the tools to quickly catch dissatisfied customers and do what you can to move them on the scale towards being satisfied and at least as important - get your satisfied customers to move their hearts even closer to you. Loyal customers return, loyal customers recommend!<\/p>\n<\/div>\n<\/div>\n\n\n\n<div class=\"wp-block-columns has-background is-layout-flex wp-container-core-columns-is-layout-9d6595d7 wp-block-columns-is-layout-flex\" style=\"background-color:#fafafa\">\n<div class=\"wp-block-column is-layout-flow wp-block-column-is-layout-flow\">\n<p>We believe that the most important thing is to motivate your respondents to answer, so we have created a&nbsp;<strong>completely new survey solution<\/strong>&nbsp;which allows you to collect answers via clickable links on e.g. a website, send out via e-mail, SMS or regular mail!<\/p>\n<\/div>\n\n\n\n<div class=\"wp-block-column is-layout-flow wp-block-column-is-layout-flow\">\n<p><strong>To do all the smart functions justice, you will find more information about One Survey on its own website.<\/strong><\/p>\n\n\n\n<div class=\"wp-block-buttons is-layout-flex wp-block-buttons-is-layout-flex\">\n<div class=\"wp-block-button secondary\"><a class=\"wp-block-button__link wp-element-button\" href=\"https:\/\/ip1survey.se\" target=\"_blank\" rel=\"noopener\">Go to the One Survey page<\/a><\/div>\n<\/div>\n<\/div>\n<\/div>\n\n\n\n<p><\/p>","protected":false},"excerpt":{"rendered":"<p>Flytta kundhj\u00e4rtat n\u00e4rmare Vart dina kunder befinner sig p\u00e5 skalan \u00e4r f\u00f6r\u00e4nderligt, men tack vare SMS-unders\u00f6kning med One Survey har du en levande v\u00e4rdem\u00e4tare i handen. Den ger dig snabba resultat samt verktygen f\u00f6r att snabbt f\u00e5nga upp missn\u00f6jda kunder och g\u00f6ra vad du kan f\u00f6r att flytta dem p\u00e5 skalan mot att bli n\u00f6jda [&hellip;]<\/p>\n","protected":false},"author":1,"featured_media":0,"parent":0,"menu_order":0,"comment_status":"closed","ping_status":"closed","template":"","meta":{"footnotes":""},"categories":[17],"tags":[28],"class_list":["post-349","page","type-page","status-publish","hentry","category-tjanster","tag-webbapp"],"_links":{"self":[{"href":"https:\/\/ip1sms.com\/en\/wp-json\/wp\/v2\/pages\/349","targetHints":{"allow":["GET"]}}],"collection":[{"href":"https:\/\/ip1sms.com\/en\/wp-json\/wp\/v2\/pages"}],"about":[{"href":"https:\/\/ip1sms.com\/en\/wp-json\/wp\/v2\/types\/page"}],"author":[{"embeddable":true,"href":"https:\/\/ip1sms.com\/en\/wp-json\/wp\/v2\/users\/1"}],"replies":[{"embeddable":true,"href":"https:\/\/ip1sms.com\/en\/wp-json\/wp\/v2\/comments?post=349"}],"version-history":[{"count":0,"href":"https:\/\/ip1sms.com\/en\/wp-json\/wp\/v2\/pages\/349\/revisions"}],"wp:attachment":[{"href":"https:\/\/ip1sms.com\/en\/wp-json\/wp\/v2\/media?parent=349"}],"wp:term":[{"taxonomy":"category","embeddable":true,"href":"https:\/\/ip1sms.com\/en\/wp-json\/wp\/v2\/categories?post=349"},{"taxonomy":"post_tag","embeddable":true,"href":"https:\/\/ip1sms.com\/en\/wp-json\/wp\/v2\/tags?post=349"}],"curies":[{"name":"wp","href":"https:\/\/api.w.org\/{rel}","templated":true}]}}