{"id":348,"date":"2023-11-20T13:38:27","date_gmt":"2023-11-20T12:38:27","guid":{"rendered":"http:\/\/localhost\/wordpress\/?page_id=73"},"modified":"2026-02-12T10:48:46","modified_gmt":"2026-02-12T10:48:46","slug":"sms-marketing","status":"publish","type":"page","link":"https:\/\/ip1sms.com\/en\/sms-marketing\/","title":{"rendered":"SMS Marketing"},"content":{"rendered":"<div class=\"wp-block-custom-ip1-service-page-header-block wp-block-group is-layout-constrained wp-block-group-is-layout-constrained\"><div class=\"wp-block-group__inner-container\"><div class=\"row g-0 justify-content-center align-items-center ip1-service-page-header gradient-box ripple\"><div class=\"col-md-9 col-sm-12\"><div class=\"wp-block-columns are-vertically-aligned-center is-layout-flex wp-container-core-columns-layout-1 wp-block-columns-is-layout-flex\"><div class=\"wp-block-column is-vertically-aligned-center is-layout-flow wp-block-column-is-layout-flow\" style=\"flex-basis:33.33%\"><img decoding=\"async\" src=\"https:\/\/ip1sweden.blob.core.windows.net\/blobip1websitef76b7023b5\/wp-content\/uploads\/2024\/03\/sms-marketing-make-it-personal.svg\" alt=\"SMS marketing with Capacity SMS\"\/><\/div><div class=\"wp-block-column is-vertically-aligned-center is-layout-flow wp-block-column-is-layout-flow\" style=\"flex-basis:66.66%\"><h1 class=\"wp-block-heading\">SMS marketing<\/h1><p class=\"paragraph1\">SMS marketing is not only an effective way to reach out with offers and discount codes, but also a powerful tool for increasing traffic to your website or e-commerce store. This way, you can both strengthen your customer communication and drive more visitors to your site.<\/p><p class=\"paragraph2\">Easily upload your numbers, write your message, and hit send \u2013 and you're done! Through marketing via SMS, you quickly cut through the noise and get a direct channel into your customers' mobile phones, which creates an immediate and effective contact.<\/p><\/div><\/div><\/div><\/div><\/div><\/div>\n\n\n\n<div class=\"wp-block-custom-ip1-conversion-button-block row g-0 concave align-items-center text-center\"><div class=\"col\"><div class=\"link-button\"><a href=\"\/en\/trial-account\/\" id=\"one-channel-trial\" class=\"btn btn-ip1 get-started\">Free trial account<\/a><a href=\"#\" id=\"contact-form\" class=\"btn btn-outline-ip1 ms-2 sign-in\" data-bs-toggle=\"modal\" data-bs-target=\"#contact-modal\">Contacts us<\/a><\/div><\/div><\/div>\n\n\n\n<div class=\"wp-block-columns justify-content-center py-5 mt-5 has-white-background-color has-background is-layout-flex wp-container-core-columns-is-layout-9d6595d7 wp-block-columns-is-layout-flex\">\n<div class=\"wp-block-column has-white-background-color has-background is-layout-flow wp-block-column-is-layout-flow\" style=\"flex-basis:70%\">\n<h2 class=\"wp-block-heading\" id=\"h-bli-personlig-i-din-sms-marknadsforing\">Get personal in your marketing<\/h2>\n\n\n\n<p>SMS marketing is both simple and cost-effective, with a few button presses you have created a personal SMS campaign thanks to smart connections to the contact app.<\/p>\n\n\n\n<p>You can, for example, insert first and last names, shoe sizes, favorite garments, or brands, in other words, only your imagination and your knowledge of the customers set the limits. This way, you can create personal and highly relevant mailings.<\/p>\n<\/div>\n<\/div>\n\n\n\n<div class=\"wp-block-columns has-background is-layout-flex wp-container-core-columns-is-layout-9d6595d7 wp-block-columns-is-layout-flex\" style=\"background-color:#fafafa\">\n<div class=\"wp-block-column is-vertically-aligned-center p-md-5 p-0 is-layout-flow wp-block-column-is-layout-flow\">\n<figure class=\"wp-block-video aligncenter w-md-75 w-100\"><video height=\"720\" style=\"aspect-ratio: 1280 \/ 720;\" width=\"1280\" controls poster=\"https:\/\/ip1sms.com\/wp-content\/uploads\/2024\/08\/one-channel-thumb.png\" src=\"https:\/\/ip1sms.com\/wp-content\/uploads\/2024\/09\/iP1-introducerar-One-Channel.mp4\"><\/video><\/figure>\n<\/div>\n\n\n\n<div class=\"wp-block-column is-vertically-aligned-center is-layout-flow wp-block-column-is-layout-flow\">\n<h2 class=\"wp-block-heading\" id=\"h-sa-enkelt-ar-det-med-marknadsforing-via-sms\">That&#039;s how easy it is with SMS marketing!<\/h2>\n\n\n\n<p>With our One Channel marketing platform, you can reach thousands simultaneously through multiple channels.<\/p>\n\n\n\n<ol class=\"wp-block-list\">\n<li>Upload your contacts<\/li>\n\n\n\n<li>Let our AI help you with your offer<\/li>\n\n\n\n<li>Press send<\/li>\n<\/ol>\n\n\n\n<p>Watch the video on the right to get a clear overview of how easy it is to market using One Channel.<\/p>\n\n\n\n<div class=\"wp-block-buttons is-layout-flex wp-block-buttons-is-layout-flex\">\n<div class=\"wp-block-button\"><a class=\"wp-block-button__link wp-element-button\" href=\"\/en\/sms-marketing\/one-channel\/\">Read more about One Channel<\/a><\/div>\n<\/div>\n<\/div>\n<\/div>\n\n\n\n<div class=\"wp-block-columns justify-content-center has-white-background-color has-background is-layout-flex wp-container-core-columns-is-layout-9d6595d7 wp-block-columns-is-layout-flex\">\n<div class=\"wp-block-column is-layout-flow wp-block-column-is-layout-flow\" style=\"flex-basis:70%\">\n<figure class=\"wp-block-pullquote has-medium-font-size\"><blockquote><p>\"In Sweden, we have worked with iP.1 since 2014. In Italy we started our first SMS campaign 2018. We send several SMS campaigns to our customers each year. SMS is a very important instrument to increase the order frequency and sales for us. We are very pleased with the cooperation with iP.1 The expert advices and the quality of ip.1\u2019s service are excellent.\"<\/p><cite>Ulrike Gode \u2013 Senior Manager, Sonja Paulus \u2013 Marketing Manager, Sieh An<\/cite><\/blockquote><\/figure>\n<\/div>\n<\/div>\n\n\n\n<div class=\"wp-block-columns has-background is-layout-flex wp-container-core-columns-is-layout-9d6595d7 wp-block-columns-is-layout-flex\" style=\"background-color:#fafafa\">\n<div class=\"wp-block-column is-vertically-aligned-top p-1 p-md-4 is-layout-flow wp-block-column-is-layout-flow\"><div class=\"wp-block-image\">\n<figure class=\"aligncenter size-full is-resized\"><img decoding=\"async\" src=\"\/wp-content\/uploads\/2024\/11\/shield-check-solid.svg\" alt=\"\" class=\"wp-image-4185\" style=\"width:65px\"\/><\/figure>\n<\/div>\n\n\n<h3 class=\"wp-block-heading\" id=\"h-kann-dig-trygg-i-din-marknadsforing\">Feel confident in your marketing<\/h3>\n\n\n\n<p>At iP.1, we safeguard both your and your customers' integrity. Therefore, our system is GDPR-secured from top to bottom. Furthermore, we never share any information \u2013 neither yours nor your customers'.<\/p>\n\n\n\n<p>Thanks to a smart storage system, you can decide yourself how long we should save your campaigns or SMS. Furthermore, you have full control over the contacts you choose to store in our systems, which gives you both flexibility and security.<\/p>\n<\/div>\n\n\n\n<div class=\"wp-block-column is-vertically-aligned-top p-1 p-md-4 is-layout-flow wp-block-column-is-layout-flow\"><div class=\"wp-block-image\">\n<figure class=\"aligncenter size-full is-resized\"><img decoding=\"async\" src=\"\/wp-content\/uploads\/2024\/11\/chart-line-up-solid.svg\" alt=\"\" class=\"wp-image-4181\" style=\"width:65px;height:auto\"\/><\/figure>\n<\/div>\n\n\n<h3 class=\"wp-block-heading\" id=\"h-lat-sms-marknadsforing-boosta-din-forsaljning\">Let SMS marketing Boost your sales<\/h3>\n\n\n\n<p>The fact is that 90% of recipients read an SMS within just 90 seconds. That's precisely why no other channel has the same impact as SMS \u2013 which in turn makes it an excellent channel for sales.<\/p>\n\n\n\n<p>Thanks to our smart landing pages, you can also get even closer to the customer with your offer!<\/p>\n<\/div>\n\n\n\n<div class=\"wp-block-column is-vertically-aligned-top p-1 p-md-4 is-layout-flow wp-block-column-is-layout-flow\"><div class=\"wp-block-image\">\n<figure class=\"aligncenter size-full is-resized\"><img decoding=\"async\" src=\"\/wp-content\/uploads\/2024\/11\/mobile-solid-2.svg\" alt=\"\" class=\"wp-image-4187\" style=\"width:49px\"\/><\/figure>\n<\/div>\n\n\n<h3 class=\"wp-block-heading\" id=\"h-effektiv-hantering-av-mobilnummer\">Efficient management of mobile numbers<\/h3>\n\n\n\n<p>With our contact system, you can also create labels for your mobile numbers, which makes it easy to target your marketing at the audience level, making your campaigns both more relevant and effective.<\/p>\n\n\n\n<p>You also have the option of uploading a file (Comma separated, Excel etc.) with your mobile numbers to reach out in no time.<\/p>\n<\/div>\n<\/div>\n\n\n\n<div class=\"wp-block-columns justify-content-center has-white-background-color has-background is-layout-flex wp-container-core-columns-is-layout-9d6595d7 wp-block-columns-is-layout-flex\">\n<div class=\"wp-block-column is-layout-flow wp-block-column-is-layout-flow\" style=\"flex-basis:80%\">\n<h3 class=\"wp-block-heading has-text-align-center\" id=\"h-sms-marknadsforing-pa-dina-villkor\">SMS marketing on your terms!<\/h3>\n\n\n\n<p class=\"has-text-align-center\">Our web services are also packed with smart functionality, making it possible for you to market via SMS entirely on your own terms. This way, you get both flexibility and control in every campaign.<\/p>\n\n\n\n<div class=\"wp-block-custom-block-service-feature-list row justify-content-center g-0 mt-5 mb-5 text-center\"><div class=\"col-md-9 col-sm-12\"><ul class=\"sms-usage justify-content-center\"><li>Scheduling<\/li><li>Contact system<\/li><li>Smart templating<\/li><li>Opt-out<\/li><li>Two-way SMS traffic<\/li><li>Landing pages<\/li><li>Campaign statistics<\/li><li>Recipient via file<\/li><li>Alpha-numerical senders<\/li><li>Adaptation target group<\/li><li>Segmented sendings<\/li><li>AI templates<\/li><li>AI text summarizing<\/li><\/ul><\/div><\/div>\n<\/div>\n<\/div>\n\n\n\n<div class=\"wp-block-columns py-5 has-background is-layout-flex wp-container-core-columns-is-layout-9d6595d7 wp-block-columns-is-layout-flex\" style=\"background-color:#fafafa\">\n<div class=\"wp-block-column is-vertically-aligned-center is-layout-flow wp-block-column-is-layout-flow\" style=\"flex-basis:50%\"><div class=\"wp-block-image\">\n<figure class=\"aligncenter size-full\"><img decoding=\"async\" src=\"https:\/\/ip1sweden.blob.core.windows.net\/blobip1websitef76b7023b5\/wp-content\/uploads\/2024\/03\/landing-page-wireframe.svg\" alt=\"Image illustrating a landing page created in Capacity SMS\" class=\"wp-image-2429\"\/><\/figure>\n<\/div><\/div>\n\n\n\n<div class=\"wp-block-column is-vertically-aligned-center is-layout-flow wp-block-column-is-layout-flow\" style=\"flex-basis:50%\">\n<h3 class=\"wp-block-heading\" id=\"h-skapa-mobilanpassade-landningssidor\">Create mobile-friendly landing pages<\/h3>\n\n\n\n<p>To take your SMS marketing to the next level, you can easily create your own unique content. With our smart campaign tool for landing pages, you also get full control over the design \u2013 which makes it easier to engage and convert your recipients. This way, you strengthen both your message and the customer experience. Now you can also create mobile-adapted landing pages for your campaigns according to your graphic profile with the help of our AI!<\/p>\n\n\n\n<div class=\"wp-block-buttons is-content-justification-left is-layout-flex wp-container-core-buttons-is-layout-fdcfc74e wp-block-buttons-is-layout-flex\">\n<div class=\"wp-block-button\"><a class=\"wp-block-button__link wp-element-button\" href=\"https:\/\/ip1sms.com\/en\/landing-pages\/\">Read more about landing pages<\/a><\/div>\n<\/div>\n<\/div>\n<\/div>\n\n\n\n<div class=\"wp-block-columns justify-content-center py-5 has-white-background-color has-background is-layout-flex wp-container-core-columns-is-layout-9d6595d7 wp-block-columns-is-layout-flex\">\n<div class=\"wp-block-column is-layout-flow wp-block-column-is-layout-flow\" style=\"flex-basis:70%\">\n<h3 class=\"wp-block-heading has-text-align-center\" id=\"h-vanliga-fragor-om-sms-marknadsforing\">Frequently asked questions about SMS marketing<\/h3>\n\n\n\n<div class=\"accordion\" id=\"faqAccordion\">\n  <div class=\"accordion-item\">\n    <h3 class=\"accordion-header\" id=\"headingOne\">\n      <button class=\"accordion-button collapsed\" type=\"button\" data-bs-toggle=\"collapse\" data-bs-target=\"#collapseOne\" aria-expanded=\"false\" aria-controls=\"collapseOne\">\n        Can I import my number lists?\n      <\/button>\n    <\/h3>\n    <div id=\"collapseOne\" class=\"accordion-collapse collapse\" aria-labelledby=\"headingOne\" data-bs-parent=\"#faqAccordion\">\n      <div class=\"accordion-body\">\n        <span>Yes, with our smart import tool it is easy to import your number lists, whether it is a text file with one number per line, an excel file containing columns or a comma separated file.<\/span>\n      <\/div>\n    <\/div>\n  <\/div>\n  <div class=\"accordion-item\">\n    <h3 class=\"accordion-header\" id=\"headingTwo\">\n      <button class=\"accordion-button collapsed\" type=\"button\" data-bs-toggle=\"collapse\" data-bs-target=\"#collapseTwo\" aria-expanded=\"false\" aria-controls=\"collapseTwo\">\n        Can I include my contact details in my messages?\n      <\/button>\n    <\/h3>\n    <div id=\"collapseTwo\" class=\"accordion-collapse collapse\" aria-labelledby=\"headingTwo\" data-bs-parent=\"#faqAccordion\">\n      <div class=\"accordion-body\">\n        <span>Yes, all information saved on your contacts can be easily inserted directly into messages. You choose which information you want to import by mapping them in the import guide. There are a number of standardized fields to choose from. You also have the option to create your own custom fields.<\/span>\n      <\/div>\n    <\/div>\n  <\/div>\n  <div class=\"accordion-item\">\n    <h3 class=\"accordion-header\" id=\"headingThree\">\n      <button class=\"accordion-button collapsed\" type=\"button\" data-bs-toggle=\"collapse\" data-bs-target=\"#collapseThree\" aria-expanded=\"false\" aria-controls=\"collapseThree\">\n        Can my customers unsubscribe from future mailings?\n      <\/button>\n    <\/h3>\n    <div id=\"collapseThree\" class=\"accordion-collapse collapse\" aria-labelledby=\"headingThree\" data-bs-parent=\"#faqAccordion\">\n      <div class=\"accordion-body\">\n        <span>Yes, our system supports unsubscribing from future mailings. They can either unregister via a link, or send the keyword &quot;STOP&quot; to a virtual number. The recipient&#039;s number will then end up on your account&#039;s list of blocked numbers and will not receive any more SMS.<\/span>\n      <\/div>\n    <\/div>\n  <\/div>\n  <div class=\"accordion-item\">\n    <h3 class=\"accordion-header\" id=\"headingFour\">\n      <button class=\"accordion-button collapsed\" type=\"button\" data-bs-toggle=\"collapse\" data-bs-target=\"#collapseFour\" aria-expanded=\"false\" aria-controls=\"collapseFour\">\n        Can I create segments of my contacts?\n      <\/button>\n    <\/h3>\n    <div id=\"collapseFour\" class=\"accordion-collapse collapse\" aria-labelledby=\"headingFour\" data-bs-parent=\"#faqAccordion\">\n      <div class=\"accordion-body\">\n        <span>Yes, in One Channel you can create segmented groups of contacts. The segments are built up from the contact data available on your contacts. You control which contact data should be available on your contacts when you use our import guide.<\/span>\n      <\/div>\n    <\/div>\n  <\/div>\n<\/div>\n<\/div>\n<\/div>\n\n\n\n<div class=\"wp-block-columns has-white-background-color has-background is-layout-flex wp-container-core-columns-is-layout-9d6595d7 wp-block-columns-is-layout-flex\">\n<div class=\"wp-block-column grey-box is-layout-flow wp-block-column-is-layout-flow\">\n<h4 class=\"wp-block-heading has-text-align-center\" id=\"h-sms-marknadsforing-best-practices\">SMS marketing: Best practices<\/h4>\n\n\n\n<p class=\"has-text-align-center\">Learn everything you need to know about SMS marketing<\/p>\n\n\n\n<div class=\"wp-block-buttons is-layout-flex wp-block-buttons-is-layout-flex\">\n<div class=\"wp-block-button secondary\"><a class=\"wp-block-button__link wp-element-button\" href=\"https:\/\/ip1sms.com\/en\/sms-marketing\/all-you-need-to-know-about-sms\/\">Read more<\/a><\/div>\n<\/div>\n<\/div>\n\n\n\n<div class=\"wp-block-column grey-box is-layout-flow wp-block-column-is-layout-flow\">\n<h4 class=\"wp-block-heading\" id=\"h-marknadsfor-pa-ratt-satt\">Market the right way<\/h4>\n\n\n\n<p class=\"has-text-align-center\">Market ethically and with consideration for customers integrity<\/p>\n\n\n\n<div class=\"wp-block-buttons is-layout-flex wp-block-buttons-is-layout-flex\">\n<div class=\"wp-block-button secondary\"><a class=\"wp-block-button__link wp-element-button\" href=\"https:\/\/ip1sms.com\/en\/sms-marketing\/sms-marketing-rules\/\">Read more<\/a><\/div>\n<\/div>\n<\/div>\n\n\n\n<div class=\"wp-block-column grey-box is-layout-flow wp-block-column-is-layout-flow\">\n<h4 class=\"wp-block-heading has-text-align-center\" id=\"h-lilla-sms-skolan\">Little SMS school<\/h4>\n\n\n\n<p class=\"has-text-align-center\">Learn how you can use SMS as a channel to max<\/p>\n\n\n\n<div class=\"wp-block-buttons is-layout-flex wp-block-buttons-is-layout-flex\">\n<div class=\"wp-block-button secondary\"><a class=\"wp-block-button__link has-text-align-center wp-element-button\" href=\"https:\/\/ip1sms.com\/en\/sms-marketing\/sms-how-to\/\">Read more<\/a><\/div>\n<\/div>\n<\/div>\n<\/div>","protected":false},"excerpt":{"rendered":"<p>Bli personlig i din SMS marknadsf\u00f6ring SMS marknadsf\u00f6ring \u00e4r b\u00e5de enkelt och kostnadseffektivt, med n\u00e5gra knapptryck har du skapat en personlig SMS kampanj tack vare smarta kopplingar till kontaktappen. Du kan till exempel infoga f\u00f6r- och efternamn, skostorlekar, favoritplagg eller varum\u00e4rken \u2013 med andra ord, det \u00e4r bara din fantasi och din kunskap om kunderna [&hellip;]<\/p>\n","protected":false},"author":1,"featured_media":0,"parent":0,"menu_order":0,"comment_status":"closed","ping_status":"closed","template":"","meta":{"footnotes":""},"categories":[17],"tags":[28],"class_list":["post-348","page","type-page","status-publish","hentry","category-tjanster","tag-webbapp"],"_links":{"self":[{"href":"https:\/\/ip1sms.com\/en\/wp-json\/wp\/v2\/pages\/348","targetHints":{"allow":["GET"]}}],"collection":[{"href":"https:\/\/ip1sms.com\/en\/wp-json\/wp\/v2\/pages"}],"about":[{"href":"https:\/\/ip1sms.com\/en\/wp-json\/wp\/v2\/types\/page"}],"author":[{"embeddable":true,"href":"https:\/\/ip1sms.com\/en\/wp-json\/wp\/v2\/users\/1"}],"replies":[{"embeddable":true,"href":"https:\/\/ip1sms.com\/en\/wp-json\/wp\/v2\/comments?post=348"}],"version-history":[{"count":3,"href":"https:\/\/ip1sms.com\/en\/wp-json\/wp\/v2\/pages\/348\/revisions"}],"predecessor-version":[{"id":5694,"href":"https:\/\/ip1sms.com\/en\/wp-json\/wp\/v2\/pages\/348\/revisions\/5694"}],"wp:attachment":[{"href":"https:\/\/ip1sms.com\/en\/wp-json\/wp\/v2\/media?parent=348"}],"wp:term":[{"taxonomy":"category","embeddable":true,"href":"https:\/\/ip1sms.com\/en\/wp-json\/wp\/v2\/categories?post=348"},{"taxonomy":"post_tag","embeddable":true,"href":"https:\/\/ip1sms.com\/en\/wp-json\/wp\/v2\/tags?post=348"}],"curies":[{"name":"wp","href":"https:\/\/api.w.org\/{rel}","templated":true}]}}