{"id":344,"date":"2023-11-16T13:44:58","date_gmt":"2023-11-16T12:44:58","guid":{"rendered":"http:\/\/localhost\/wordpress\/?page_id=18"},"modified":"2025-04-07T13:46:02","modified_gmt":"2025-04-07T13:46:02","slug":"contact","status":"publish","type":"page","link":"https:\/\/ip1sms.com\/en\/contact\/","title":{"rendered":"Contact"},"content":{"rendered":"<div class=\"row g-0 justify-content-center mb-5 mt-5 p-1 mx-1 p-md-0 mx-md-0\">\n<div class=\"col-md-9 col-sm-12 text-left\">\n\n\n\n<h1 class=\"wp-block-heading\" id=\"h-valkommen-att-kontakta-oss\">Welcome to contact us!<\/h1>\n\n\n\n<p>Regardless of whether you have questions regarding our SMS services, or are generally curious about the iP.1, you are always welcome to contact us.<br> The office is open between <b>08:00<\/b> - <b>12:00<\/b> and <b>13:00<\/b> - <b>17:00<\/b> (CET) every working day. Outside office hours, you can always send an email.<\/p>\n\n\n\n<div id=\"map\" style=\"height: 400px;\"><\/div>\n\n\n\n<\/div>\n<\/div>\n\n\n\n<div class=\"row g-0 justify-content-center mb-5 mt-5 p-1 mx-1 p-md-0 mx-md-0\">\n<div class=\"col-md-9 col-sm-12 text-left\">\n\n\n\n<div class=\"row\">\n                    <div class=\"col-md\">\n                      <h3>Visiting address<\/h3>\n                      <div class=\"list-group\">\n                          <span class=\"list-group-item list-group-item-action\">iP.1 Networks AB<\/span>\n                          <span class=\"list-group-item list-group-item-action\">Science Park Sk\u00f6vde<\/span>\n                          <span class=\"list-group-item list-group-item-action\">Kaplansgatan 16B, V\u00e4xthuset<\/span>\n                          <span class=\"list-group-item list-group-item-action\">549 34, Sk\u00f6vde<\/span>\n                          <span class=\"list-group-item list-group-item-action\">Sweden<\/span>\n                      <\/div>\n                    <\/div>\n                    <div class=\"col-md\">\n                      <h3>Billing Address<\/h3>\n                      <div class=\"list-group\">\n                          <span class=\"list-group-item list-group-item-action\">iP.1 Networks AB<\/span>\n                          <span class=\"list-group-item list-group-item-action\">Science Park Sk\u00f6vde<\/span>\n                          <span class=\"list-group-item list-group-item-action\">Kaplansgatan 16B<\/span>\n                          <span class=\"list-group-item list-group-item-action\">S-549 34, Sk\u00f6vde<\/span>\n                          <span class=\"list-group-item list-group-item-action\">Sweden<\/span>\n                          <span class=\"list-group-item list-group-item-action\">Org nr: 556671-1536<\/span>\n                      <\/div>\n                    <\/div>\n                    <div class=\"col-md\">\n                      <h3>Do you have any questions?<\/h3>\n                      <div class=\"list-group\">\n                          <a href=\"tel:+46101606060\" class=\"list-group-item list-group-item-action\">Call Us<\/a>\n                          <a href=\"mailto:info@ip1.se\" class=\"list-group-item list-group-item-action\">Email us<\/a>\n                      <\/div>\n                    <\/div>\n                  <\/div>\n\n\n\n<p><\/p>","protected":false},"excerpt":{"rendered":"<p>V\u00e4lkommen att kontakta oss Oavsett om du har fr\u00e5gor ang\u00e5ende v\u00e5ra SMS-tj\u00e4nster, eller \u00e4r allm\u00e4nt nyfiken p\u00e5 iP.1, s\u00e5 \u00e4r du alltid v\u00e4lkommen att kontakta oss. Kontoret har \u00f6ppet mellan 08:00 &#8211; 12:00 och 13:00 &#8211; 17:00 varje arbetsdag. Utanf\u00f6r kontorstid kan du alltid skicka iv\u00e4g ett mail. Bes\u00f6ksadress iP.1 Networks AB Science Park Sk\u00f6vde [&hellip;]<\/p>\n","protected":false},"author":1,"featured_media":0,"parent":0,"menu_order":0,"comment_status":"closed","ping_status":"closed","template":"","meta":{"footnotes":""},"categories":[6],"tags":[],"class_list":["post-344","page","type-page","status-publish","hentry","category-information"],"_links":{"self":[{"href":"https:\/\/ip1sms.com\/en\/wp-json\/wp\/v2\/pages\/344","targetHints":{"allow":["GET"]}}],"collection":[{"href":"https:\/\/ip1sms.com\/en\/wp-json\/wp\/v2\/pages"}],"about":[{"href":"https:\/\/ip1sms.com\/en\/wp-json\/wp\/v2\/types\/page"}],"author":[{"embeddable":true,"href":"https:\/\/ip1sms.com\/en\/wp-json\/wp\/v2\/users\/1"}],"replies":[{"embeddable":true,"href":"https:\/\/ip1sms.com\/en\/wp-json\/wp\/v2\/comments?post=344"}],"version-history":[{"count":0,"href":"https:\/\/ip1sms.com\/en\/wp-json\/wp\/v2\/pages\/344\/revisions"}],"wp:attachment":[{"href":"https:\/\/ip1sms.com\/en\/wp-json\/wp\/v2\/media?parent=344"}],"wp:term":[{"taxonomy":"category","embeddable":true,"href":"https:\/\/ip1sms.com\/en\/wp-json\/wp\/v2\/categories?post=344"},{"taxonomy":"post_tag","embeddable":true,"href":"https:\/\/ip1sms.com\/en\/wp-json\/wp\/v2\/tags?post=344"}],"curies":[{"name":"wp","href":"https:\/\/api.w.org\/{rel}","templated":true}]}}