{"id":3333,"date":"2024-10-09T10:00:00","date_gmt":"2024-10-09T10:00:00","guid":{"rendered":"http:\/\/34.88.191.99\/?page_id=3333"},"modified":"2025-12-10T14:22:17","modified_gmt":"2025-12-10T14:22:17","slug":"e-mail-marketing","status":"publish","type":"page","link":"https:\/\/ip1sms.com\/en\/e-mail-marketing\/","title":{"rendered":"Email marketing"},"content":{"rendered":"<div class=\"wp-block-group\"><div class=\"wp-block-group__inner-container is-layout-constrained wp-block-group-is-layout-constrained\">\n\n\n<div class=\"row g-0 justify-content-center align-items-center ip1-service-page-header\">\n<div class=\"col-md-9 col-sm-12\">\n\n\n\n<div class=\"wp-block-columns are-vertically-aligned-center is-layout-flex wp-container-core-columns-is-layout-9d6595d7 wp-block-columns-is-layout-flex\">\n<div class=\"wp-block-column is-vertically-aligned-center is-layout-flow wp-block-column-is-layout-flow\" style=\"flex-basis:33.33%\"><div class=\"wp-block-image\">\n<figure class=\"aligncenter size-full is-resized\"><img decoding=\"async\" src=\"\/wp-content\/uploads\/2024\/11\/e-postmarknadsforing-for-foretag.svg\" alt=\"Email marketing for business from iP.1\" class=\"wp-image-3914\" style=\"width:277px;height:auto\"\/><\/figure>\n<\/div><\/div>\n\n\n\n<div class=\"wp-block-column is-vertically-aligned-center is-layout-flow wp-block-column-is-layout-flow\" style=\"flex-basis:66.66%\">\n<h1 class=\"wp-block-heading\" id=\"h-e-postmarknadsforing-som-ger-resultat-enkelt-och-effektivt\">Email Marketing That Gets Results - Simple and Effective<\/h1>\n\n\n\n<p>Do you want to increase your sales and build strong customer relationships? Then you need <strong>email marketing<\/strong> that works.<\/p>\n\n\n\n<p>With our user-friendly marketing platform, you can create professional and personalized email campaigns without being a design expert.<\/p>\n<\/div>\n<\/div>\n\n\n\n<\/div>\n<\/div>\n\n\n\n<div class=\"row g-0 concave align-items-center text-center\">\n<div class=\"col\">\n<div class=\"link-button\">\n<a href=\"\/en\/trial-account\/\" id=\"general-trial\" class=\"btn btn-ip1 get-started\"><span>Free trial<\/span><\/a>\n<button class=\"btn btn-outline-ip1 ms-2 sign-in\" data-bs-toggle=\"modal\" data-bs-target=\"#login-modal\">Sign In<\/button>\n<\/div>\n<\/div>\n<\/div>\n\n\n\n<div class=\"row g-0 justify-content-center mb-5 mt-5 p-1 mx-1 p-md-0 mx-md-0\">\n<div class=\"col-md-9 col-sm-12 text-left\">\n\n\n\n<h2 class=\"wp-block-heading\" id=\"h-varfor-ska-jag-valja-e-postmarknadsforing-fran-ip-1\">Why should I choose email marketing from iP.1?<\/h2>\n\n\n\n<p>With over 10 years of experience in direct marketing, we have created One Channel - a platform for effective email marketing. Our powerful tools make it easy for small and large businesses alike to create engaging email campaigns that reach. Whether you&#039;re new to email marketing or experienced, One Channel will help you stand out from the crowd and reach your goals. In addition to e-mail, we also offer an efficient <a href=\"http:\/\/34.88.191.99\/sms-tjanst\/\">SMS Service<\/a> to maximize your reach.<\/p>\n\n\n<div class=\"wp-block-image\">\n<figure class=\"aligncenter size-full is-resized\"><img decoding=\"async\" src=\"https:\/\/ip1sweden.blob.core.windows.net\/blobip1websitef76b7023b5\/wp-content\/uploads\/2024\/11\/e-postmarknadsforing-koncept.svg\" alt=\"\" class=\"wp-image-3890\" style=\"width:683px;height:auto\"\/><\/figure>\n<\/div>\n\n\n<\/div>\n<\/div>\n\n\n\n<div class=\"row g-0 justify-content-center mb-5 mt-5 p-1 mx-1 p-md-0 mx-md-0\">\n<div class=\"col-md-9 col-sm-12 text-left\">\n\n\n\n<h3 class=\"wp-block-heading\" id=\"h-lat-var-ai-hjalpa-dig-med-designen\">Let our AI help you with the design<\/h3>\n\n\n\n<p>Use our AI to create your own HTML email templates by entering your website address. One Channel then downloads your graphic profile. You also get access to images and texts that are on your website directly in the tool. <\/p>\n\n\n\n<\/div>\n<\/div>\n\n\n\n<div class=\"row g-0 justify-content-center mb-5 mt-5 p-1 mx-1 p-md-0 mx-md-0\">\n<div class=\"col-md-9 col-sm-12 text-left\">\n\n\n\n<div class=\"wp-block-columns is-layout-flex wp-container-core-columns-is-layout-9d6595d7 wp-block-columns-is-layout-flex\">\n<div class=\"wp-block-column is-layout-flow wp-block-column-is-layout-flow\">\n<figure class=\"wp-block-image size-full\"><img decoding=\"async\" src=\"\/wp-content\/uploads\/2024\/10\/Illustration-one-channel-e-mail-editor.svg\" alt=\"Illustration of the email editor in One Channel for email marketing\" class=\"wp-image-3680\"\/><\/figure>\n<\/div>\n\n\n\n<div class=\"wp-block-column is-layout-flow wp-block-column-is-layout-flow\">\n<h3 class=\"wp-block-heading\" id=\"h-enkelt-med-drag-and-drop\">Easy with drag-and-drop<\/h3>\n\n\n\n<p>With a simple drag-and-drop interface, you can quickly create beautiful templates for your email campaigns. The editor also allows you to create ready-made designs with the help of AI, which are based on your website.<\/p>\n\n\n\n<p>With an AI-generated base template, you can easily move sections around by dragging and dropping. You can also replace images or texts extracted from your website with a simple push of a button.<\/p>\n<\/div>\n<\/div>\n\n\n\n<\/div>\n<\/div>\n\n\n\n<div class=\"row g-0 justify-content-center mb-5 mt-5 p-1 mx-1 p-md-0 mx-md-0\">\n<div class=\"col-md-9 col-sm-12 text-left\">\n\n\n\n<div class=\"wp-block-columns is-layout-flex wp-container-core-columns-is-layout-9d6595d7 wp-block-columns-is-layout-flex\">\n<div class=\"wp-block-column is-layout-flow wp-block-column-is-layout-flow\">\n<h3 class=\"wp-block-heading\" id=\"h-infoga-relevant-information-om-dina-mottagare\">Insert relevant information about your recipients<\/h3>\n\n\n\n<p>With the help of the built-in contact system, you can collect relevant information. The information can then be used to insert directly into your messages.<\/p>\n<\/div>\n<\/div>\n\n\n\n<\/div>\n<\/div>\n\n\n\n<div class=\"row g-0 justify-content-center mb-5 mt-5 p-1 mx-1 p-md-0 mx-md-0\">\n<div class=\"col-md-9 col-sm-12 text-left\">\n\n\n\n<ul class=\"wp-block-list sms-usage justify-content-center\">\n<li class=\"text-center\"><i class=\"fas fa-list text-primary-light-green\" aria-hidden=\"true\"><\/i>HTML templates<\/li>\n\n\n\n<li class=\"text-center\"><i class=\"fas fa-calendar-circle-plus text-primary-light-green\" aria-hidden=\"true\"><\/i>Drag &amp; drop<\/li>\n\n\n\n<li class=\"text-center\">Contact system<\/li>\n\n\n\n<li class=\"text-center\"><i class=\"fas fa-hexagon-exclamation text-primary-light-green\" aria-hidden=\"true\"><\/i>Scheduling<\/li>\n\n\n\n<li class=\"text-center\"><i class=\"fas fa-address-book text-primary-light-green\" aria-hidden=\"true\"><\/i>Opt-out<\/li>\n\n\n\n<li class=\"text-center\">AI templates<\/li>\n\n\n\n<li class=\"text-center\">AI text suggestions<\/li>\n<\/ul>\n\n\n\n<\/div>\n<\/div>\n<\/div><\/div>","protected":false},"excerpt":{"rendered":"<p>E-postmarknadsf\u00f6ring som ger resultat \u2013 enkelt och effektivt Vill du \u00f6ka din f\u00f6rs\u00e4ljning och bygga starka kundrelationer? D\u00e5 beh\u00f6ver du e-postmarknadsf\u00f6ring som fungerar. Med v\u00e5r anv\u00e4ndarv\u00e4nliga marknadsf\u00f6rings-plattform kan du skapa professionella och personliga e-postkampanjer utan att vara en design-expert. Testa konstnadsfritt Logga in Varf\u00f6r ska jag v\u00e4lja e-postmarknadsf\u00f6ring fr\u00e5n iP.1? Med \u00f6ver 10 \u00e5rs erfarenhet [&hellip;]<\/p>\n","protected":false},"author":1,"featured_media":0,"parent":0,"menu_order":0,"comment_status":"closed","ping_status":"closed","template":"","meta":{"footnotes":""},"categories":[],"tags":[],"class_list":["post-3333","page","type-page","status-publish","hentry"],"_links":{"self":[{"href":"https:\/\/ip1sms.com\/en\/wp-json\/wp\/v2\/pages\/3333","targetHints":{"allow":["GET"]}}],"collection":[{"href":"https:\/\/ip1sms.com\/en\/wp-json\/wp\/v2\/pages"}],"about":[{"href":"https:\/\/ip1sms.com\/en\/wp-json\/wp\/v2\/types\/page"}],"author":[{"embeddable":true,"href":"https:\/\/ip1sms.com\/en\/wp-json\/wp\/v2\/users\/1"}],"replies":[{"embeddable":true,"href":"https:\/\/ip1sms.com\/en\/wp-json\/wp\/v2\/comments?post=3333"}],"version-history":[{"count":0,"href":"https:\/\/ip1sms.com\/en\/wp-json\/wp\/v2\/pages\/3333\/revisions"}],"wp:attachment":[{"href":"https:\/\/ip1sms.com\/en\/wp-json\/wp\/v2\/media?parent=3333"}],"wp:term":[{"taxonomy":"category","embeddable":true,"href":"https:\/\/ip1sms.com\/en\/wp-json\/wp\/v2\/categories?post=3333"},{"taxonomy":"post_tag","embeddable":true,"href":"https:\/\/ip1sms.com\/en\/wp-json\/wp\/v2\/tags?post=3333"}],"curies":[{"name":"wp","href":"https:\/\/api.w.org\/{rel}","templated":true}]}}