{"id":3284,"date":"2024-06-19T12:24:26","date_gmt":"2024-06-19T12:24:26","guid":{"rendered":"http:\/\/34.88.191.99\/?page_id=3284"},"modified":"2026-02-02T13:46:03","modified_gmt":"2026-02-02T13:46:03","slug":"one-channel","status":"publish","type":"page","link":"https:\/\/ip1sms.com\/en\/sms-marketing\/one-channel\/","title":{"rendered":"Keep track of your future marketing!"},"content":{"rendered":"<div class=\"wp-block-custom-ip1-service-header-video-block wp-block-group is-layout-constrained wp-block-group-is-layout-constrained\"><div class=\"wp-block-group__inner-container\"><div class=\"row g-0 justify-content-center align-items-center ip1-service-page-header gradient-box ripple\"><div class=\"col-md-9 col-sm-12\"><div class=\"wp-block-columns are-vertically-aligned-center is-layout-flex wp-container-core-columns-layout-1 wp-block-columns-is-layout-flex\"><div class=\"wp-block-column is-vertically-aligned-center is-layout-flow wp-block-column-is-layout-flow\" style=\"flex-basis:50%\"><video src=\"https:\/\/ip1sweden.blob.core.windows.net\/blobip1websitef76b7023b5\/wp-content\/uploads\/2024\/09\/iP1-introducerar-One-Channel.mp4\" poster=\"https:\/\/ip1sms.com\/wp-content\/uploads\/2025\/10\/one-channel-thumb-en.png\" controls style=\"width:100%;height:auto\"><\/video><\/div><div class=\"wp-block-column is-vertically-aligned-center is-layout-flow wp-block-column-is-layout-flow\" style=\"flex-basis:50%\"><h1 class=\"wp-block-heading\">One Channel: Your new Marketing Platform<\/h1><p class=\"paragraph1\">Say hello to One Channel, your new and improved email and SMS marketing platform!<\/p><p class=\"paragraph2\">Formerly known as Capacity SMS, One Channel has everything you need to reach your customers and run successful campaigns. One Channel, a single software for all your marketing needs!<\/p><\/div><\/div><\/div><\/div><\/div><\/div>\n\n\n\n<div class=\"wp-block-custom-ip1-conversion-button-block row g-0 concave align-items-center text-center\"><div class=\"col\"><div class=\"link-button\"><a href=\"https:\/\/shop.ip1.net\/account\/new\" id=\"general-trial\" class=\"btn btn-ip1 get-started\" target=\"_blank\" rel=\"noopener\">Free trial account<\/a><a href=\"#\" id=\"secondary-general-trial\" class=\"btn btn-outline-ip1 ms-2 sign-in\" data-bs-toggle=\"modal\" data-bs-target=\"#login-modal\">Sign In<\/a><\/div><\/div><\/div>\n\n\n\n<div class=\"wp-block-columns my-5 mx-1 p-5 justify-content-center has-white-background-color has-background is-layout-flex wp-container-core-columns-is-layout-9d6595d7 wp-block-columns-is-layout-flex\">\n<div class=\"wp-block-column p-5 is-layout-flow wp-block-column-is-layout-flow\" style=\"flex-basis:40%\">\n<h2 class=\"wp-block-heading\">One Channel offers a lot of functionality<\/h2>\n\n\n\n<p>Our marketing platform gives you access to a host of features to make your marketing easier, including<\/p>\n\n\n\n<ul class=\"wp-block-list\">\n<li><strong>Create engaging SMS mailings:<\/strong> Get help from our AI to generate effective text suggestions and find out the optimal time to send your campaigns for maximum click-through rates.<\/li>\n\n\n\n<li><strong>Design professional email templates:<\/strong><br>Use our AI-powered HTML template generator to easily create beautiful and responsive emails based on your URL.<\/li>\n\n\n\n<li><strong>Collect and analyze data:<\/strong> Get detailed insights into your campaigns, including open rate, click-through rate and conversion rate.<\/li>\n\n\n\n<li><strong>Optimize your campaigns:<\/strong> Use the data analysis to fine-tune your campaigns and achieve even better results.<\/li>\n<\/ul>\n<\/div>\n\n\n\n<div class=\"wp-block-column P-5 is-layout-flow wp-block-column-is-layout-flow\" style=\"flex-basis:40%\"><div class=\"wp-block-image\">\n<figure class=\"aligncenter size-full is-resized\"><img loading=\"lazy\" decoding=\"async\" width=\"614\" height=\"614\" src=\"\/wp-content\/uploads\/2024\/06\/smygtitt-html-e-postmallar.png\" alt=\"\" class=\"wp-image-3288\" style=\"width:400px\" srcset=\"https:\/\/ip1sms.com\/wp-content\/uploads\/2024\/06\/smygtitt-html-e-postmallar.png 614w, https:\/\/ip1sms.com\/wp-content\/uploads\/2024\/06\/smygtitt-html-e-postmallar-300x300.png 300w, https:\/\/ip1sms.com\/wp-content\/uploads\/2024\/06\/smygtitt-html-e-postmallar-150x150.png 150w, https:\/\/ip1sms.com\/wp-content\/uploads\/2024\/06\/smygtitt-html-e-postmallar-12x12.png 12w\" sizes=\"auto, (max-width: 614px) 100vw, 614px\" \/><\/figure>\n<\/div><\/div>\n<\/div>\n\n\n\n<div class=\"wp-block-columns my-5 mx-1 p-5 justify-content-center has-background is-layout-flex wp-container-core-columns-is-layout-9d6595d7 wp-block-columns-is-layout-flex\" style=\"background-color:#fafafa\">\n<div class=\"wp-block-column P-5 is-layout-flow wp-block-column-is-layout-flow\" style=\"flex-basis:40%\">\n<figure class=\"wp-block-image size-full is-resized\"><img loading=\"lazy\" decoding=\"async\" width=\"584\" height=\"584\" src=\"\/wp-content\/uploads\/2024\/06\/kampanj-kalendern.png\" alt=\"\" class=\"wp-image-3300\" style=\"width:400px\" srcset=\"https:\/\/ip1sms.com\/wp-content\/uploads\/2024\/06\/kampanj-kalendern.png 584w, https:\/\/ip1sms.com\/wp-content\/uploads\/2024\/06\/kampanj-kalendern-300x300.png 300w, https:\/\/ip1sms.com\/wp-content\/uploads\/2024\/06\/kampanj-kalendern-150x150.png 150w, https:\/\/ip1sms.com\/wp-content\/uploads\/2024\/06\/kampanj-kalendern-12x12.png 12w\" sizes=\"auto, (max-width: 584px) 100vw, 584px\" \/><\/figure>\n<\/div>\n\n\n\n<div class=\"wp-block-column P-5 is-layout-flow wp-block-column-is-layout-flow\" style=\"flex-basis:40%\"><h2 class=\"wp-block-post-title\">Keep track of your future marketing!<\/h2>\n\n\n<p>Let One Channel do the heavy lifting so you can focus on bringing in new customers:<\/p>\n\n\n\n<ul class=\"wp-block-list\">\n<li><strong>Suggestions for texts for both e-mail and SMS based on different theme days:<\/strong> Get inspiring ideas for Black Friday, Cyber Monday, Valentine&#039;s Day, Mother&#039;s Day and many more!<\/li>\n\n\n\n<li><strong>Ability to schedule your campaigns in advance:<\/strong> Plan and organize your campaigns easily and efficiently.<\/li>\n\n\n\n<li><strong>Smart campaign calendar<\/strong>: Keep track of your sent or planned promotions. Get tips on special theme days that could mean more sales.<\/li>\n<\/ul>\n<\/div>\n<\/div>\n\n\n\n<div class=\"wp-block-columns my-5 mx-1 p-5 justify-content-center has-white-background-color has-background is-layout-flex wp-container-core-columns-is-layout-9d6595d7 wp-block-columns-is-layout-flex\">\n<div class=\"wp-block-column p-5 is-layout-flow wp-block-column-is-layout-flow\" style=\"flex-basis:40%\">\n<h2 class=\"wp-block-heading\">Send marketing messages via three different channels<\/h2>\n\n\n\n<p>We believe in reaching out to customers on a broad front, so One Channel offers three possible channels for your marketing<\/p>\n\n\n\n<ul class=\"wp-block-list\">\n<li><strong>Send SMS marketing<\/strong>:<br>Send large quantities of SMS to your contacts. You can also create professional landing pages with click-through measurement attached to the SMS text.<\/li>\n\n\n\n<li><strong>Send marketing emails:<\/strong><br>Design and create professional email templates and send out directly to your contacts.<\/li>\n\n\n\n<li><strong>Send out marketing by letter:<\/strong> If you don't have any email addresses or mobile numbers, you can easily send out your marketing message by post.<\/li>\n<\/ul>\n<\/div>\n\n\n\n<div class=\"wp-block-column P-5 is-layout-flow wp-block-column-is-layout-flow\" style=\"flex-basis:40%\"><div class=\"wp-block-image\">\n<figure class=\"aligncenter size-full is-resized\"><img loading=\"lazy\" decoding=\"async\" width=\"614\" height=\"614\" src=\"https:\/\/ip1sms.com\/wp-content\/uploads\/2026\/02\/smygtitt-kanaler-one-channel.png\" alt=\"Marketing via SMS, email and letters\" class=\"wp-image-5673\" style=\"width:400px\" srcset=\"https:\/\/ip1sms.com\/wp-content\/uploads\/2026\/02\/smygtitt-kanaler-one-channel.png 614w, https:\/\/ip1sms.com\/wp-content\/uploads\/2026\/02\/smygtitt-kanaler-one-channel-300x300.png 300w, https:\/\/ip1sms.com\/wp-content\/uploads\/2026\/02\/smygtitt-kanaler-one-channel-150x150.png 150w, https:\/\/ip1sms.com\/wp-content\/uploads\/2026\/02\/smygtitt-kanaler-one-channel-12x12.png 12w\" sizes=\"auto, (max-width: 614px) 100vw, 614px\" \/><\/figure>\n<\/div><\/div>\n<\/div>\n\n\n\n<div class=\"wp-block-columns my-5 mx-1 py-5 justify-content-center has-background is-layout-flex wp-container-core-columns-is-layout-9d6595d7 wp-block-columns-is-layout-flex\" style=\"background-color:#fafafa\">\n<div class=\"wp-block-column is-layout-flow wp-block-column-is-layout-flow\" style=\"flex-basis:70%\">\n<h3 class=\"wp-block-heading\">Create campaign texts using AI<\/h3>\n\n\n\n<p>Say goodbye to blank pages and writing cramp! With One Channel&#039;s powerful Text-AI, you can easily create engaging campaign texts for both email and SMS, regardless of what you want to sell or promote. In addition, you receive suggestions based on the event calendar, where you get inspiration for, among other things, Black Friday, the mid-day sale or other sales highlights.<\/p>\n\n\n\n<figure class=\"wp-block-video\"><video height=\"1080\" style=\"aspect-ratio: 1920 \/ 1080;\" width=\"1920\" controls poster=\"https:\/\/ip1sweden.blob.core.windows.net\/blobip1websitef76b7023b5\/wp-content\/uploads\/2024\/07\/kampanjforslag-thumb.png\" src=\"\/wp-content\/uploads\/2024\/06\/campaign-text-suggestions.mp4\"><\/video><\/figure>\n<\/div>\n<\/div>\n\n\n\n<div class=\"wp-block-columns my-5 mx-1 py-5 justify-content-center has-white-background-color has-background is-layout-flex wp-container-core-columns-is-layout-9d6595d7 wp-block-columns-is-layout-flex\">\n<div class=\"wp-block-column is-layout-flow wp-block-column-is-layout-flow\" style=\"flex-basis:70%\">\n<h3 class=\"wp-block-heading\">Find out when you get the most clicks on your campaign links<\/h3>\n\n\n\n<p>Through the power of machine learning, we analyze the data and show in the campaign calendar when the click rate is expected to be the highest. An intuitive color scale, from green to red, gives you a clear picture of the most optimal times for your campaigns.<\/p>\n\n\n\n<figure class=\"wp-block-video\"><video height=\"1080\" style=\"aspect-ratio: 1920 \/ 1080;\" width=\"1920\" controls poster=\"https:\/\/ip1sweden.blob.core.windows.net\/blobip1websitef76b7023b5\/wp-content\/uploads\/2024\/07\/klickfrekvens.png\" src=\"\/wp-content\/uploads\/2024\/06\/klickfrekvens.mp4\"><\/video><\/figure>\n<\/div>\n<\/div>\n\n\n\n<div class=\"wp-block-columns my-5 mx-1 py-5 justify-content-center has-background is-layout-flex wp-container-core-columns-is-layout-9d6595d7 wp-block-columns-is-layout-flex\" style=\"background-color:#fafafa\">\n<div class=\"wp-block-column is-layout-flow wp-block-column-is-layout-flow\" style=\"flex-basis:70%\">\n<h3 class=\"wp-block-heading\">Download your graphics profile and create HTML templates<\/h3>\n\n\n\n<p>Let our AI do the work for you! We automatically download your graphic profile, images and texts directly from your website. With our user-friendly HTML template editor, you can then easily create a basis for your next email.<\/p>\n\n\n\n<figure class=\"wp-block-video\"><video height=\"1080\" style=\"aspect-ratio: 1920 \/ 1080;\" width=\"1920\" controls poster=\"https:\/\/ip1sweden.blob.core.windows.net\/blobip1websitef76b7023b5\/wp-content\/uploads\/2024\/07\/e-posteditor.png\" src=\"\/wp-content\/uploads\/2024\/06\/skapa-html-mallar-for-epost.mp4\"><\/video><\/figure>\n<\/div>\n<\/div>","protected":false},"excerpt":{"rendered":"<p>One Channel erbjuder m\u00e4ngder av funktionalitet Med v\u00e5r marknadsf\u00f6ringsplattform f\u00e5r du tillg\u00e5ng till en m\u00e4ngd funktioner som underl\u00e4ttar din marknadsf\u00f6ring, bland annat kan du: L\u00e5t One Channel g\u00f6ra grovjobbet s\u00e5 att du kan fokusera p\u00e5 att dra in nya kunder: Skicka markandsf\u00f6ring via tre olika kanaler Vi tror p\u00e5 att n\u00e5 ut till kunden p\u00e5 [&hellip;]<\/p>\n","protected":false},"author":1,"featured_media":0,"parent":348,"menu_order":0,"comment_status":"closed","ping_status":"closed","template":"","meta":{"footnotes":""},"categories":[],"tags":[],"class_list":["post-3284","page","type-page","status-publish","hentry"],"_links":{"self":[{"href":"https:\/\/ip1sms.com\/en\/wp-json\/wp\/v2\/pages\/3284","targetHints":{"allow":["GET"]}}],"collection":[{"href":"https:\/\/ip1sms.com\/en\/wp-json\/wp\/v2\/pages"}],"about":[{"href":"https:\/\/ip1sms.com\/en\/wp-json\/wp\/v2\/types\/page"}],"author":[{"embeddable":true,"href":"https:\/\/ip1sms.com\/en\/wp-json\/wp\/v2\/users\/1"}],"replies":[{"embeddable":true,"href":"https:\/\/ip1sms.com\/en\/wp-json\/wp\/v2\/comments?post=3284"}],"version-history":[{"count":1,"href":"https:\/\/ip1sms.com\/en\/wp-json\/wp\/v2\/pages\/3284\/revisions"}],"predecessor-version":[{"id":5674,"href":"https:\/\/ip1sms.com\/en\/wp-json\/wp\/v2\/pages\/3284\/revisions\/5674"}],"up":[{"embeddable":true,"href":"https:\/\/ip1sms.com\/en\/wp-json\/wp\/v2\/pages\/348"}],"wp:attachment":[{"href":"https:\/\/ip1sms.com\/en\/wp-json\/wp\/v2\/media?parent=3284"}],"wp:term":[{"taxonomy":"category","embeddable":true,"href":"https:\/\/ip1sms.com\/en\/wp-json\/wp\/v2\/categories?post=3284"},{"taxonomy":"post_tag","embeddable":true,"href":"https:\/\/ip1sms.com\/en\/wp-json\/wp\/v2\/tags?post=3284"}],"curies":[{"name":"wp","href":"https:\/\/api.w.org\/{rel}","templated":true}]}}