{"id":3148,"date":"2024-05-07T08:33:01","date_gmt":"2024-05-07T08:33:01","guid":{"rendered":"http:\/\/34.88.191.99\/?page_id=3148"},"modified":"2024-09-11T09:26:02","modified_gmt":"2024-09-11T09:26:02","slug":"i-have-an-sms-balance-but-still-receive-a-invoice-every-month","status":"publish","type":"page","link":"https:\/\/ip1sms.com\/en\/customer-support\/i-have-an-sms-balance-but-still-receive-a-invoice-every-month\/","title":{"rendered":"I have an SMS balance but still get an invoice every month"},"content":{"rendered":"<div class=\"row g-0 justify-content-center mb-5 mt-5 p-1 mx-1 p-md-0 mx-md-0\">\n<div class=\"col-md-9 col-sm-12 text-left\">\n\n\n\n<h1 class=\"wp-block-heading\" id=\"h-jag-har-ett-sms-saldo-men-far-anda-en-faktura-varje-manad\">I have an SMS balance but still get an invoice every month<\/h1>\n\n\n\n<p>In our system there are two payment models, SMS balance and post-invoicing (Monthly subscription). If you have an SMS balance on your account and choose to subscribe to a monthly subscription, the system will disregard your balance and post-invoice the previous month&#039;s traffic. <\/p>\n\n\n\n<p>If you have a balance on your account but still receive an invoice, the probability is high that you have one of our post-invoicing subscriptions activated (for example One Survey, Send or Send &amp; Receive) If you instead want to use your balance again, you can say up your SMS subscription, your SMS messages will instead be deducted from your SMS balance that remains in the account.<\/p>\n\n\n\n<p><strong>Post-invoicing and Balance<\/strong><\/p>\n\n\n\n<ul class=\"wp-block-list\">\n<li><strong>Post-invoicing:<\/strong>&nbsp;When you have post-invoicing activated, all your fees for a month are collected on an invoice that is sent out at the end of the month.<\/li>\n\n\n\n<li><strong>Balance:<\/strong>&nbsp;If you choose to top up your balance, you can use these funds to pay your fees on an ongoing basis.<\/li>\n<\/ul>\n\n\n\n<p><strong>Priority for payment:<\/strong><\/p>\n\n\n\n<p>In our system have&nbsp;<strong>post-invoicing priority over balance<\/strong>. This means that all your charges are added to your invoice, regardless of whether you have a balance on the account. The balance only begins to be used up when post-invoicing is turned off.<\/p>\n\n\n\n<\/div>\n<\/div>","protected":false},"excerpt":{"rendered":"<p>Jag har ett SMS-saldo men f\u00e5r \u00e4nd\u00e5 en faktura varje m\u00e5nad I v\u00e5rt system finns tv\u00e5 betalningsmodeller, SMS-saldo och efterfakturering (M\u00e5nadsabonnemang). I det fall du har ett SMS-saldo p\u00e5 ditt konto och v\u00e4ljer att teckna ett m\u00e5nadsabonnemang s\u00e5 kommer systemet att bortse fr\u00e5n ditt saldo och efterfakturera den f\u00f6reg\u00e5ende m\u00e5nadens trafik. Om du har ett [&hellip;]<\/p>\n","protected":false},"author":1,"featured_media":0,"parent":487,"menu_order":0,"comment_status":"closed","ping_status":"closed","template":"","meta":{"footnotes":""},"categories":[16],"tags":[],"class_list":["post-3148","page","type-page","status-publish","hentry","category-support"],"_links":{"self":[{"href":"https:\/\/ip1sms.com\/en\/wp-json\/wp\/v2\/pages\/3148","targetHints":{"allow":["GET"]}}],"collection":[{"href":"https:\/\/ip1sms.com\/en\/wp-json\/wp\/v2\/pages"}],"about":[{"href":"https:\/\/ip1sms.com\/en\/wp-json\/wp\/v2\/types\/page"}],"author":[{"embeddable":true,"href":"https:\/\/ip1sms.com\/en\/wp-json\/wp\/v2\/users\/1"}],"replies":[{"embeddable":true,"href":"https:\/\/ip1sms.com\/en\/wp-json\/wp\/v2\/comments?post=3148"}],"version-history":[{"count":0,"href":"https:\/\/ip1sms.com\/en\/wp-json\/wp\/v2\/pages\/3148\/revisions"}],"up":[{"embeddable":true,"href":"https:\/\/ip1sms.com\/en\/wp-json\/wp\/v2\/pages\/487"}],"wp:attachment":[{"href":"https:\/\/ip1sms.com\/en\/wp-json\/wp\/v2\/media?parent=3148"}],"wp:term":[{"taxonomy":"category","embeddable":true,"href":"https:\/\/ip1sms.com\/en\/wp-json\/wp\/v2\/categories?post=3148"},{"taxonomy":"post_tag","embeddable":true,"href":"https:\/\/ip1sms.com\/en\/wp-json\/wp\/v2\/tags?post=3148"}],"curies":[{"name":"wp","href":"https:\/\/api.w.org\/{rel}","templated":true}]}}