{"id":2570,"date":"2024-03-11T13:50:28","date_gmt":"2024-03-11T13:50:28","guid":{"rendered":"http:\/\/34.88.191.99\/?page_id=2570"},"modified":"2025-10-10T13:35:01","modified_gmt":"2025-10-10T13:35:01","slug":"landing-pages","status":"publish","type":"page","link":"https:\/\/ip1sms.com\/en\/landing-pages\/","title":{"rendered":"Landing pages for SMS Marketing"},"content":{"rendered":"<div class=\"wp-block-custom-ip1-service-page-header-block wp-block-group is-layout-constrained wp-block-group-is-layout-constrained\"><div class=\"wp-block-group__inner-container\"><div class=\"row g-0 justify-content-center align-items-center ip1-service-page-header gradient-box ripple\"><div class=\"col-md-9 col-sm-12\"><div class=\"wp-block-columns are-vertically-aligned-center is-layout-flex wp-container-core-columns-layout-1 wp-block-columns-is-layout-flex\"><div class=\"wp-block-column is-vertically-aligned-center is-layout-flow wp-block-column-is-layout-flow\" style=\"flex-basis:33.33%\"><img decoding=\"async\" src=\"https:\/\/ip1sweden.blob.core.windows.net\/blobip1websitef76b7023b5\/wp-content\/uploads\/2024\/03\/sms-marketing-make-it-personal.svg\" alt=\"SMS services from iP.1\"\/><\/div><div class=\"wp-block-column is-vertically-aligned-center is-layout-flow wp-block-column-is-layout-flow\" style=\"flex-basis:66.66%\"><h1 class=\"wp-block-heading\">Landing pages for SMS Marketing<\/h1><p class=\"paragraph1\">Create mobile-adapted landing pages that increase conversion from your SMS campaigns. With iP.1's landing page feature in One Channel, you can easily link every SMS to a customized landing page.<\/p><p class=\"paragraph2\">Our software lets you design landing pages are optimized for quick response, high relevance, and maximum impact. Perfect for offers, bookings, or customer dialogue, right on the mobile phone.<\/p><\/div><\/div><\/div><\/div><\/div><\/div>\n\n\n\n<div class=\"wp-block-custom-ip1-conversion-button-block row g-0 concave align-items-center text-center\"><div class=\"col\"><div class=\"link-button\"><a href=\"https:\/\/shop.ip1.net\/account\/new\" id=\"general-trial\" class=\"btn btn-ip1 get-started\" target=\"_blank\" rel=\"noopener\">Free trial account<\/a><a href=\"#\" id=\"contact-form\" class=\"btn btn-outline-ip1 ms-2 sign-in\" data-bs-toggle=\"modal\" data-bs-target=\"#contact-modal\">Contacts us<\/a><\/div><\/div><\/div>\n\n\n\n<div class=\"wp-block-columns justify-content-center has-white-background-color has-background is-layout-flex wp-container-core-columns-is-layout-9d6595d7 wp-block-columns-is-layout-flex\">\n<div class=\"wp-block-column is-layout-flow wp-block-column-is-layout-flow\" style=\"flex-basis:70%\">\n<h2 class=\"wp-block-heading\" id=\"h-vad-ar-en-landningssida\">What is a Landing Page?<\/h2>\n\n\n\n<p>A landing page is a destination page designed with a single purpose, namely to get the visitor to take the next step in their customer journey. This could involve booking a meeting, downloading a document, or making a purchase.<\/p>\n\n\n\n<p>What distinguishes a landing page from, for example, a homepage is that it is stripped down and relevant to a specific campaign or channel. In SMS marketing, the landing page serves as a digital \"answer\" to a personalized mailing and therefore plays a direct role in the campaign's effect.<\/p>\n\n\n\n<p>A good landing page is not only visually appealing but is also optimized for speed, mobile use, and conversion.<\/p>\n<\/div>\n<\/div>\n\n\n\n<div class=\"wp-block-columns justify-content-center has-background is-layout-flex wp-container-core-columns-is-layout-9d6595d7 wp-block-columns-is-layout-flex\" style=\"background-color:#fafafa\">\n<div class=\"wp-block-column is-layout-flow wp-block-column-is-layout-flow\" style=\"flex-basis:70%\">\n<h2 class=\"wp-block-heading\" id=\"h-hur-fungerar-landningssidor-i-sms-marknadsforing\">How do landing pages work in SMS marketing?<\/h2>\n\n\n\n<p>Landing pages are crucial in SMS marketing because they connect a personal message to a concrete action. When a recipient clicks on a link in an SMS, they expect an immediate and relevant experience.<\/p>\n\n\n\n<p>Therefore, the landing page must be mobile-adapted, fast, and mirror the message in the SMS. In practice, it works like this: you send an SMS with a time-sensitive offer, and the link in the message leads to a specially designed page where the customer can act with a single click. <\/p>\n\n\n\n<p>With One Channel, you can easily create customized landing pages for your SMS campaigns so that you can drive business directly on mobile.<\/p>\n\n\n\n<figure class=\"wp-block-image size-full p-5\"><img loading=\"lazy\" decoding=\"async\" width=\"1207\" height=\"200\" src=\"https:\/\/ip1sms.com\/wp-content\/uploads\/2025\/10\/landningssida-steg-for-steg.png\" alt=\"\" class=\"wp-image-4982\" srcset=\"https:\/\/ip1sms.com\/wp-content\/uploads\/2025\/10\/landningssida-steg-for-steg.png 1207w, https:\/\/ip1sms.com\/wp-content\/uploads\/2025\/10\/landningssida-steg-for-steg-300x50.png 300w, https:\/\/ip1sms.com\/wp-content\/uploads\/2025\/10\/landningssida-steg-for-steg-1024x170.png 1024w, https:\/\/ip1sms.com\/wp-content\/uploads\/2025\/10\/landningssida-steg-for-steg-768x127.png 768w, https:\/\/ip1sms.com\/wp-content\/uploads\/2025\/10\/landningssida-steg-for-steg-18x3.png 18w\" sizes=\"auto, (max-width: 1207px) 100vw, 1207px\" \/><\/figure>\n<\/div>\n<\/div>\n\n\n\n<div class=\"row g-0 justify-content-center mb-5 mt-5 p-1 mx-1 p-md-0 mx-md-0\">\n<div class=\"col-md-9 col-sm-12 text-left\">\n\n\n\n<div class=\"wp-block-columns bg-light p-1 p-lg-5 p-md-5 is-layout-flex wp-container-core-columns-is-layout-9d6595d7 wp-block-columns-is-layout-flex\">\n<div class=\"wp-block-column is-layout-flow wp-block-column-is-layout-flow\" style=\"flex-basis:66.66%\">\n<h3 class=\"wp-block-heading\" id=\"h-skapa-ditt-egna-unika-marknadsforings-content\">Create your own unique marketing content<\/h3>\n\n\n\n<p>Let your brand speak for itself by creating your own unique content in One Channel&#039;s smart campaign editor. You easily create your own mobile-friendly pages for your campaigns according to your graphic profile.<\/p>\n\n\n\n<ul class=\"wp-block-list\">\n<li>Download your graphic profile and create landing pages using AI<\/li>\n\n\n\n<li>Enhance your content with text boxes in our WYSIWYG editor<\/li>\n\n\n\n<li>Add media objects in the form of images or videos<\/li>\n\n\n\n<li>Lead your customers to the right place with conversion buttons<\/li>\n\n\n\n<li>See statistics on how many people go to your landing pages<\/li>\n<\/ul>\n<\/div>\n\n\n\n<div class=\"wp-block-column is-layout-flow wp-block-column-is-layout-flow\" style=\"flex-basis:33.33%\">\n<figure class=\"wp-block-image size-full\"><img decoding=\"async\" src=\"\/wp-content\/uploads\/2024\/03\/message-boxes.svg\" alt=\"\" class=\"wp-image-2625\"\/><\/figure>\n<\/div>\n<\/div>\n\n\n\n<\/div>\n<\/div>\n\n\n\n<div class=\"row g-0 justify-content-center mb-5 mt-5 p-1 mx-1 p-md-0 mx-md-0\">\n<div class=\"col-md-9 col-sm-12 text-left\">\n\n\n\n<div class=\"wp-block-columns is-layout-flex wp-container-core-columns-is-layout-9d6595d7 wp-block-columns-is-layout-flex\">\n<div class=\"wp-block-column is-layout-flow wp-block-column-is-layout-flow\">\n<figure class=\"wp-block-video\"><video height=\"674\" style=\"aspect-ratio: 1280 \/ 674;\" width=\"1280\" controls src=\"\/wp-content\/uploads\/2024\/03\/ip1-introducing-landingpages.mp4\"><\/video><\/figure>\n<\/div>\n\n\n\n<div class=\"wp-block-column is-layout-flow wp-block-column-is-layout-flow\">\n<h3 class=\"wp-block-heading\" id=\"h-hur-gor-man\">How-to?<\/h3>\n\n\n\n<p>Creating your own page is easy! Drag the elements you want in place, fill them with your unique content and direct your customers exactly where you want!<\/p>\n\n\n\n<h4 class=\"wp-block-heading\" id=\"h-vill-du-ha-tips-eller-rad\">Do you want tips or advice?<\/h4>\n\n\n\n<p>Send us an e-mail at&nbsp;<a href=\"mailto:info@ip1.se\">info@ip1.se<\/a>&nbsp;or give us a call:&nbsp;<a href=\"tel:+4610160160160\">010-160 60 60<\/a><\/p>\n<\/div>\n<\/div>\n\n\n\n<\/div>\n<\/div>\n\n\n\n<div class=\"wp-block-buttons is-content-justification-center is-layout-flex wp-container-core-buttons-is-layout-16018d1d wp-block-buttons-is-layout-flex\">\n<div class=\"wp-block-button my-5\"><a class=\"wp-block-button__link wp-element-button\" href=\"https:\/\/ip1sms.com\/en\/sms-service\/\">Read more about our SMS services<\/a><\/div>\n<\/div>","protected":false},"excerpt":{"rendered":"<p>Vad \u00e4r en landningssida? En landningssida \u00e4r en m\u00e5lsida som utformats med ett enda syfte, n\u00e4mligen att f\u00e5 bes\u00f6karen att ta n\u00e4sta steg i sin kundresa. Det kan handla om att boka ett m\u00f6te, ladda ner ett dokument eller g\u00f6ra ett k\u00f6p. Det som skiljer en landningssida fr\u00e5n exempelvis en startsida \u00e4r att den \u00e4r [&hellip;]<\/p>\n","protected":false},"author":1,"featured_media":0,"parent":0,"menu_order":0,"comment_status":"closed","ping_status":"closed","template":"","meta":{"footnotes":""},"categories":[10],"tags":[],"class_list":["post-2570","page","type-page","status-publish","hentry","category-marknadsforing"],"_links":{"self":[{"href":"https:\/\/ip1sms.com\/en\/wp-json\/wp\/v2\/pages\/2570","targetHints":{"allow":["GET"]}}],"collection":[{"href":"https:\/\/ip1sms.com\/en\/wp-json\/wp\/v2\/pages"}],"about":[{"href":"https:\/\/ip1sms.com\/en\/wp-json\/wp\/v2\/types\/page"}],"author":[{"embeddable":true,"href":"https:\/\/ip1sms.com\/en\/wp-json\/wp\/v2\/users\/1"}],"replies":[{"embeddable":true,"href":"https:\/\/ip1sms.com\/en\/wp-json\/wp\/v2\/comments?post=2570"}],"version-history":[{"count":0,"href":"https:\/\/ip1sms.com\/en\/wp-json\/wp\/v2\/pages\/2570\/revisions"}],"wp:attachment":[{"href":"https:\/\/ip1sms.com\/en\/wp-json\/wp\/v2\/media?parent=2570"}],"wp:term":[{"taxonomy":"category","embeddable":true,"href":"https:\/\/ip1sms.com\/en\/wp-json\/wp\/v2\/categories?post=2570"},{"taxonomy":"post_tag","embeddable":true,"href":"https:\/\/ip1sms.com\/en\/wp-json\/wp\/v2\/tags?post=2570"}],"curies":[{"name":"wp","href":"https:\/\/api.w.org\/{rel}","templated":true}]}}