{"id":2352,"date":"2024-03-04T07:54:28","date_gmt":"2024-03-04T07:54:28","guid":{"rendered":"http:\/\/34.88.191.99\/?page_id=2352"},"modified":"2025-11-10T10:14:43","modified_gmt":"2025-11-10T10:14:43","slug":"details-account","status":"publish","type":"page","link":"https:\/\/ip1sms.com\/en\/developer\/details-account\/","title":{"rendered":"Details account"},"content":{"rendered":"<h1 class=\"wp-block-heading\" id=\"h-detaljer-konto\">Details account<\/h1>\n\n\n\n<hr class=\"wp-block-separator has-alpha-channel-opacity\"\/>\n\n\n\n<h2 class=\"wp-block-heading\" id=\"h-hamta-detaljer-for-underkonto\">Get details for sub account<\/h2>\n\n\n\n<h3 class=\"wp-block-heading\" id=\"h-endpoint\">Endpoint<\/h3>\n\n\n\n<p>Endpoint:&nbsp;<code>GET \/api\/me\/account<\/code><\/p>\n\n\n\n<p>This endpoint gives you a detail list for an individual account according to the response data type below.<\/p>\n\n\n\n<h3 class=\"wp-block-heading\" id=\"h-responsdata-typ\">Response data type<\/h3>\n\n\n<div class=\"wp-block-syntaxhighlighter-code\"><pre class=\"brush: plain; title: ; notranslate\" title=\"\">\n{ &quot;Key&quot;: &quot;string&quot;, &quot;Parent&quot;: &quot;string&quot;, &quot;Type&quot;: &quot;string&quot;, &quot;Balance&quot;: 0.0, &quot;Currency&quot;: &quot;string&quot;, &quot;ID&quot;: &quot;string&quot;, &quot;Name&quot; : &quot;string&quot; }\n<\/pre><\/div>\n\n\n<h4 class=\"wp-block-heading\" id=\"h-key\">Key<\/h4>\n\n\n\n<p>An individual account&#039;s API key.<\/p>\n\n\n\n<h4 class=\"wp-block-heading\" id=\"h-parent\">Parents<\/h4>\n\n\n\n<p>An individual account&#039;s parent account.<\/p>\n\n\n\n<h4 class=\"wp-block-heading\" id=\"h-type\">Type<\/h4>\n\n\n\n<p>An individual account&#039;s account type.<\/p>\n\n\n\n<h4 class=\"wp-block-heading\" id=\"h-balance\">Balance<\/h4>\n\n\n\n<p>An individual account&#039;s balance level. Can consist of a negative number or positive number depending on the payment model linked to the account.<\/p>\n\n\n\n<h4 class=\"wp-block-heading\" id=\"h-currency\">Currency<\/h4>\n\n\n\n<p>An individual account&#039;s currency.<\/p>\n\n\n\n<h4 class=\"wp-block-heading\" id=\"h-id\">ID<\/h4>\n\n\n\n<p>An individual account&#039;s ID, consists of the prefix&nbsp;<strong>ip1-<\/strong>&nbsp;followed by a number of numbers.<\/p>\n\n\n\n<h4 class=\"wp-block-heading\" id=\"h-name\">Name<\/h4>\n\n\n\n<p>An individual account&#039;s marking. For example, department or reference to the purpose of the account.<\/p>\n\n\n\n<hr class=\"wp-block-separator has-alpha-channel-opacity\"\/>\n\n\n\n<script type=\"application\/ld+json\">{\n    \"@context\": \"https:\\\/\\\/schema.org\",\n    \"@type\": \"Service\",\n    \"name\": \"iP.1 SMS API Kontodetaljer och Status\",\n    \"serviceType\": \"Kontohantering\",\n    \"description\": \"Endpoint f\\u00f6r att h\\u00e4mta aktuell information om kontot, inklusive saldo och status\",\n    \"url\": \"https:\\\/\\\/ip1sms.com\\\/utvecklare\\\/detaljer-konto\\\/\",\n    \"provider\": {\n        \"@type\": \"Organization\",\n        \"name\": \"iP.1 Networks AB\",\n        \"url\": \"https:\\\/\\\/ip1sms.com\\\/\"\n    },\n    \"potentialAction\": {\n        \"@type\": \"FindAction\",\n        \"target\": {\n            \"@type\": \"EntryPoint\",\n            \"urlTemplate\": \"https:\\\/\\\/api.ip1sms.com\\\/v2\\\/kontodetaljer\",\n            \"httpMethod\": \"GET\"\n        },\n        \"name\": \"H\\u00e4mta kontoinformation\"\n    },\n    \"serviceOutput\": {\n        \"@type\": \"Service\",\n        \"name\": \"Kontoinformation\",\n        \"description\": \"Returnerar nuvarande kontosaldo och statusdata.\"\n    }\n}<\/script>","protected":false},"excerpt":{"rendered":"<p>Detaljer konto H\u00e4mta detaljer f\u00f6r underkonto Endpoint Endpoint:&nbsp;GET \/api\/me\/account Denna endpoint ger dig en detaljlista f\u00f6r ett enskilt konto enligt responsdata-typen nedan. Responsdata-typ Key Ett enskilt kontos API-nyckel. Parent Ett enskilt kontos f\u00f6r\u00e4ldra-konto. Type Ett enskilt kontos kontotyp. Balance Ett enskilt kontos saldoniv\u00e5. Kan best\u00e5 av en negativ siffra eller positiv siffra beroende p\u00e5 vilken [&hellip;]<\/p>\n","protected":false},"author":1,"featured_media":0,"parent":382,"menu_order":0,"comment_status":"closed","ping_status":"closed","template":"developer.php","meta":{"footnotes":""},"categories":[4],"tags":[22],"class_list":["post-2352","page","type-page","status-publish","hentry","category-api-dokumention","tag-integration"],"_links":{"self":[{"href":"https:\/\/ip1sms.com\/en\/wp-json\/wp\/v2\/pages\/2352","targetHints":{"allow":["GET"]}}],"collection":[{"href":"https:\/\/ip1sms.com\/en\/wp-json\/wp\/v2\/pages"}],"about":[{"href":"https:\/\/ip1sms.com\/en\/wp-json\/wp\/v2\/types\/page"}],"author":[{"embeddable":true,"href":"https:\/\/ip1sms.com\/en\/wp-json\/wp\/v2\/users\/1"}],"replies":[{"embeddable":true,"href":"https:\/\/ip1sms.com\/en\/wp-json\/wp\/v2\/comments?post=2352"}],"version-history":[{"count":0,"href":"https:\/\/ip1sms.com\/en\/wp-json\/wp\/v2\/pages\/2352\/revisions"}],"up":[{"embeddable":true,"href":"https:\/\/ip1sms.com\/en\/wp-json\/wp\/v2\/pages\/382"}],"wp:attachment":[{"href":"https:\/\/ip1sms.com\/en\/wp-json\/wp\/v2\/media?parent=2352"}],"wp:term":[{"taxonomy":"category","embeddable":true,"href":"https:\/\/ip1sms.com\/en\/wp-json\/wp\/v2\/categories?post=2352"},{"taxonomy":"post_tag","embeddable":true,"href":"https:\/\/ip1sms.com\/en\/wp-json\/wp\/v2\/tags?post=2352"}],"curies":[{"name":"wp","href":"https:\/\/api.w.org\/{rel}","templated":true}]}}