{"id":2348,"date":"2024-03-04T07:45:50","date_gmt":"2024-03-04T07:45:50","guid":{"rendered":"http:\/\/34.88.191.99\/?page_id=2348"},"modified":"2025-11-10T10:12:49","modified_gmt":"2025-11-10T10:12:49","slug":"overview-account","status":"publish","type":"page","link":"https:\/\/ip1sms.com\/en\/developer\/overview-account\/","title":{"rendered":"Account overview"},"content":{"rendered":"<h1 class=\"wp-block-heading\" id=\"h-overblick-konton\">Overview of accounts<\/h1>\n\n\n\n<h3 class=\"wp-block-heading\" id=\"h-endpoint\">Endpoint<\/h3>\n\n\n\n<p>Endpoint: <code>GET \/api\/me<\/code><\/p>\n\n\n\n<p>This endpoint gives you an overview of your main account account,<\/p>\n\n\n\n<h3 class=\"wp-block-heading\" id=\"h-responsdata-typ\">Response data type<\/h3>\n\n\n<div class=\"wp-block-syntaxhighlighter-code\"><pre class=\"brush: csharp; title: ; notranslate\" title=\"\">\n{ &quot;Account&quot;: &quot;string&quot;, &quot;Organization&quot;: &quot;string&quot;, &quot;Type&quot;: &quot;string&quot;, &quot;Balance&quot;: 0.0, &quot;Currency&quot;: &quot;string&quot; }\n<\/pre><\/div>\n\n\n<h4 class=\"wp-block-heading\" id=\"h-account\">Account<br><\/h4>\n\n\n\n<p>An individual account&#039;s unique ID consisting of the prefix&nbsp;<strong>ip1-<\/strong>&nbsp;followed by a number of numbers.<\/p>\n\n\n\n<h3 class=\"wp-block-heading\" id=\"h-organization\">Organization<\/h3>\n\n\n\n<p>Name of the company\/organization that is the owner of the account.<\/p>\n\n\n\n<h3 class=\"wp-block-heading\" id=\"h-type\">Type<\/h3>\n\n\n\n<p>an individual account&#039;s account type,&nbsp;<code>Swedish&nbsp;<\/code>or&nbsp;<code>international<\/code>. Accounts of type&nbsp;<code>Swedish&nbsp;<\/code>is only suitable for SMS traffic within Sweden. All traffic outside Sweden is charged according to an individual unit price based on the country code.<\/p>\n\n\n\n<h3 class=\"wp-block-heading\" id=\"h-balance\">Balance<\/h3>\n\n\n\n<p>An individual account&#039;s balance level. can consist of a negative or positive number, depending on the chosen cost model.<\/p>\n\n\n\n<h3 class=\"wp-block-heading\" id=\"h-currency\">Currency<\/h3>\n\n\n\n<p>Indicates which currency an individual account is debited in. SEK or Euro.<\/p>\n\n\n\n<script type=\"application\/ld+json\">{\n    \"@context\": \"https:\\\/\\\/schema.org\",\n    \"@type\": \"Service\",\n    \"name\": \"iP.1 API Kontosammanfattning och \\u00d6verblick\",\n    \"serviceType\": \"Kontohantering\",\n    \"description\": \"Endpoint f\\u00f6r att h\\u00e4mta en \\u00f6versiktlig sammanfattning av utvecklarkontots status, inklusive total statistik, senaste aktiviteter eller aggregerade data.\",\n    \"url\": \"https:\\\/\\\/ip1sms.com\\\/utvecklare\\\/overblick-konto\\\/\",\n    \"provider\": {\n        \"@type\": \"Organization\",\n        \"name\": \"iP.1 AB\",\n        \"url\": \"https:\\\/\\\/ip1sms.com\\\/\"\n    },\n    \"potentialAction\": {\n        \"@type\": \"FindAction\",\n        \"target\": {\n            \"@type\": \"EntryPoint\",\n            \"urlTemplate\": \"https:\\\/\\\/api.ip1sms.com\\\/api\\\/me\",\n            \"httpMethod\": \"GET\"\n        },\n        \"name\": \"H\\u00e4mta Kontosammanfattning\"\n    },\n    \"serviceOutput\": {\n        \"@type\": \"Service\",\n        \"name\": \"\\u00d6verblick av Kontostatus\",\n        \"description\": \"Returnerar en aggregerad sammanfattning av viktiga kontonyckeltal.\"\n    }\n}<\/script>","protected":false},"excerpt":{"rendered":"<p>\u00d6verblick konton Endpoint Endpoint: GET \/api\/me Denna endpoint ger dig \u00f6verblick \u00f6ver ditt huvudkonto konto, Responsdata-typ Account Ett enskilt kontos unika ID best\u00e5ende av prefixet&nbsp;ip1-&nbsp;f\u00f6ljt av ett antal siffror. Organization F\u00f6retagets\/organisations namn som st\u00e5r som \u00e4gare till kontot. Type ett enskilt kontos kontotyp,&nbsp;swedish&nbsp;eller&nbsp;international. Konton av typ&nbsp;swedish&nbsp;\u00e4r enbart l\u00e4mpat f\u00f6r SMS-trafik inom Sverige. All trafik utanf\u00f6r [&hellip;]<\/p>\n","protected":false},"author":1,"featured_media":0,"parent":382,"menu_order":0,"comment_status":"closed","ping_status":"closed","template":"developer.php","meta":{"footnotes":""},"categories":[4],"tags":[22],"class_list":["post-2348","page","type-page","status-publish","hentry","category-api-dokumention","tag-integration"],"_links":{"self":[{"href":"https:\/\/ip1sms.com\/en\/wp-json\/wp\/v2\/pages\/2348","targetHints":{"allow":["GET"]}}],"collection":[{"href":"https:\/\/ip1sms.com\/en\/wp-json\/wp\/v2\/pages"}],"about":[{"href":"https:\/\/ip1sms.com\/en\/wp-json\/wp\/v2\/types\/page"}],"author":[{"embeddable":true,"href":"https:\/\/ip1sms.com\/en\/wp-json\/wp\/v2\/users\/1"}],"replies":[{"embeddable":true,"href":"https:\/\/ip1sms.com\/en\/wp-json\/wp\/v2\/comments?post=2348"}],"version-history":[{"count":0,"href":"https:\/\/ip1sms.com\/en\/wp-json\/wp\/v2\/pages\/2348\/revisions"}],"up":[{"embeddable":true,"href":"https:\/\/ip1sms.com\/en\/wp-json\/wp\/v2\/pages\/382"}],"wp:attachment":[{"href":"https:\/\/ip1sms.com\/en\/wp-json\/wp\/v2\/media?parent=2348"}],"wp:term":[{"taxonomy":"category","embeddable":true,"href":"https:\/\/ip1sms.com\/en\/wp-json\/wp\/v2\/categories?post=2348"},{"taxonomy":"post_tag","embeddable":true,"href":"https:\/\/ip1sms.com\/en\/wp-json\/wp\/v2\/tags?post=2348"}],"curies":[{"name":"wp","href":"https:\/\/api.w.org\/{rel}","templated":true}]}}