{"id":18,"date":"2023-11-22T10:14:58","date_gmt":"2023-11-22T10:14:58","guid":{"rendered":"http:\/\/34.88.191.99\/?page_id=18"},"modified":"2025-12-10T14:19:55","modified_gmt":"2025-12-10T14:19:55","slug":"business-messaging","status":"publish","type":"page","link":"https:\/\/ip1sms.com\/en\/business-messaging\/","title":{"rendered":"Business Messaging"},"content":{"rendered":"\n<div class=\"wp-block-custom-ip1-service-page-header-block wp-block-group is-layout-constrained wp-block-group-is-layout-constrained\"><div class=\"wp-block-group__inner-container\"><div class=\"row g-0 justify-content-center align-items-center ip1-service-page-header gradient-box ripple \"><div class=\"col-md-9 col-sm-12\"><div class=\"wp-block-columns are-vertically-aligned-center is-layout-flex wp-container-core-columns-layout-1 wp-block-columns-is-layout-flex\"><div class=\"wp-block-column is-vertically-aligned-center is-layout-flow wp-block-column-is-layout-flow\" style=\"flex-basis:33.33%\"><img decoding=\"async\" src=\"https:\/\/ip1sweden.blob.core.windows.net\/blobip1websitef76b7023b5\/wp-content\/uploads\/2024\/11\/sms-fran-datorn-med-web-sms.svg\" alt=\"Skicka SMS fr\u00e5n datorn med Web SMS\"\/><\/div><div class=\"wp-block-column is-vertically-aligned-center is-layout-flow wp-block-column-is-layout-flow\" style=\"flex-basis:66.66%\"><h1 class=\"wp-block-heading\">Skicka SMS fr\u00e5n datorn<\/h1><p class=\"paragraph1\">Att<strong> <\/strong>skicka SMS fr\u00e5n datorn\u00a0\u00e4r ett enkelt och effektivt s\u00e4tt att kommunicera med kunder, medlemmar eller kollegor.<\/p><p class=\"paragraph2\">Med v\u00e5ra anv\u00e4ndarv\u00e4nliga tj\u00e4nster kan du skicka SMS till ett eller flera mobilnummer direkt fr\u00e5n din webbl\u00e4sare. Oavsett om du vill skicka orderbekr\u00e4ftelser, SMS-p\u00e5minnelser eller vill marknadsf\u00f6ra dina produkter eller tj\u00e4nster s\u00e5 \u00e4r SMS fr\u00e5n datorn det optimala verktyget.<\/p><\/div><\/div><\/div><\/div><\/div><\/div>\n\n\n\n<div class=\"wp-block-custom-ip1-conversion-button-block row g-0 concave align-items-center text-center\"><div class=\"col\"><div class=\"link-button\"><a href=\"\/testkonto\" id=\"websms-trial\" class=\"btn btn-ip1 get-started\">Testa kostnadsfritt<\/a><a href=\"#\" id=\"contact-form\" class=\"btn btn-outline-ip1 ms-2 sign-in\" data-bs-toggle=\"modal\" data-bs-target=\"#contact-modal\">Kontakta oss<\/a><\/div><\/div><\/div>\n\n\n\n<div class=\"wp-block-columns are-vertically-aligned-center my-5 mx-1 py-5 justify-content-center has-white-background-color has-background is-layout-flex wp-container-core-columns-is-layout-9d6595d7 wp-block-columns-is-layout-flex\">\n<div class=\"wp-block-column is-vertically-aligned-center has-white-background-color has-background is-layout-flow wp-block-column-is-layout-flow\" style=\"flex-basis:70%\">\n<h2 class=\"wp-block-heading\" id=\"h-skicka-sms-fran-datorn-med-web-sms\">Skicka SMS fr\u00e5n datorn med Web SMS<\/h2>\n\n\n\n<p>iP.1 erbjuder enkla och smidiga webbtj\u00e4nster f\u00f6r SMS-kommunikation med anv\u00e4ndarv\u00e4nlighet i fokus. Genom att skicka SMS fr\u00e5n datorn kan du n\u00e5 ut till tusentals mottagare p\u00e5 n\u00e5gra sekunder, vilket g\u00f6r SMS till ett oslagbart s\u00e4tt att n\u00e5 ut med ditt budskap.<\/p>\n\n\n<div class=\"wp-block-image mt-5\">\n<figure class=\"aligncenter size-full is-resized\"><img decoding=\"async\" src=\"\/wp-content\/uploads\/2024\/11\/sms-fran-datorn-nar-igenom-bruset.svg\" alt=\"SMS fr\u00e5n datorn n\u00e5r igenom bruset\" class=\"wp-image-3957\" style=\"width:716px;height:auto\"\/><\/figure>\n<\/div><\/div>\n<\/div>\n\n\n\n<div class=\"wp-block-columns justify-content-center has-white-background-color has-background is-layout-flex wp-container-core-columns-is-layout-9d6595d7 wp-block-columns-is-layout-flex\">\n<div class=\"wp-block-column is-layout-flow wp-block-column-is-layout-flow\" style=\"flex-basis:70%\">\n<h3 class=\"wp-block-heading\" id=\"h-vad-ar-fordelarna-med-att-skicka-sms-fran-datorn\"><strong>Vad \u00e4r f\u00f6rdelarna med att skicka SMS fr\u00e5n datorn?<\/strong><\/h3>\n\n\n\n<p>Att skicka SMS fr\u00e5n datorn erbjuder flera betydande f\u00f6rdelar f\u00f6r effektiv kommunikation. Ist\u00e4llet f\u00f6r att hantera utskick via en mobiltelefon m\u00f6jligg\u00f6r SMS fr\u00e5n datorn en mer centraliserad och kraftfull hantering av SMS-utskick.<\/p>\n\n\n\n<h4 class=\"wp-block-heading\" id=\"h-personliga-sms-utskick\"><strong>Personliga SMS-utskick<\/strong><\/h4>\n\n\n\n<p>En av de st\u00f6rsta f\u00f6rdelarna \u00e4r m\u00f6jligheten att skicka personliga meddelanden i stor skala<strong>.<\/strong> Du kan allts\u00e5 infoga personlig information i dina meddelanden automatiskt genom att importera kontaktlistor med olika kolumner som inneh\u00e5ller kund- eller medlemsinformation. Detta skapar en mer relevant och engagerande upplevelse f\u00f6r mottagaren, vilket kan f\u00f6rb\u00e4ttra responsfrekvensen och st\u00e4rka kundrelationerna.<\/p>\n\n\n\n<h4 class=\"wp-block-heading\" id=\"h-foretagsnamn-som-avsandare\"><strong>F\u00f6retagsnamn som avs\u00e4ndare<\/strong><\/h4>\n\n\n\n<p>Om man tittar vidare p\u00e5 f\u00f6rdelarna med att skicka SMS fr\u00e5n datorn s\u00e5 kommer vi in p\u00e5 m\u00f6jligheten att anv\u00e4nda ditt f\u00f6retagsnamn eller organisationsnamn som avs\u00e4ndare, vilket kan \u00f6ka varum\u00e4rkesk\u00e4nndedom och tillithos dina mottagare. Framf\u00f6rallt ger det en professionell k\u00e4nsal \u00f6ver dina SMS-utskick och minskar risken f\u00f6r att meddelanden ignoreras.<\/p>\n\n\n\n<h4 class=\"wp-block-heading\" id=\"h-hantering-av-kontaktgrupper-och-segment\"><strong>Hantering av kontaktgrupper och segment<\/strong><\/h4>\n\n\n\n<p>En SMS-tj\u00e4nst som anv\u00e4nds fr\u00e5n datorn underl\u00e4ttar \u00e4ven hanteringen av kontaktgrupper och segmentering. H\u00e4r kan man enkelt skapa och administrera olika mottagargrupper baserat p\u00e5 anv\u00e4ndbar information i kontakten. Denna segmentering ger dig mer m\u00e5linriktade och relevanta SMS-utskick, vilket optimerar effektiviteten och minskar risken f\u00f6r att skicka orelevanta erbjudanden till dina mottagare.<\/p>\n\n\n\n<h4 class=\"wp-block-heading\" id=\"h-mojligheten-att-avregistrera-sig-fran-sms-utskick\"><strong>M\u00f6jligheten att avregistrera sig fr\u00e5n SMS-utskick<\/strong><\/h4>\n\n\n\n<p>Professionella SMS-tj\u00e4nster via datorn ger dig \u00e4ven tillg\u00e5ng till funktioner som ger mottagarna m\u00f6jlighet att enkelt avregistrera sig fr\u00e5n framtida utskick. Detta bidrar till en renare och mer engagerad mottagarlista samt s\u00e4kerst\u00e4ller respekt f\u00f6r individens integritet.<\/p>\n\n\n\n<p>Sammanfattningsvis effektiviserar och f\u00f6rb\u00e4ttrar m\u00f6jligheten att skicka SMS fr\u00e5n datorn att n\u00e5 ut avsev\u00e4rt. Det erbjuder skalbarhet, personalisering och professionell hantering av SMS-utskick, vilket g\u00f6r det till ett v\u00e4rdefullt verktyg f\u00f6r f\u00f6retag och organisationer som vill kommunicera effektivt med sin m\u00e5lgrupp.<\/p>\n<\/div>\n<\/div>\n\n\n\n<div class=\"wp-block-columns are-vertically-aligned-center my-5 mx-1 py-5 has-background is-layout-flex wp-container-core-columns-is-layout-9d6595d7 wp-block-columns-is-layout-flex\" style=\"background-color:#fafafa\">\n<div class=\"wp-block-column is-vertically-aligned-center is-layout-flow wp-block-column-is-layout-flow\" style=\"flex-basis:50%\"><div class=\"wp-block-image\">\n<figure class=\"aligncenter size-full is-resized\"><img decoding=\"async\" src=\"https:\/\/ip1sweden.blob.core.windows.net\/blobip1websitef76b7023b5\/wp-content\/uploads\/2024\/11\/web-sms-illustration.svg\" alt=\"illustration av webbtj\u00e4nsten Web SMS\" class=\"wp-image-3951\" style=\"width:373px;height:auto\"\/><\/figure>\n<\/div><\/div>\n\n\n\n<div class=\"wp-block-column is-vertically-aligned-center is-layout-flow wp-block-column-is-layout-flow\" style=\"flex-basis:50%\">\n<h3 class=\"wp-block-heading\" id=\"h-sms-fran-datorn-med-flexibilitet\">SMS fr\u00e5n datorn med flexibilitet<\/h3>\n\n\n\n<p><a href=\"https:\/\/ip1sms.com\/sms-tjanst\/\">V\u00e5ra SMS-tj\u00e4nster<\/a> erbjuder ett brett utbud av funktioner som g\u00f6r det m\u00f6jligt att anpassa dina SMS-utskick efter just dina behov. Du kan exempelvis skicka tidsinst\u00e4llda SMS samtidigt som du kan bifoga filer som l\u00e4nkar, skapa konversationer och skapa dynamiska SMS-texter. Skicka SMS fr\u00e5n datorn och upplev flexibiliteten i SMS som kommunikations-kanal.<\/p>\n<\/div>\n<\/div>\n\n\n\n<h4 class=\"wp-block-heading has-text-align-center\" id=\"h-fler-fordelar-med-sms-fran-datorn\">Fler f\u00f6rdelar med SMS fr\u00e5n datorn<\/h4>\n\n\n\n<div class=\"wp-block-custom-block-service-feature-list row justify-content-center g-0 mt-5 mb-5 text-center\"><div class=\"col-md-9 col-sm-12\"><ul class=\"sms-usage justify-content-center\"><li>Hantering av kontakter<\/li><li><i class=\"fa-solid fa-clock mr-1\"><\/i>Tidsinst\u00e4llda SMS<\/li><li><i class=\"fa-solid fa-paperclip mr-1\"><\/i>Bifoga filer som l\u00e4nkar<\/li><li><i class=\"fa-solid fa-comments mr-1\"><\/i>Konversationer<\/li><li><i class=\"fa-solid fa-comment-text mr-1\"><\/i>Textmallar<\/li><li><i class=\"fa-solid fa-brackets-curly mr-1\"><\/i>Infoga kontaktdata<\/li><li>Emojis<\/li><li><i class=\"fa-sharp fa-solid fa-messages mr-1\"><\/i>dubbelriktad SMS-trafik<\/li><li><i class=\"fa-solid fa-ban mr-1\"><\/i>Avregistrering<\/li><li><i class=\"fa-solid fa-user mr-1\"><\/i>Anv\u00e4ndarsystem<\/li><li><i class=\"fa-solid fa-id-badge mr-1\"><\/i>Textavs\u00e4ndare<\/li><li><i class=\"fa-solid fa-users mr-1\"><\/i>Stora grupputskick<\/li><li><i class=\"fa-solid fa-sim-card mr-1\"><\/i>Virtuella mobilnummer<\/li><\/ul><\/div><\/div>\n\n\n\n<div class=\"wp-block-columns are-vertically-aligned-center py-5 has-background is-layout-flex wp-container-core-columns-is-layout-9d6595d7 wp-block-columns-is-layout-flex\" style=\"background-color:#fafafa\">\n<div class=\"wp-block-column is-vertically-aligned-center p-md-5 p-0 is-layout-flow wp-block-column-is-layout-flow\">\n<figure class=\"wp-block-video\"><video height=\"720\" style=\"aspect-ratio: 1280 \/ 720;\" width=\"1280\" controls poster=\"https:\/\/ip1sweden.blob.core.windows.net\/blobip1websitef76b7023b5\/wp-content\/uploads\/2024\/11\/poster-infoga-kontaktdata.png\" src=\"https:\/\/ip1sweden.blob.core.windows.net\/blobip1websitef76b7023b5\/wp-content\/uploads\/2024\/09\/infoga-kontaktdata.mp4\"><\/video><\/figure>\n<\/div>\n\n\n\n<div class=\"wp-block-column is-vertically-aligned-center is-layout-flow wp-block-column-is-layout-flow\">\n<h2 class=\"wp-block-heading\" id=\"h-direkt-och-personlig-kommunikation\">Direkt och personlig kommunikation<\/h2>\n\n\n\n<p>Med SMS fr\u00e5n datorn kan du skicka personliga meddelanden, vilket skapar en mer personlig kommunikationsupplevelse, till exempel vid order-bekr\u00e4ftelser eller vid tidsbokningar. Detta kan \u00f6ka kundernas engagemang och bygga starkare relationer. Du kan infoga alltifr\u00e5n f\u00f6rnamn och efternamn till order-nummer eller rabattkoder, det \u00e4r bara din kun(d)skap som s\u00e4tter gr\u00e4nserna!<\/p>\n<\/div>\n<\/div>\n\n\n\n<div class=\"wp-block-columns my-5 mx-1 py-5 has-white-background-color has-background is-layout-flex wp-container-core-columns-is-layout-9d6595d7 wp-block-columns-is-layout-flex\">\n<div class=\"wp-block-column is-layout-flow wp-block-column-is-layout-flow\">\n<h3 class=\"wp-block-heading has-text-align-center\" id=\"h-nagra-av-vara-nojda-kunder\">N\u00e5gra av v\u00e5ra n\u00f6jda kunder<\/h3>\n\n\n\n<div class=\"wp-block-group is-content-justification-center is-nowrap is-layout-flex wp-container-core-group-is-layout-94bc23d7 wp-block-group-is-layout-flex\">\n<figure class=\"wp-block-image size-full\"><img loading=\"lazy\" decoding=\"async\" width=\"182\" height=\"174\" src=\"https:\/\/ip1sweden.blob.core.windows.net\/blobip1websitef76b7023b5\/wp-content\/uploads\/2024\/05\/svenska_kyrkan.jpg\" alt=\"Svenska kyrkan skickar SMS fr\u00e5n datorn med Web SMS\" class=\"wp-image-3082\" srcset=\"https:\/\/ip1sms.com\/wp-content\/uploads\/2024\/05\/svenska_kyrkan.jpg 182w, https:\/\/ip1sms.com\/wp-content\/uploads\/2024\/05\/svenska_kyrkan-13x12.jpg 13w\" sizes=\"auto, (max-width: 182px) 100vw, 182px\" \/><\/figure>\n\n\n\n<figure class=\"wp-block-image size-full\"><img loading=\"lazy\" decoding=\"async\" width=\"182\" height=\"174\" src=\"https:\/\/ip1sweden.blob.core.windows.net\/blobip1websitef76b7023b5\/wp-content\/uploads\/2024\/05\/sunet.jpg\" alt=\"SUNET Vetenskapsr\u00e5det skickar SMS fr\u00e5n datorn via integration\" class=\"wp-image-3081\" srcset=\"https:\/\/ip1sms.com\/wp-content\/uploads\/2024\/05\/sunet.jpg 182w, https:\/\/ip1sms.com\/wp-content\/uploads\/2024\/05\/sunet-13x12.jpg 13w\" sizes=\"auto, (max-width: 182px) 100vw, 182px\" \/><\/figure>\n\n\n\n<figure class=\"wp-block-image size-full\"><img loading=\"lazy\" decoding=\"async\" width=\"182\" height=\"174\" src=\"https:\/\/ip1sweden.blob.core.windows.net\/blobip1websitef76b7023b5\/wp-content\/uploads\/2024\/05\/ssf.jpg\" alt=\"St\u00f6ldskyddsf\u00f6reningen skickar SMS fr\u00e5n datorn med Web SMS\" class=\"wp-image-3080\" srcset=\"https:\/\/ip1sms.com\/wp-content\/uploads\/2024\/05\/ssf.jpg 182w, https:\/\/ip1sms.com\/wp-content\/uploads\/2024\/05\/ssf-13x12.jpg 13w\" sizes=\"auto, (max-width: 182px) 100vw, 182px\" \/><\/figure>\n\n\n\n<figure class=\"wp-block-image size-full\"><img loading=\"lazy\" decoding=\"async\" width=\"182\" height=\"174\" src=\"\/wp-content\/uploads\/2024\/05\/rotary.jpg\" alt=\"Ett stort antal Rotary-klubbar skickar SMS fr\u00e5n datorn med Web SMS\" class=\"wp-image-3097\" srcset=\"https:\/\/ip1sms.com\/wp-content\/uploads\/2024\/05\/rotary.jpg 182w, https:\/\/ip1sms.com\/wp-content\/uploads\/2024\/05\/rotary-13x12.jpg 13w\" sizes=\"auto, (max-width: 182px) 100vw, 182px\" \/><\/figure>\n\n\n\n<figure class=\"wp-block-image size-full\"><img loading=\"lazy\" decoding=\"async\" width=\"182\" height=\"174\" src=\"https:\/\/ip1sweden.blob.core.windows.net\/blobip1websitef76b7023b5\/wp-content\/uploads\/2024\/05\/autoexperten.jpg\" alt=\"Autoexperten skickar SMS fr\u00e5n datorn med Web SMS\" class=\"wp-image-3094\" srcset=\"https:\/\/ip1sms.com\/wp-content\/uploads\/2024\/05\/autoexperten.jpg 182w, https:\/\/ip1sms.com\/wp-content\/uploads\/2024\/05\/autoexperten-13x12.jpg 13w\" sizes=\"auto, (max-width: 182px) 100vw, 182px\" \/><\/figure>\n\n\n\n<figure class=\"wp-block-image size-full\"><img loading=\"lazy\" decoding=\"async\" width=\"182\" height=\"174\" src=\"\/wp-content\/uploads\/2024\/05\/nordic_capital.jpg\" alt=\"Nordic Capital skickar SMS fr\u00e5n datorn med Web SMS\" class=\"wp-image-3096\" srcset=\"https:\/\/ip1sms.com\/wp-content\/uploads\/2024\/05\/nordic_capital.jpg 182w, https:\/\/ip1sms.com\/wp-content\/uploads\/2024\/05\/nordic_capital-13x12.jpg 13w\" sizes=\"auto, (max-width: 182px) 100vw, 182px\" \/><\/figure>\n<\/div>\n<\/div>\n<\/div>\n\n\n\n<div class=\"wp-block-columns py-5 has-background is-layout-flex wp-container-core-columns-is-layout-9d6595d7 wp-block-columns-is-layout-flex\" style=\"background-color:#fafafa\">\n<div class=\"wp-block-column is-vertically-aligned-center p-md-5 p-0 is-layout-flow wp-block-column-is-layout-flow\">\n<figure class=\"wp-block-video\"><video height=\"1080\" style=\"aspect-ratio: 1920 \/ 1080;\" width=\"1920\" controls poster=\"https:\/\/ip1sweden.blob.core.windows.net\/blobip1websitef76b7023b5\/wp-content\/uploads\/2024\/11\/poster-installera-webbsms.png\" src=\"https:\/\/ip1sweden.blob.core.windows.net\/blobip1websitef76b7023b5\/wp-content\/uploads\/2024\/11\/installera-web-sms-fran-chrome.mp4\"><\/video><\/figure>\n<\/div>\n\n\n\n<div class=\"wp-block-column is-vertically-aligned-center is-layout-flow wp-block-column-is-layout-flow\">\n<h2 class=\"wp-block-heading\" id=\"h-enkelheten-med-sms-fran-datorn\">Enkelheten med SMS fr\u00e5n datorn<\/h2>\n\n\n\n<p>Det \u00e4r enkelt att skicka SMS fr\u00e5n datorn. Du kan skicka SMS till ett eller flera mobilnummer direkt fr\u00e5n din webbl\u00e4sare. Dessutom kan du enkelt installera alla v\u00e5ra webbtj\u00e4nster s\u00e5 att du n\u00e5r dem direkt via skrivbordet eller i startf\u00e4ltet!<\/p>\n<\/div>\n<\/div>\n\n\n\n<div class=\"wp-block-columns justify-content-center has-white-background-color has-background is-layout-flex wp-container-core-columns-is-layout-9d6595d7 wp-block-columns-is-layout-flex\">\n<div class=\"wp-block-column is-layout-flow wp-block-column-is-layout-flow\" style=\"flex-basis:70%\">\n<h2 class=\"wp-block-heading\" id=\"h-skicka-och-ta-emot-sms\">Skicka och ta emot SMS<\/h2>\n\n\n\n<p>SMS fr\u00e5n datorn ger dig ocks\u00e5 m\u00f6jlighet att ta emot svar p\u00e5 dina SMS s\u00e5 att du kan kommunicera med dina mottagare. Med ett s\u00e5 kallat virtuellt nummer kan mottagaren svara p\u00e5 dina meddelanden, precis som n\u00e4r de svara p\u00e5 ett vanligt SMS.<\/p>\n\n\n\n<p>I v\u00e5ra webbtj\u00e4nster hamnar inkommande meddelanden i ett fl\u00f6de tillsammans med dina skickade SMS vilket ger dig en god \u00f6verblick \u00f6ver kommunikationen.<\/p>\n\n\n\n<p>F\u00f6rutom att skicka SMS fr\u00e5n datorn kan du med smart funktionalitet i SMS-fl\u00f6det dessutom p\u00e5 svara inkommande meddelanden med ett knapptryck. F\u00f6r att underl\u00e4tta hanteringen av dina konversationer g\u00e5r det givetvis markera dem som l\u00e4sta.<\/p>\n<\/div>\n<\/div>\n\n\n\n<div class=\"wp-block-columns justify-content-center has-background is-layout-flex wp-container-core-columns-is-layout-9d6595d7 wp-block-columns-is-layout-flex\" style=\"background-color:#fafafa\">\n<div class=\"wp-block-column is-layout-flow wp-block-column-is-layout-flow\" style=\"flex-basis:70%\">\n<h3 class=\"wp-block-heading\" id=\"h-sms-kommunikation-i-alla-former\">SMS-kommunikation i alla former<\/h3>\n\n\n\n<p>Web SMS tillsammans med n\u00e5gon av v\u00e5ra andra webbtj\u00e4nster ger dig m\u00f6jligheten att t\u00e4cka alla dina kommunikationsbehov. Oavsett om du beh\u00f6ver skicka SMS med information till en enskild mottagare eller om du vill skicka ut en SMS-kampanj till 100 000-tals mobilnummer samtidigt, s\u00e5 har iP.1 tj\u00e4nsten f\u00f6r dig!<\/p>\n\n\n\n<p>Med v\u00e5r app-v\u00e4ljare kan du enkelt byta mellan v\u00e5ra SMS-tj\u00e4nster med ett enkelt knapptryck. Skicka information, p\u00e5minnelser, bekr\u00e4ftelser, enk\u00e4ter eller kampanjer till dina kontakter som du importerar i den gemensamma kontakt-tj\u00e4nsten. Det \u00e4r verkligen smidigt att skicka SMS fr\u00e5n datorn.<\/p>\n\n\n\n<p>Vid stora volymer \u00e4r du v\u00e4lkommen att&nbsp;<a href=\"mailto:info@34.88.191.99\">kontakta oss<\/a>&nbsp;s\u00e5 skickar vi en offert.<\/p>\n<\/div>\n<\/div>\n\n\n\n<div class=\"wp-block-columns is-layout-flex wp-container-core-columns-is-layout-9d6595d7 wp-block-columns-is-layout-flex\">\n<div class=\"wp-block-column is-layout-flow wp-block-column-is-layout-flow\" style=\"flex-basis:70%\"><\/div>\n\n\n\n<div class=\"wp-block-column is-layout-flow wp-block-column-is-layout-flow\" style=\"flex-basis:30%\"><\/div>\n<\/div>\n\n\n\n<div class=\"wp-block-columns justify-content-center has-white-background-color has-background is-layout-flex wp-container-core-columns-is-layout-9d6595d7 wp-block-columns-is-layout-flex\">\n<div class=\"wp-block-column is-layout-flow wp-block-column-is-layout-flow\" style=\"flex-basis:70%\">\n<h2 class=\"wp-block-heading has-text-align-center\" id=\"h-vi-hjalper-dig-igang\">Vi hj\u00e4lper dig ig\u00e5ng!<\/h2>\n\n\n<div class=\"wp-block-image my-3\">\n<figure class=\"aligncenter size-full is-resized\"><img decoding=\"async\" src=\"\/wp-content\/uploads\/2024\/03\/message-boxes.svg\" alt=\"Skicka och ta emot SMS med h\u00e4lp av Web SMS\" class=\"wp-image-2625\" style=\"width:191px;height:auto\"\/><\/figure>\n<\/div>\n\n\n<p>V\u00e5rt support-team \u00e4r bara ett mail eller telefonsamtal iv\u00e4g, s\u00e5 det \u00e4r bara att h\u00f6ra av sig s\u00e5 guidar vi dig igenom v\u00e5ra tj\u00e4nster<\/p>\n<\/div>\n<\/div>\n\n\n\n<div class=\"wp-block-buttons is-content-justification-center is-layout-flex wp-container-core-buttons-is-layout-16018d1d wp-block-buttons-is-layout-flex\">\n<div class=\"wp-block-button secondary mb-5\"><a class=\"wp-block-button__link wp-element-button\" href=\"mailto:support@ip1.se\">Kontakta oss f\u00f6r en genomg\u00e5ng<\/a><\/div>\n<\/div>\n\n\n\n<div class=\"wp-block-columns are-vertically-aligned-top justify-content-center mt-5 has-background is-layout-flex wp-container-core-columns-is-layout-9d6595d7 wp-block-columns-is-layout-flex\" style=\"background-color:#fafafa\">\n<div class=\"wp-block-column is-vertically-aligned-top is-layout-flow wp-block-column-is-layout-flow\" style=\"flex-basis:25%\">\n<h4 class=\"wp-block-heading\" id=\"h-bred-rackvidd\">Bred r\u00e4ckvidd<\/h4>\n\n\n\n<p>SMS en otroligt bred r\u00e4ckvidd. SMS:et kan skickas till vilken mobil enhet som helst, som har SMS-st\u00f6d och n\u00e5r fram n\u00e4stan omedelbart. Detta g\u00f6r SMS tillg\u00e4ngligt f\u00f6r en extremt stor m\u00e5lgrupp eftersom det inte kr\u00e4ver n\u00e5gon internetuppkoppling f\u00f6r att levereras.<\/p>\n<\/div>\n\n\n\n<div class=\"wp-block-column is-vertically-aligned-top is-layout-flow wp-block-column-is-layout-flow\" style=\"flex-basis:25%\">\n<h4 class=\"wp-block-heading\" id=\"h-snabb-leverans\">Snabb leverans<\/h4>\n\n\n\n<p>N\u00e4r du skickar ett SMS levereras det vanligtvis direkt eller inom n\u00e5gra sekunder, vilket s\u00e4kerst\u00e4ller att mottagaren f\u00e5r ditt meddelande n\u00e4stan omg\u00e5ende. D\u00e4rf\u00f6r \u00e4r SMS en idealisk kanal f\u00f6r tidsk\u00e4nslig eller br\u00e5dskande kommunikation.<\/p>\n<\/div>\n\n\n\n<div class=\"wp-block-column is-vertically-aligned-top is-layout-flow wp-block-column-is-layout-flow\" style=\"flex-basis:25%\">\n<h4 class=\"wp-block-heading\" id=\"h-hog-oppningsfrekvens\">H\u00f6g \u00f6ppningsfrekvens<\/h4>\n\n\n\n<p>I j\u00e4mf\u00f6relse med andra kommunikationskanaler har SMS betydligt h\u00f6gre \u00f6ppningsfrekvens M\u00e4nniskor tenderar att \u00f6ppna och l\u00e4sa SMS snabbare, vilket dessutom \u00f6kar chanserna att ditt meddelande ses.<\/p>\n<\/div>\n<\/div>\n\n\n\n<div class=\"wp-block-buttons my-4 is-content-justification-center is-layout-flex wp-container-core-buttons-is-layout-16018d1d wp-block-buttons-is-layout-flex\">\n<div class=\"wp-block-button\"><a class=\"wp-block-button__link wp-element-button\" href=\"https:\/\/ip1sms.com\/sms-tjanst\/\">L\u00e4s mer om v\u00e5ra SMS-tj\u00e4nster<\/a><\/div>\n<\/div>\n\n\n\n<script type=\"application\/ld+json\">\n{\n  \"@context\": \"https:\/\/schema.org\",\n  \"@graph\": [\n    {\n      \"@type\": \"Service\",\n      \"name\": \"Web SMS\",\n      \"description\": \"Skicka SMS fr\u00e5n datorn enkelt med Web SMS fr\u00e5n iP.1. En webbaserad SMS-tj\u00e4nst f\u00f6r f\u00f6retag, f\u00f6reningar och organisationer \u2013 kostnadsfritt testkonto.\",\n      \"url\": \"https:\/\/ip1sms.com\/sms-fran-datorn\/\",\n      \"serviceType\": \"SMS-tj\u00e4nst via webbl\u00e4sare (SaaS)\",\n      \"provider\": {\n        \"@type\": \"Organization\",\n        \"name\": \"iP.1 Networks AB\",\n        \"url\": \"https:\/\/ip1sms.com\",\n        \"contactPoint\": {\n          \"@type\": \"ContactPoint\",\n          \"contactType\": \"Kundsupport\",\n          \"telephone\": \"+46-10-10 16 060\",\n          \"email\": \"support@ip1.se\",\n          \"availableLanguage\": [\"sv\", \"en\"],\n          \"areaServed\": \"SE\"\n        }\n      },\n      \"areaServed\": {\n        \"@type\": \"Country\",\n        \"name\": \"Sverige\"\n      },\n      \"audience\": {\n        \"@type\": \"Audience\",\n        \"audienceType\": \"F\u00f6retag, organisationer, f\u00f6reningar\"\n      },\n      \"availableChannel\": {\n        \"@type\": \"ServiceChannel\",\n        \"serviceUrl\": \"https:\/\/messages.ip1.net\",\n        \"availableLanguage\": [\"sv\", \"en\"],\n        \"serviceLocation\": {\n          \"@type\": \"Place\",\n          \"address\": {\n            \"@type\": \"PostalAddress\",\n            \"addressCountry\": \"SE\"\n          }\n        }\n      },\n      \"hasOfferCatalog\": {\n        \"@type\": \"OfferCatalog\",\n        \"name\": \"SMS-priser\",\n        \"itemListElement\": [\n          {\n            \"@type\": \"Offer\",\n            \"name\": \"Inrikes SMS\",\n            \"description\": \"Skicka SMS till svenska mottagare direkt fr\u00e5n datorn.\",\n            \"price\": \"0.48 kr\/SMS\",\n            \"priceCurrency\": \"SEK\",\n            \"eligibleRegion\": {\n              \"@type\": \"Country\",\n              \"name\": \"Sverige\"\n            }\n          },\n          {\n            \"@type\": \"Offer\",\n            \"name\": \"Kostnadsfritt testkonto\",\n            \"description\": \"Prova Web SMS gratis utan bindning. F\u00e5 10 kr i gratis saldo att testa med.\",\n            \"price\": \"0.00\",\n            \"priceCurrency\": \"SEK\",\n            \"availability\": \"https:\/\/schema.org\/InStock\"\n          }\n        ]\n      },\n      \"mainEntityOfPage\": \"https:\/\/ip1sms.com\/sms-fran-datorn\/\"\n    }\n  ]\n}\n<\/script>\n","protected":false},"excerpt":{"rendered":"<p>Skicka SMS fr\u00e5n datorn med Web SMS iP.1 erbjuder enkla och smidiga webbtj\u00e4nster f\u00f6r SMS-kommunikation med anv\u00e4ndarv\u00e4nlighet i fokus. Genom att skicka SMS fr\u00e5n datorn kan du n\u00e5 ut till tusentals mottagare p\u00e5 n\u00e5gra sekunder, vilket g\u00f6r SMS till ett oslagbart s\u00e4tt att n\u00e5 ut med ditt budskap. Vad \u00e4r f\u00f6rdelarna med att skicka SMS [&hellip;]<\/p>\n","protected":false},"author":1,"featured_media":0,"parent":0,"menu_order":0,"comment_status":"closed","ping_status":"closed","template":"","meta":{"footnotes":""},"categories":[17],"tags":[28],"class_list":["post-18","page","type-page","status-publish","hentry","category-tjanster","tag-webbapp"],"_links":{"self":[{"href":"https:\/\/ip1sms.com\/en\/wp-json\/wp\/v2\/pages\/18","targetHints":{"allow":["GET"]}}],"collection":[{"href":"https:\/\/ip1sms.com\/en\/wp-json\/wp\/v2\/pages"}],"about":[{"href":"https:\/\/ip1sms.com\/en\/wp-json\/wp\/v2\/types\/page"}],"author":[{"embeddable":true,"href":"https:\/\/ip1sms.com\/en\/wp-json\/wp\/v2\/users\/1"}],"replies":[{"embeddable":true,"href":"https:\/\/ip1sms.com\/en\/wp-json\/wp\/v2\/comments?post=18"}],"version-history":[{"count":0,"href":"https:\/\/ip1sms.com\/en\/wp-json\/wp\/v2\/pages\/18\/revisions"}],"wp:attachment":[{"href":"https:\/\/ip1sms.com\/en\/wp-json\/wp\/v2\/media?parent=18"}],"wp:term":[{"taxonomy":"category","embeddable":true,"href":"https:\/\/ip1sms.com\/en\/wp-json\/wp\/v2\/categories?post=18"},{"taxonomy":"post_tag","embeddable":true,"href":"https:\/\/ip1sms.com\/en\/wp-json\/wp\/v2\/tags?post=18"}],"curies":[{"name":"wp","href":"https:\/\/api.w.org\/{rel}","templated":true}]}}